{"id":3,"date":"2025-02-04T09:07:24","date_gmt":"2025-02-04T09:07:24","guid":{"rendered":"http:\/\/emeraldsring.com\/?page_id=3"},"modified":"2025-08-10T11:50:04","modified_gmt":"2025-08-10T06:50:04","slug":"privacy-policy","status":"publish","type":"page","link":"https:\/\/emeraldsring.com\/de\/privacy-policy\/","title":{"rendered":"Datenschutzbestimmungen"},"content":{"rendered":"<div data-elementor-type=\"wp-page\" data-elementor-id=\"3\" class=\"elementor elementor-3\" data-elementor-post-type=\"page\">\n\t\t\t\t<div class=\"elementor-element elementor-element-6931201 e-flex e-con-boxed e-con e-parent\" data-id=\"6931201\" data-element_type=\"container\" data-e-type=\"container\">\n\t\t\t\t\t<div class=\"e-con-inner\">\n\t\t\t\t<div class=\"elementor-element elementor-element-3c51f14 elementor-widget elementor-widget-text-editor\" data-id=\"3c51f14\" data-element_type=\"widget\" data-e-type=\"widget\" data-widget_type=\"text-editor.default\">\n\t\t\t\t<div class=\"elementor-widget-container\">\n\t\t\t\t\t\t\t\t\t<p>Unter\u00a0<strong>Smaragd Ring<\/strong>Wir verpflichten uns, Ihre Privatsph\u00e4re zu sch\u00fctzen und sicherzustellen, dass Ihre pers\u00f6nlichen Daten sicher und verantwortungsvoll behandelt werden. Diese Datenschutzrichtlinie beschreibt, wie wir Ihre Daten erfassen, verwenden und sch\u00fctzen, wenn Sie unsere Website besuchen und einen Kauf t\u00e4tigen.<\/p><h3><strong>1. Informationen, die wir sammeln<\/strong><\/h3><p>Wenn Sie besuchen\u00a0<strong>car.matecarcover.com<\/strong>k\u00f6nnen wir die folgenden Arten von personenbezogenen Daten erfassen:<\/p><ul><li><strong>Informationen zur pers\u00f6nlichen Identifizierung<\/strong>: Name, E-Mail-Adresse, Lieferadresse, Rechnungsadresse, Telefonnummer, Zahlungsinformationen.<\/li><li><strong>Nicht-personenbezogene Identifizierungsinformationen<\/strong>: Ihre IP-Adresse, den Browsertyp und Ger\u00e4teinformationen.<\/li><\/ul><p>Wir sammeln diese Informationen, um Ihnen ein reibungsloses und personalisiertes Einkaufserlebnis zu bieten und Ihre Bestellungen effizient zu bearbeiten.<\/p><h3><strong>2. Wie wir Ihre Informationen verwenden<\/strong><\/h3><p>Wir verwenden die von uns gesammelten Informationen auf folgende Weise:<\/p><ul><li><strong>So bearbeiten Sie Auftr\u00e4ge<\/strong>: Wir verwenden Ihre pers\u00f6nlichen Daten, um Ihre Bestellungen zu bearbeiten und auszuliefern.<\/li><li><strong>Zur Verbesserung unserer Website<\/strong>: Wir k\u00f6nnen nicht-personenbezogene Daten verwenden, um Ihr Surferlebnis zu verbessern.<\/li><li><strong>F\u00fcr Marketingzwecke<\/strong>: Mit Ihrer Zustimmung k\u00f6nnen wir Werbe-E-Mails oder Sonderangebote versenden. Sie k\u00f6nnen sich jederzeit von diesen Mitteilungen abmelden.<\/li><li><strong>Mit Ihnen zu kommunizieren<\/strong>: Wir k\u00f6nnen Ihnen Bestellungsaktualisierungen, Kundendienstanfragen oder produktbezogene Informationen schicken.<\/li><\/ul><h3><strong>3. Weitergabe Ihrer Informationen<\/strong><\/h3><p>Wir respektieren Ihre Privatsph\u00e4re und werden Ihre pers\u00f6nlichen Daten niemals verkaufen, tauschen oder anderweitig an Dritte weitergeben, au\u00dfer in den folgenden F\u00e4llen:<\/p><ul><li><strong>Anbieter von Dienstleistungen<\/strong>: Wir k\u00f6nnen Ihre Daten an vertrauensw\u00fcrdige Drittanbieter weitergeben (z. B. Versandunternehmen, Zahlungsabwickler), die uns beim Betrieb unserer Website und der Bearbeitung Ihrer Bestellungen unterst\u00fctzen.<\/li><li><strong>Einhaltung von Rechtsvorschriften<\/strong>: Wir k\u00f6nnen Ihre Daten offenlegen, wenn dies gesetzlich vorgeschrieben oder notwendig ist, um unsere gesetzlichen Rechte zu sch\u00fctzen, Betrug zu verhindern oder einem rechtlichen Verfahren nachzukommen.<\/li><\/ul><h3><strong>4. Datensicherheit<\/strong><\/h3><p>Wir ergreifen geeignete technische und organisatorische Ma\u00dfnahmen, um Ihre pers\u00f6nlichen Daten zu sch\u00fctzen. Obwohl wir eine dem Industriestandard entsprechende Verschl\u00fcsselung verwenden, um sensible Daten w\u00e4hrend der \u00dcbertragung zu sch\u00fctzen, kann keine Methode der Daten\u00fcbertragung \u00fcber das Internet 100% sicher sein. Daher k\u00f6nnen wir die absolute Sicherheit Ihrer Daten nicht garantieren.<\/p><h3><strong>5. Cookies und Tracking-Technologien<\/strong><\/h3><p>Wir verwenden Cookies und \u00e4hnliche Technologien, um Ihr Surferlebnis auf unserer Website zu verbessern. Cookies helfen uns, Ihre Pr\u00e4ferenzen zu speichern und die Funktionalit\u00e4t der Website zu verbessern. Sie k\u00f6nnen Ihren Browser so einstellen, dass er Cookies blockiert. Dies kann jedoch dazu f\u00fchren, dass Sie bestimmte Funktionen unserer Website nicht mehr nutzen k\u00f6nnen.<\/p><h3><strong>6. Ihre Rechte und Wahlm\u00f6glichkeiten<\/strong><\/h3><p>Sie haben das Recht dazu:<\/p><ul><li><strong>Zugang und Aktualisierung<\/strong>\u00a0Sie k\u00f6nnen Ihre pers\u00f6nlichen Daten jederzeit \u00e4ndern, indem Sie sich in Ihr Konto auf unserer Website einloggen.<\/li><li><strong>Abmeldung von Marketingmitteilungen<\/strong>: Wenn Sie keine Werbe-E-Mails mehr erhalten m\u00f6chten, k\u00f6nnen Sie sich abmelden, indem Sie auf den Link \"Abmelden\" in jeder von uns gesendeten E-Mail klicken.<\/li><li><strong>Antrag auf L\u00f6schung<\/strong>\u00a0Ihrer pers\u00f6nlichen Daten: Wenn Sie m\u00f6chten, dass wir Ihre Daten l\u00f6schen, nehmen Sie bitte Kontakt mit uns auf.<\/li><\/ul><h3><strong>7. Links von Drittanbietern<\/strong><\/h3><p>Unsere Website kann Links zu Websites Dritter enthalten. Bitte beachten Sie, dass wir nicht f\u00fcr die Datenschutzpraktiken dieser externen Websites verantwortlich sind. Wir empfehlen Ihnen, die Datenschutzrichtlinien der von Ihnen besuchten Websites zu lesen.<\/p><h3><strong>8. \u00c4nderungen an dieser Datenschutzrichtlinie<\/strong><\/h3><p>Wir k\u00f6nnen diese Datenschutzrichtlinie von Zeit zu Zeit aktualisieren, um \u00c4nderungen in unseren Praktiken oder aus anderen betrieblichen, rechtlichen oder regulatorischen Gr\u00fcnden zu ber\u00fccksichtigen. Wenn wir die Richtlinie aktualisieren, werden wir die \u00fcberarbeitete Version auf dieser Seite ver\u00f6ffentlichen und das Datum des Inkrafttretens am unteren Rand der Richtlinie angeben.<\/p><h3><strong>9. Kontakt<\/strong><\/h3><p>Wenn Sie Fragen zu dieser Datenschutzrichtlinie oder unseren Praktiken haben, wenden Sie sich bitte an uns:<\/p><ul><li><strong>E-Mail<\/strong>:\u00a0<a href=\"mailto:manger@emeraldsring.com\"><strong>manger@emeraldsring.com<\/strong><\/a><\/li><li><strong>Telefon<\/strong>:\u00a0<strong><a href=\"htel:8613725483134\">8613725483134<\/a><\/strong><\/li><li><strong>WhatsApp:\u00a0<a href=\"https:\/\/wa.me\/8613725483134\">8613386175285<\/a><\/strong><\/li><\/ul>\t\t\t\t\t\t\t\t<\/div>\n\t\t\t\t<\/div>\n\t\t\t\t\t<\/div>\n\t\t\t\t<\/div>\n\t\t\t\t<\/div>","protected":false},"excerpt":{"rendered":"<p>Wir von Emerald Ring verpflichten uns, Ihre Privatsph\u00e4re zu sch\u00fctzen und sicherzustellen, dass Ihre pers\u00f6nlichen Daten auf sichere und verantwortungsvolle Weise behandelt werden. Diese Datenschutzrichtlinie beschreibt, wie wir Ihre Daten sammeln, verwenden und sch\u00fctzen, wenn Sie unsere Website besuchen und einen Kauf t\u00e4tigen. 1. Informationen, die wir sammeln Wenn Sie car.matecarcover.com besuchen, k\u00f6nnen wir die...<\/p>","protected":false},"author":1,"featured_media":0,"parent":0,"menu_order":0,"comment_status":"closed","ping_status":"open","template":"","meta":{"_kad_post_transparent":"","_kad_post_title":"","_kad_post_layout":"","_kad_post_sidebar_id":"","_kad_post_content_style":"","_kad_post_vertical_padding":"","_kad_post_feature":"","_kad_post_feature_position":"","_kad_post_header":false,"_kad_post_footer":false,"footnotes":""},"class_list":["post-3","page","type-page","status-publish","hentry"],"aioseo_notices":[],"_links":{"self":[{"href":"https:\/\/emeraldsring.com\/de\/wp-json\/wp\/v2\/pages\/3","targetHints":{"allow":["GET"]}}],"collection":[{"href":"https:\/\/emeraldsring.com\/de\/wp-json\/wp\/v2\/pages"}],"about":[{"href":"https:\/\/emeraldsring.com\/de\/wp-json\/wp\/v2\/types\/page"}],"author":[{"embeddable":true,"href":"https:\/\/emeraldsring.com\/de\/wp-json\/wp\/v2\/users\/1"}],"replies":[{"embeddable":true,"href":"https:\/\/emeraldsring.com\/de\/wp-json\/wp\/v2\/comments?post=3"}],"version-history":[{"count":12,"href":"https:\/\/emeraldsring.com\/de\/wp-json\/wp\/v2\/pages\/3\/revisions"}],"predecessor-version":[{"id":2003,"href":"https:\/\/emeraldsring.com\/de\/wp-json\/wp\/v2\/pages\/3\/revisions\/2003"}],"wp:attachment":[{"href":"https:\/\/emeraldsring.com\/de\/wp-json\/wp\/v2\/media?parent=3"}],"curies":[{"name":"wp","href":"https:\/\/api.w.org\/{rel}","templated":true}]}}