{"id":331,"date":"2025-02-04T11:41:52","date_gmt":"2025-02-04T11:41:52","guid":{"rendered":"https:\/\/emeraldsring.com\/?page_id=331"},"modified":"2025-08-10T06:17:00","modified_gmt":"2025-08-10T01:17:00","slug":"about-us","status":"publish","type":"page","link":"https:\/\/emeraldsring.com\/de\/about-us\/","title":{"rendered":"\u00dcber uns"},"content":{"rendered":"<div data-elementor-type=\"wp-page\" data-elementor-id=\"331\" class=\"elementor elementor-331\" data-elementor-post-type=\"page\">\n\t\t\t\t<div class=\"elementor-element elementor-element-d411e29 e-flex e-con-boxed e-con e-parent\" data-id=\"d411e29\" data-element_type=\"container\" data-e-type=\"container\">\n\t\t\t\t\t<div class=\"e-con-inner\">\n\t\t\t\t<div class=\"elementor-element elementor-element-694484e elementor-widget elementor-widget-text-editor\" data-id=\"694484e\" data-element_type=\"widget\" data-e-type=\"widget\" data-widget_type=\"text-editor.default\">\n\t\t\t\t<div class=\"elementor-widget-container\">\n\t\t\t\t\t\t\t\t\t<p>Willkommen bei\u00a0<strong>EmeraldsRing.com<\/strong>Ihre erste Adresse f\u00fcr hochwertige, exquisite Ringe im Internet. Ob Sie auf der Suche nach dem perfekten\u00a0<strong>Smaragdring<\/strong>eine einzigartige\u00a0<strong>Jadering<\/strong>eine bezaubernde\u00a0<strong>Mondstein-Ring<\/strong>oder eine atemberaubende\u00a0<strong>Verlobungsring<\/strong>Wir sind bestrebt, Ihnen nur die feinsten Schmuckst\u00fccke anzubieten, die die sch\u00f6nsten Momente im Leben feiern.<\/p><p>Wir verstehen, dass die Wahl eines Ringes sehr pers\u00f6nlich ist und Liebe, Engagement, Eleganz und Stil symbolisiert. Bei EmeraldsRing.com bieten wir eine gro\u00dfe Auswahl an Ringen f\u00fcr jeden Anlass, von Verlobungen bis hin zu Jahrestagen, Meilensteinen und allem dazwischen. Unser Ziel ist es, Ihnen nicht nur ein sch\u00f6nes Schmuckst\u00fcck zu bieten, sondern auch ein unvergessliches Erlebnis, das der Bedeutung Ihres Kaufs entspricht.<\/p><h3>Unsere Geschichte<\/h3><p>Die Reise der\u00a0<strong>EmeraldsRing.com<\/strong>\u00a0begann mit der Vision, eine zentrale Anlaufstelle f\u00fcr feine Ringe zu schaffen, die Eleganz, Charme und einzigartige Sch\u00f6nheit ausstrahlen. Die Idee war einfach: Kunden mit Ringen zu versorgen, die ihr Herz ansprechen, ihren pers\u00f6nlichen Stil widerspiegeln und die wichtigsten Momente des Lebens feiern.<\/p><p>Als Schmuckliebhaber wissen wir um die zeitlose Anziehungskraft von\u00a0<strong>Smaragde<\/strong>,\u00a0<strong>Jade<\/strong>,\u00a0<strong>Mondsteine<\/strong>und andere Edelsteine, die seit langem wegen ihrer Symbolik und einzigartigen Sch\u00f6nheit gesch\u00e4tzt werden. Jeder Edelstein hat eine Geschichte, eine Bedeutung und eine dauerhafte Wirkung. Smaragde sind Symbole f\u00fcr Liebe und Fruchtbarkeit, Jade steht f\u00fcr Gleichgewicht und Harmonie, und Mondsteine sollen die Intuition f\u00f6rdern und f\u00fcr emotionales Gleichgewicht sorgen. Diese Edelsteine bieten mehr als nur Sch\u00f6nheit - sie bieten tiefere Verbindungen und eine sinnvolle Bedeutung.<\/p><p>Angetrieben von unserer Leidenschaft f\u00fcr diese unglaublichen Edelsteine haben wir beschlossen, eine\u00a0<strong>EmeraldsRing.com<\/strong>\u00a0als einen Ort, an dem Kunden feine Ringe entdecken k\u00f6nnen, die mit Sorgfalt, Leidenschaft und unvergleichlicher Handwerkskunst gefertigt werden. Unser Team aus erfahrenen Designern, Juwelieren und Kundenservice-Experten arbeitet unerm\u00fcdlich, um sicherzustellen, dass jedes Schmuckst\u00fcck, das wir anbieten, in Perfektion gefertigt wird.<\/p><h3>Unser Auftrag<\/h3><p>Unter\u00a0<strong>EmeraldsRing.com<\/strong>Unsere Mission ist einfach: Wir wollen unseren Kunden atemberaubende, hochwertige Ringe anbieten, die nicht nur Sch\u00f6nheit, sondern auch Bedeutung und Emotionen repr\u00e4sentieren. Unser Ziel ist es, eine Vielzahl von Ringdesigns anzubieten, von klassisch bis modern, alle mit Edelsteinen, die reich an Symbolik sind. Ganz gleich, ob Sie einen Ring f\u00fcr einen Heiratsantrag, einen Jahrestag oder ein anderes bedeutendes Lebensereignis kaufen, unser Ziel ist es, sicherzustellen, dass Ihr Ring Ihre Liebe und Ihren Weg widerspiegelt.<\/p><p>Wir sind dazu verpflichtet:<\/p><ul><li><p><strong>Handwerkliche Exzellenz<\/strong>: Jeder von uns gefertigte Ring wird mit \u00e4u\u00dferster Sorgfalt und Pr\u00e4zision hergestellt. Unser Team aus erfahrenen Juwelieren verwendet nur die hochwertigsten Materialien und die feinsten Edelsteine, um zu gew\u00e4hrleisten, dass jedes St\u00fcck ein Leben lang h\u00e4lt. Jeder Ring wird sorgf\u00e4ltig bearbeitet, um die nat\u00fcrliche Sch\u00f6nheit der Edelsteine zur Geltung zu bringen, die er tr\u00e4gt.<\/p><\/li><li><p><strong>Vielfalt und Auswahl<\/strong>: Wir wissen, dass kein Kunde dem anderen gleicht. Deshalb bieten wir eine gro\u00dfe Auswahl an Designs an. Ob Sie die klassische Eleganz eines Solit\u00e4rs bevorzugen\u00a0<strong>Smaragdring<\/strong>die geistige Energie eines\u00a0<strong>Mondstein-Ring<\/strong>oder die kulturelle Bedeutung eines\u00a0<strong>Jadering<\/strong>haben wir ein St\u00fcck f\u00fcr Sie. Wir spezialisieren uns auch auf individuell gestaltete\u00a0<strong>Verlobungsringe<\/strong>So entsteht ein echtes Einzelst\u00fcck, das Ihrem Geschmack und Stil entspricht.<\/p><\/li><li><p><strong>Ethische Beschaffung<\/strong>: Wir verpflichten uns, unsere Edelsteine auf ethische Weise zu beschaffen. Alle Smaragde, Jade, Mondsteine und andere Edelsteine, die in unseren Ringen verwendet werden, werden sorgf\u00e4ltig aus verantwortungsvollen Quellen ausgew\u00e4hlt, um sicherzustellen, dass sie konfliktfrei sind und nachhaltig abgebaut werden. Wir sind der Meinung, dass Sch\u00f6nheit nicht auf Kosten des Planeten gehen sollte, und wir stellen sicher, dass unser Schmuck unser Engagement f\u00fcr die Umwelt widerspiegelt.<\/p><\/li><li><p><strong>Kundenorientierter Ansatz<\/strong>: Ihre Zufriedenheit ist unsere Priorit\u00e4t. Unser engagiertes Kundenserviceteam steht Ihnen jederzeit zur Verf\u00fcgung, um Ihnen zu helfen, die beste Entscheidung zu treffen, egal ob Sie Ratschl\u00e4ge zu Ringformen, Gr\u00f6\u00dfen oder Edelsteinauswahl ben\u00f6tigen. Wir m\u00f6chten, dass Sie sich sicher und zufrieden mit Ihrem Kauf f\u00fchlen.<\/p><\/li><\/ul><h3>Warum EmeraldsRing.com w\u00e4hlen?<\/h3><p>Unter\u00a0<strong>EmeraldsRing.com<\/strong>bieten wir eine un\u00fcbertroffene Kombination aus Luxus, Qualit\u00e4t und Service. Hier sind einige der Gr\u00fcnde, warum wir uns von anderen Schmuckh\u00e4ndlern abheben:<\/p><h4>1.\u00a0<strong>Eine atemberaubende Vielfalt an Ringen<\/strong><\/h4><p>Wir bieten eine vielf\u00e4ltige Kollektion von Ringen an, die f\u00fcr verschiedene Geschm\u00e4cker und Anl\u00e4sse geeignet sind. Unsere Auswahl umfasst:<\/p><ul><li><p><strong>Smaragd Ringe<\/strong>: Unser\u00a0<strong>Smaragdringe<\/strong>\u00a0sind perfekt f\u00fcr alle, die ein zeitloses und elegantes Schmuckst\u00fcck suchen. Smaragde werden seit Jahrhunderten f\u00fcr ihren leuchtend gr\u00fcnen Farbton und ihre Symbolik f\u00fcr Liebe und Wachstum gesch\u00e4tzt. Von Solit\u00e4r-Smaragdringen bis hin zu Halo-Designs bietet unsere Kollektion eine breite Palette an Stilen, die alle die nat\u00fcrliche Sch\u00f6nheit dieses atemberaubenden Edelsteins unterstreichen.<\/p><\/li><li><p><strong>Jade-Ringe<\/strong>: Jade ist ein Edelstein, der f\u00fcr seine reiche kulturelle Bedeutung bekannt ist und der f\u00fcr Gleichgewicht, Harmonie und Gl\u00fcck steht. Unser\u00a0<strong>Jaderinge<\/strong>\u00a0bieten das perfekte Gleichgewicht zwischen Sch\u00f6nheit und Bedeutung. Egal, ob Sie ein einfaches Band oder ein komplizierteres Design suchen, unsere Jaderinge sind eine durchdachte und elegante Wahl.<\/p><\/li><li><p><strong>Mondstein Ringe<\/strong>: Der Mondstein ist ein mystischer Edelstein, der oft mit Intuition, emotionalem Gleichgewicht und weiblicher Energie in Verbindung gebracht wird. Unser\u00a0<strong>Mondstein-Ringe<\/strong>\u00a0sind perfekt f\u00fcr alle, die die himmlische Sch\u00f6nheit dieses einzigartigen Edelsteins zu sch\u00e4tzen wissen. Diese Ringe sind in verschiedenen Schliffen und Fassungen erh\u00e4ltlich und ideal f\u00fcr alle, die ein spirituelles und beruhigendes Schmuckst\u00fcck suchen.<\/p><\/li><li><p><strong>Verlobungsringe<\/strong>: Ein Heiratsantrag ist einer der wichtigsten Momente im Leben eines Paares, und der Verlobungsring symbolisiert ein lebenslanges Engagement. Wir bieten eine breite Palette von\u00a0<strong>Verlobungsringe<\/strong>Dazu geh\u00f6ren Designs mit Smaragden, Diamanten, Jade, Mondsteinen und mehr. Unsere Ringe sind anpassbar, sodass Sie ein Design kreieren k\u00f6nnen, das Ihre Liebesgeschichte perfekt widerspiegelt.<\/p><\/li><li><p><strong>Individuelle Ringe<\/strong>: F\u00fcr diejenigen, die etwas wirklich Einzigartiges suchen, bieten wir einen individuellen Ringdesign-Service an. Unser Team aus erfahrenen Designern arbeitet eng mit Ihnen zusammen, um einen einzigartigen Ring zu entwerfen, der Ihrem Stil, Ihren Vorlieben und Ihrem Budget entspricht.<\/p><\/li><\/ul><h4>2.\u00a0<strong>Qualit\u00e4t, der Sie vertrauen k\u00f6nnen<\/strong><\/h4><p>Wir sind bestrebt, nur Schmuckst\u00fccke von h\u00f6chster Qualit\u00e4t anzubieten. Unsere Edelsteine werden von vertrauensw\u00fcrdigen Lieferanten bezogen, um sicherzustellen, dass jedes St\u00fcck aus ethisch einwandfreien Materialien hergestellt wird. Wir verwenden nur die besten Metalle, darunter Platin, Wei\u00dfgold, Gelbgold und Ros\u00e9gold, um die Haltbarkeit und Sch\u00f6nheit Ihres Rings zu gew\u00e4hrleisten.<\/p><p>Jedes Schmuckst\u00fcck wird von unserem Team aus erfahrenen Juwelieren gepr\u00fcft, um sicherzustellen, dass es unseren strengen Qualit\u00e4tsstandards entspricht. Wir sind stolz auf unsere Liebe zum Detail und unsere Handwerkskunst. Sie k\u00f6nnen also darauf vertrauen, dass Ihr Ring von h\u00f6chster Qualit\u00e4t sein wird.<\/p><h4>3.\u00a0<strong>Personalisierter Service<\/strong><\/h4><p>Wir wissen, dass der Kauf eines Ringes eine wichtige Entscheidung ist. Unser Kundenservice steht Ihnen bei jedem Schritt des Kaufprozesses zur Seite. Egal, ob Sie Hilfe bei der Auswahl des richtigen Edelsteins, des perfekten Designs oder der richtigen Ringgr\u00f6\u00dfe ben\u00f6tigen, wir sind f\u00fcr Sie da.<\/p><p>F\u00fcr viele unserer Ringe bieten wir auch eine Reihe von Individualisierungsm\u00f6glichkeiten an. Wenn Sie eine pers\u00f6nliche Gravur, eine einzigartige Fassung oder eine individuelle Edelsteinkombination w\u00fcnschen, k\u00f6nnen wir Ihre Vorstellungen verwirklichen. Unser Ziel ist es, ein St\u00fcck zu schaffen, das so einzigartig und besonders ist wie die Person, die es tr\u00e4gt.<\/p><h4>4.\u00a0<strong>Schneller, sicherer Versand<\/strong><\/h4><p>Wir wissen, wie aufregend es ist, Ihren neuen Ring zu erhalten. Deshalb bieten wir schnelle und sichere Versandoptionen. Alle Bestellungen werden mit Sorgfalt versandt und wir bieten Ihnen Informationen zur Sendungsverfolgung, damit Sie den Verlauf Ihrer Sendung verfolgen k\u00f6nnen. Ganz gleich, ob Sie f\u00fcr sich selbst kaufen oder einem lieben Menschen ein Geschenk machen m\u00f6chten, wir sorgen daf\u00fcr, dass Ihr Ring sicher und p\u00fcnktlich ankommt.<\/p><h4>5.\u00a0<strong>Zufriedenheitsgarantie<\/strong><\/h4><p>Unter\u00a0<strong>EmeraldsRing.com<\/strong>Wir stehen hinter jedem Schmuckst\u00fcck, das wir verkaufen. Wenn Sie aus irgendeinem Grund mit Ihrem Kauf nicht zufrieden sind, bieten wir Ihnen ein problemloses R\u00fcckgabe- und Umtauschrecht. Ihre Zufriedenheit ist unsere oberste Priorit\u00e4t, und wir werden mit Ihnen zusammenarbeiten, um sicherzustellen, dass Sie mit Ihrem Ring vollkommen zufrieden sind.<\/p><h3>Unsere Werte<\/h3><p>Unter\u00a0<strong>EmeraldsRing.com<\/strong>glauben wir an:<\/p><ul><li><strong>Integrit\u00e4t<\/strong>: Wir glauben an ein ehrliches und ethisches Gesch\u00e4ftsgebaren. Wir stellen sicher, dass alle unsere Edelsteine aus ethischen Quellen stammen, und wir sind transparent \u00fcber unsere Beschaffungs- und Herstellungsprozesse.<\/li><li><strong>Exzellenz<\/strong>: Wir streben danach, Produkte und Dienstleistungen von h\u00f6chster Qualit\u00e4t anzubieten. Unser Engagement f\u00fcr Exzellenz zeigt sich in allem, was wir tun, von der Qualit\u00e4t unseres Schmucks bis hin zu unserem Kundenservice.<\/li><li><strong>Nachhaltigkeit<\/strong>: Wir sind bestrebt, unseren \u00f6kologischen Fu\u00dfabdruck zu minimieren und sicherzustellen, dass unsere Produkte nachhaltig beschafft und hergestellt werden.<\/li><li><strong>Kundenorientierung<\/strong>: Wir stellen unsere Kunden in den Mittelpunkt unseres Handelns. Von dem Moment an, in dem Sie unsere Website besuchen, bis zu dem Moment, in dem Sie Ihren Ring erhalten, sind wir daf\u00fcr da, Ihnen ein au\u00dfergew\u00f6hnliches Erlebnis zu bieten.<\/li><\/ul><h3>Unser Versprechen an Sie<\/h3><p>Unter\u00a0<strong>EmeraldsRing.com<\/strong>Wir versprechen Ihnen, dass wir Ihnen atemberaubende, hochwertige Ringe liefern, die die wertvollsten Momente des Lebens feiern. Egal, ob Sie einen Ring f\u00fcr sich selbst oder f\u00fcr einen geliebten Menschen kaufen, wir sind hier, um Ihnen ein luxuri\u00f6ses und bedeutungsvolles Erlebnis zu bieten. Mit einer gro\u00dfen Auswahl an Stilen, Edelsteinen und Anpassungsm\u00f6glichkeiten sind wir sicher, dass Sie den perfekten Ring f\u00fcr Ihren einzigartigen Geschmack und Anlass finden werden.<\/p><p>Danke, dass Sie sich f\u00fcr\u00a0<strong>EmeraldsRing.com<\/strong>-Wir f\u00fchlen uns geehrt, Teil Ihrer Reise zu sein und freuen uns darauf, Ihnen dabei zu helfen, den perfekten Ring zu finden, den Sie ein Leben lang sch\u00e4tzen werden.<\/p><hr \/><p>Wenn Sie Fragen haben oder Ihre Reise zum perfekten Ring beginnen m\u00f6chten, kontaktieren Sie uns noch heute oder st\u00f6bern Sie in unserer Kollektion von\u00a0<strong>Smaragdringe<\/strong>,\u00a0<strong>Jaderinge<\/strong>,\u00a0<strong>Mondstein-Ringe<\/strong>und\u00a0<strong>Verlobungsringe<\/strong>\u00a0unter\u00a0<a href=\"https:\/\/www.emeraldring.com\/\" target=\"_new\" rel=\"noopener\">EmeraldsRing.com<\/a>.<\/p>\t\t\t\t\t\t\t\t<\/div>\n\t\t\t\t<\/div>\n\t\t\t\t\t<\/div>\n\t\t\t\t<\/div>\n\t\t<div class=\"elementor-element elementor-element-99e39b5 e-flex e-con-boxed e-con e-parent\" data-id=\"99e39b5\" data-element_type=\"container\" data-e-type=\"container\">\n\t\t\t\t\t<div class=\"e-con-inner\">\n\t\t\t\t<div class=\"elementor-element elementor-element-7a6bf68 elementor-widget elementor-widget-text-editor\" data-id=\"7a6bf68\" data-element_type=\"widget\" data-e-type=\"widget\" data-widget_type=\"text-editor.default\">\n\t\t\t\t<div class=\"elementor-widget-container\">\n\t\t\t\t\t\t\t\t\t<div class=\"wd-negative-gap elementor-element elementor-element-d411e29 e-flex e-con-boxed e-con e-parent e-lazyloaded\" data-id=\"d411e29\" data-element_type=\"container\"><div class=\"e-con-inner\"><div class=\"elementor-element elementor-element-8bda762 elementor-widget elementor-widget-wd_text_block\" data-id=\"8bda762\" data-element_type=\"widget\" data-widget_type=\"wd_text_block.default\"><div class=\"elementor-widget-container\"><div class=\"wd-text-block reset-last-child text-left\"><p>Wenn Sie Fragen haben oder Unterst\u00fctzung ben\u00f6tigen, z\u00f6gern Sie nicht, sich mit unserem Kundendienstteam in Verbindung zu setzen. Wir bem\u00fchen uns, auf alle Anfragen innerhalb von\u00a0<strong>1-2 Arbeitstage<\/strong>.<\/p><ul><li><strong>E-Mail<\/strong>:\u00a0<strong><a href=\"mailto:manager@emeraldsring.com\">manager@emeraldsring.com<\/a><\/strong><\/li><li><strong>Telefon<\/strong>:\u00a0<strong><a href=\"tel:8613725483134\">+86 137 2548 3134<\/a><\/strong><\/li><li><strong>WhatsApp<\/strong>:\u00a0<strong><a href=\"https:\/\/wa.me\/8613725483134\">+86 13725483134<\/a><\/strong><\/li><\/ul><\/div><\/div><\/div><\/div><\/div><div class=\"wd-negative-gap elementor-element elementor-element-99e39b5 e-flex e-con-boxed e-con e-parent e-lazyloaded\" data-id=\"99e39b5\" data-element_type=\"container\"><div class=\"e-con-inner\"><div class=\"elementor-element elementor-element-5467356 elementor-widget elementor-widget-wd_text_block\" data-id=\"5467356\" data-element_type=\"widget\" data-widget_type=\"wd_text_block.default\"><div class=\"elementor-widget-container\"><div class=\"wd-text-block reset-last-child text-left\"><p><strong>Oder f\u00fcllen Sie das nachstehende Formular aus, und wir werden Sie so bald wie m\u00f6glich kontaktieren.<\/strong><\/p><\/div><\/div><\/div><\/div><\/div>\t\t\t\t\t\t\t\t<\/div>\n\t\t\t\t<\/div>\n\t\t\t\t\t<\/div>\n\t\t\t\t<\/div>\n\t\t<div class=\"elementor-element elementor-element-12b80e5 e-flex e-con-boxed e-con e-parent\" data-id=\"12b80e5\" data-element_type=\"container\" data-e-type=\"container\">\n\t\t\t\t\t<div class=\"e-con-inner\">\n\t\t\t\t<div class=\"elementor-element elementor-element-158fdd7 elementor-widget__width-initial elementor-widget-tablet__width-initial elementor-widget-mobile__width-initial elementor-widget elementor-widget-wpforms\" data-id=\"158fdd7\" data-element_type=\"widget\" data-e-type=\"widget\" data-widget_type=\"wpforms.default\">\n\t\t\t\t<div class=\"elementor-widget-container\">\n\t\t\t\t\t<style id=\"wpforms-css-vars-root\">\n\t\t\t\t:root {\n\t\t\t\t\t--wpforms-field-border-radius: 3px;\n--wpforms-field-border-style: solid;\n--wpforms-field-border-size: 1px;\n--wpforms-field-background-color: #ffffff;\n--wpforms-field-border-color: rgba( 0, 0, 0, 0.25 );\n--wpforms-field-border-color-spare: rgba( 0, 0, 0, 0.25 );\n--wpforms-field-text-color: rgba( 0, 0, 0, 0.7 );\n--wpforms-field-menu-color: #ffffff;\n--wpforms-label-color: rgba( 0, 0, 0, 0.85 );\n--wpforms-label-sublabel-color: rgba( 0, 0, 0, 0.55 );\n--wpforms-label-error-color: #d63637;\n--wpforms-button-border-radius: 3px;\n--wpforms-button-border-style: none;\n--wpforms-button-border-size: 1px;\n--wpforms-button-background-color: #066aab;\n--wpforms-button-border-color: #066aab;\n--wpforms-button-text-color: #ffffff;\n--wpforms-page-break-color: #066aab;\n--wpforms-background-image: none;\n--wpforms-background-position: center center;\n--wpforms-background-repeat: no-repeat;\n--wpforms-background-size: cover;\n--wpforms-background-width: 100px;\n--wpforms-background-height: 100px;\n--wpforms-background-color: rgba( 0, 0, 0, 0 );\n--wpforms-background-url: none;\n--wpforms-container-padding: 0px;\n--wpforms-container-border-style: none;\n--wpforms-container-border-width: 1px;\n--wpforms-container-border-color: #000000;\n--wpforms-container-border-radius: 3px;\n--wpforms-field-size-input-height: 43px;\n--wpforms-field-size-input-spacing: 15px;\n--wpforms-field-size-font-size: 16px;\n--wpforms-field-size-line-height: 19px;\n--wpforms-field-size-padding-h: 14px;\n--wpforms-field-size-checkbox-size: 16px;\n--wpforms-field-size-sublabel-spacing: 5px;\n--wpforms-field-size-icon-size: 1;\n--wpforms-label-size-font-size: 16px;\n--wpforms-label-size-line-height: 19px;\n--wpforms-label-size-sublabel-font-size: 14px;\n--wpforms-label-size-sublabel-line-height: 17px;\n--wpforms-button-size-font-size: 17px;\n--wpforms-button-size-height: 41px;\n--wpforms-button-size-padding-h: 15px;\n--wpforms-button-size-margin-top: 10px;\n--wpforms-container-shadow-size-box-shadow: none;\n\n\t\t\t\t}\n\t\t\t<\/style><style id=\"wpforms-css-vars-elementor-widget-158fdd7\">\n\t\t\t\t.elementor-widget-wpforms.elementor-element-158fdd7 {\n\t\t\t\t\t--wpforms-field-border-color: #2D3748;\n--wpforms-field-border-color-spare: #2D3748;\n--wpforms-field-size-input-height: 31px;\n--wpforms-field-size-input-spacing: 10px;\n--wpforms-field-size-font-size: 14px;\n--wpforms-field-size-line-height: 17px;\n--wpforms-field-size-padding-h: 9px;\n--wpforms-field-size-checkbox-size: 14px;\n--wpforms-field-size-sublabel-spacing: 5px;\n--wpforms-field-size-icon-size: 0.75;\n--wpforms-label-size-font-size: 16px;\n--wpforms-label-size-line-height: 19px;\n--wpforms-label-size-sublabel-font-size: 14px;\n--wpforms-label-size-sublabel-line-height: 17px;\n--wpforms-button-size-font-size: 17px;\n--wpforms-button-size-height: 41px;\n--wpforms-button-size-padding-h: 15px;\n--wpforms-button-size-margin-top: 10px;\n\n\t\t\t\t}\n\t\t\t<\/style><div class=\"wpforms-container wpforms-container-full wpforms-render-modern\" id=\"wpforms-230\"><form id=\"wpforms-form-230\" class=\"wpforms-validate wpforms-form wpforms-ajax-form\" data-formid=\"230\" method=\"post\" enctype=\"multipart\/form-data\" action=\"\/de\/wp-json\/wp\/v2\/pages\/331\" data-token=\"7636280f04a7041105999be20b5b483e\" data-token-time=\"1776952327\" data-trp-original-action=\"\/de\/wp-json\/wp\/v2\/pages\/331\"><noscript class=\"wpforms-error-noscript\">Bitte aktiviere JavaScript in deinem Browser, um dieses Formular fertigzustellen.<\/noscript><div class=\"wpforms-hidden\" id=\"wpforms-error-noscript\">Bitte aktiviere JavaScript in deinem Browser, um dieses Formular fertigzustellen.<\/div><div class=\"wpforms-field-container\"><div id=\"wpforms-230-field_1-container\" class=\"wpforms-field wpforms-field-name\" data-field-id=\"1\"><label class=\"wpforms-field-label\" for=\"wpforms-230-field_1\">Name <span class=\"wpforms-required-label\" aria-hidden=\"true\">*<\/span><\/label><input type=\"text\" id=\"wpforms-230-field_1\" class=\"wpforms-field-large wpforms-field-required\" name=\"wpforms[fields][1]\" placeholder=\"Ihr Name\" aria-errormessage=\"wpforms-230-field_1-error\" required><\/div><div id=\"wpforms-230-field_2-container\" class=\"wpforms-field wpforms-field-email\" data-field-id=\"2\"><label class=\"wpforms-field-label\" for=\"wpforms-230-field_2\">E-Mail <span class=\"wpforms-required-label\" aria-hidden=\"true\">*<\/span><\/label><input type=\"email\" id=\"wpforms-230-field_2\" class=\"wpforms-field-large wpforms-field-required\" name=\"wpforms[fields][2]\" placeholder=\"Deine E-Mail\" spellcheck=\"false\" aria-errormessage=\"wpforms-230-field_2-error\" required><\/div><div id=\"wpforms-230-field_3-container\" class=\"wpforms-field wpforms-field-textarea\" data-field-id=\"3\"><label class=\"wpforms-field-label\" for=\"wpforms-230-field_3\">Kommentar oder Nachricht <span class=\"wpforms-required-label\" aria-hidden=\"true\">*<\/span><\/label><textarea id=\"wpforms-230-field_3\" class=\"wpforms-field-medium wpforms-field-required\" name=\"wpforms[fields][3]\" aria-errormessage=\"wpforms-230-field_3-error\" required><\/textarea><\/div><div id=\"wpforms-230-field_4-container\" class=\"wpforms-field wpforms-field-captcha\" data-field-id=\"4\"><label class=\"wpforms-field-label\" for=\"wpforms-230-field_4\">Benutzerdefiniertes Captcha <span class=\"wpforms-required-label\" aria-hidden=\"true\">*<\/span><\/label>\t\t\t<div class=\"wpforms-captcha-math\">\n\t\t\t\t<span id=\"wpforms-230-field_4-question\" class=\"wpforms-captcha-equation\">\n\t\t\t\t\t<span class=\"n1\">5<\/span>\n\t\t\t\t\t\t\t<span class=\"cal\">+<\/span>\n\t\t\t\t\t\t\t<span class=\"n2\">6<\/span>\t\t\t\t\t<span class=\"e\">=<\/span>\n\t\t\t\t<\/span>\n\t\t\t\t<input type=\"text\" id=\"wpforms-230-field_4\" class=\"wpforms-field-medium wpforms-field-required a\" data-rule-wpf-captcha=\"math\" data-is-wrapped-field=\"1\" name=\"wpforms[fields][4][a]\" aria-errormessage=\"wpforms-230-field_4-error\" aria-describedby=\"wpforms-230-field_4-question\" required>\t\t\t\t<input type=\"hidden\" name=\"wpforms[fields][4][cal]\" class=\"cal\">\n\t\t\t\t<input type=\"hidden\" name=\"wpforms[fields][4][n2]\" class=\"n2\">\n\t\t\t\t<input type=\"hidden\" name=\"wpforms[fields][4][n1]\" class=\"n1\">\n\t\t\t<\/div>\n\t\t\t<\/div><\/div><!-- .wpforms-field-container --><div class=\"wpforms-submit-container\" ><input type=\"hidden\" name=\"wpforms[id]\" value=\"230\"><input type=\"hidden\" name=\"page_title\" value=\"\"><input type=\"hidden\" name=\"page_url\" value=\"https:\/\/emeraldsring.com\/de\/wp-json\/wp\/v2\/pages\/331\"><button type=\"submit\" name=\"wpforms[submit]\" id=\"wpforms-submit-230\" class=\"wpforms-submit\" data-alt-text=\"Sending...\" data-submit-text=\"Submit\" aria-live=\"assertive\" value=\"wpforms-submit\">Einreichen<\/button><img decoding=\"async\" src=\"https:\/\/emeraldsring.com\/wp-content\/plugins\/wpforms\/assets\/images\/submit-spin.svg\" class=\"wpforms-submit-spinner\" style=\"display: none;\" width=\"26\" height=\"26\" alt=\"Wird geladen\"><\/div><input type=\"hidden\" name=\"trp-form-language\" value=\"de\"\/><\/form><\/div>  <!-- .wpforms-container -->\t\t\t\t<\/div>\n\t\t\t\t<\/div>\n\t\t\t\t\t<\/div>\n\t\t\t\t<\/div>\n\t\t\t\t<\/div>","protected":false},"excerpt":{"rendered":"<p>Willkommen bei EmeraldsRing.com, Ihrem ersten Online-Ziel f\u00fcr hochwertige, exquisite Ringe. Egal, ob Sie auf der Suche nach dem perfekten Smaragdring, einem einzigartigen Jadering, einem bezaubernden Mondsteinring oder einem atemberaubenden Verlobungsring sind, wir sind bestrebt, Ihnen nur den feinsten Schmuck anzubieten, der die besonderen Momente des Lebens feiert. Wir verstehen, dass die Wahl eines Rings sehr pers\u00f6nlich ist...<\/p>","protected":false},"author":1,"featured_media":0,"parent":0,"menu_order":0,"comment_status":"closed","ping_status":"closed","template":"","meta":{"_kad_post_transparent":"","_kad_post_title":"","_kad_post_layout":"","_kad_post_sidebar_id":"","_kad_post_content_style":"","_kad_post_vertical_padding":"","_kad_post_feature":"","_kad_post_feature_position":"","_kad_post_header":false,"_kad_post_footer":false,"footnotes":""},"class_list":["post-331","page","type-page","status-publish","hentry"],"aioseo_notices":[],"_links":{"self":[{"href":"https:\/\/emeraldsring.com\/de\/wp-json\/wp\/v2\/pages\/331","targetHints":{"allow":["GET"]}}],"collection":[{"href":"https:\/\/emeraldsring.com\/de\/wp-json\/wp\/v2\/pages"}],"about":[{"href":"https:\/\/emeraldsring.com\/de\/wp-json\/wp\/v2\/types\/page"}],"author":[{"embeddable":true,"href":"https:\/\/emeraldsring.com\/de\/wp-json\/wp\/v2\/users\/1"}],"replies":[{"embeddable":true,"href":"https:\/\/emeraldsring.com\/de\/wp-json\/wp\/v2\/comments?post=331"}],"version-history":[{"count":7,"href":"https:\/\/emeraldsring.com\/de\/wp-json\/wp\/v2\/pages\/331\/revisions"}],"predecessor-version":[{"id":1976,"href":"https:\/\/emeraldsring.com\/de\/wp-json\/wp\/v2\/pages\/331\/revisions\/1976"}],"wp:attachment":[{"href":"https:\/\/emeraldsring.com\/de\/wp-json\/wp\/v2\/media?parent=331"}],"curies":[{"name":"wp","href":"https:\/\/api.w.org\/{rel}","templated":true}]}}