{"id":361,"date":"2025-02-04T12:08:50","date_gmt":"2025-02-04T12:08:50","guid":{"rendered":"https:\/\/emeraldsring.com\/?page_id=361"},"modified":"2025-08-10T06:25:24","modified_gmt":"2025-08-10T01:25:24","slug":"faqs","status":"publish","type":"page","link":"https:\/\/emeraldsring.com\/de\/faqs\/","title":{"rendered":"FAQs"},"content":{"rendered":"<div data-elementor-type=\"wp-page\" data-elementor-id=\"361\" class=\"elementor elementor-361\" data-elementor-post-type=\"page\">\n\t\t\t\t<div class=\"elementor-element elementor-element-ab34ee4 e-flex e-con-boxed e-con e-parent\" data-id=\"ab34ee4\" data-element_type=\"container\" data-e-type=\"container\">\n\t\t\t\t\t<div class=\"e-con-inner\">\n\t\t\t\t<div class=\"elementor-element elementor-element-61ed909 elementor-widget elementor-widget-text-editor\" data-id=\"61ed909\" data-element_type=\"widget\" data-e-type=\"widget\" data-widget_type=\"text-editor.default\">\n\t\t\t\t<div class=\"elementor-widget-container\">\n\t\t\t\t\t\t\t\t\t<div class=\"wd-negative-gap elementor-element elementor-element-ab34ee4 e-flex e-con-boxed e-con e-parent e-lazyloaded\" data-id=\"ab34ee4\" data-element_type=\"container\"><div class=\"e-con-inner\"><div class=\"elementor-element elementor-element-a2b6396 elementor-widget elementor-widget-wd_text_block\" data-id=\"a2b6396\" data-element_type=\"widget\" data-widget_type=\"wd_text_block.default\"><div class=\"elementor-widget-container\"><div class=\"wd-text-block reset-last-child text-left\"><p>Willkommen bei der\u00a0<strong>FAQs<\/strong>\u00a0Seite von\u00a0<strong>EmeraldsRing.com<\/strong>! Wir wissen, dass der Kauf von edlem Schmuck, insbesondere f\u00fcr so wichtige Anl\u00e4sse wie Verlobungen, Jahrestage oder andere Meilensteine im Leben, eine wichtige Entscheidung ist. Deshalb haben wir diese umfassende Liste mit h\u00e4ufig gestellten Fragen zusammengestellt, um Sie bei Ihrem Einkauf zu begleiten, Ihnen zu helfen, unsere Produkte besser zu verstehen und Klarheit \u00fcber alles zu schaffen, vom Ringdesign bis zum Versand.<\/p><p>Wenn Sie hier keine Antwort auf Ihre Frage finden, k\u00f6nnen Sie sich gerne an unseren Kundendienst wenden. Wir helfen Ihnen immer gerne weiter!<\/p><hr \/><h3><strong>1. Welche Arten von Ringen verkaufen Sie bei EmeraldsRing.com?<\/strong><\/h3><p>Unter\u00a0<strong>EmeraldsRing.com<\/strong>bieten wir eine gro\u00dfe Auswahl an hochwertigen Ringen f\u00fcr jeden Anlass. Unsere Kollektion umfasst:<\/p><ul><li><strong>Smaragd Ringe<\/strong>: Wundersch\u00f6n gearbeitete Ringe mit leuchtenden Smaragden, die f\u00fcr ihre zeitlose Sch\u00f6nheit und tiefe Symbolik der Liebe und Fruchtbarkeit bekannt sind.<\/li><li><strong>Jade-Ringe<\/strong>: Jade, ein Edelstein mit reicher kultureller Bedeutung, ist perfekt f\u00fcr alle, die nach Gleichgewicht, Harmonie und einem Symbol f\u00fcr Wohlstand suchen.<\/li><li><strong>Mondstein Ringe<\/strong>: Mondsteine sind einzigartige Edelsteine, die f\u00fcr ihre mystischen Eigenschaften bekannt sind und oft mit Intuition, Emotionen und Neuanf\u00e4ngen in Verbindung gebracht werden.<\/li><li><strong>Verlobungsringe<\/strong>: Wir bieten eine breite Palette von Verlobungsringen an, darunter Smaragd-, Diamant-, Jade- und Mondsteinringe, die f\u00fcr verschiedene Stile und Vorlieben geeignet sind.<\/li><li><strong>Individuelle Ringe<\/strong>: Wir bieten Ihnen die M\u00f6glichkeit, Ringe nach Ma\u00df anzufertigen, so dass Sie jeden Aspekt, vom Edelstein bis zur Fassung, individuell gestalten k\u00f6nnen.<\/li><\/ul><hr \/><h3><strong>2. Wie w\u00e4hle ich den richtigen Ring f\u00fcr mich oder meinen Partner?<\/strong><\/h3><p>Die Wahl des perfekten Rings h\u00e4ngt von Ihrem pers\u00f6nlichen Stil und Ihren Vorlieben sowie vom Anlass ab. Hier sind ein paar Faktoren, die Sie ber\u00fccksichtigen sollten:<\/p><ul><li><strong>Edelstein<\/strong>: Jeder Edelstein hat seine eigene Bedeutung. Smaragde stehen f\u00fcr Liebe, Wachstum und Fruchtbarkeit; Jade symbolisiert Harmonie und Gleichgewicht; Mondsteine werden mit emotionalem Gleichgewicht und Intuition in Verbindung gebracht. \u00dcberlegen Sie, welcher Edelstein zu Ihnen oder der Person, f\u00fcr die Sie den Ring kaufen, passt.<\/li><li><strong>Ring-Stil<\/strong>: Ganz gleich, ob Sie einen klassischen Solit\u00e4rring, eine aufwendige Halo-Fassung oder etwas Moderneres und Einzigartiges suchen, wir bieten Ihnen eine breite Palette an Designs. St\u00f6bern Sie in unseren Kollektionen und finden Sie das Design, das zu Ihrem Stil passt.<\/li><li><strong>Anlass<\/strong>: Ber\u00fccksichtigen Sie den Zweck des Rings. Verlobungsringe haben in der Regel ein zeitloses Design, w\u00e4hrend ein Ring aus Jade oder Mondstein eher f\u00fcr ein pers\u00f6nliches Geschenk oder einen besonderen Anlass geeignet ist.<\/li><li><strong>Gr\u00f6\u00dfe und Passform<\/strong>: Vergewissern Sie sich, dass Sie die richtige Ringgr\u00f6\u00dfe haben, bevor Sie den Ring kaufen. Wenn Sie unsicher sind, gehen Sie zu einem Juwelier und lassen Sie Ihre Gr\u00f6\u00dfe messen. Wenn der Ring nicht passt, bieten wir bei den meisten unserer Ringe die M\u00f6glichkeit der Gr\u00f6\u00dfen\u00e4nderung.<\/li><\/ul><hr \/><h3><strong>3. Was ist ein Smaragd-Verlobungsring, und warum ist er etwas Besonderes?<\/strong><\/h3><p>Eine\u00a0<strong>Smaragd-Verlobungsring<\/strong>\u00a0ist ein zeitloses Symbol f\u00fcr Liebe und Engagement. Smaragde mit ihrer leuchtend gr\u00fcnen Farbe und ihrer reichen Geschichte werden seit langem mit Leidenschaft, Fruchtbarkeit und dem Wachstum der Liebe in Verbindung gebracht. Sie sind eine einzigartige Alternative zum traditionellen diamantenen Verlobungsring und eignen sich perfekt f\u00fcr Paare, die etwas Besonderes suchen.<\/p><p>Smaragde sind auch f\u00fcr ihre Seltenheit und ihren tiefen, faszinierenden Farbton bekannt. Die Farbe des Edelsteins kann von hellgr\u00fcn bis zu einem satten, dunklen Gr\u00fcn reichen und macht jeden Smaragd einzigartig. Die Wahl eines Smaragds f\u00fcr einen Verlobungsring spiegelt ein Bekenntnis zu Einzigartigkeit, Sch\u00f6nheit und pers\u00f6nlicher Bedeutung wider.<\/p><hr \/><h3><strong>4. Wie pflege ich meinen Smaragd-, Jade- oder Mondsteinring?<\/strong><\/h3><p>Die richtige Pflege sorgt daf\u00fcr, dass Ihr Ring viele Jahre lang sch\u00f6n bleibt. Hier sind einige Tipps zur Pflege der einzelnen Edelsteine:<\/p><ul><li><p><strong>Smaragd Pflege<\/strong>: Smaragde sind im Vergleich zu anderen Edelsteinen relativ weich (etwa 7,5-8 auf der Mohs-Skala). Sie ben\u00f6tigen eine sanfte Pflege. Vermeiden Sie es, Ihren Smaragdring scharfen Chemikalien oder Scheuermitteln auszusetzen. Reinigen Sie Ihren Smaragdring mit warmem Wasser und milder Seife und verwenden Sie ein weiches Tuch oder eine B\u00fcrste, um den Stein sanft zu reinigen. Wir empfehlen Ihnen auch, Ihren Smaragdring bei T\u00e4tigkeiten wie Gartenarbeit oder Reinigung abzunehmen.<\/p><\/li><li><p><strong>Jade Pflege<\/strong>: Jade ist ein widerstandsf\u00e4higer und langlebiger Stein, der jedoch durch h\u00e4rtere Materialien zerkratzt werden kann. Reinigen Sie Jaderinge mit warmer Seifenlauge und einem weichen Tuch. Seien Sie vorsichtig bei pl\u00f6tzlichen Temperaturschwankungen, da Jade unter extremen Bedingungen Risse bekommen kann.<\/p><\/li><li><p><strong>Mondstein-Pflege<\/strong>: Mondsteine sind relativ weich und k\u00f6nnen leicht zerkratzt werden. Reinigen Sie Mondsteinringe mit warmem Wasser und milder Seife und verwenden Sie eine weiche B\u00fcrste, um Schmutz zu entfernen. Vermeiden Sie es, Mondsteinschmuck scharfen Chemikalien oder extremen Temperaturen auszusetzen.<\/p><\/li><\/ul><p>Im Allgemeinen ist es eine gute Idee, Ihre Ringe in einem weichen Beutel oder einer Schmuckschatulle aufzubewahren, damit sie nicht zerkratzt oder besch\u00e4digt werden, wenn sie nicht in Gebrauch sind.<\/p><hr \/><h3><strong>5. Kann ich einen Ring von EmeraldsRing.com individuell gestalten?<\/strong><\/h3><p>Ja! Wir sind spezialisiert auf die Erstellung\u00a0<strong>benutzerdefinierte Ringe<\/strong>\u00a0genau auf Ihre W\u00fcnsche zugeschnitten. Ganz gleich, ob Sie den Edelstein personalisieren, ein bestimmtes Metall ausw\u00e4hlen oder ein v\u00f6llig einzigartiges Design entwerfen m\u00f6chten, unser Team aus erfahrenen Juwelieren wird mit Ihnen zusammenarbeiten, um Ihre Visionen zu verwirklichen. Wenden Sie sich einfach an unseren Kundenservice, und wir f\u00fchren Sie durch die einzelnen Schritte zur Herstellung eines einzigartigen Rings.<\/p><hr \/><h3><strong>6. Welche Metalle verwenden Sie f\u00fcr Ihre Ringe?<\/strong><\/h3><p>Wir bieten eine Vielzahl von Metallen zur Erg\u00e4nzung der Edelsteine in unseren Ringen an. Einige der beliebtesten Metalle, die wir verwenden, sind:<\/p><ul><li><strong>Platin<\/strong>: Platin ist f\u00fcr seine Langlebigkeit, seinen Luxus und seine nat\u00fcrlich wei\u00dfe Farbe bekannt und ist eine ausgezeichnete Wahl f\u00fcr alle, die ein langlebiges, hypoallergenes Metall suchen.<\/li><li><strong>Gold<\/strong>: Wir bieten Ringe in verschiedenen Goldt\u00f6nen an, darunter\u00a0<strong>Gelbgold<\/strong>,\u00a0<strong>Wei\u00dfgold<\/strong>und\u00a0<strong>Ros\u00e9gold<\/strong>. Gold ist eine zeitlose Wahl, die zu fast allen Edelsteinen passt.<\/li><li><strong>Sterling Silber<\/strong>: F\u00fcr eine g\u00fcnstigere Option bieten wir Ringe aus Sterlingsilber an, die dennoch eine sch\u00f6ne, gl\u00e4nzende Oberfl\u00e4che aufweisen.<\/li><\/ul><p>Jedes Metall hat seinen ganz eigenen Reiz. Egal, ob Sie auf der Suche nach Luxus oder einer preisg\u00fcnstigeren Variante sind, wir haben eine Vielzahl von M\u00f6glichkeiten f\u00fcr Sie.<\/p><hr \/><h3><strong>7. Bieten Sie einen Gr\u00f6\u00dfen\u00e4nderungsservice f\u00fcr Ringe an?<\/strong><\/h3><p>Ja, wir bieten f\u00fcr viele Ringe aus unserer Kollektion einen Gr\u00f6\u00dfenanpassungsservice an. Wenn Ihr Ring nicht passt, wenden Sie sich einfach an unseren Kundendienst, und wir helfen Ihnen, die richtige Gr\u00f6\u00dfe zu bekommen. Bitte beachten Sie, dass eine Gr\u00f6\u00dfenanpassung nicht bei allen Modellen m\u00f6glich ist, insbesondere nicht bei Ringen mit komplizierten Fassungen oder einzigartigen Sonderanfertigungen. Wenn Sie sich mit uns in Verbindung setzen, erhalten Sie detaillierte Informationen \u00fcber die M\u00f6glichkeiten der Gr\u00f6\u00dfen\u00e4nderung.<\/p><hr \/><h3><strong>8. Wie kann ich meine Ringgr\u00f6\u00dfe ermitteln?<\/strong><\/h3><p>Wenn Sie sich \u00fcber Ihre Ringgr\u00f6\u00dfe nicht sicher sind, empfehlen wir Ihnen, Ihren Finger bei einem Juwelier in Ihrer N\u00e4he professionell vermessen zu lassen. Alternativ k\u00f6nnen Sie Ihre Ringgr\u00f6\u00dfe auch zu Hause mit Hilfe einer Ringgr\u00f6\u00dfentabelle oder durch Vergleich des Innendurchmessers eines vorhandenen Rings, der Ihnen gut passt, ermitteln.<\/p><p>Wenn Sie Hilfe ben\u00f6tigen, wenden Sie sich bitte an unser Kundendienstteam, das Sie gerne durch den Prozess begleitet.<\/p><hr \/><h3><strong>9. Wie lange dauert es, bis mein Ring verschickt wird?<\/strong><\/h3><p>Wir bem\u00fchen uns, Ihre Bestellung so schnell wie m\u00f6glich zu bearbeiten und zu versenden. Die Versandzeiten h\u00e4ngen von der Art des Rings, der individuellen Gestaltung und dem Standort ab. Bei versandfertigen Ringen k\u00f6nnen Sie davon ausgehen, dass Ihre Bestellung innerhalb folgender Zeit versandt wird\u00a0<strong>3-5 Arbeitstage<\/strong>. F\u00fcr Sonderanfertigungen oder Sonderbestellungen, bitte bis zu\u00a0<strong>2-3 Wochen<\/strong>\u00a0f\u00fcr die Herstellung und den Versand Ihres Ringes.<\/p><p>Wir bieten\u00a0<strong>kostenloser Standardversand<\/strong>\u00a0innerhalb der Vereinigten Staaten und internationale Versandoptionen. Sobald Ihre Bestellung versandt wurde, senden wir Ihnen eine Tracking-Nummer, damit Sie den Weg Ihres Pakets verfolgen k\u00f6nnen.<\/p><hr \/><h3><strong>10. Bieten Sie R\u00fcckgabe oder Umtausch an?<\/strong><\/h3><p>Wir m\u00f6chten, dass Sie mit Ihrem Kauf vollkommen zufrieden sind. Wenn Sie aus irgendeinem Grund mit Ihrem Ring nicht zufrieden sind, bieten wir eine\u00a0<strong>30 Tage R\u00fcckgabe- und Umtauschrecht<\/strong>. Um f\u00fcr eine R\u00fcckgabe oder einen Umtausch in Frage zu kommen, muss sich der Ring in seinem Originalzustand und in der Originalverpackung befinden.<\/p><p>Bitte beachten Sie, dass individuell angefertigte Ringe (z. B. gravierte oder individuell gestaltete Ringe) von R\u00fcckgabe und Umtausch ausgeschlossen sind, es sei denn, es liegt ein Herstellungsfehler vor. F\u00fcr weitere Informationen \u00fcber unsere R\u00fcckgabe- und Umtauschbestimmungen besuchen Sie bitte unsere\u00a0<strong>R\u00fcckgabe und Umtausch<\/strong>\u00a0Seite.<\/p><hr \/><h3><strong>11. Stammen Ihre Edelsteine aus ethischen Quellen?<\/strong><\/h3><p>Ja, wir haben uns zu ethischen Beschaffungspraktiken verpflichtet. Wir w\u00e4hlen unsere Edelsteine sorgf\u00e4ltig aus und stellen sicher, dass sie verantwortungsvoll abgebaut werden und konfliktfrei sind. Wir arbeiten eng mit renommierten Lieferanten zusammen, die sich an ethische und \u00f6kologische Standards halten. Unser Engagement f\u00fcr Nachhaltigkeit und ethische Beschaffung ist einer der Eckpfeiler unseres Gesch\u00e4fts, und wir stellen sicher, dass jeder Edelstein in unserer Kollektion diese Standards erf\u00fcllt.<\/p><hr \/><h3><strong>12. Bieten Sie Geschenkverpackungen und Personalisierung an?<\/strong><\/h3><p>Ja! Wir bieten\u00a0<strong>Geschenkverpackung<\/strong>\u00a0f\u00fcr alle unsere Ringe. Jeder Ring wird wundersch\u00f6n in einer luxuri\u00f6sen Box verpackt und ist somit das perfekte Geschenk. Wir bieten auch\u00a0<strong>Pers\u00f6nliche Gravur<\/strong>\u00a0f\u00fcr bestimmte Ringe, so dass Sie Ihrem St\u00fcck eine besondere Botschaft oder Initialen hinzuf\u00fcgen k\u00f6nnen. Bitte kontaktieren Sie uns f\u00fcr weitere Details zu Gravuroptionen.<\/p><hr \/><h3><strong>13. Wie kann ich den Kundendienst kontaktieren?<\/strong><\/h3><p>Wenn Sie Fragen haben oder Hilfe ben\u00f6tigen, k\u00f6nnen Sie sich gerne an unseren Kundendienst wenden. Sie k\u00f6nnen uns erreichen unter:<\/p><ul><li><strong>E-Mail<\/strong>:\u00a0<a href=\"mailto:manger@emeraldsring.com\"><strong>manger@emeraldsring.com<\/strong><\/a><\/li><li><strong>Telefon<\/strong>:\u00a0<a href=\"tel:8613725483134\"><strong>8613725483134<\/strong><\/a><\/li><li><strong>WhatsApp<\/strong>:\u00a0<strong><a href=\"https:\/\/wa.me\/8613725483134\">+86 13725483134<\/a><\/strong><\/li><li><strong>Kontakt-Formular<\/strong>: F\u00fcllen Sie das Kontaktformular auf unserer Website aus, und wir werden uns so schnell wie m\u00f6glich bei Ihnen melden.<\/li><\/ul><p>Wir freuen uns, Ihnen bei allen Fragen behilflich zu sein, von der Ringauswahl \u00fcber die Gr\u00f6\u00dfenbestimmung bis hin zum Versand und allem, was dazwischen liegt.<\/p><hr \/><p>Danke, dass Sie sich f\u00fcr\u00a0<strong>EmeraldsRing.com<\/strong>. Wir f\u00fchlen uns geehrt, ein Teil Ihrer Reise zu sein und freuen uns darauf, Ihnen zu helfen, den perfekten Ring zu finden!<\/p><\/div><\/div><\/div><\/div><\/div><div class=\"wd-negative-gap elementor-element elementor-element-ca219ba e-flex e-con-boxed e-con e-parent e-lazyloaded\" data-id=\"ca219ba\" data-element_type=\"container\"><div class=\"e-con-inner\"><div class=\"elementor-element elementor-element-386e1b0 elementor-widget elementor-widget-wd_text_block\" data-id=\"386e1b0\" data-element_type=\"widget\" data-widget_type=\"wd_text_block.default\"><div class=\"elementor-widget-container\"><div class=\"wd-text-block reset-last-child text-left\"><p>Oder f\u00fcllen Sie das nachstehende Formular aus, und wir werden Sie so bald wie m\u00f6glich kontaktieren.<\/p><\/div><\/div><\/div><\/div><\/div>\t\t\t\t\t\t\t\t<\/div>\n\t\t\t\t<\/div>\n\t\t\t\t\t<\/div>\n\t\t\t\t<\/div>\n\t\t<div class=\"elementor-element elementor-element-6e15464 e-flex e-con-boxed e-con e-parent\" data-id=\"6e15464\" data-element_type=\"container\" data-e-type=\"container\">\n\t\t\t\t\t<div class=\"e-con-inner\">\n\t\t\t\t<div class=\"elementor-element elementor-element-8f135a8 elementor-widget__width-initial elementor-widget-tablet__width-initial elementor-widget elementor-widget-wpforms\" data-id=\"8f135a8\" data-element_type=\"widget\" data-e-type=\"widget\" data-widget_type=\"wpforms.default\">\n\t\t\t\t<div class=\"elementor-widget-container\">\n\t\t\t\t\t<style id=\"wpforms-css-vars-root\">\n\t\t\t\t:root {\n\t\t\t\t\t--wpforms-field-border-radius: 3px;\n--wpforms-field-border-style: solid;\n--wpforms-field-border-size: 1px;\n--wpforms-field-background-color: #ffffff;\n--wpforms-field-border-color: rgba( 0, 0, 0, 0.25 );\n--wpforms-field-border-color-spare: rgba( 0, 0, 0, 0.25 );\n--wpforms-field-text-color: rgba( 0, 0, 0, 0.7 );\n--wpforms-field-menu-color: #ffffff;\n--wpforms-label-color: rgba( 0, 0, 0, 0.85 );\n--wpforms-label-sublabel-color: rgba( 0, 0, 0, 0.55 );\n--wpforms-label-error-color: #d63637;\n--wpforms-button-border-radius: 3px;\n--wpforms-button-border-style: none;\n--wpforms-button-border-size: 1px;\n--wpforms-button-background-color: #066aab;\n--wpforms-button-border-color: #066aab;\n--wpforms-button-text-color: #ffffff;\n--wpforms-page-break-color: #066aab;\n--wpforms-background-image: none;\n--wpforms-background-position: center center;\n--wpforms-background-repeat: no-repeat;\n--wpforms-background-size: cover;\n--wpforms-background-width: 100px;\n--wpforms-background-height: 100px;\n--wpforms-background-color: rgba( 0, 0, 0, 0 );\n--wpforms-background-url: none;\n--wpforms-container-padding: 0px;\n--wpforms-container-border-style: none;\n--wpforms-container-border-width: 1px;\n--wpforms-container-border-color: #000000;\n--wpforms-container-border-radius: 3px;\n--wpforms-field-size-input-height: 43px;\n--wpforms-field-size-input-spacing: 15px;\n--wpforms-field-size-font-size: 16px;\n--wpforms-field-size-line-height: 19px;\n--wpforms-field-size-padding-h: 14px;\n--wpforms-field-size-checkbox-size: 16px;\n--wpforms-field-size-sublabel-spacing: 5px;\n--wpforms-field-size-icon-size: 1;\n--wpforms-label-size-font-size: 16px;\n--wpforms-label-size-line-height: 19px;\n--wpforms-label-size-sublabel-font-size: 14px;\n--wpforms-label-size-sublabel-line-height: 17px;\n--wpforms-button-size-font-size: 17px;\n--wpforms-button-size-height: 41px;\n--wpforms-button-size-padding-h: 15px;\n--wpforms-button-size-margin-top: 10px;\n--wpforms-container-shadow-size-box-shadow: none;\n\n\t\t\t\t}\n\t\t\t<\/style><style id=\"wpforms-css-vars-elementor-widget-8f135a8\">\n\t\t\t\t.elementor-widget-wpforms.elementor-element-8f135a8 {\n\t\t\t\t\t--wpforms-field-size-input-height: 43px;\n--wpforms-field-size-input-spacing: 15px;\n--wpforms-field-size-font-size: 16px;\n--wpforms-field-size-line-height: 19px;\n--wpforms-field-size-padding-h: 14px;\n--wpforms-field-size-checkbox-size: 16px;\n--wpforms-field-size-sublabel-spacing: 5px;\n--wpforms-field-size-icon-size: 1;\n--wpforms-label-size-font-size: 16px;\n--wpforms-label-size-line-height: 19px;\n--wpforms-label-size-sublabel-font-size: 14px;\n--wpforms-label-size-sublabel-line-height: 17px;\n--wpforms-button-size-font-size: 17px;\n--wpforms-button-size-height: 41px;\n--wpforms-button-size-padding-h: 15px;\n--wpforms-button-size-margin-top: 10px;\n\n\t\t\t\t}\n\t\t\t<\/style><div class=\"wpforms-container wpforms-container-full wpforms-render-modern\" id=\"wpforms-230\"><form id=\"wpforms-form-230\" class=\"wpforms-validate wpforms-form wpforms-ajax-form\" data-formid=\"230\" method=\"post\" enctype=\"multipart\/form-data\" action=\"\/de\/wp-json\/wp\/v2\/pages\/361\" data-token=\"726addf8ea66ac8ea65445b24c4da9f5\" data-token-time=\"1777195683\" data-trp-original-action=\"\/de\/wp-json\/wp\/v2\/pages\/361\"><noscript class=\"wpforms-error-noscript\">Bitte aktiviere JavaScript in deinem Browser, um dieses Formular fertigzustellen.<\/noscript><div class=\"wpforms-hidden\" id=\"wpforms-error-noscript\">Bitte aktiviere JavaScript in deinem Browser, um dieses Formular fertigzustellen.<\/div><div class=\"wpforms-field-container\"><div id=\"wpforms-230-field_1-container\" class=\"wpforms-field wpforms-field-name\" data-field-id=\"1\"><label class=\"wpforms-field-label\" for=\"wpforms-230-field_1\">Name <span class=\"wpforms-required-label\" aria-hidden=\"true\">*<\/span><\/label><input type=\"text\" id=\"wpforms-230-field_1\" class=\"wpforms-field-large wpforms-field-required\" name=\"wpforms[fields][1]\" placeholder=\"Ihr Name\" aria-errormessage=\"wpforms-230-field_1-error\" required><\/div><div id=\"wpforms-230-field_2-container\" class=\"wpforms-field wpforms-field-email\" data-field-id=\"2\"><label class=\"wpforms-field-label\" for=\"wpforms-230-field_2\">E-Mail <span class=\"wpforms-required-label\" aria-hidden=\"true\">*<\/span><\/label><input type=\"email\" id=\"wpforms-230-field_2\" class=\"wpforms-field-large wpforms-field-required\" name=\"wpforms[fields][2]\" placeholder=\"Deine E-Mail\" spellcheck=\"false\" aria-errormessage=\"wpforms-230-field_2-error\" required><\/div><div id=\"wpforms-230-field_3-container\" class=\"wpforms-field wpforms-field-textarea\" data-field-id=\"3\"><label class=\"wpforms-field-label\" for=\"wpforms-230-field_3\">Kommentar oder Nachricht <span class=\"wpforms-required-label\" aria-hidden=\"true\">*<\/span><\/label><textarea id=\"wpforms-230-field_3\" class=\"wpforms-field-medium wpforms-field-required\" name=\"wpforms[fields][3]\" aria-errormessage=\"wpforms-230-field_3-error\" required><\/textarea><\/div><div id=\"wpforms-230-field_4-container\" class=\"wpforms-field wpforms-field-captcha\" data-field-id=\"4\"><label class=\"wpforms-field-label\" for=\"wpforms-230-field_4\">Benutzerdefiniertes Captcha <span class=\"wpforms-required-label\" aria-hidden=\"true\">*<\/span><\/label>\t\t\t<div class=\"wpforms-captcha-math\">\n\t\t\t\t<span id=\"wpforms-230-field_4-question\" class=\"wpforms-captcha-equation\">\n\t\t\t\t\t<span class=\"n1\">8<\/span>\n\t\t\t\t\t\t\t<span class=\"cal\">*<\/span>\n\t\t\t\t\t\t\t<span class=\"n2\">6<\/span>\t\t\t\t\t<span class=\"e\">=<\/span>\n\t\t\t\t<\/span>\n\t\t\t\t<input type=\"text\" id=\"wpforms-230-field_4\" class=\"wpforms-field-medium wpforms-field-required a\" data-rule-wpf-captcha=\"math\" data-is-wrapped-field=\"1\" name=\"wpforms[fields][4][a]\" aria-errormessage=\"wpforms-230-field_4-error\" aria-describedby=\"wpforms-230-field_4-question\" required>\t\t\t\t<input type=\"hidden\" name=\"wpforms[fields][4][cal]\" class=\"cal\">\n\t\t\t\t<input type=\"hidden\" name=\"wpforms[fields][4][n2]\" class=\"n2\">\n\t\t\t\t<input type=\"hidden\" name=\"wpforms[fields][4][n1]\" class=\"n1\">\n\t\t\t<\/div>\n\t\t\t<\/div><\/div><!-- .wpforms-field-container --><div class=\"wpforms-submit-container\" ><input type=\"hidden\" name=\"wpforms[id]\" value=\"230\"><input type=\"hidden\" name=\"page_title\" value=\"\"><input type=\"hidden\" name=\"page_url\" value=\"https:\/\/emeraldsring.com\/de\/wp-json\/wp\/v2\/pages\/361\"><button type=\"submit\" name=\"wpforms[submit]\" id=\"wpforms-submit-230\" class=\"wpforms-submit\" data-alt-text=\"Sending...\" data-submit-text=\"Submit\" aria-live=\"assertive\" value=\"wpforms-submit\">Einreichen<\/button><img decoding=\"async\" src=\"https:\/\/emeraldsring.com\/wp-content\/plugins\/wpforms\/assets\/images\/submit-spin.svg\" class=\"wpforms-submit-spinner\" style=\"display: none;\" width=\"26\" height=\"26\" alt=\"Wird geladen\"><\/div><input type=\"hidden\" name=\"trp-form-language\" value=\"de\"\/><\/form><\/div>  <!-- .wpforms-container -->\t\t\t\t<\/div>\n\t\t\t\t<\/div>\n\t\t\t\t\t<\/div>\n\t\t\t\t<\/div>\n\t\t\t\t<\/div>","protected":false},"excerpt":{"rendered":"<p>Willkommen auf der FAQ-Seite von EmeraldsRing.com! Wir verstehen, dass der Kauf von feinem Schmuck, besonders f\u00fcr so wichtige Anl\u00e4sse wie Verlobungen, Jahrestage oder andere Meilensteine im Leben, eine wichtige Entscheidung ist. Deshalb haben wir diese umfassende Liste von h\u00e4ufig gestellten Fragen zusammengestellt, um Sie durch Ihr Einkaufserlebnis zu f\u00fchren, Ihnen zu helfen, unsere Produkte besser zu verstehen und Klarheit zu schaffen...<\/p>","protected":false},"author":1,"featured_media":0,"parent":0,"menu_order":0,"comment_status":"closed","ping_status":"closed","template":"","meta":{"_kad_post_transparent":"","_kad_post_title":"","_kad_post_layout":"","_kad_post_sidebar_id":"","_kad_post_content_style":"","_kad_post_vertical_padding":"","_kad_post_feature":"","_kad_post_feature_position":"","_kad_post_header":false,"_kad_post_footer":false,"footnotes":""},"class_list":["post-361","page","type-page","status-publish","hentry"],"aioseo_notices":[],"_links":{"self":[{"href":"https:\/\/emeraldsring.com\/de\/wp-json\/wp\/v2\/pages\/361","targetHints":{"allow":["GET"]}}],"collection":[{"href":"https:\/\/emeraldsring.com\/de\/wp-json\/wp\/v2\/pages"}],"about":[{"href":"https:\/\/emeraldsring.com\/de\/wp-json\/wp\/v2\/types\/page"}],"author":[{"embeddable":true,"href":"https:\/\/emeraldsring.com\/de\/wp-json\/wp\/v2\/users\/1"}],"replies":[{"embeddable":true,"href":"https:\/\/emeraldsring.com\/de\/wp-json\/wp\/v2\/comments?post=361"}],"version-history":[{"count":12,"href":"https:\/\/emeraldsring.com\/de\/wp-json\/wp\/v2\/pages\/361\/revisions"}],"predecessor-version":[{"id":1987,"href":"https:\/\/emeraldsring.com\/de\/wp-json\/wp\/v2\/pages\/361\/revisions\/1987"}],"wp:attachment":[{"href":"https:\/\/emeraldsring.com\/de\/wp-json\/wp\/v2\/media?parent=361"}],"curies":[{"name":"wp","href":"https:\/\/api.w.org\/{rel}","templated":true}]}}