{"id":394,"date":"2025-02-04T17:37:20","date_gmt":"2025-02-04T12:37:20","guid":{"rendered":"https:\/\/emeraldsring.com\/?page_id=394"},"modified":"2025-08-10T12:09:56","modified_gmt":"2025-08-10T07:09:56","slug":"terms-of-use","status":"publish","type":"page","link":"https:\/\/emeraldsring.com\/de\/terms-of-use\/","title":{"rendered":"NUTZUNGSBEDINGUNGEN"},"content":{"rendered":"<div data-elementor-type=\"wp-page\" data-elementor-id=\"394\" class=\"elementor elementor-394\" data-elementor-post-type=\"page\">\n\t\t\t\t<div class=\"elementor-element elementor-element-1f5a385 e-flex e-con-boxed e-con e-parent\" data-id=\"1f5a385\" data-element_type=\"container\" data-e-type=\"container\">\n\t\t\t\t\t<div class=\"e-con-inner\">\n\t\t\t\t<div class=\"elementor-element elementor-element-f6b71a6 elementor-widget elementor-widget-text-editor\" data-id=\"f6b71a6\" data-element_type=\"widget\" data-e-type=\"widget\" data-widget_type=\"text-editor.default\">\n\t\t\t\t<div class=\"elementor-widget-container\">\n\t\t\t\t\t\t\t\t\t<p>Willkommen bei\u00a0<strong>EmeraldsRing.com<\/strong>! Diese Nutzungsbedingungen regeln Ihren Zugang zu und Ihre Nutzung unserer Website, einschlie\u00dflich aller Funktionen, Dienste und Inhalte, die von uns unter\u00a0<a href=\"https:\/\/www.emeraldring.com\/\" target=\"_new\" rel=\"noopener\"><strong>EmeraldsRing.com<\/strong><\/a>und gelten f\u00fcr alle Nutzer, einschlie\u00dflich und ohne Einschr\u00e4nkung f\u00fcr Besucher, Kunden und diejenigen, die Inhalte zur Website beitragen. Indem Sie auf diese Website zugreifen oder sie nutzen, erkl\u00e4ren Sie sich damit einverstanden, diese Nutzungsbedingungen einzuhalten und an sie gebunden zu sein. Wenn Sie mit diesen Bedingungen nicht einverstanden sind, sehen Sie bitte von der Nutzung unserer Website ab.<\/p><hr \/><h3><strong>1. Einleitung<\/strong><\/h3><p>Diese Nutzungsbedingungen (die \"Bedingungen\") dienen dazu, die Regeln und Richtlinien f\u00fcr die Nutzung von\u00a0<strong>EmeraldsRing.com<\/strong>. Wir behalten uns das Recht vor, diese Bedingungen jederzeit zu aktualisieren oder zu \u00e4ndern, und alle \u00c4nderungen werden auf dieser Seite ver\u00f6ffentlicht. Bitte \u00fcberpr\u00fcfen Sie diese Bedingungen regelm\u00e4\u00dfig, um sich \u00fcber eventuelle Aktualisierungen zu informieren. Durch die fortgesetzte Nutzung der Website erkl\u00e4ren Sie sich mit allen \u00c4nderungen oder Modifikationen dieser Bedingungen einverstanden.<\/p><hr \/><h3><strong>2. Zugang und Nutzung der Website<\/strong><\/h3><ul><li><strong>Zuschussf\u00e4higkeit<\/strong>: Zu verwenden\u00a0<strong>EmeraldsRing.com<\/strong>m\u00fcssen Sie mindestens 18 Jahre alt und rechtsf\u00e4hig sein, um Vertr\u00e4ge abzuschlie\u00dfen. Indem Sie auf diese Website zugreifen oder sie nutzen, erkl\u00e4ren und garantieren Sie, dass Sie diese Kriterien erf\u00fcllen.<\/li><li><strong>Registrierung eines Kontos<\/strong>: Um Eink\u00e4ufe zu t\u00e4tigen, Bestellungen zu verfolgen oder bestimmte Funktionen der Website zu nutzen, m\u00fcssen Sie m\u00f6glicherweise ein Konto anlegen. Wenn Sie ein Konto erstellen, verpflichten Sie sich, genaue, aktuelle und vollst\u00e4ndige Angaben zu machen. Sie sind daf\u00fcr verantwortlich, die Vertraulichkeit Ihrer Kontoinformationen zu wahren und f\u00fcr alle Aktivit\u00e4ten, die unter Ihrem Konto stattfinden. Wenn Sie eine unbefugte Nutzung Ihres Kontos vermuten, benachrichtigen Sie uns bitte unverz\u00fcglich.<\/li><li><strong>Verbotene Verwendung<\/strong>: Sie erkl\u00e4ren sich damit einverstanden, die Website nicht f\u00fcr ungesetzliche Zwecke zu nutzen oder sich an Aktivit\u00e4ten zu beteiligen, die die Website besch\u00e4digen, deaktivieren oder beeintr\u00e4chtigen oder den Zugriff anderer Nutzer auf die Website st\u00f6ren k\u00f6nnten. Zu den verbotenen Aktivit\u00e4ten geh\u00f6ren unter anderem die Verletzung von Rechten an geistigem Eigentum, die \u00dcbertragung von Schadsoftware oder die Durchf\u00fchrung betr\u00fcgerischer Transaktionen.<\/li><\/ul><hr \/><h3><strong>3. Produktinformation<\/strong><\/h3><ul><li><strong>Produktbeschreibungen<\/strong>: Wir bem\u00fchen uns, sicherzustellen, dass die Produktbeschreibungen, Bilder und Preise auf\u00a0<strong>EmeraldsRing.com<\/strong>\u00a0korrekt sind. Wir garantieren jedoch nicht, dass die Produktbeschreibungen, Preise oder andere Inhalte auf der Website fehlerfrei oder vollst\u00e4ndig sind. F\u00fcr den Fall, dass ein Produkt zu einem falschen Preis oder mit falschen Informationen aufgef\u00fchrt ist, behalten wir uns das Recht vor, Ihre Bestellung zu stornieren oder zu \u00e4ndern.<\/li><li><strong>Produktverf\u00fcgbarkeit<\/strong>: Alle Produkte sind vorbehaltlich der Verf\u00fcgbarkeit. Obwohl wir uns bem\u00fchen, den Lagerbestand aufrechtzuerhalten, kann es vorkommen, dass einige Artikel nicht mehr vorr\u00e4tig sind oder nicht mehr hergestellt werden. Wenn ein Produkt nicht mehr verf\u00fcgbar ist, nachdem Sie eine Bestellung aufgegeben haben, werden wir Sie benachrichtigen und Ihnen Alternativen oder eine vollst\u00e4ndige R\u00fcckerstattung anbieten.<\/li><li><strong>Individuelle Ringe<\/strong>: Wenn Sie eine\u00a0<strong>benutzerdefinierter Ring<\/strong>\u00a0(z.B. mit Gravuren oder speziellen Designs), k\u00f6nnen wir keine R\u00fccksendung oder Umtausch akzeptieren, es sei denn, das Produkt ist defekt oder es liegt ein Fehler im Anpassungsprozess vor. Bitte \u00fcberpr\u00fcfen Sie die Details Ihrer individuellen Bestellung, bevor Sie Ihren Kauf abschlie\u00dfen.<\/li><\/ul><hr \/><h3><strong>4. Preisgestaltung und Bezahlung<\/strong><\/h3><ul><li><strong>Preisgestaltung<\/strong>: Alle Preise sind auf\u00a0<strong>EmeraldsRing.com<\/strong>\u00a0sind in USD, sofern nicht anders angegeben. Wir behalten uns das Recht vor, die Preise jederzeit und ohne Vorank\u00fcndigung zu \u00e4ndern, aber alle \u00c4nderungen wirken sich nicht auf bestehende, bereits bearbeitete Auftr\u00e4ge aus.<\/li><li><strong>Zahlungsarten<\/strong>: Wir akzeptieren verschiedene Zahlungsarten, einschlie\u00dflich der wichtigsten Kreditkarten (Visa, MasterCard, American Express), PayPal und andere Zahlungsoptionen, die auf unserer Kassenseite verf\u00fcgbar sind. Indem Sie Ihre Zahlungsinformationen bereitstellen, sichern Sie zu, dass Sie das Recht haben, die Zahlungsmethode zu verwenden.<\/li><li><strong>Verkaufssteuer<\/strong>: Die Umsatzsteuer wird auf Bestellungen wie gesetzlich vorgeschrieben erhoben. Die anwendbare Umsatzsteuer wird Ihrer Bestellung w\u00e4hrend des Bestellvorgangs je nach Ihrem Standort hinzugef\u00fcgt.<\/li><\/ul><hr \/><h3><strong>5. Versand und Lieferung<\/strong><\/h3><ul><li><strong>Versandrichtlinien<\/strong>: Wir bieten verschiedene Versandoptionen f\u00fcr nationale und internationale Ziele an. Die Versandkosten werden an der Kasse basierend auf der gew\u00e4hlten Versandart und Ihrem Standort berechnet.<\/li><li><strong>Bearbeitungszeit<\/strong>: Die Bestellungen werden innerhalb des beim Bezahlvorgang angegebenen Zeitrahmens bearbeitet und versandt. Bitte beachten Sie, dass die Bearbeitungszeit bei Sonderanfertigungen variieren kann und wir Ihnen w\u00e4hrend des Bestellvorgangs ein voraussichtliches Lieferdatum mitteilen.<\/li><li><strong>Lieferfrist<\/strong>: Die Lieferzeiten sind Sch\u00e4tzungen, die vom Spediteur angegeben werden und nicht garantiert sind. Verz\u00f6gerungen k\u00f6nnen aufgrund von Umst\u00e4nden auftreten, die au\u00dferhalb unserer Kontrolle liegen, wie z. B. Verz\u00f6gerungen bei der Zollabfertigung oder beim Transportunternehmen. Wir sind nicht verantwortlich f\u00fcr Verz\u00f6gerungen, die durch Drittanbieter verursacht werden.<\/li><li><strong>Internationale Bestellungen<\/strong>: Bei internationalen Bestellungen sind Sie f\u00fcr alle Z\u00f6lle, Steuern oder Importgeb\u00fchren verantwortlich, die in Ihrem Land anfallen k\u00f6nnen. Wir k\u00f6nnen diese zus\u00e4tzlichen Geb\u00fchren nicht kontrollieren oder vorhersagen und empfehlen Ihnen, sich f\u00fcr weitere Informationen an Ihr \u00f6rtliches Zollamt zu wenden.<\/li><\/ul><hr \/><h3><strong>6. R\u00fcckgabe und Umtausch<\/strong><\/h3><ul><li><strong>R\u00fcckgabepolitik<\/strong>: Wir m\u00f6chten, dass Sie mit Ihrem Kauf vollkommen zufrieden sind. Wenn Sie mit Ihrem Kauf nicht ganz zufrieden sind, bieten wir Ihnen eine\u00a0<strong>30 Tage R\u00fcckgabe<\/strong>\u00a0Richtlinie f\u00fcr die meisten Artikel, ausgenommen Sonderanfertigungen. R\u00fccksendungen m\u00fcssen in ihrem urspr\u00fcnglichen Zustand und in der Originalverpackung erfolgen. Sie sind daf\u00fcr verantwortlich, den Artikel auf Ihre Kosten an uns zur\u00fcckzusenden. Wir empfehlen, einen verfolgbaren Versanddienst zu nutzen.<\/li><li><strong>Tauschb\u00f6rsen<\/strong>: Wenn Sie einen Artikel gegen eine andere Gr\u00f6\u00dfe oder ein anderes Design umtauschen m\u00f6chten, kontaktieren Sie uns bitte innerhalb von 30 Tagen nach Erhalt Ihrer Bestellung. Wir werden Sie durch den Umtauschprozess leiten.<\/li><li><strong>Nicht r\u00fcckgabef\u00e4hige Artikel<\/strong>: Ma\u00dfgefertigte Ringe, gravierte Artikel und Produkte, die als \"Endverkauf\" gekennzeichnet sind, k\u00f6nnen nicht zur\u00fcckgegeben werden, es sei denn, sie sind bei Erhalt defekt oder besch\u00e4digt.<\/li><\/ul><hr \/><h3><strong>7. Geistiges Eigentum<\/strong><\/h3><ul><li><strong>Eigent\u00fcmerschaft<\/strong>: Alle Inhalte auf\u00a0<strong>EmeraldsRing.com<\/strong>einschlie\u00dflich der Texte, Bilder, Logos, Designs, Grafiken, Videos und Marken, ist Eigentum von\u00a0<strong>EmeraldsRing.com<\/strong>\u00a0oder seinen Lizenzgebern und ist durch Urheberrecht, Markenrecht und andere Gesetze zum Schutz geistigen Eigentums gesch\u00fctzt.<\/li><li><strong>Eingeschr\u00e4nkte Lizenz<\/strong>: Wir gew\u00e4hren Ihnen eine begrenzte, nicht ausschlie\u00dfliche und nicht \u00fcbertragbare Lizenz f\u00fcr den Zugang und die Nutzung der Website ausschlie\u00dflich f\u00fcr pers\u00f6nliche, nicht kommerzielle Zwecke. Sie d\u00fcrfen ohne unsere vorherige schriftliche Zustimmung keine Inhalte vervielf\u00e4ltigen, verbreiten, ver\u00e4ndern oder davon abgeleitete Werke erstellen.<\/li><\/ul><hr \/><h3><strong>8. Benutzer Inhalt<\/strong><\/h3><ul><li><strong>Benutzerbeitr\u00e4ge<\/strong>: Durch die \u00dcbermittlung von Inhalten (z. B. Bewertungen, Kommentare, Fotos) an\u00a0<strong>EmeraldsRing.com<\/strong>gew\u00e4hren Sie uns eine unbefristete, geb\u00fchrenfreie, weltweite, nicht-exklusive Lizenz zur Nutzung, Darstellung und Verbreitung solcher Inhalte. Sie sind daf\u00fcr verantwortlich, dass die von Ihnen eingereichten Inhalte nicht die Rechte anderer verletzen.<\/li><li><strong>Verbotene Inhalte<\/strong>: Sie d\u00fcrfen keine Inhalte ver\u00f6ffentlichen oder \u00fcbermitteln, die illegal, beleidigend oder verleumderisch sind oder die geistigen Eigentumsrechte anderer verletzen. Wir behalten uns das Recht vor, Inhalte zu entfernen, die gegen diese Richtlinien versto\u00dfen oder als unangemessen erachtet werden.<\/li><\/ul><hr \/><h3><strong>9. Datenschutz<\/strong><\/h3><p>Wir respektieren Ihre Privatsph\u00e4re und verpflichten uns, Ihre pers\u00f6nlichen Daten zu sch\u00fctzen. Bitte \u00fcberpr\u00fcfen Sie unsere\u00a0<strong>Datenschutzbestimmungen<\/strong>\u00a0um zu verstehen, wie wir Ihre Daten erfassen, verwenden und sch\u00fctzen. Durch die Nutzung\u00a0<strong>EmeraldsRing.com<\/strong>erkl\u00e4ren Sie sich mit den in unserer Datenschutzrichtlinie beschriebenen Praktiken einverstanden.<\/p><hr \/><h3><strong>10. Begrenzung der Haftung<\/strong><\/h3><ul><li><strong>Ausschluss von Garantien<\/strong>:\u00a0<strong>EmeraldsRing.com<\/strong>\u00a0wird \"wie besehen\" und \"wie verf\u00fcgbar\" bereitgestellt. Wir geben keine ausdr\u00fccklichen oder stillschweigenden Garantien hinsichtlich der Verf\u00fcgbarkeit, Genauigkeit oder Vollst\u00e4ndigkeit der Website. Wir garantieren nicht, dass die Website frei von Fehlern, Viren oder anderen sch\u00e4dlichen Komponenten ist.<\/li><li><strong>Beschr\u00e4nkung der Haftung<\/strong>: In keinem Fall werden\u00a0<strong>EmeraldsRing.com<\/strong>Wir \u00fcbernehmen keine Haftung f\u00fcr direkte, indirekte, zuf\u00e4llige, besondere oder Folgesch\u00e4den, die sich aus der Nutzung oder der Unm\u00f6glichkeit der Nutzung der Website ergeben, einschlie\u00dflich etwaiger Fehler in Preisangaben oder Produktbeschreibungen. Unsere Gesamthaftung f\u00fcr jegliche Anspr\u00fcche im Zusammenhang mit Ihrer Nutzung der Website \u00fcbersteigt nicht den Betrag, den Sie f\u00fcr das\/die Produkt(e) bezahlt haben, das\/die Anlass f\u00fcr den Anspruch ist\/sind.<\/li><\/ul><hr \/><h3><strong>11. Entsch\u00e4digung<\/strong><\/h3><p>Sie verpflichten sich, folgende Personen zu entsch\u00e4digen, zu verteidigen und schadlos zu halten\u00a0<strong>EmeraldsRing.com<\/strong>und ihre verbundenen Unternehmen, leitenden Angestellten, Direktoren, Mitarbeiter und Vertreter von und gegen alle Anspr\u00fcche, Haftungen, Sch\u00e4den, Verluste, Kosten oder Ausgaben, die sich aus Ihrer Nutzung der Website, Ihrem Versto\u00df gegen diese Bedingungen oder Ihrer Verletzung der Rechte Dritter ergeben.<\/p><hr \/><h3><strong>12. Geltendes Recht und Streitbeilegung<\/strong><\/h3><p>Diese Nutzungsbedingungen unterliegen den Gesetzen des Staates, in dem sie gelten und ausgelegt werden.\u00a0<strong>EmeraldsRing.com<\/strong>\u00a0basiert, ohne R\u00fccksicht auf die Grunds\u00e4tze des Kollisionsrechts. Alle Streitigkeiten, Anspr\u00fcche oder Meinungsverschiedenheiten, die sich aus oder im Zusammenhang mit diesen Bedingungen ergeben, werden durch ein verbindliches Schiedsverfahren gem\u00e4\u00df den Regeln der American Arbitration Association beigelegt.<\/p><hr \/><h3><strong>13. Beendigung<\/strong><\/h3><p>Wir behalten uns das Recht vor, Ihren Zugang zu folgenden Seiten auszusetzen oder zu beenden\u00a0<strong>EmeraldsRing.com<\/strong>\u00a0nach unserem alleinigen Ermessen, wenn Sie diese Nutzungsbedingungen verletzen oder aus anderen Gr\u00fcnden, ohne Vorank\u00fcndigung oder Haftung. Bei Beendigung erlischt Ihr Recht zur Nutzung der Website sofort, und Sie m\u00fcssen die Nutzung der Website und aller \u00fcber sie bezogenen Inhalte unverz\u00fcglich einstellen.<\/p><hr \/><h3><strong>14. Sonstiges<\/strong><\/h3><ul><li><strong>Trennbarkeit<\/strong>: Sollte sich eine Bestimmung dieser Bedingungen als ung\u00fcltig oder nicht durchsetzbar erweisen, bleiben die \u00fcbrigen Bestimmungen in vollem Umfang in Kraft und wirksam.<\/li><li><strong>Gesamte Vereinbarung<\/strong>: Diese Nutzungsbedingungen bilden zusammen mit unseren Datenschutzrichtlinien und allen anderen auf der Website ver\u00f6ffentlichten Grunds\u00e4tzen oder Richtlinien die gesamte Vereinbarung zwischen Ihnen und\u00a0<strong>EmeraldsRing.com<\/strong>\u00a0\u00fcber die Nutzung der Website.<\/li><\/ul><hr \/><h3><strong>15. Kontakt<\/strong><\/h3><p>Wenn Sie Fragen oder Bedenken bez\u00fcglich dieser Nutzungsbedingungen haben, kontaktieren Sie uns bitte unter:<\/p><ul><li><strong>E-Mail<\/strong>:\u00a0<a href=\"mailto:manger@emeraldsring.com\"><strong>manger@emeraldsring.com<\/strong><\/a><\/li><li><strong>Telefon<\/strong>:\u00a0<strong><a href=\"tel:8613725483134\">+86 137 2548 3134<\/a><\/strong><\/li><li><strong>WhatsApp<\/strong>:\u00a0<strong><a href=\"https:\/\/wa.me\/8613725483134\">+86 13725483134<\/a><\/strong><\/li><\/ul><hr \/><p>Danke, dass Sie sich f\u00fcr\u00a0<strong>EmeraldsRing.com<\/strong>! Wir f\u00fchlen uns geehrt, Teil Ihrer Reise zu sein und sind verpflichtet, au\u00dfergew\u00f6hnlichen Service und feinen Schmuck f\u00fcr das ganze Leben zu bieten<\/p>\t\t\t\t\t\t\t\t<\/div>\n\t\t\t\t<\/div>\n\t\t\t\t\t<\/div>\n\t\t\t\t<\/div>\n\t\t\t\t<\/div>","protected":false},"excerpt":{"rendered":"<p>Willkommen bei EmeraldsRing.com! Diese Nutzungsbedingungen regeln Ihren Zugang zu und die Nutzung unserer Website, einschlie\u00dflich aller Funktionen, Dienstleistungen und Inhalte, die von uns auf EmeraldsRing.com angeboten werden, und gelten f\u00fcr alle Nutzer, einschlie\u00dflich, aber nicht beschr\u00e4nkt auf, Besucher, Kunden und diejenigen, die Inhalte auf der Website beitragen. Indem Sie auf diese Website zugreifen oder sie nutzen, stimmen Sie zu, die...<\/p>","protected":false},"author":1,"featured_media":0,"parent":0,"menu_order":0,"comment_status":"closed","ping_status":"closed","template":"","meta":{"_kad_post_transparent":"","_kad_post_title":"","_kad_post_layout":"","_kad_post_sidebar_id":"","_kad_post_content_style":"","_kad_post_vertical_padding":"","_kad_post_feature":"","_kad_post_feature_position":"","_kad_post_header":false,"_kad_post_footer":false,"footnotes":""},"class_list":["post-394","page","type-page","status-publish","hentry"],"aioseo_notices":[],"_links":{"self":[{"href":"https:\/\/emeraldsring.com\/de\/wp-json\/wp\/v2\/pages\/394","targetHints":{"allow":["GET"]}}],"collection":[{"href":"https:\/\/emeraldsring.com\/de\/wp-json\/wp\/v2\/pages"}],"about":[{"href":"https:\/\/emeraldsring.com\/de\/wp-json\/wp\/v2\/types\/page"}],"author":[{"embeddable":true,"href":"https:\/\/emeraldsring.com\/de\/wp-json\/wp\/v2\/users\/1"}],"replies":[{"embeddable":true,"href":"https:\/\/emeraldsring.com\/de\/wp-json\/wp\/v2\/comments?post=394"}],"version-history":[{"count":12,"href":"https:\/\/emeraldsring.com\/de\/wp-json\/wp\/v2\/pages\/394\/revisions"}],"predecessor-version":[{"id":2009,"href":"https:\/\/emeraldsring.com\/de\/wp-json\/wp\/v2\/pages\/394\/revisions\/2009"}],"wp:attachment":[{"href":"https:\/\/emeraldsring.com\/de\/wp-json\/wp\/v2\/media?parent=394"}],"curies":[{"name":"wp","href":"https:\/\/api.w.org\/{rel}","templated":true}]}}