{"id":1076,"date":"2025-02-11T18:45:11","date_gmt":"2025-02-11T13:45:11","guid":{"rendered":"https:\/\/emeraldsring.com\/?post_type=product&#038;p=1076"},"modified":"2025-04-28T19:58:33","modified_gmt":"2025-04-28T14:58:33","slug":"natural-emerald-and-diamond-ring-emerald-wedding-rings","status":"publish","type":"product","link":"https:\/\/emeraldsring.com\/de\/produkt\/natural-emerald-and-diamond-ring-emerald-wedding-rings\/","title":{"rendered":"Nat\u00fcrlicher Smaragd und Diamant Ring Smaragd Trauringe"},"content":{"rendered":"<div data-elementor-type=\"product-post\" data-elementor-id=\"1076\" class=\"elementor elementor-1076\" data-elementor-post-type=\"product\">\n\t\t\t\t<div class=\"elementor-element elementor-element-4b8fbfa e-flex e-con-boxed e-con e-parent\" data-id=\"4b8fbfa\" data-element_type=\"container\" data-e-type=\"container\">\n\t\t\t\t\t<div class=\"e-con-inner\">\n\t\t\t\t<div class=\"elementor-element elementor-element-6a118db elementor-widget elementor-widget-text-editor\" data-id=\"6a118db\" data-element_type=\"widget\" data-e-type=\"widget\" data-widget_type=\"text-editor.default\">\n\t\t\t\t<div class=\"elementor-widget-container\">\n\t\t\t\t\t\t\t\t\t<div><p class=\"break-words\">Erh\u00f6hen Sie Ihren besonderen Moment mit unserem <strong>Nat\u00fcrlicher Smaragd Ring<\/strong>eine atemberaubende Verschmelzung der sch\u00f6nsten Sch\u00e4tze der Natur und zeitloser Handwerkskunst. Diese exquisite <strong>Ehering<\/strong> besticht durch einen nat\u00fcrlichen Smaragd, der f\u00fcr seinen satten gr\u00fcnen Farbton bekannt ist und Liebe, Erneuerung und Wohlstand symbolisiert - eine ideale Wahl f\u00fcr eine bedeutungsvolle Verpflichtung. Erg\u00e4nzt durch brillante <strong>Diamanten<\/strong>Dieser Ring funkelt vor Eleganz und bietet ein perfektes Gleichgewicht zwischen Raffinesse und Charme.<\/p><br \/><p class=\"break-words\">Der nat\u00fcrliche Smaragd wird in pr\u00e4ziser Handarbeit unter ethischen Gesichtspunkten gewonnen und fachm\u00e4nnisch geschliffen, um seine lebendige Farbe und seine einzigartigen Einschl\u00fcsse zur Geltung zu bringen, die oft als \"Garten\" des Edelsteins bezeichnet werden. Die schillernden Diamanten, gepaart mit einem gl\u00e4nzenden Band, verst\u00e4rken die Anziehungskraft des Smaragds und schaffen ein <strong>Diamantring<\/strong> der sowohl als Statement als auch als Symbol f\u00fcr ewige Hingabe hervorsticht. Ideal als Ehering, Verlobungsring oder Geschenk - dieses Design verbindet klassische Sch\u00f6nheit mit modernem Luxus.<\/p><br \/><ul class=\"marker:text-secondary\"><li style=\"list-style-type: none;\"><ul class=\"marker:text-secondary\"><li class=\"break-words\"><strong>Wesentliche Merkmale<\/strong>:<br \/><ul class=\"marker:text-secondary\"><li style=\"list-style-type: none;\"><ul class=\"marker:text-secondary\"><li class=\"break-words\">Echter nat\u00fcrlicher Smaragd als Herzst\u00fcck<\/li><\/ul><\/li><\/ul><br \/><ul class=\"marker:text-secondary\"><li style=\"list-style-type: none;\"><ul class=\"marker:text-secondary\"><li class=\"break-words\">Hochwertige Diamanten f\u00fcr zus\u00e4tzliche Brillanz<\/li><\/ul><\/li><\/ul><br \/><ul class=\"marker:text-secondary\"><li style=\"list-style-type: none;\"><ul class=\"marker:text-secondary\"><li class=\"break-words\">Erh\u00e4ltlich in verschiedenen Metalloptionen (z. B. Wei\u00dfgold, Gelbgold oder Platin)<\/li><\/ul><\/li><\/ul><br \/><ul class=\"marker:text-secondary\"><li style=\"list-style-type: none;\"><ul class=\"marker:text-secondary\"><li class=\"break-words\">Perfekt f\u00fcr Hochzeiten, Verlobungen oder Jubil\u00e4en<\/li><\/ul><\/li><\/ul><\/li><\/ul><\/li><\/ul><br \/><p class=\"break-words\">Feiern Sie Ihre Liebesgeschichte mit diesem <strong>Nat\u00fcrlicher Smaragd Ring<\/strong>wo die zeitlose Anziehungskraft eines <strong>Ehering<\/strong> trifft auf das unvergleichliche Funkeln eines <strong>Diamantring<\/strong>. Bestellen Sie noch heute und tragen Sie ein St\u00fcck, das so einzigartig ist wie Ihre Bindung!<\/p><\/div>\t\t\t\t\t\t\t\t<\/div>\n\t\t\t\t<\/div>\n\t\t\t\t\t<\/div>\n\t\t\t\t<\/div>\n\t\t\t\t<\/div>","protected":false},"excerpt":{"rendered":"<p><strong>Produkt DETAILS:<\/strong><br \/>\nMetall: 925k Silber<br \/>\nEdelstein: Nat\u00fcrlicher roher Smaragd<br \/>\nFarbe des Edelsteins: Gr\u00fcn<br \/>\nBandfarbe: Gold<br \/>\nRing Gr\u00f6\u00dfe: Einstellbar<br \/>\nDurchmesser Stein Gr\u00f6\u00dfe: 5\u00d77 mm<br \/>\nKlarheit: Sehr geringf\u00fcgig eingeschlossen<br \/>\nDie Form: Oval<br \/>\nSchliff: Gemischter Brillant<\/p>\n<div id=\"gtx-trans\" style=\"position: absolute; left: 48px; top: 183px;\">\n<div class=\"gtx-trans-icon\"><\/div>\n<\/div>","protected":false},"featured_media":1356,"comment_status":"open","ping_status":"closed","template":"","meta":{"_kad_post_transparent":"","_kad_post_title":"","_kad_post_layout":"","_kad_post_sidebar_id":"","_kad_post_content_style":"","_kad_post_vertical_padding":"","_kad_post_feature":"","_kad_post_feature_position":"","_kad_post_header":false,"_kad_post_footer":false},"product_brand":[],"product_cat":[16,89,76,66,20,15,90],"product_tag":[],"class_list":{"0":"post-1076","1":"product","2":"type-product","3":"status-publish","4":"has-post-thumbnail","6":"product_cat-emerald-ring","7":"product_cat-engagement-and-wedding","8":"product_cat-floral","9":"product_cat-natural-gemstones-ring","10":"product_cat-oval-ring","11":"product_cat-rings","12":"product_cat-wedding-ring","14":"first","15":"instock","16":"shipping-taxable","17":"purchasable","18":"product-type-simple","19":"entry","20":"content-bg","21":"loop-entry"},"aioseo_notices":[],"_links":{"self":[{"href":"https:\/\/emeraldsring.com\/de\/wp-json\/wp\/v2\/product\/1076","targetHints":{"allow":["GET"]}}],"collection":[{"href":"https:\/\/emeraldsring.com\/de\/wp-json\/wp\/v2\/product"}],"about":[{"href":"https:\/\/emeraldsring.com\/de\/wp-json\/wp\/v2\/types\/product"}],"replies":[{"embeddable":true,"href":"https:\/\/emeraldsring.com\/de\/wp-json\/wp\/v2\/comments?post=1076"}],"version-history":[{"count":4,"href":"https:\/\/emeraldsring.com\/de\/wp-json\/wp\/v2\/product\/1076\/revisions"}],"predecessor-version":[{"id":1672,"href":"https:\/\/emeraldsring.com\/de\/wp-json\/wp\/v2\/product\/1076\/revisions\/1672"}],"wp:featuredmedia":[{"embeddable":true,"href":"https:\/\/emeraldsring.com\/de\/wp-json\/wp\/v2\/media\/1356"}],"wp:attachment":[{"href":"https:\/\/emeraldsring.com\/de\/wp-json\/wp\/v2\/media?parent=1076"}],"wp:term":[{"taxonomy":"product_brand","embeddable":true,"href":"https:\/\/emeraldsring.com\/de\/wp-json\/wp\/v2\/product_brand?post=1076"},{"taxonomy":"product_cat","embeddable":true,"href":"https:\/\/emeraldsring.com\/de\/wp-json\/wp\/v2\/product_cat?post=1076"},{"taxonomy":"product_tag","embeddable":true,"href":"https:\/\/emeraldsring.com\/de\/wp-json\/wp\/v2\/product_tag?post=1076"}],"curies":[{"name":"wp","href":"https:\/\/api.w.org\/{rel}","templated":true}]}}