{"id":1083,"date":"2025-02-11T19:20:23","date_gmt":"2025-02-11T14:20:23","guid":{"rendered":"https:\/\/emeraldsring.com\/?post_type=product&#038;p=1083"},"modified":"2025-04-28T19:58:29","modified_gmt":"2025-04-28T14:58:29","slug":"emerald-gold-ring-classic-solitaire-emerald-diamond-emerald-ring","status":"publish","type":"product","link":"https:\/\/emeraldsring.com\/de\/produkt\/emerald-gold-ring-classic-solitaire-emerald-diamond-emerald-ring\/","title":{"rendered":"Smaragd Gold Ring Klassischer Solit\u00e4r Smaragd Diamant Smaragd Ring"},"content":{"rendered":"<div data-elementor-type=\"product-post\" data-elementor-id=\"1083\" class=\"elementor elementor-1083\" data-elementor-post-type=\"product\">\n\t\t\t\t<div class=\"elementor-element elementor-element-9ebe1b4 e-flex e-con-boxed e-con e-parent\" data-id=\"9ebe1b4\" data-element_type=\"container\">\n\t\t\t\t\t<div class=\"e-con-inner\">\n\t\t\t\t<div class=\"elementor-element elementor-element-04325a2 elementor-widget elementor-widget-text-editor\" data-id=\"04325a2\" data-element_type=\"widget\" data-widget_type=\"text-editor.default\">\n\t\t\t\t<div class=\"elementor-widget-container\">\n\t\t\t\t\t\t\t\t\t<p data-start=\"934\" data-end=\"1315\"><em data-start=\"934\" data-end=\"945\">\u00dcberblick:<\/em> Erleben Sie den Inbegriff von Raffinesse mit unserem Classic Solitaire Emerald Gold Ring. Dieses exquisite Schmuckst\u00fcck zeigt einen leuchtenden Smaragd in der Mitte, der Erneuerung und Wohlstand symbolisiert und von schillernden Diamanten auf beiden Seiten erg\u00e4nzt wird. Dieser fachm\u00e4nnisch aus luxuri\u00f6sem Gold gefertigte Ring zeugt von zeitloser Eleganz und eignet sich perfekt, um die besonderen Momente des Lebens zu feiern.<\/p><p data-start=\"1317\" data-end=\"1328\"><em data-start=\"1317\" data-end=\"1328\">Merkmale:<\/em><\/p><ul data-start=\"1329\" data-end=\"1685\"><li data-start=\"1329\" data-end=\"1423\"><strong data-start=\"1331\" data-end=\"1348\">Mittelstein:<\/strong> Hochwertiger nat\u00fcrlicher Smaragd, bekannt f\u00fcr seinen satten gr\u00fcnen Farbton und seine Klarheit.<\/li><li data-start=\"1424\" data-end=\"1508\"><strong data-start=\"1426\" data-end=\"1442\">Seitensteine:<\/strong> Diamanten im Brillantschliff, die die Faszination des zentralen Smaragds noch verst\u00e4rken.<\/li><li data-start=\"1509\" data-end=\"1594\"><strong data-start=\"1511\" data-end=\"1523\">Einstellung:<\/strong> Strapazierf\u00e4higes und strahlendes Goldband, das sowohl f\u00fcr Sch\u00f6nheit als auch f\u00fcr Langlebigkeit ausgelegt ist.<\/li><li data-start=\"1595\" data-end=\"1685\"><strong data-start=\"1597\" data-end=\"1608\">Entwurf:<\/strong> Klassischer Solit\u00e4r-Stil mit modernem Touch, geeignet f\u00fcr verschiedene Anl\u00e4sse.<\/li><\/ul><p data-start=\"1687\" data-end=\"1718\"><em data-start=\"1687\" data-end=\"1718\">Warum Sie diesen Ring kaufen sollten:<\/em><\/p><ul data-start=\"1719\" data-end=\"2142\"><li data-start=\"1719\" data-end=\"1813\"><strong data-start=\"1721\" data-end=\"1741\">Zeitlose Anziehungskraft:<\/strong> Das klassische Design sorgt daf\u00fcr, dass der Ring \u00fcber Generationen hinweg stilvoll bleibt.<\/li><li data-start=\"1814\" data-end=\"1935\"><strong data-start=\"1816\" data-end=\"1838\">Symbolischer Edelstein:<\/strong> Smaragde werden traditionell mit Liebe und Wiedergeburt in Verbindung gebracht, was diesen Ring zu einem bedeutungsvollen Geschenk macht.<\/li><li data-start=\"1936\" data-end=\"2035\"><strong data-start=\"1938\" data-end=\"1957\">Vielseitig tragbar:<\/strong> Ideal f\u00fcr Verlobungen, Jahrestage oder als Schmuckst\u00fcck f\u00fcr den t\u00e4glichen Gebrauch.<\/li><li data-start=\"2036\" data-end=\"2142\"><strong data-start=\"2038\" data-end=\"2068\">Au\u00dfergew\u00f6hnliche Handwerkskunst:<\/strong> Sorgf\u00e4ltig hergestellt, um den h\u00f6chsten Anspr\u00fcchen an Qualit\u00e4t und Sch\u00f6nheit gerecht zu werden.<\/li><\/ul><p data-start=\"2144\" data-end=\"2151\"><em data-start=\"2144\" data-end=\"2151\">FAQs:<\/em><\/p><ol data-start=\"2153\" data-end=\"3003\"><li data-start=\"2153\" data-end=\"2305\"><p data-start=\"2156\" data-end=\"2198\"><strong data-start=\"2156\" data-end=\"2198\">Ist der Smaragd nat\u00fcrlich oder wurde er im Labor hergestellt?<\/strong><\/p><ul data-start=\"2202\" data-end=\"2305\"><li data-start=\"2202\" data-end=\"2305\">Der Smaragd in diesem Ring ist ein nat\u00fcrlicher Edelstein, der sorgf\u00e4ltig wegen seiner leuchtenden Farbe und Klarheit ausgew\u00e4hlt wurde.<\/li><\/ul><\/li><li data-start=\"2307\" data-end=\"2480\"><p data-start=\"2310\" data-end=\"2367\"><strong data-start=\"2310\" data-end=\"2367\">Wie hoch ist das Karatgewicht des Smaragds und der Diamanten?<\/strong><\/p><ul data-start=\"2371\" data-end=\"2480\"><li data-start=\"2371\" data-end=\"2480\">Das Karatgewicht variiert; bitte beachten Sie die Produktspezifikationen oder kontaktieren Sie uns f\u00fcr detaillierte Informationen.<\/li><\/ul><\/li><li data-start=\"2482\" data-end=\"2634\"><p data-start=\"2485\" data-end=\"2513\"><strong data-start=\"2485\" data-end=\"2513\">Kann die Gr\u00f6\u00dfe des Rings ge\u00e4ndert werden?<\/strong><\/p><ul data-start=\"2517\" data-end=\"2634\"><li data-start=\"2517\" data-end=\"2634\">Ja, das Goldband kann in der Gr\u00f6\u00dfe angepasst werden, um eine perfekte Passform zu gew\u00e4hrleisten. Bitte konsultieren Sie unseren Kundenservice f\u00fcr Hilfe.<\/li><\/ul><\/li><li data-start=\"2636\" data-end=\"2833\"><p data-start=\"2639\" data-end=\"2675\"><strong data-start=\"2639\" data-end=\"2675\">Wie sollte ich diesen Ring pflegen?<\/strong><\/p><ul data-start=\"2679\" data-end=\"2833\"><li data-start=\"2679\" data-end=\"2833\">Um seinen Glanz zu erhalten, reinigen Sie den Ring vorsichtig mit einem weichen Tuch und vermeiden Sie den Kontakt mit scharfen Chemikalien. Eine regelm\u00e4\u00dfige professionelle Reinigung wird empfohlen.<\/li><\/ul><\/li><li data-start=\"2835\" data-end=\"3003\"><p data-start=\"2838\" data-end=\"2889\"><strong data-start=\"2838\" data-end=\"2889\">Ist das Goldband in verschiedenen Farben erh\u00e4ltlich?<\/strong><\/p><ul data-start=\"2893\" data-end=\"3003\"><li data-start=\"2893\" data-end=\"3003\">Dieses Design ist in Gelb-, Wei\u00df- und Ros\u00e9gold erh\u00e4ltlich. W\u00e4hlen Sie die Variante, die am besten zu Ihrem Stil passt.<\/li><\/ul><\/li><\/ol>\t\t\t\t\t\t\t\t<\/div>\n\t\t\t\t<\/div>\n\t\t\t\t\t<\/div>\n\t\t\t\t<\/div>\n\t\t\t\t<\/div>","protected":false},"excerpt":{"rendered":"<p>Produkt DETAILS:<br \/>\nMetall: 925k Silber<br \/>\nEdelstein: Nat\u00fcrlicher roher Smaragd<br \/>\nFarbe des Edelsteins: Gr\u00fcn<br \/>\nBandfarbe: Wei\u00dfgold<br \/>\nRing Gr\u00f6\u00dfe: Einstellbar<br \/>\nDurchmesser Steingr\u00f6\u00dfe: 3\u00d74 mm<br \/>\nKlarheit: Sehr geringf\u00fcgig eingeschlossen<br \/>\nDie Form: Marquise<br \/>\nSchliff: Gemischter Brillant<\/p>\n<div id=\"gtx-trans\" style=\"position: absolute; left: -27px; top: 159px;\">\n<div class=\"gtx-trans-icon\"><\/div>\n<\/div>","protected":false},"featured_media":1357,"comment_status":"open","ping_status":"closed","template":"","meta":{"_kad_post_transparent":"","_kad_post_title":"","_kad_post_layout":"","_kad_post_sidebar_id":"","_kad_post_content_style":"","_kad_post_vertical_padding":"","_kad_post_feature":"","_kad_post_feature_position":"","_kad_post_header":false,"_kad_post_footer":false},"product_brand":[],"product_cat":[16,89,70,66,20,15,69],"product_tag":[],"class_list":{"0":"post-1083","1":"product","2":"type-product","3":"status-publish","4":"has-post-thumbnail","6":"product_cat-emerald-ring","7":"product_cat-engagement-and-wedding","8":"product_cat-halo-ring","9":"product_cat-natural-gemstones-ring","10":"product_cat-oval-ring","11":"product_cat-rings","12":"product_cat-solitaire","14":"first","15":"instock","16":"sale","17":"shipping-taxable","18":"purchasable","19":"product-type-simple","20":"entry","21":"content-bg","22":"loop-entry"},"aioseo_notices":[],"_links":{"self":[{"href":"https:\/\/emeraldsring.com\/de\/wp-json\/wp\/v2\/product\/1083","targetHints":{"allow":["GET"]}}],"collection":[{"href":"https:\/\/emeraldsring.com\/de\/wp-json\/wp\/v2\/product"}],"about":[{"href":"https:\/\/emeraldsring.com\/de\/wp-json\/wp\/v2\/types\/product"}],"replies":[{"embeddable":true,"href":"https:\/\/emeraldsring.com\/de\/wp-json\/wp\/v2\/comments?post=1083"}],"version-history":[{"count":10,"href":"https:\/\/emeraldsring.com\/de\/wp-json\/wp\/v2\/product\/1083\/revisions"}],"predecessor-version":[{"id":1694,"href":"https:\/\/emeraldsring.com\/de\/wp-json\/wp\/v2\/product\/1083\/revisions\/1694"}],"wp:featuredmedia":[{"embeddable":true,"href":"https:\/\/emeraldsring.com\/de\/wp-json\/wp\/v2\/media\/1357"}],"wp:attachment":[{"href":"https:\/\/emeraldsring.com\/de\/wp-json\/wp\/v2\/media?parent=1083"}],"wp:term":[{"taxonomy":"product_brand","embeddable":true,"href":"https:\/\/emeraldsring.com\/de\/wp-json\/wp\/v2\/product_brand?post=1083"},{"taxonomy":"product_cat","embeddable":true,"href":"https:\/\/emeraldsring.com\/de\/wp-json\/wp\/v2\/product_cat?post=1083"},{"taxonomy":"product_tag","embeddable":true,"href":"https:\/\/emeraldsring.com\/de\/wp-json\/wp\/v2\/product_tag?post=1083"}],"curies":[{"name":"wp","href":"https:\/\/api.w.org\/{rel}","templated":true}]}}