{"id":1097,"date":"2025-02-13T20:02:12","date_gmt":"2025-02-13T15:02:12","guid":{"rendered":"https:\/\/emeraldsring.com\/?post_type=product&#038;p=1097"},"modified":"2025-04-28T19:58:26","modified_gmt":"2025-04-28T14:58:26","slug":"natural-emerald-cut-engagement-rings-gold-statement-ring-women-ring","status":"publish","type":"product","link":"https:\/\/emeraldsring.com\/de\/produkt\/natural-emerald-cut-engagement-rings-gold-statement-ring-women-ring\/","title":{"rendered":"Nat\u00fcrlicher Smaragdschliff Verlobungsringe Gold Statement Ring Frauen Ring"},"content":{"rendered":"<div data-elementor-type=\"product-post\" data-elementor-id=\"1097\" class=\"elementor elementor-1097\" data-elementor-post-type=\"product\">\n\t\t\t\t<div class=\"elementor-element elementor-element-8218902 e-flex e-con-boxed e-con e-parent\" data-id=\"8218902\" data-element_type=\"container\">\n\t\t\t\t\t<div class=\"e-con-inner\">\n\t\t\t\t<div class=\"elementor-element elementor-element-13143a2 elementor-widget elementor-widget-text-editor\" data-id=\"13143a2\" data-element_type=\"widget\" data-widget_type=\"text-editor.default\">\n\t\t\t\t<div class=\"elementor-widget-container\">\n\t\t\t\t\t\t\t\t\t<p data-start=\"350\" data-end=\"770\"><em data-start=\"350\" data-end=\"361\">\u00dcberblick:<\/em> Unser Verlobungsring im nat\u00fcrlichen Smaragdschliff ist eine harmonische Mischung aus klassischer Eleganz und modernem Design. Dieses exquisite Schmuckst\u00fcck besteht aus einem nat\u00fcrlichen Smaragd im Ovalschliff, der f\u00fcr seinen leuchtend gr\u00fcnen Farbton bekannt ist, eingefasst in ein sorgf\u00e4ltig gefertigtes, vergoldetes 925k Silberband. Das verstellbare Design sorgt f\u00fcr eine bequeme Passform und macht es zu einer idealen Wahl f\u00fcr Verlobungen, besondere Anl\u00e4sse oder als Accessoire.<\/p><p data-start=\"772\" data-end=\"783\"><em data-start=\"772\" data-end=\"783\">Merkmale:<\/em><\/p><ul data-start=\"784\" data-end=\"1268\"><li data-start=\"784\" data-end=\"851\"><strong data-start=\"786\" data-end=\"799\">Edelstein:<\/strong> Nat\u00fcrlicher Rohsmaragd mit einer bestechend gr\u00fcnen Farbe.<\/li><li data-start=\"852\" data-end=\"933\"><strong data-start=\"854\" data-end=\"869\">Stein Gr\u00f6\u00dfe:<\/strong> 4\u00d76 mm im Ovalschliff, zart und doch auffallend pr\u00e4sent.<\/li><li data-start=\"934\" data-end=\"1024\"><strong data-start=\"936\" data-end=\"946\">Metall:<\/strong> 925-kar\u00e4tiges Silber mit gl\u00e4nzender Goldplattierung, die Langlebigkeit mit Eleganz verbindet.<\/li><li data-start=\"1025\" data-end=\"1092\"><strong data-start=\"1027\" data-end=\"1038\">Entwurf:<\/strong> Ein Schmuckst\u00fcck, das Raffinesse und Stil ausstrahlt.<\/li><li data-start=\"1093\" data-end=\"1165\"><strong data-start=\"1095\" data-end=\"1115\">Einstellbares Band:<\/strong> Gew\u00e4hrleistet einen bequemen Sitz f\u00fcr verschiedene Ringgr\u00f6\u00dfen.<\/li><li data-start=\"1166\" data-end=\"1268\"><strong data-start=\"1168\" data-end=\"1180\">Klarheit:<\/strong> Very Slightly Included (VS), was auf minimale, unter Vergr\u00f6\u00dferung sichtbare Einschl\u00fcsse hinweist.<\/li><\/ul><p data-start=\"1270\" data-end=\"1301\"><em data-start=\"1270\" data-end=\"1301\">Warum Sie diesen Ring kaufen sollten:<\/em><\/p><ul data-start=\"1302\" data-end=\"1790\"><li data-start=\"1302\" data-end=\"1426\"><strong data-start=\"1304\" data-end=\"1326\">Zeitlose Eleganz:<\/strong> Das klassische Design symbolisiert dauerhafte Sch\u00f6nheit und macht ihn zu einem perfekten Verlobungsring oder einem besonderen Geschenk.<\/li><li data-start=\"1427\" data-end=\"1549\"><strong data-start=\"1429\" data-end=\"1453\">Vielseitiges Accessoire:<\/strong> Geeignet f\u00fcr Verlobungen, Jahrestage oder als wertvolle Erg\u00e4nzung zu Ihrer Schmucksammlung.<\/li><li data-start=\"1550\" data-end=\"1660\"><strong data-start=\"1552\" data-end=\"1578\">Handwerkliche Qualit\u00e4t:<\/strong> Hergestellt aus hochwertigen Materialien, um Langlebigkeit und anhaltende Brillanz zu gew\u00e4hrleisten.<\/li><li data-start=\"1661\" data-end=\"1790\"><strong data-start=\"1663\" data-end=\"1682\">Einstellbare Passform:<\/strong> Das anpassungsf\u00e4hige Banddesign sorgt f\u00fcr Flexibilit\u00e4t und macht sie zu einer ausgezeichneten Geschenkwahl ohne Gr\u00f6\u00dfenprobleme.<\/li><\/ul><p data-start=\"1792\" data-end=\"1799\"><em data-start=\"1792\" data-end=\"1799\">FAQs:<\/em><\/p><ol data-start=\"1801\" data-end=\"2661\"><li data-start=\"1801\" data-end=\"1944\"><p data-start=\"1804\" data-end=\"1846\"><strong data-start=\"1804\" data-end=\"1846\">Ist der Smaragd nat\u00fcrlich oder wurde er im Labor hergestellt?<\/strong><\/p><ul data-start=\"1850\" data-end=\"1944\"><li data-start=\"1850\" data-end=\"1944\">Der Ring ist mit einem nat\u00fcrlichen Rohsmaragd besetzt, der f\u00fcr seine authentische Sch\u00f6nheit und satte Farbe bekannt ist.<\/li><\/ul><\/li><li data-start=\"1946\" data-end=\"2087\"><p data-start=\"1949\" data-end=\"1983\"><strong data-start=\"1949\" data-end=\"1983\">Kann die Ringgr\u00f6\u00dfe angepasst werden?<\/strong><\/p><ul data-start=\"1987\" data-end=\"2087\"><li data-start=\"1987\" data-end=\"2087\">Ja, der Ring ist mit einem verstellbaren Band ausgestattet, das sich bequem an verschiedene Fingergr\u00f6\u00dfen anpassen l\u00e4sst.<\/li><\/ul><\/li><li data-start=\"2089\" data-end=\"2258\"><p data-start=\"2092\" data-end=\"2128\"><strong data-start=\"2092\" data-end=\"2128\">Wie sollte ich diesen Ring pflegen?<\/strong><\/p><ul data-start=\"2132\" data-end=\"2258\"><li data-start=\"2132\" data-end=\"2258\">Um seinen Glanz zu erhalten, reinigen Sie den Ring vorsichtig mit einem weichen Tuch und vermeiden Sie den Kontakt mit scharfen Chemikalien oder Scheuermitteln.<\/li><\/ul><\/li><li data-start=\"2260\" data-end=\"2502\"><p data-start=\"2263\" data-end=\"2295\"><strong data-start=\"2263\" data-end=\"2295\">Ist die Goldbeschichtung haltbar?<\/strong><\/p><ul data-start=\"2299\" data-end=\"2502\"><li data-start=\"2299\" data-end=\"2502\">Die Vergoldung des 925er Silbers ist auf Langlebigkeit ausgelegt. Um sein Aussehen zu bewahren, ist es jedoch ratsam, den Ring bei Aktivit\u00e4ten abzunehmen, die Kratzer verursachen oder mit Chemikalien in Ber\u00fchrung kommen k\u00f6nnen.<\/li><\/ul><\/li><li data-start=\"2504\" data-end=\"2661\"><p data-start=\"2507\" data-end=\"2563\"><strong data-start=\"2507\" data-end=\"2563\">Gibt es f\u00fcr den Ring eine Garantie oder ein R\u00fcckgaberecht?<\/strong><\/p><ul data-start=\"2567\" data-end=\"2661\"><li data-start=\"2567\" data-end=\"2661\">Ja, wir bieten ein 90-t\u00e4giges R\u00fcckgaberecht, um Ihre volle Zufriedenheit mit dem Kauf zu gew\u00e4hrleisten.<\/li><\/ul><\/li><\/ol>\t\t\t\t\t\t\t\t<\/div>\n\t\t\t\t<\/div>\n\t\t\t\t\t<\/div>\n\t\t\t\t<\/div>\n\t\t\t\t<\/div>","protected":false},"excerpt":{"rendered":"<p>Produkt DETAILS:<br \/>\nMetall: 925k Silber<br \/>\nEdelstein: Nat\u00fcrlicher roher Smaragd<br \/>\nFarbe des Edelsteins: Gr\u00fcn<br \/>\nBandfarbe: Gold<br \/>\nRing Gr\u00f6\u00dfe: Einstellbar<br \/>\nDurchmesser Stein Gr\u00f6\u00dfe: 4\u00d76 mm<br \/>\nKlarheit: Sehr geringf\u00fcgig eingeschlossen<br \/>\nDie Form: Oval<br \/>\nSchliff: Gemischter Brillant<\/p>\n<div id=\"gtx-trans\" style=\"position: absolute; left: 53px; top: 183px;\">\n<div class=\"gtx-trans-icon\"><\/div>\n<\/div>","protected":false},"featured_media":1360,"comment_status":"open","ping_status":"closed","template":"","meta":{"_kad_post_transparent":"","_kad_post_title":"","_kad_post_layout":"","_kad_post_sidebar_id":"","_kad_post_content_style":"","_kad_post_vertical_padding":"","_kad_post_feature":"","_kad_post_feature_position":"","_kad_post_header":false,"_kad_post_footer":false},"product_brand":[],"product_cat":[16,17,66,20,15],"product_tag":[],"class_list":{"0":"post-1097","1":"product","2":"type-product","3":"status-publish","4":"has-post-thumbnail","6":"product_cat-emerald-ring","7":"product_cat-engagement-ring","8":"product_cat-natural-gemstones-ring","9":"product_cat-oval-ring","10":"product_cat-rings","12":"first","13":"instock","14":"shipping-taxable","15":"purchasable","16":"product-type-variable","17":"entry","18":"content-bg","19":"loop-entry"},"aioseo_notices":[],"_links":{"self":[{"href":"https:\/\/emeraldsring.com\/de\/wp-json\/wp\/v2\/product\/1097","targetHints":{"allow":["GET"]}}],"collection":[{"href":"https:\/\/emeraldsring.com\/de\/wp-json\/wp\/v2\/product"}],"about":[{"href":"https:\/\/emeraldsring.com\/de\/wp-json\/wp\/v2\/types\/product"}],"replies":[{"embeddable":true,"href":"https:\/\/emeraldsring.com\/de\/wp-json\/wp\/v2\/comments?post=1097"}],"version-history":[{"count":4,"href":"https:\/\/emeraldsring.com\/de\/wp-json\/wp\/v2\/product\/1097\/revisions"}],"predecessor-version":[{"id":1688,"href":"https:\/\/emeraldsring.com\/de\/wp-json\/wp\/v2\/product\/1097\/revisions\/1688"}],"wp:featuredmedia":[{"embeddable":true,"href":"https:\/\/emeraldsring.com\/de\/wp-json\/wp\/v2\/media\/1360"}],"wp:attachment":[{"href":"https:\/\/emeraldsring.com\/de\/wp-json\/wp\/v2\/media?parent=1097"}],"wp:term":[{"taxonomy":"product_brand","embeddable":true,"href":"https:\/\/emeraldsring.com\/de\/wp-json\/wp\/v2\/product_brand?post=1097"},{"taxonomy":"product_cat","embeddable":true,"href":"https:\/\/emeraldsring.com\/de\/wp-json\/wp\/v2\/product_cat?post=1097"},{"taxonomy":"product_tag","embeddable":true,"href":"https:\/\/emeraldsring.com\/de\/wp-json\/wp\/v2\/product_tag?post=1097"}],"curies":[{"name":"wp","href":"https:\/\/api.w.org\/{rel}","templated":true}]}}