{"id":1109,"date":"2025-02-13T20:19:30","date_gmt":"2025-02-13T15:19:30","guid":{"rendered":"https:\/\/emeraldsring.com\/?post_type=product&#038;p=1109"},"modified":"2025-04-28T19:58:23","modified_gmt":"2025-04-28T14:58:23","slug":"gold-emerald-flower-ring-women-natural-emerald-wedding-ring","status":"publish","type":"product","link":"https:\/\/emeraldsring.com\/de\/produkt\/gold-emerald-flower-ring-women-natural-emerald-wedding-ring\/","title":{"rendered":"Gold Smaragd Blume Ring Frauen nat\u00fcrlichen Smaragd Hochzeit Ring"},"content":{"rendered":"<div data-elementor-type=\"product-post\" data-elementor-id=\"1109\" class=\"elementor elementor-1109\" data-elementor-post-type=\"product\">\n\t\t\t\t<div class=\"elementor-element elementor-element-9a6865d e-flex e-con-boxed e-con e-parent\" data-id=\"9a6865d\" data-element_type=\"container\">\n\t\t\t\t\t<div class=\"e-con-inner\">\n\t\t\t\t<div class=\"elementor-element elementor-element-884fcf7 elementor-widget elementor-widget-text-editor\" data-id=\"884fcf7\" data-element_type=\"widget\" data-widget_type=\"text-editor.default\">\n\t\t\t\t<div class=\"elementor-widget-container\">\n\t\t\t\t\t\t\t\t\t<p data-start=\"377\" data-end=\"795\"><em data-start=\"377\" data-end=\"388\">\u00dcberblick:<\/em> Unser Gold Emerald Flower Ring ist eine harmonische Mischung aus von der Natur inspiriertem Design und zeitloser Eleganz. Dieses exquisite Schmuckst\u00fcck zeigt einen nat\u00fcrlichen Smaragd im Ovalschliff, der f\u00fcr seinen leuchtend gr\u00fcnen Farbton bekannt ist, eingefasst in ein sorgf\u00e4ltig gearbeitetes Blumenmotiv. Das vergoldete 925er-Silberband unterstreicht die luxuri\u00f6se Ausstrahlung des Rings und macht ihn zu einer idealen Wahl f\u00fcr Hochzeiten, Jubil\u00e4en oder als Accessoire.<\/p><p data-start=\"797\" data-end=\"808\"><em data-start=\"797\" data-end=\"808\">Merkmale:<\/em><\/p><ul data-start=\"809\" data-end=\"1295\"><li data-start=\"809\" data-end=\"876\"><strong data-start=\"811\" data-end=\"824\">Edelstein:<\/strong> Nat\u00fcrlicher Rohsmaragd mit einer bestechend gr\u00fcnen Farbe.<\/li><li data-start=\"877\" data-end=\"958\"><strong data-start=\"879\" data-end=\"894\">Stein Gr\u00f6\u00dfe:<\/strong> 4\u00d76 mm im Ovalschliff, zart und doch auffallend pr\u00e4sent.<\/li><li data-start=\"959\" data-end=\"1049\"><strong data-start=\"961\" data-end=\"971\">Metall:<\/strong> 925-kar\u00e4tiges Silber mit gl\u00e4nzender Goldplattierung, die Langlebigkeit mit Eleganz verbindet.<\/li><li data-start=\"1050\" data-end=\"1119\"><strong data-start=\"1052\" data-end=\"1063\">Entwurf:<\/strong> Ein von Blumen inspiriertes Motiv, das Weiblichkeit und Anmut ausstrahlt.<\/li><li data-start=\"1120\" data-end=\"1192\"><strong data-start=\"1122\" data-end=\"1142\">Einstellbares Band:<\/strong> Gew\u00e4hrleistet einen bequemen Sitz f\u00fcr verschiedene Ringgr\u00f6\u00dfen.<\/li><li data-start=\"1193\" data-end=\"1295\"><strong data-start=\"1195\" data-end=\"1207\">Klarheit:<\/strong> Very Slightly Included (VS), was auf minimale, unter Vergr\u00f6\u00dferung sichtbare Einschl\u00fcsse hinweist.<\/li><\/ul><p data-start=\"1297\" data-end=\"1328\"><em data-start=\"1297\" data-end=\"1328\">Warum Sie diesen Ring kaufen sollten:<\/em><\/p><ul data-start=\"1329\" data-end=\"1798\"><li data-start=\"1329\" data-end=\"1439\"><strong data-start=\"1331\" data-end=\"1360\">Von der Natur inspirierte Eleganz:<\/strong> Das florale Design symbolisiert Wachstum und Sch\u00f6nheit und findet bei Naturliebhabern Anklang.<\/li><li data-start=\"1440\" data-end=\"1557\"><strong data-start=\"1442\" data-end=\"1466\">Vielseitiges Accessoire:<\/strong> Geeignet f\u00fcr Hochzeiten, Verlobungen oder als wertvolle Erg\u00e4nzung zu Ihrer Schmucksammlung.<\/li><li data-start=\"1558\" data-end=\"1668\"><strong data-start=\"1560\" data-end=\"1586\">Handwerkliche Qualit\u00e4t:<\/strong> Hergestellt aus hochwertigen Materialien, um Langlebigkeit und anhaltende Brillanz zu gew\u00e4hrleisten.<\/li><li data-start=\"1669\" data-end=\"1798\"><strong data-start=\"1671\" data-end=\"1690\">Einstellbare Passform:<\/strong> Das anpassungsf\u00e4hige Banddesign sorgt f\u00fcr Flexibilit\u00e4t und macht sie zu einer ausgezeichneten Geschenkwahl ohne Gr\u00f6\u00dfenprobleme.<\/li><\/ul><p data-start=\"1800\" data-end=\"1807\"><em data-start=\"1800\" data-end=\"1807\">FAQs:<\/em><\/p><ol data-start=\"1809\" data-end=\"2669\"><li data-start=\"1809\" data-end=\"1952\"><p data-start=\"1812\" data-end=\"1854\"><strong data-start=\"1812\" data-end=\"1854\">Ist der Smaragd nat\u00fcrlich oder wurde er im Labor hergestellt?<\/strong><\/p><ul data-start=\"1858\" data-end=\"1952\"><li data-start=\"1858\" data-end=\"1952\">Der Ring ist mit einem nat\u00fcrlichen Rohsmaragd besetzt, der f\u00fcr seine authentische Sch\u00f6nheit und satte Farbe bekannt ist.<\/li><\/ul><\/li><li data-start=\"1954\" data-end=\"2095\"><p data-start=\"1957\" data-end=\"1991\"><strong data-start=\"1957\" data-end=\"1991\">Kann die Ringgr\u00f6\u00dfe angepasst werden?<\/strong><\/p><ul data-start=\"1995\" data-end=\"2095\"><li data-start=\"1995\" data-end=\"2095\">Ja, der Ring ist mit einem verstellbaren Band ausgestattet, das sich bequem an verschiedene Fingergr\u00f6\u00dfen anpassen l\u00e4sst.<\/li><\/ul><\/li><li data-start=\"2097\" data-end=\"2266\"><p data-start=\"2100\" data-end=\"2136\"><strong data-start=\"2100\" data-end=\"2136\">Wie sollte ich diesen Ring pflegen?<\/strong><\/p><ul data-start=\"2140\" data-end=\"2266\"><li data-start=\"2140\" data-end=\"2266\">Um seinen Glanz zu erhalten, reinigen Sie den Ring vorsichtig mit einem weichen Tuch und vermeiden Sie den Kontakt mit scharfen Chemikalien oder Scheuermitteln.<\/li><\/ul><\/li><li data-start=\"2268\" data-end=\"2510\"><p data-start=\"2271\" data-end=\"2303\"><strong data-start=\"2271\" data-end=\"2303\">Ist die Goldbeschichtung haltbar?<\/strong><\/p><ul data-start=\"2307\" data-end=\"2510\"><li data-start=\"2307\" data-end=\"2510\">Die Vergoldung des 925er Silbers ist auf Langlebigkeit ausgelegt. Um sein Aussehen zu bewahren, ist es jedoch ratsam, den Ring bei Aktivit\u00e4ten abzunehmen, die Kratzer verursachen oder mit Chemikalien in Ber\u00fchrung kommen k\u00f6nnen.<\/li><\/ul><\/li><li data-start=\"2512\" data-end=\"2669\"><p data-start=\"2515\" data-end=\"2571\"><strong data-start=\"2515\" data-end=\"2571\">Gibt es f\u00fcr den Ring eine Garantie oder ein R\u00fcckgaberecht?<\/strong><\/p><ul data-start=\"2575\" data-end=\"2669\"><li data-start=\"2575\" data-end=\"2669\">Ja, wir bieten ein 90-t\u00e4giges R\u00fcckgaberecht, um Ihre volle Zufriedenheit mit dem Kauf zu gew\u00e4hrleisten.<\/li><\/ul><\/li><\/ol>\t\t\t\t\t\t\t\t<\/div>\n\t\t\t\t<\/div>\n\t\t\t\t\t<\/div>\n\t\t\t\t<\/div>\n\t\t\t\t<\/div>","protected":false},"excerpt":{"rendered":"<p>Produkt DETAILS:<br \/>\nMetall: 925k Silber<br \/>\nEdelstein: Nat\u00fcrlicher roher Smaragd<br \/>\nFarbe des Edelsteins: Gr\u00fcn<br \/>\nBandfarbe: Gold<br \/>\nRing Gr\u00f6\u00dfe: Einstellbar<br \/>\nDurchmesser Stein Gr\u00f6\u00dfe: 4\u00d76 mm<br \/>\nKlarheit: Sehr geringf\u00fcgig eingeschlossen<br \/>\nDie Form: Oval<br \/>\nSchliff: Gemischter Brillant<\/p>\n<div id=\"gtx-trans\" style=\"position: absolute; left: 94px; top: 183px;\">\n<div class=\"gtx-trans-icon\"><\/div>\n<\/div>","protected":false},"featured_media":1386,"comment_status":"open","ping_status":"closed","template":"","meta":{"_kad_post_transparent":"","_kad_post_title":"","_kad_post_layout":"","_kad_post_sidebar_id":"","_kad_post_content_style":"","_kad_post_vertical_padding":"","_kad_post_feature":"","_kad_post_feature_position":"","_kad_post_header":false,"_kad_post_footer":false},"product_brand":[],"product_cat":[16,89,17,76,66,20,15],"product_tag":[30,18,31],"class_list":{"0":"post-1109","1":"product","2":"type-product","3":"status-publish","4":"has-post-thumbnail","6":"product_cat-emerald-ring","7":"product_cat-engagement-and-wedding","8":"product_cat-engagement-ring","9":"product_cat-floral","10":"product_cat-natural-gemstones-ring","11":"product_cat-oval-ring","12":"product_cat-rings","13":"product_tag-emerald-cut-engagement-rings","14":"product_tag-emerald-ring","15":"product_tag-engagement-ring","17":"first","18":"instock","19":"shipping-taxable","20":"purchasable","21":"product-type-simple","22":"entry","23":"content-bg","24":"loop-entry"},"aioseo_notices":[],"_links":{"self":[{"href":"https:\/\/emeraldsring.com\/de\/wp-json\/wp\/v2\/product\/1109","targetHints":{"allow":["GET"]}}],"collection":[{"href":"https:\/\/emeraldsring.com\/de\/wp-json\/wp\/v2\/product"}],"about":[{"href":"https:\/\/emeraldsring.com\/de\/wp-json\/wp\/v2\/types\/product"}],"replies":[{"embeddable":true,"href":"https:\/\/emeraldsring.com\/de\/wp-json\/wp\/v2\/comments?post=1109"}],"version-history":[{"count":7,"href":"https:\/\/emeraldsring.com\/de\/wp-json\/wp\/v2\/product\/1109\/revisions"}],"predecessor-version":[{"id":1698,"href":"https:\/\/emeraldsring.com\/de\/wp-json\/wp\/v2\/product\/1109\/revisions\/1698"}],"wp:featuredmedia":[{"embeddable":true,"href":"https:\/\/emeraldsring.com\/de\/wp-json\/wp\/v2\/media\/1386"}],"wp:attachment":[{"href":"https:\/\/emeraldsring.com\/de\/wp-json\/wp\/v2\/media?parent=1109"}],"wp:term":[{"taxonomy":"product_brand","embeddable":true,"href":"https:\/\/emeraldsring.com\/de\/wp-json\/wp\/v2\/product_brand?post=1109"},{"taxonomy":"product_cat","embeddable":true,"href":"https:\/\/emeraldsring.com\/de\/wp-json\/wp\/v2\/product_cat?post=1109"},{"taxonomy":"product_tag","embeddable":true,"href":"https:\/\/emeraldsring.com\/de\/wp-json\/wp\/v2\/product_tag?post=1109"}],"curies":[{"name":"wp","href":"https:\/\/api.w.org\/{rel}","templated":true}]}}