{"id":1531,"date":"2025-02-25T19:56:25","date_gmt":"2025-02-25T14:56:25","guid":{"rendered":"https:\/\/emeraldsring.com\/?post_type=product&#038;p=1531"},"modified":"2025-04-28T19:58:19","modified_gmt":"2025-04-28T14:58:19","slug":"lab-emerald-and-diamond-engagement-ring-sterling-silver-gift-for-her","status":"publish","type":"product","link":"https:\/\/emeraldsring.com\/de\/produkt\/lab-emerald-and-diamond-engagement-ring-sterling-silver-gift-for-her\/","title":{"rendered":"Lab Smaragd und Diamant Verlobungsring Sterling Silber Geschenk f\u00fcr Sie"},"content":{"rendered":"<p data-start=\"437\" data-end=\"860\"><em data-start=\"437\" data-end=\"448\">\u00dcberblick:<\/em> Unser Lab-Created Emerald Sterling Silver Ring ist eine harmonische Mischung aus klassischer Eleganz und modernem Design. Dieses exquisite Schmuckst\u00fcck zeigt einen lebhaften, im Labor hergestellten Smaragd im Smaragdschliff, der von einem Halo aus schimmernden Diamanten umgeben ist, gefasst in hochwertigem Sterlingsilber. Ob zu einem besonderen Anlass oder als raffiniertes Accessoire f\u00fcr den Alltag - dieser Ring wird Sie begeistern und inspirieren.<\/p>\n<p data-start=\"862\" data-end=\"873\"><em data-start=\"862\" data-end=\"873\">Merkmale:<\/em><\/p>\n<ul data-start=\"874\" data-end=\"1307\">\n<li data-start=\"874\" data-end=\"965\"><strong data-start=\"876\" data-end=\"889\">Edelstein:<\/strong> Ein im Labor hergestellter Smaragd im Smaragdschliff, der f\u00fcr seinen lebhaften gr\u00fcnen Farbton und seine Klarheit bekannt ist.<\/li>\n<li data-start=\"966\" data-end=\"1049\"><strong data-start=\"968\" data-end=\"980\">Akzente:<\/strong> Halo aus funkelnden Diamanten, die den Glanz des zentralen Steins verst\u00e4rken.<\/li>\n<li data-start=\"1050\" data-end=\"1130\"><strong data-start=\"1052\" data-end=\"1062\">Metall:<\/strong> Hochwertiges Sterlingsilber, langlebig und mit polierter Oberfl\u00e4che.<\/li>\n<li data-start=\"1131\" data-end=\"1226\"><strong data-start=\"1133\" data-end=\"1144\">Entwurf:<\/strong> Solit\u00e4rfassung mit Diamantenhalo, die klassischen und modernen Stil verbindet.<\/li>\n<li data-start=\"1227\" data-end=\"1307\"><strong data-start=\"1229\" data-end=\"1239\">Gr\u00f6\u00dfen:<\/strong> Erh\u00e4ltlich in verschiedenen Gr\u00f6\u00dfen, um eine bequeme und perfekte Passform zu gew\u00e4hrleisten.<\/li>\n<\/ul>\n<p data-start=\"1309\" data-end=\"1340\"><em data-start=\"1309\" data-end=\"1340\">Warum Sie diesen Ring kaufen sollten:<\/em><\/p>\n<ul data-start=\"1341\" data-end=\"1851\">\n<li data-start=\"1341\" data-end=\"1443\"><strong data-start=\"1343\" data-end=\"1365\">Zeitlose Eleganz:<\/strong> Das klassische Solit\u00e4rdesign mit modernem Halo sorgt f\u00fcr dauerhaften Stil.<\/li>\n<li data-start=\"1444\" data-end=\"1559\"><strong data-start=\"1446\" data-end=\"1468\">Ethisch gehandelt:<\/strong> Mit einem im Labor hergestellten Smaragd, der eine umweltfreundliche und sozial verantwortliche Wahl darstellt.<\/li>\n<li data-start=\"1560\" data-end=\"1663\"><strong data-start=\"1562\" data-end=\"1581\">Vielseitig tragbar:<\/strong> Ideal f\u00fcr Verlobungen, Jahrestage oder als Statement f\u00fcr den eleganten Alltag.<\/li>\n<li data-start=\"1664\" data-end=\"1758\"><strong data-start=\"1666\" data-end=\"1696\">Au\u00dfergew\u00f6hnliche Handwerkskunst:<\/strong> Sorgf\u00e4ltig gefertigt, um dauerhafte Sch\u00f6nheit und Haltbarkeit zu gew\u00e4hrleisten.<\/li>\n<li data-start=\"1759\" data-end=\"1851\"><strong data-start=\"1761\" data-end=\"1783\">Erschwinglicher Luxus:<\/strong> Bietet die Anziehungskraft des High-End-Designs, ohne das Premium-Preisschild zu tragen.<\/li>\n<\/ul>\n<p data-start=\"1853\" data-end=\"1860\"><em data-start=\"1853\" data-end=\"1860\">FAQs:<\/em><\/p>\n<ol data-start=\"1862\" data-end=\"2708\">\n<li data-start=\"1862\" data-end=\"2062\">\n<p data-start=\"1865\" data-end=\"1907\"><strong data-start=\"1865\" data-end=\"1907\">Ist der Smaragd nat\u00fcrlich oder wurde er im Labor hergestellt?<\/strong><\/p>\n<ul data-start=\"1911\" data-end=\"2062\">\n<li data-start=\"1911\" data-end=\"2062\">Der Ring besteht aus einem im Labor hergestellten Smaragd, der die gleichen visuellen Eigenschaften wie ein nat\u00fcrlicher Smaragd aufweist, aber eine bessere Klarheit und eine ethische Herkunft hat.<\/li>\n<\/ul>\n<\/li>\n<li data-start=\"2064\" data-end=\"2224\">\n<p data-start=\"2067\" data-end=\"2112\"><strong data-start=\"2067\" data-end=\"2112\">Wie ist die Qualit\u00e4t der verwendeten Diamanten?<\/strong><\/p>\n<ul data-start=\"2116\" data-end=\"2224\">\n<li data-start=\"2116\" data-end=\"2224\">Die Diamanten wurden aufgrund ihrer Brillanz und Klarheit ausgew\u00e4hlt und erg\u00e4nzen den zentralen Smaragd auf wunderbare Weise.<\/li>\n<\/ul>\n<\/li>\n<li data-start=\"2226\" data-end=\"2387\">\n<p data-start=\"2229\" data-end=\"2265\"><strong data-start=\"2229\" data-end=\"2265\">Wie sollte ich diesen Ring pflegen?<\/strong><\/p>\n<ul data-start=\"2269\" data-end=\"2387\">\n<li data-start=\"2269\" data-end=\"2387\">Um seinen Glanz zu erhalten, reinigen Sie den Ring mit einem weichen Tuch und vermeiden Sie den Kontakt mit scharfen Chemikalien oder Scheuermitteln.<\/li>\n<\/ul>\n<\/li>\n<li data-start=\"2389\" data-end=\"2549\">\n<p data-start=\"2392\" data-end=\"2439\"><strong data-start=\"2392\" data-end=\"2439\">Ist das Sterlingsilber anf\u00e4llig f\u00fcr Anlaufen?<\/strong><\/p>\n<ul data-start=\"2443\" data-end=\"2549\">\n<li data-start=\"2443\" data-end=\"2549\">Sterlingsilber kann mit der Zeit anlaufen; durch regelm\u00e4\u00dfige Reinigung und richtige Lagerung bleibt der Glanz erhalten.<\/li>\n<\/ul>\n<\/li>\n<li data-start=\"2551\" data-end=\"2708\">\n<p data-start=\"2554\" data-end=\"2610\"><strong data-start=\"2554\" data-end=\"2610\">Gibt es f\u00fcr den Ring eine Garantie oder ein R\u00fcckgaberecht?<\/strong><\/p>\n<ul data-start=\"2614\" data-end=\"2708\">\n<li data-start=\"2614\" data-end=\"2708\">Ja, wir bieten ein 90-t\u00e4giges R\u00fcckgaberecht, um Ihre volle Zufriedenheit mit dem Kauf zu gew\u00e4hrleisten.<\/li>\n<\/ul>\n<\/li>\n<\/ol>","protected":false},"excerpt":{"rendered":"<p>Produkt DETAILS:<br \/>\nMetall: 925k Silber<br \/>\nEdelstein: Laborgez\u00fcchtet<br \/>\nFarbe des Edelsteins: Gr\u00fcn<br \/>\nBandfarbe: Wei\u00dfgold<br \/>\nRing Gr\u00f6\u00dfe: Einstellbar<br \/>\nDurchmesser Stein Gr\u00f6\u00dfe: 8*10 mm<br \/>\nDie Form: Prinzessin<\/p>","protected":false},"featured_media":1534,"comment_status":"open","ping_status":"closed","template":"","meta":{"_kad_post_transparent":"","_kad_post_title":"","_kad_post_layout":"","_kad_post_sidebar_id":"","_kad_post_content_style":"","_kad_post_vertical_padding":"","_kad_post_feature":"","_kad_post_feature_position":"","_kad_post_header":false,"_kad_post_footer":false},"product_brand":[],"product_cat":[72,16,89,17,70,67,56,15],"product_tag":[],"class_list":{"0":"post-1531","1":"product","2":"type-product","3":"status-publish","4":"has-post-thumbnail","6":"product_cat-bezel","7":"product_cat-emerald-ring","8":"product_cat-engagement-and-wedding","9":"product_cat-engagement-ring","10":"product_cat-halo-ring","11":"product_cat-lab-grown-gemstones-ring","12":"product_cat-princess","13":"product_cat-rings","15":"first","16":"instock","17":"shipping-taxable","18":"purchasable","19":"product-type-simple","20":"entry","21":"content-bg","22":"loop-entry"},"aioseo_notices":[],"_links":{"self":[{"href":"https:\/\/emeraldsring.com\/de\/wp-json\/wp\/v2\/product\/1531","targetHints":{"allow":["GET"]}}],"collection":[{"href":"https:\/\/emeraldsring.com\/de\/wp-json\/wp\/v2\/product"}],"about":[{"href":"https:\/\/emeraldsring.com\/de\/wp-json\/wp\/v2\/types\/product"}],"replies":[{"embeddable":true,"href":"https:\/\/emeraldsring.com\/de\/wp-json\/wp\/v2\/comments?post=1531"}],"version-history":[{"count":6,"href":"https:\/\/emeraldsring.com\/de\/wp-json\/wp\/v2\/product\/1531\/revisions"}],"predecessor-version":[{"id":1713,"href":"https:\/\/emeraldsring.com\/de\/wp-json\/wp\/v2\/product\/1531\/revisions\/1713"}],"wp:featuredmedia":[{"embeddable":true,"href":"https:\/\/emeraldsring.com\/de\/wp-json\/wp\/v2\/media\/1534"}],"wp:attachment":[{"href":"https:\/\/emeraldsring.com\/de\/wp-json\/wp\/v2\/media?parent=1531"}],"wp:term":[{"taxonomy":"product_brand","embeddable":true,"href":"https:\/\/emeraldsring.com\/de\/wp-json\/wp\/v2\/product_brand?post=1531"},{"taxonomy":"product_cat","embeddable":true,"href":"https:\/\/emeraldsring.com\/de\/wp-json\/wp\/v2\/product_cat?post=1531"},{"taxonomy":"product_tag","embeddable":true,"href":"https:\/\/emeraldsring.com\/de\/wp-json\/wp\/v2\/product_tag?post=1531"}],"curies":[{"name":"wp","href":"https:\/\/api.w.org\/{rel}","templated":true}]}}