{"id":1545,"date":"2025-02-25T20:21:47","date_gmt":"2025-02-25T15:21:47","guid":{"rendered":"https:\/\/emeraldsring.com\/?post_type=product&#038;p=1545"},"modified":"2025-04-29T04:26:25","modified_gmt":"2025-04-28T23:26:25","slug":"women-lab-created-emerald-ring-engagement-rings","status":"publish","type":"product","link":"https:\/\/emeraldsring.com\/de\/produkt\/women-lab-created-emerald-ring-engagement-rings\/","title":{"rendered":"Frauen Lab-Created Smaragd Ring Verlobungsringe"},"content":{"rendered":"<p data-start=\"350\" data-end=\"728\"><em data-start=\"350\" data-end=\"361\">\u00dcberblick:<\/em> Feiern Sie Ihre Liebe mit unserem Verlobungsring mit ovalem Smaragd aus dem Labor, einer harmonischen Mischung aus klassischem Design und moderner Eleganz. Dieses exquisite St\u00fcck pr\u00e4sentiert einen leuchtend gr\u00fcnen, im Labor gez\u00fcchteten Smaragd, der sorgf\u00e4ltig in hochwertiges 925er Sterlingsilber gefasst ist. Sein verstellbares Band sorgt f\u00fcr eine perfekte Passform und macht ihn zur idealen Wahl f\u00fcr einen unvergesslichen Antrag oder ein wertvolles Geschenk.<\/p>\n<p data-start=\"730\" data-end=\"741\"><em data-start=\"730\" data-end=\"741\">Merkmale:<\/em><\/p>\n<ul data-start=\"742\" data-end=\"1163\">\n<li data-start=\"742\" data-end=\"871\"><strong data-start=\"744\" data-end=\"757\">Edelstein:<\/strong> Im Labor hergestellter Smaragd im Ovalschliff, ca. 0,85 Karat, bekannt f\u00fcr seinen satten Gr\u00fcnton und seine au\u00dfergew\u00f6hnliche Klarheit.<\/li>\n<li data-start=\"872\" data-end=\"986\"><strong data-start=\"874\" data-end=\"884\">Metall:<\/strong> Strapazierf\u00e4higes 925er Sterlingsilber mit einer gl\u00e4nzenden Wei\u00dfgoldoberfl\u00e4che, die sowohl Eleganz als auch Widerstandsf\u00e4higkeit bietet.<\/li>\n<li data-start=\"987\" data-end=\"1073\"><strong data-start=\"989\" data-end=\"1000\">Entwurf:<\/strong> Zeitlose Solit\u00e4rfassung, die die nat\u00fcrliche Sch\u00f6nheit des Smaragds hervorhebt.<\/li>\n<li data-start=\"1074\" data-end=\"1163\"><strong data-start=\"1076\" data-end=\"1096\">Einstellbares Band:<\/strong> Gew\u00e4hrleistet eine bequeme und anpassbare Passform f\u00fcr verschiedene Ringgr\u00f6\u00dfen.<\/li>\n<\/ul>\n<p data-start=\"1165\" data-end=\"1196\"><em data-start=\"1165\" data-end=\"1196\">Warum Sie diesen Ring kaufen sollten:<\/em><\/p>\n<ul data-start=\"1197\" data-end=\"1733\">\n<li data-start=\"1197\" data-end=\"1290\"><strong data-start=\"1199\" data-end=\"1221\">Zeitlose Eleganz:<\/strong> Das klassische Design sorgt f\u00fcr einen best\u00e4ndigen Stil, der zu jeder Gelegenheit passt.<\/li>\n<li data-start=\"1291\" data-end=\"1415\"><strong data-start=\"1293\" data-end=\"1324\">Ethisch gewonnener Edelstein:<\/strong> Mit einem im Labor hergestellten Smaragd, der eine umweltfreundliche und sozial verantwortliche Wahl darstellt.<\/li>\n<li data-start=\"1416\" data-end=\"1543\"><strong data-start=\"1418\" data-end=\"1436\">Vielseitige Passform:<\/strong> Das verstellbare Band bietet Flexibilit\u00e4t und eignet sich hervorragend zum Verschenken, ohne dass die Gr\u00f6\u00dfe eine Rolle spielt.<\/li>\n<li data-start=\"1544\" data-end=\"1640\"><strong data-start=\"1546\" data-end=\"1576\">Au\u00dfergew\u00f6hnliche Handwerkskunst:<\/strong> Mit Pr\u00e4zision gefertigt, um dauerhafte Sch\u00f6nheit und Haltbarkeit zu gew\u00e4hrleisten.<\/li>\n<li data-start=\"1641\" data-end=\"1733\"><strong data-start=\"1643\" data-end=\"1665\">Erschwinglicher Luxus:<\/strong> Bietet die Anziehungskraft des High-End-Designs, ohne das Premium-Preisschild zu tragen.<\/li>\n<\/ul>\n<p data-start=\"1735\" data-end=\"1742\"><em data-start=\"1735\" data-end=\"1742\">FAQs:<\/em><\/p>\n<ol data-start=\"1744\" data-end=\"2591\">\n<li data-start=\"1744\" data-end=\"1944\">\n<p data-start=\"1747\" data-end=\"1789\"><strong data-start=\"1747\" data-end=\"1789\">Ist der Smaragd nat\u00fcrlich oder wurde er im Labor hergestellt?<\/strong><\/p>\n<ul data-start=\"1793\" data-end=\"1944\">\n<li data-start=\"1793\" data-end=\"1944\">Der Ring besteht aus einem im Labor hergestellten Smaragd, der die gleichen visuellen Eigenschaften wie ein nat\u00fcrlicher Smaragd aufweist, aber eine bessere Klarheit und eine ethische Herkunft hat.<\/li>\n<\/ul>\n<\/li>\n<li data-start=\"1946\" data-end=\"2121\">\n<p data-start=\"1949\" data-end=\"1995\"><strong data-start=\"1949\" data-end=\"1995\">Wie ist die Metallzusammensetzung des Rings?<\/strong><\/p>\n<ul data-start=\"1999\" data-end=\"2121\">\n<li data-start=\"1999\" data-end=\"2121\">Der Ring ist aus 925er Sterlingsilber mit einer Wei\u00dfgoldveredelung gefertigt und kombiniert Langlebigkeit mit einem luxuri\u00f6sen Aussehen.<\/li>\n<\/ul>\n<\/li>\n<li data-start=\"2123\" data-end=\"2269\">\n<p data-start=\"2126\" data-end=\"2160\"><strong data-start=\"2126\" data-end=\"2160\">Wie kann ich die Ringgr\u00f6\u00dfe einstellen?<\/strong><\/p>\n<ul data-start=\"2164\" data-end=\"2269\">\n<li data-start=\"2164\" data-end=\"2269\">Das verstellbare Band erm\u00f6glicht eine individuelle Passform; passen Sie das Band vorsichtig an, um Ihre gew\u00fcnschte Gr\u00f6\u00dfe zu erreichen.<\/li>\n<\/ul>\n<\/li>\n<li data-start=\"2271\" data-end=\"2432\">\n<p data-start=\"2274\" data-end=\"2310\"><strong data-start=\"2274\" data-end=\"2310\">Wie sollte ich diesen Ring pflegen?<\/strong><\/p>\n<ul data-start=\"2314\" data-end=\"2432\">\n<li data-start=\"2314\" data-end=\"2432\">Um seinen Glanz zu erhalten, reinigen Sie den Ring mit einem weichen Tuch und vermeiden Sie den Kontakt mit scharfen Chemikalien oder Scheuermitteln.<\/li>\n<\/ul>\n<\/li>\n<li data-start=\"2434\" data-end=\"2591\">\n<p data-start=\"2437\" data-end=\"2493\"><strong data-start=\"2437\" data-end=\"2493\">Gibt es f\u00fcr den Ring eine Garantie oder ein R\u00fcckgaberecht?<\/strong><\/p>\n<ul data-start=\"2497\" data-end=\"2591\">\n<li data-start=\"2497\" data-end=\"2591\">Ja, wir bieten ein 90-t\u00e4giges R\u00fcckgaberecht, um Ihre volle Zufriedenheit mit dem Kauf zu gew\u00e4hrleisten.<\/li>\n<\/ul>\n<\/li>\n<\/ol>","protected":false},"excerpt":{"rendered":"<p>Produkt DETAILS:<br \/>\nMetall: 925k Silber<br \/>\nEdelstein: Laborgez\u00fcchtet<br \/>\nFarbe des Edelsteins: Gr\u00fcn<br \/>\nBandfarbe: Wei\u00dfgold<br \/>\nRing Gr\u00f6\u00dfe: Einstellbar<br \/>\nDurchmesser Steingr\u00f6\u00dfe: 0,85ct<br \/>\nDie Form: Oval<\/p>","protected":false},"featured_media":1549,"comment_status":"open","ping_status":"closed","template":"","meta":{"_kad_post_transparent":"","_kad_post_title":"","_kad_post_layout":"","_kad_post_sidebar_id":"","_kad_post_content_style":"","_kad_post_vertical_padding":"","_kad_post_feature":"","_kad_post_feature_position":"","_kad_post_header":false,"_kad_post_footer":false},"product_brand":[],"product_cat":[15,16,67,20],"product_tag":[30,18,31],"class_list":{"0":"post-1545","1":"product","2":"type-product","3":"status-publish","4":"has-post-thumbnail","6":"product_cat-rings","7":"product_cat-emerald-ring","8":"product_cat-lab-grown-gemstones-ring","9":"product_cat-oval-ring","10":"product_tag-emerald-cut-engagement-rings","11":"product_tag-emerald-ring","12":"product_tag-engagement-ring","14":"first","15":"instock","16":"shipping-taxable","17":"purchasable","18":"product-type-simple","19":"entry","20":"content-bg","21":"loop-entry"},"aioseo_notices":[],"_links":{"self":[{"href":"https:\/\/emeraldsring.com\/de\/wp-json\/wp\/v2\/product\/1545","targetHints":{"allow":["GET"]}}],"collection":[{"href":"https:\/\/emeraldsring.com\/de\/wp-json\/wp\/v2\/product"}],"about":[{"href":"https:\/\/emeraldsring.com\/de\/wp-json\/wp\/v2\/types\/product"}],"replies":[{"embeddable":true,"href":"https:\/\/emeraldsring.com\/de\/wp-json\/wp\/v2\/comments?post=1545"}],"version-history":[{"count":7,"href":"https:\/\/emeraldsring.com\/de\/wp-json\/wp\/v2\/product\/1545\/revisions"}],"predecessor-version":[{"id":1714,"href":"https:\/\/emeraldsring.com\/de\/wp-json\/wp\/v2\/product\/1545\/revisions\/1714"}],"wp:featuredmedia":[{"embeddable":true,"href":"https:\/\/emeraldsring.com\/de\/wp-json\/wp\/v2\/media\/1549"}],"wp:attachment":[{"href":"https:\/\/emeraldsring.com\/de\/wp-json\/wp\/v2\/media?parent=1545"}],"wp:term":[{"taxonomy":"product_brand","embeddable":true,"href":"https:\/\/emeraldsring.com\/de\/wp-json\/wp\/v2\/product_brand?post=1545"},{"taxonomy":"product_cat","embeddable":true,"href":"https:\/\/emeraldsring.com\/de\/wp-json\/wp\/v2\/product_cat?post=1545"},{"taxonomy":"product_tag","embeddable":true,"href":"https:\/\/emeraldsring.com\/de\/wp-json\/wp\/v2\/product_tag?post=1545"}],"curies":[{"name":"wp","href":"https:\/\/api.w.org\/{rel}","templated":true}]}}