{"id":20,"date":"2025-02-04T10:02:28","date_gmt":"2025-02-04T10:02:28","guid":{"rendered":"https:\/\/emeraldsring.com\/?post_type=product&#038;p=20"},"modified":"2025-04-28T19:59:11","modified_gmt":"2025-04-28T14:59:11","slug":"elegant-princess-diana-inspired-emerald-ring","status":"publish","type":"product","link":"https:\/\/emeraldsring.com\/de\/produkt\/elegant-princess-diana-inspired-emerald-ring\/","title":{"rendered":"Eleganter von Prinzessin Diana inspirierter Smaragd-Verlobungsring"},"content":{"rendered":"<p>Erweitern Sie Ihre Schmucksammlung mit diesem <strong>Prinzessin-Diana-inspirierter Smaragdring<\/strong>ein Meisterwerk an Stil und Handwerkskunst. Entworfen mit <strong>S925 Sterlingsilber<\/strong>Der Ring ist mit einem faszinierenden <strong>Kaschmir blauer Edelstein<\/strong>der an die feinsten Smaragde erinnert, bildet das Herzst\u00fcck. Umgeben von schillernden Zirkonia-Steinen strahlt dieser Ring einen k\u00f6niglichen Charme aus, der ihn zum perfekten Accessoire f\u00fcr formelle Anl\u00e4sse oder zu einem bedeutungsvollen Geschenk macht.<\/p>\n<p>&nbsp;<\/p>\n<h4>Wesentliche Merkmale<\/h4>\n<ul>\n<li><strong>Hochwertiges Material:<\/strong> Fachm\u00e4nnisch gefertigt aus S925 Sterlingsilber f\u00fcr lang anhaltenden Glanz und hypoallergenen Komfort.<\/li>\n<li><strong>Atemberaubendes Mittelst\u00fcck:<\/strong> Ein kaschmirblauer Edelstein, der die Sch\u00f6nheit und Eleganz eines Smaragds ausstrahlt.<\/li>\n<li><strong>Gl\u00e4nzende Akzente:<\/strong> Umgeben von schimmernden Zirkoniasteinen, die seine Brillanz verst\u00e4rken.<\/li>\n<li><strong>Ikonisches Design:<\/strong> Inspiriert von Prinzessin Dianas legend\u00e4rem Smaragdring, der zeitlose Raffinesse symbolisiert.<\/li>\n<li><strong>Multi-Occasion Wear:<\/strong> Perfekt f\u00fcr Verlobungen, Hochzeiten oder als luxuri\u00f6ses Schmuckst\u00fcck f\u00fcr den Alltag.<\/li>\n<li><strong>Bequeme Passform:<\/strong> Leichtes und ergonomisches Design f\u00fcr ganzt\u00e4gigen Komfort.<\/li>\n<\/ul>\n<h4>Warum Sie diesen Ring kaufen sollten<\/h4>\n<ul>\n<li><strong>K\u00f6nigliche Eleganz:<\/strong> Das Design des Smaragdrings verleiht jedem Look einen Hauch von k\u00f6niglicher Raffinesse.<\/li>\n<li><strong>Au\u00dfergew\u00f6hnliche Qualit\u00e4t:<\/strong> Handgefertigt f\u00fcr ein makelloses Finish mit hochwertigen Materialien.<\/li>\n<li><strong>Vielseitige Anziehungskraft:<\/strong> Ideal f\u00fcr formelle und legere Anl\u00e4sse.<\/li>\n<li><strong>Bedeutungsvolles Geschenk:<\/strong> Ein denkw\u00fcrdiges Geschenk f\u00fcr Jubil\u00e4en, Verlobungen oder Meilensteine.<\/li>\n<\/ul>\n<h4>Abmessungen<\/h4>\n<ul>\n<li>Ringgr\u00f6\u00dfe: Erh\u00e4ltlich in mehreren Gr\u00f6\u00dfen, um eine perfekte Passform zu gew\u00e4hrleisten.<\/li>\n<li>Gewicht: 3,5 Gramm (ungef\u00e4hr).<\/li>\n<li>Abmessungen des Edelsteins: Durchmesser des Mittelst\u00fccks 10 mm.<\/li>\n<\/ul>\n<h4><\/h4>\n<p><a href=\"https:\/\/emeraldring.shop\/wp-content\/uploads\/2022\/12\/Elegant-Princess-Diana-Inspired-Emerald-Ring-\u2013-S925-Sterling-Silver-with-Kashmir-Blue-Gemstone-3.jpg\"><img fetchpriority=\"high\" decoding=\"async\" src=\"https:\/\/emeraldring.shop\/wp-content\/uploads\/2022\/12\/Elegant-Princess-Diana-Inspired-Emerald-Ring-\u2013-S925-Sterling-Silver-with-Kashmir-Blue-Gemstone-3.jpg\" alt=\"Elegant Princess Diana Inspired Emerald Ring \u2013 S925 Sterling Silver with Kashmir\" width=\"950\" height=\"679\" \/><\/a> <a href=\"https:\/\/emeraldring.shop\/wp-content\/uploads\/2022\/12\/Elegant-Princess-Diana-Inspired-Emerald-Ring-\u2013-S925-Sterling-Silver-with-Kashmir-Blue-Gemstone-4.jpg\"><img decoding=\"async\" src=\"https:\/\/emeraldring.shop\/wp-content\/uploads\/2022\/12\/Elegant-Princess-Diana-Inspired-Emerald-Ring-\u2013-S925-Sterling-Silver-with-Kashmir-Blue-Gemstone-4.jpg\" alt=\"Elegant Princess Diana Inspired Emerald Ring \u2013 S925 Sterling Silver with Kashmir\" width=\"950\" height=\"729\" \/><\/a> <a href=\"https:\/\/emeraldring.shop\/wp-content\/uploads\/2022\/12\/Elegant-Princess-Diana-Inspired-Emerald-Ring-\u2013-S925-Sterling-Silver-with-Kashmir-Blue-Gemstone-6.jpg\"><img decoding=\"async\" src=\"https:\/\/emeraldring.shop\/wp-content\/uploads\/2022\/12\/Elegant-Princess-Diana-Inspired-Emerald-Ring-\u2013-S925-Sterling-Silver-with-Kashmir-Blue-Gemstone-6.jpg\" alt=\"Elegant Princess Diana Inspired Emerald Ring \u2013 S925 Sterling Silver with Kashmir\" width=\"950\" height=\"598\" \/><\/a> <a href=\"https:\/\/emeraldring.shop\/wp-content\/uploads\/2022\/12\/Elegant-Princess-Diana-Inspired-Emerald-Ring-\u2013-S925-Sterling-Silver-with-Kashmir-Blue-Gemstone-11.jpg\"><img loading=\"lazy\" decoding=\"async\" src=\"https:\/\/emeraldring.shop\/wp-content\/uploads\/2022\/12\/Elegant-Princess-Diana-Inspired-Emerald-Ring-\u2013-S925-Sterling-Silver-with-Kashmir-Blue-Gemstone-11.jpg\" alt=\"Elegant Princess Diana Inspired Emerald Ring \u2013 S925 Sterling Silver with Kashmir\" width=\"950\" height=\"855\" \/><\/a> <a href=\"https:\/\/emeraldring.shop\/wp-content\/uploads\/2022\/12\/Elegant-Princess-Diana-Inspired-Emerald-Ring-\u2013-S925-Sterling-Silver-with-Kashmir-Blue-Gemstone-13.jpg\"><img loading=\"lazy\" decoding=\"async\" src=\"https:\/\/emeraldring.shop\/wp-content\/uploads\/2022\/12\/Elegant-Princess-Diana-Inspired-Emerald-Ring-\u2013-S925-Sterling-Silver-with-Kashmir-Blue-Gemstone-13.jpg\" alt=\"Elegant Princess Diana Inspired Emerald Ring \u2013 S925 Sterling Silver with Kashmir\" width=\"950\" height=\"902\" \/><\/a> <a href=\"https:\/\/emeraldring.shop\/wp-content\/uploads\/2022\/12\/Elegant-Princess-Diana-Inspired-Emerald-Ring-\u2013-S925-Sterling-Silver-with-Kashmir-Blue-Gemstone-14.jpg\"><img loading=\"lazy\" decoding=\"async\" src=\"https:\/\/emeraldring.shop\/wp-content\/uploads\/2022\/12\/Elegant-Princess-Diana-Inspired-Emerald-Ring-\u2013-S925-Sterling-Silver-with-Kashmir-Blue-Gemstone-14.jpg\" alt=\"Elegant Princess Diana Inspired Emerald Ring \u2013 S925 Sterling Silver with Kashmir\" width=\"950\" height=\"823\" \/><\/a> <a href=\"https:\/\/emeraldring.shop\/wp-content\/uploads\/2022\/12\/Elegant-Princess-Diana-Inspired-Emerald-Ring-\u2013-S925-Sterling-Silver-with-Kashmir-Blue-Gemstone-16.jpg\"><img loading=\"lazy\" decoding=\"async\" src=\"https:\/\/emeraldring.shop\/wp-content\/uploads\/2022\/12\/Elegant-Princess-Diana-Inspired-Emerald-Ring-\u2013-S925-Sterling-Silver-with-Kashmir-Blue-Gemstone-16.jpg\" alt=\"Elegant Princess Diana Inspired Emerald Ring \u2013 S925 Sterling Silver with Kashmir\" width=\"950\" height=\"828\" \/><\/a><\/p>","protected":false},"excerpt":{"rendered":"<p>Werten Sie Ihre Schmucksammlung mit diesem von Prinzessin Diana inspirierten Smaragdring auf, einem Meisterwerk an Stil und Handwerkskunst. Der aus S925-Sterlingsilber gefertigte Ring tr\u00e4gt als Herzst\u00fcck einen faszinierenden kaschmirblauen Edelstein, der an die feinsten Smaragde erinnert. Umgeben von schillernden Zirkonia-Steinen, strahlt dieser Ring einen k\u00f6niglichen Charme aus, der ihn zum perfekten Accessoire f\u00fcr...<\/p>","protected":false},"featured_media":50,"comment_status":"open","ping_status":"closed","template":"","meta":{"_kad_post_transparent":"","_kad_post_title":"","_kad_post_layout":"","_kad_post_sidebar_id":"","_kad_post_content_style":"","_kad_post_vertical_padding":"","_kad_post_feature":"","_kad_post_feature_position":"","_kad_post_header":false,"_kad_post_footer":false},"product_brand":[],"product_cat":[16,89,17,77,15],"product_tag":[18,19],"class_list":{"0":"post-20","1":"product","2":"type-product","3":"status-publish","4":"has-post-thumbnail","6":"product_cat-emerald-ring","7":"product_cat-engagement-and-wedding","8":"product_cat-engagement-ring","9":"product_cat-lady-diana","10":"product_cat-rings","11":"product_tag-emerald-ring","12":"product_tag-oval-ring","14":"first","15":"instock","16":"featured","17":"shipping-taxable","18":"purchasable","19":"product-type-variable","20":"entry","21":"content-bg","22":"loop-entry"},"aioseo_notices":[],"_links":{"self":[{"href":"https:\/\/emeraldsring.com\/de\/wp-json\/wp\/v2\/product\/20","targetHints":{"allow":["GET"]}}],"collection":[{"href":"https:\/\/emeraldsring.com\/de\/wp-json\/wp\/v2\/product"}],"about":[{"href":"https:\/\/emeraldsring.com\/de\/wp-json\/wp\/v2\/types\/product"}],"replies":[{"embeddable":true,"href":"https:\/\/emeraldsring.com\/de\/wp-json\/wp\/v2\/comments?post=20"}],"version-history":[{"count":3,"href":"https:\/\/emeraldsring.com\/de\/wp-json\/wp\/v2\/product\/20\/revisions"}],"predecessor-version":[{"id":559,"href":"https:\/\/emeraldsring.com\/de\/wp-json\/wp\/v2\/product\/20\/revisions\/559"}],"wp:featuredmedia":[{"embeddable":true,"href":"https:\/\/emeraldsring.com\/de\/wp-json\/wp\/v2\/media\/50"}],"wp:attachment":[{"href":"https:\/\/emeraldsring.com\/de\/wp-json\/wp\/v2\/media?parent=20"}],"wp:term":[{"taxonomy":"product_brand","embeddable":true,"href":"https:\/\/emeraldsring.com\/de\/wp-json\/wp\/v2\/product_brand?post=20"},{"taxonomy":"product_cat","embeddable":true,"href":"https:\/\/emeraldsring.com\/de\/wp-json\/wp\/v2\/product_cat?post=20"},{"taxonomy":"product_tag","embeddable":true,"href":"https:\/\/emeraldsring.com\/de\/wp-json\/wp\/v2\/product_tag?post=20"}],"curies":[{"name":"wp","href":"https:\/\/api.w.org\/{rel}","templated":true}]}}