{"id":23,"date":"2025-02-04T10:02:28","date_gmt":"2025-02-04T10:02:28","guid":{"rendered":"https:\/\/emeraldsring.com\/?post_type=product&#038;p=23"},"modified":"2025-03-03T11:32:03","modified_gmt":"2025-03-03T06:32:03","slug":"exquisite-925-sterling-silver-emerald-ring","status":"publish","type":"product","link":"https:\/\/emeraldsring.com\/de\/produkt\/exquisite-925-sterling-silver-emerald-ring\/","title":{"rendered":"Exquisiter 925 Sterling Silber Smaragdschliff Diamantring"},"content":{"rendered":"<div data-elementor-type=\"wp-post\" data-elementor-id=\"23\" class=\"elementor elementor-23\" data-elementor-post-type=\"product\">\n\t\t\t\t<div class=\"elementor-element elementor-element-1fea1d20 e-flex e-con-boxed e-con e-parent\" data-id=\"1fea1d20\" data-element_type=\"container\">\n\t\t\t\t\t<div class=\"e-con-inner\">\n\t\t\t\t<div class=\"elementor-element elementor-element-45626949 elementor-widget elementor-widget-text-editor\" data-id=\"45626949\" data-element_type=\"widget\" data-widget_type=\"text-editor.default\">\n\t\t\t\t<div class=\"elementor-widget-container\">\n\t\t\t\t\t\t\t\t\t<p data-start=\"366\" data-end=\"777\">Erleben Sie die perfekte Mischung aus Raffinesse und Luxus mit unserem 925 Sterling Silber Smaragd Ring. Mit einem brillanten ovalen Smaragd in der Mitte, umgeben von einem Halo aus schillernden Diamanten, ist dieser Ring entworfen, um zu fesseln. Sein zeitloses Design und die hochwertige Verarbeitung machen ihn zu einer idealen Wahl f\u00fcr Verlobungen, Hochzeiten oder als besonderes Geschenk f\u00fcr einen ganz besonderen Menschen.<\/p><p data-start=\"779\" data-end=\"1054\">Der sattgr\u00fcne Smaragd symbolisiert Liebe und Erneuerung, w\u00e4hrend die strahlenden Diamanten dem Schmuckst\u00fcck einen zus\u00e4tzlichen Hauch von Brillanz verleihen. Gefertigt aus hochwertigem 925er Sterlingsilber verspricht dieser Ring Best\u00e4ndigkeit und dauerhafte Sch\u00f6nheit und ist damit eine zeitlose Erg\u00e4nzung f\u00fcr jede Schmucksammlung.<\/p><p data-start=\"1056\" data-end=\"1073\"><strong data-start=\"1056\" data-end=\"1073\">Wesentliche Merkmale:<\/strong><\/p><ul data-start=\"1074\" data-end=\"1357\"><li data-start=\"1074\" data-end=\"1116\">Hochwertige 925 Sterling Silber Fassung<\/li><li data-start=\"1117\" data-end=\"1177\">Ovaler Smaragd als Mittelstein, umgeben von funkelnden Diamanten<\/li><li data-start=\"1178\" data-end=\"1252\">Zeitloses Design, perfekt f\u00fcr Hochzeiten, Verlobungen und besondere Anl\u00e4sse<\/li><li data-start=\"1253\" data-end=\"1300\">Erh\u00e4ltlich in mehreren Gr\u00f6\u00dfen f\u00fcr eine perfekte Passform<\/li><li data-start=\"1301\" data-end=\"1357\">Elegantes und luxuri\u00f6ses St\u00fcck, das jeden Stil erg\u00e4nzt<\/li><\/ul><p data-start=\"1359\" data-end=\"1521\" data-is-last-node=\"\">Werten Sie Ihre Schmucksammlung mit diesem luxuri\u00f6sen Smaragdring auf und verleihen Sie jedem Anlass einen Hauch von Glamour. Kaufen Sie jetzt und sichern Sie sich dieses exquisite St\u00fcck noch heute!<\/p>\t\t\t\t\t\t\t\t<\/div>\n\t\t\t\t<\/div>\n\t\t\t\t\t<\/div>\n\t\t\t\t<\/div>\n\t\t\t\t<\/div>","protected":false},"excerpt":{"rendered":"<p><strong>Warum diesen Smaragdring w\u00e4hlen?<\/strong><\/p>\n<ol>\n<li><strong>Zeitlose Eleganz:<\/strong> Der Smaragd im Brillantschliff strahlt Luxus und Klasse aus und macht ihn zu einer auff\u00e4lligen Erg\u00e4nzung f\u00fcr jedes Outfit.<\/li>\n<li><strong>Exquisite Handwerkskunst:<\/strong> Jedes Detail ist sorgf\u00e4ltig ausgearbeitet, von den kohlenstoffreichen Diamanten bis hin zum polierten Sterlingsilberband.<\/li>\n<li><strong>Perfektes Geschenk:<\/strong> Ein durchdachtes und wundersch\u00f6nes Geschenk f\u00fcr die Liebsten zu besonderen Anl\u00e4ssen wie Geburtstagen, Verlobungen, Jahrestagen oder Feiertagen.<\/li>\n<li><strong>Erschwinglicher Luxus:<\/strong> Genie\u00dfen Sie das Aussehen von hochwertigem Schmuck, ohne die Bank zu sprengen.<\/li>\n<\/ol>","protected":false},"featured_media":59,"comment_status":"open","ping_status":"closed","template":"","meta":{"_kad_post_transparent":"","_kad_post_title":"","_kad_post_layout":"","_kad_post_sidebar_id":"","_kad_post_content_style":"","_kad_post_vertical_padding":"","_kad_post_feature":"","_kad_post_feature_position":"","_kad_post_header":false,"_kad_post_footer":false},"product_brand":[],"product_cat":[78,16,89,17,67,20,15,71],"product_tag":[18],"class_list":{"0":"post-23","1":"product","2":"type-product","3":"status-publish","4":"has-post-thumbnail","6":"product_cat-celtic","7":"product_cat-emerald-ring","8":"product_cat-engagement-and-wedding","9":"product_cat-engagement-ring","10":"product_cat-lab-grown-gemstones-ring","11":"product_cat-oval-ring","12":"product_cat-rings","13":"product_cat-three-stone","14":"product_tag-emerald-ring","16":"first","17":"instock","18":"shipping-taxable","19":"purchasable","20":"product-type-variable","21":"has-default-attributes","22":"entry","23":"content-bg","24":"loop-entry"},"aioseo_notices":[],"_links":{"self":[{"href":"https:\/\/emeraldsring.com\/de\/wp-json\/wp\/v2\/product\/23","targetHints":{"allow":["GET"]}}],"collection":[{"href":"https:\/\/emeraldsring.com\/de\/wp-json\/wp\/v2\/product"}],"about":[{"href":"https:\/\/emeraldsring.com\/de\/wp-json\/wp\/v2\/types\/product"}],"replies":[{"embeddable":true,"href":"https:\/\/emeraldsring.com\/de\/wp-json\/wp\/v2\/comments?post=23"}],"version-history":[{"count":6,"href":"https:\/\/emeraldsring.com\/de\/wp-json\/wp\/v2\/product\/23\/revisions"}],"predecessor-version":[{"id":1446,"href":"https:\/\/emeraldsring.com\/de\/wp-json\/wp\/v2\/product\/23\/revisions\/1446"}],"wp:featuredmedia":[{"embeddable":true,"href":"https:\/\/emeraldsring.com\/de\/wp-json\/wp\/v2\/media\/59"}],"wp:attachment":[{"href":"https:\/\/emeraldsring.com\/de\/wp-json\/wp\/v2\/media?parent=23"}],"wp:term":[{"taxonomy":"product_brand","embeddable":true,"href":"https:\/\/emeraldsring.com\/de\/wp-json\/wp\/v2\/product_brand?post=23"},{"taxonomy":"product_cat","embeddable":true,"href":"https:\/\/emeraldsring.com\/de\/wp-json\/wp\/v2\/product_cat?post=23"},{"taxonomy":"product_tag","embeddable":true,"href":"https:\/\/emeraldsring.com\/de\/wp-json\/wp\/v2\/product_tag?post=23"}],"curies":[{"name":"wp","href":"https:\/\/api.w.org\/{rel}","templated":true}]}}