{"id":24,"date":"2025-02-04T10:02:28","date_gmt":"2025-02-04T10:02:28","guid":{"rendered":"https:\/\/emeraldsring.com\/?post_type=product&#038;p=24"},"modified":"2025-03-03T11:31:39","modified_gmt":"2025-03-03T06:31:39","slug":"elegant-925-sterling-silver-eternity-band","status":"publish","type":"product","link":"https:\/\/emeraldsring.com\/de\/produkt\/elegant-925-sterling-silver-eternity-band\/","title":{"rendered":"Eleganter 925 Sterling Silber Eternity Band Edelstein Ring"},"content":{"rendered":"<div data-elementor-type=\"wp-post\" data-elementor-id=\"24\" class=\"elementor elementor-24\" data-elementor-post-type=\"product\">\n\t\t\t\t<div class=\"elementor-element elementor-element-3ddd48dc e-flex e-con-boxed e-con e-parent\" data-id=\"3ddd48dc\" data-element_type=\"container\" data-e-type=\"container\">\n\t\t\t\t\t<div class=\"e-con-inner\">\n\t\t\t\t<div class=\"elementor-element elementor-element-6435727 elementor-widget elementor-widget-text-editor\" data-id=\"6435727\" data-element_type=\"widget\" data-e-type=\"widget\" data-widget_type=\"text-editor.default\">\n\t\t\t\t<div class=\"elementor-widget-container\">\n\t\t\t\t\t\t\t\t\t<p data-start=\"383\" data-end=\"788\">G\u00f6nnen Sie sich die zeitlose Sch\u00f6nheit unseres 925 Sterling Silber Rings mit Princess Cut Diamanten. Dieser luxuri\u00f6se Ring wurde sorgf\u00e4ltig mit der Mikro-Pflastertechnik gefertigt und ist mit funkelnden Steinen im Prinzess-Schliff in Smaragd-, Saphir- oder Diamantvariationen besetzt. Das makellose Design sorgt daf\u00fcr, dass der Ring aus jedem Blickwinkel gl\u00e4nzt und einen raffinierten Look f\u00fcr jede Gelegenheit bietet.<\/p><p data-start=\"790\" data-end=\"1064\">Egal, ob Sie einen besonderen Moment feiern oder Ihrem Alltagsstil einen Hauch von Glamour verleihen m\u00f6chten, dieser Ring ist die perfekte Wahl. Die hochwertige Konstruktion aus Sterlingsilber sorgt f\u00fcr Langlebigkeit, w\u00e4hrend die schimmernden Steine ihn zu einem herausragenden St\u00fcck in jeder Schmucksammlung machen.<\/p><p data-start=\"1066\" data-end=\"1083\"><strong data-start=\"1066\" data-end=\"1083\">Wesentliche Merkmale:<\/strong><\/p><ul data-start=\"1084\" data-end=\"1382\"><li data-start=\"1084\" data-end=\"1123\">Hergestellt aus hochwertigem 925er Sterling Silber<\/li><li data-start=\"1124\" data-end=\"1200\">Micro-Paving-Design mit Smaragd-, Saphir- oder Diamantsteinen im Prinzessinnenschliff<\/li><li data-start=\"1201\" data-end=\"1259\">Erh\u00e4ltlich in verschiedenen Farben und Gr\u00f6\u00dfen f\u00fcr eine perfekte Passform<\/li><li data-start=\"1260\" data-end=\"1322\">Elegantes und vielseitiges Design f\u00fcr formelle und legere Anl\u00e4sse<\/li><li data-start=\"1323\" data-end=\"1382\">Ein luxuri\u00f6ses St\u00fcck, das jede Schmucksammlung erg\u00e4nzt<\/li><\/ul><p data-start=\"1384\" data-end=\"1575\" data-is-last-node=\"\">Erg\u00e4nzen Sie noch heute Ihre Sammlung mit diesem atemberaubenden Diamantring im Prinzess-Schliff und erleben Sie den Glanz und die Raffinesse, die er ausstrahlt. Perfekt zum Verschenken oder um sich selbst etwas Besonderes zu g\u00f6nnen!<\/p>\t\t\t\t\t\t\t\t<\/div>\n\t\t\t\t<\/div>\n\t\t\t\t\t<\/div>\n\t\t\t\t<\/div>\n\t\t\t\t<\/div>","protected":false},"excerpt":{"rendered":"<p><strong>Warum dieses Ewigkeitsarmband w\u00e4hlen?<\/strong><\/p>\n<ol>\n<li><strong>Anspruchsvolles Design:<\/strong> Die raffinierte Kombination aus Edelsteinen im Prinzess-Schliff und Zirkonia im Pavee-Schliff sorgt f\u00fcr einen atemberaubenden optischen Effekt.<\/li>\n<li><strong>Hochwertige Handwerkskunst:<\/strong> Fachm\u00e4nnisch und mit viel Liebe zum Detail gefertigt, um eine polierte und langlebige Oberfl\u00e4che zu gew\u00e4hrleisten.<\/li>\n<li><strong>Perfekt zum Verschenken:<\/strong> Ein durchdachtes Geschenk f\u00fcr Jubil\u00e4en, Hochzeiten, Geburtstage oder andere Anl\u00e4sse.<\/li>\n<li><strong>Zeitlose Anziehungskraft:<\/strong> Dieser vielseitige Ring kann sowohl zu legerer als auch zu formeller Kleidung passen und ist somit ein unverzichtbarer Bestandteil jeder Schmucksammlung.<\/li>\n<\/ol>","protected":false},"featured_media":66,"comment_status":"open","ping_status":"closed","template":"","meta":{"_kad_post_transparent":"","_kad_post_title":"","_kad_post_layout":"","_kad_post_sidebar_id":"","_kad_post_content_style":"","_kad_post_vertical_padding":"","_kad_post_feature":"","_kad_post_feature_position":"","_kad_post_header":false,"_kad_post_footer":false},"product_brand":[],"product_cat":[15,16,17,21,67],"product_tag":[18,22],"class_list":{"0":"post-24","1":"product","2":"type-product","3":"status-publish","4":"has-post-thumbnail","6":"product_cat-rings","7":"product_cat-emerald-ring","8":"product_cat-engagement-ring","9":"product_cat-eternity-band","10":"product_cat-lab-grown-gemstones-ring","11":"product_tag-emerald-ring","12":"product_tag-eternity-band","14":"first","15":"instock","16":"featured","17":"shipping-taxable","18":"purchasable","19":"product-type-variable","20":"entry","21":"content-bg","22":"loop-entry"},"aioseo_notices":[],"_links":{"self":[{"href":"https:\/\/emeraldsring.com\/de\/wp-json\/wp\/v2\/product\/24","targetHints":{"allow":["GET"]}}],"collection":[{"href":"https:\/\/emeraldsring.com\/de\/wp-json\/wp\/v2\/product"}],"about":[{"href":"https:\/\/emeraldsring.com\/de\/wp-json\/wp\/v2\/types\/product"}],"replies":[{"embeddable":true,"href":"https:\/\/emeraldsring.com\/de\/wp-json\/wp\/v2\/comments?post=24"}],"version-history":[{"count":6,"href":"https:\/\/emeraldsring.com\/de\/wp-json\/wp\/v2\/product\/24\/revisions"}],"predecessor-version":[{"id":1448,"href":"https:\/\/emeraldsring.com\/de\/wp-json\/wp\/v2\/product\/24\/revisions\/1448"}],"wp:featuredmedia":[{"embeddable":true,"href":"https:\/\/emeraldsring.com\/de\/wp-json\/wp\/v2\/media\/66"}],"wp:attachment":[{"href":"https:\/\/emeraldsring.com\/de\/wp-json\/wp\/v2\/media?parent=24"}],"wp:term":[{"taxonomy":"product_brand","embeddable":true,"href":"https:\/\/emeraldsring.com\/de\/wp-json\/wp\/v2\/product_brand?post=24"},{"taxonomy":"product_cat","embeddable":true,"href":"https:\/\/emeraldsring.com\/de\/wp-json\/wp\/v2\/product_cat?post=24"},{"taxonomy":"product_tag","embeddable":true,"href":"https:\/\/emeraldsring.com\/de\/wp-json\/wp\/v2\/product_tag?post=24"}],"curies":[{"name":"wp","href":"https:\/\/api.w.org\/{rel}","templated":true}]}}