{"id":26,"date":"2025-02-04T10:02:28","date_gmt":"2025-02-04T10:02:28","guid":{"rendered":"https:\/\/emeraldsring.com\/?post_type=product&#038;p=26"},"modified":"2025-04-28T20:00:08","modified_gmt":"2025-04-28T15:00:08","slug":"925-sterling-silver-eternity-band-with-emerald-cut-gemstones","status":"publish","type":"product","link":"https:\/\/emeraldsring.com\/de\/produkt\/925-sterling-silver-eternity-band-with-emerald-cut-gemstones\/","title":{"rendered":"925 Sterling Silber Eternity Band Smaragd Schliff Edelsteine Ring"},"content":{"rendered":"<div data-elementor-type=\"wp-post\" data-elementor-id=\"26\" class=\"elementor elementor-26\" data-elementor-post-type=\"product\">\n\t\t\t\t<div class=\"elementor-element elementor-element-230e27c9 e-flex e-con-boxed e-con e-parent\" data-id=\"230e27c9\" data-element_type=\"container\" data-e-type=\"container\">\n\t\t\t\t\t<div class=\"e-con-inner\">\n\t\t<div class=\"elementor-element elementor-element-b303aaa e-con-full e-flex e-con e-child\" data-id=\"b303aaa\" data-element_type=\"container\" data-e-type=\"container\">\n\t\t\t\t<div class=\"elementor-element elementor-element-8473c4b elementor-widget elementor-widget-video\" data-id=\"8473c4b\" data-element_type=\"widget\" data-e-type=\"widget\" data-settings=\"{&quot;youtube_url&quot;:&quot;https:\\\/\\\/youtube.com\\\/watch?v=papCSQnpzxI&quot;,&quot;loop&quot;:&quot;yes&quot;,&quot;video_type&quot;:&quot;youtube&quot;,&quot;controls&quot;:&quot;yes&quot;}\" data-widget_type=\"video.default\">\n\t\t\t\t<div class=\"elementor-widget-container\">\n\t\t\t\t\t\t\t<div class=\"elementor-wrapper elementor-open-inline\">\n\t\t\t<div class=\"elementor-video\"><\/div>\t\t<\/div>\n\t\t\t\t\t\t<\/div>\n\t\t\t\t<\/div>\n\t\t\t\t<\/div>\n\t\t\t\t<div class=\"elementor-element elementor-element-5214f64c elementor-widget elementor-widget-text-editor\" data-id=\"5214f64c\" data-element_type=\"widget\" data-e-type=\"widget\" data-widget_type=\"text-editor.default\">\n\t\t\t\t<div class=\"elementor-widget-container\">\n\t\t\t\t\t\t\t\t\t<strong>\u00dcberblick:<\/strong>\r\nDiese <strong>925 Sterling Silber Smaragd Ring<\/strong> ist ein auff\u00e4lliges Schmuckst\u00fcck f\u00fcr alle, die Eleganz und Raffinesse zu sch\u00e4tzen wissen. Das Band ist mit simulierten Edelsteinen im Smaragdschliff verziert, die in leuchtendem Gr\u00fcn, Rubinrot und klaren, diamant\u00e4hnlichen Farben erh\u00e4ltlich sind, was es zu einem vielseitigen Accessoire f\u00fcr jede Gelegenheit macht.\r\n\r\n<strong>Merkmale:<\/strong>\r\n<ul>\r\n \t<li><strong>Hochwertiges Material:<\/strong> Gefertigt aus haltbarem und hypoallergenem 925er Sterlingsilber mit einer polierten Oberfl\u00e4che f\u00fcr dauerhaften Glanz.<\/li>\r\n \t<li><strong>Edelsteine im Smaragdschliff:<\/strong> Mit einer Reihe von pr\u00e4zisionsgeschliffenen Steinen von au\u00dfergew\u00f6hnlicher Brillanz und Klarheit.<\/li>\r\n \t<li><strong>Eternity Band Design:<\/strong> Symbolisiert ewige Sch\u00f6nheit, mit Edelsteinen, die den Ring nahtlos umschlie\u00dfen und ihm einen k\u00fchnen und glamour\u00f6sen Look verleihen.<\/li>\r\n \t<li><strong>Mehrere Farboptionen:<\/strong> W\u00e4hlen Sie zwischen gr\u00fcnen (smaragdgr\u00fcnen), roten (rubinroten) oder klaren (diamantgr\u00fcnen) Edelsteinen.<\/li>\r\n \t<li><strong>Perfekte Passform:<\/strong> Erh\u00e4ltlich in mehreren Gr\u00f6\u00dfen, die einen bequemen und sicheren Sitz gew\u00e4hrleisten.<\/li>\r\n \t<li><strong>Vielseitig tragbar:<\/strong> Ideal f\u00fcr formelle Anl\u00e4sse, Cocktailpartys oder als allt\u00e4gliches Schmuckst\u00fcck.<\/li>\r\n<\/ul>\r\n<strong>Spezifikationen:<\/strong>\r\n<ul>\r\n \t<li><strong>Material:<\/strong> 925 Sterling Silber<\/li>\r\n \t<li><strong>Steinart:<\/strong> Simulierte Smaragde und andere Farbsteine<\/li>\r\n \t<li><strong>Ringbreite:<\/strong> Ca. 6 mm<\/li>\r\n \t<li><strong>Gewicht:<\/strong> Ca. 3,5 g<\/li>\r\n<\/ul>\r\n<strong>Pflegetipps:<\/strong>\r\n<ul>\r\n \t<li>Halten Sie den Ring von Chemikalien, Parf\u00fcm und \u00fcberm\u00e4\u00dfiger Feuchtigkeit fern, damit er seinen Glanz beh\u00e4lt.<\/li>\r\n \t<li>Reinigen Sie es nach dem Gebrauch vorsichtig mit einem weichen Tuch.<\/li>\r\n \t<li>Separat in einem Schmuckk\u00e4stchen aufbewahren, um Kratzer oder Anlaufen zu vermeiden.<\/li>\r\n<\/ul>\r\n<strong>Perfekt f\u00fcr jede Gelegenheit:<\/strong>\r\nDiese <strong>Smaragd-Ewigkeitsring<\/strong> wurde entworfen, um Ihrem allt\u00e4glichen Stil einen Hauch von Luxus zu verleihen oder um Sie bei besonderen Anl\u00e4ssen zum Strahlen zu bringen. Kombinieren Sie ihn mit anderem Silberschmuck oder lassen Sie ihn als gewagtes Statement-St\u00fcck f\u00fcr sich stehen.\r\n\r\n<a href=\"https:\/\/emeraldring.shop\/wp-content\/uploads\/2022\/12\/925-Sterling-Silver-Eternity-Band-with-Emerald-Cut-Gemstones-1.jpg\"><img fetchpriority=\"high\" decoding=\"async\" src=\"https:\/\/emeraldring.shop\/wp-content\/uploads\/2022\/12\/925-Sterling-Silver-Eternity-Band-with-Emerald-Cut-Gemstones-1-300x300.jpg\" alt=\"925 Sterling Silver Eternity Band with Emerald-Cut Gemstones\" width=\"800\" height=\"799\" \/><\/a>\r\n\r\n<a href=\"https:\/\/emeraldring.shop\/wp-content\/uploads\/2022\/12\/925-Sterling-Silver-Eternity-Band-with-Emerald-Cut-Gemstones-2.jpg\"><img decoding=\"async\" src=\"https:\/\/emeraldring.shop\/wp-content\/uploads\/2022\/12\/925-Sterling-Silver-Eternity-Band-with-Emerald-Cut-Gemstones-2-300x300.jpg\" alt=\"925 Sterling Silver Eternity Band with Emerald-Cut Gemstones\" width=\"800\" height=\"800\" \/><\/a>\r\n\r\n<a href=\"https:\/\/emeraldring.shop\/wp-content\/uploads\/2022\/12\/925-Sterling-Silver-Eternity-Band-with-Emerald-Cut-Gemstones-3.jpg\"><img decoding=\"async\" src=\"https:\/\/emeraldring.shop\/wp-content\/uploads\/2022\/12\/925-Sterling-Silver-Eternity-Band-with-Emerald-Cut-Gemstones-3.jpg\" alt=\"925 Sterling Silver Eternity Band with Emerald-Cut Gemstones\" width=\"800\" height=\"800\" \/><\/a> <a href=\"https:\/\/emeraldring.shop\/wp-content\/uploads\/2022\/12\/925-Sterling-Silver-Eternity-Band-with-Emerald-Cut-Gemstones-4.jpg\"><img loading=\"lazy\" decoding=\"async\" src=\"https:\/\/emeraldring.shop\/wp-content\/uploads\/2022\/12\/925-Sterling-Silver-Eternity-Band-with-Emerald-Cut-Gemstones-4-300x300.jpg\" alt=\"925 Sterling Silver Eternity Band with Emerald-Cut Gemstones\" width=\"800\" height=\"801\" \/><\/a> <a href=\"https:\/\/emeraldring.shop\/wp-content\/uploads\/2022\/12\/925-Sterling-Silver-Eternity-Band-with-Emerald-Cut-Gemstones-5.jpg\"><img loading=\"lazy\" decoding=\"async\" src=\"https:\/\/emeraldring.shop\/wp-content\/uploads\/2022\/12\/925-Sterling-Silver-Eternity-Band-with-Emerald-Cut-Gemstones-5-300x300.jpg\" alt=\"925 Sterling Silver Eternity Band with Emerald-Cut Gemstones\" width=\"800\" height=\"800\" \/><\/a> <a href=\"https:\/\/emeraldring.shop\/wp-content\/uploads\/2022\/12\/925-Sterling-Silver-Eternity-Band-with-Emerald-Cut-Gemstones-6.jpg\"><img loading=\"lazy\" decoding=\"async\" src=\"https:\/\/emeraldring.shop\/wp-content\/uploads\/2022\/12\/925-Sterling-Silver-Eternity-Band-with-Emerald-Cut-Gemstones-6.jpg\" alt=\"925 Sterling Silver Eternity Band with Emerald-Cut Gemstones\" width=\"799\" height=\"799\" \/><\/a> <a href=\"https:\/\/emeraldring.shop\/wp-content\/uploads\/2022\/12\/925-Sterling-Silver-Eternity-Band-with-Emerald-Cut-Gemstones-7.jpg\"><img loading=\"lazy\" decoding=\"async\" src=\"https:\/\/emeraldring.shop\/wp-content\/uploads\/2022\/12\/925-Sterling-Silver-Eternity-Band-with-Emerald-Cut-Gemstones-7.jpg\" alt=\"925 Sterling Silver Eternity Band with Emerald-Cut Gemstones\" width=\"800\" height=\"800\" \/><\/a> <a href=\"https:\/\/emeraldring.shop\/wp-content\/uploads\/2022\/12\/925-Sterling-Silver-Eternity-Band-with-Emerald-Cut-Gemstones-8.jpg\"><img loading=\"lazy\" decoding=\"async\" src=\"https:\/\/emeraldring.shop\/wp-content\/uploads\/2022\/12\/925-Sterling-Silver-Eternity-Band-with-Emerald-Cut-Gemstones-8.jpg\" alt=\"925 Sterling Silver Eternity Band with Emerald-Cut Gemstones\" width=\"800\" height=\"800\" \/><\/a> <a href=\"https:\/\/emeraldring.shop\/wp-content\/uploads\/2022\/12\/925-Sterling-Silver-Eternity-Band-with-Emerald-Cut-Gemstones-9.jpg\"><img loading=\"lazy\" decoding=\"async\" src=\"https:\/\/emeraldring.shop\/wp-content\/uploads\/2022\/12\/925-Sterling-Silver-Eternity-Band-with-Emerald-Cut-Gemstones-9.jpg\" alt=\"925 Sterling Silver Eternity Band with Emerald-Cut Gemstones\" width=\"800\" height=\"800\" \/><\/a> <a href=\"https:\/\/emeraldring.shop\/wp-content\/uploads\/2022\/12\/925-Sterling-Silver-Eternity-Band-with-Emerald-Cut-Gemstones-10.jpg\"><img loading=\"lazy\" decoding=\"async\" src=\"https:\/\/emeraldring.shop\/wp-content\/uploads\/2022\/12\/925-Sterling-Silver-Eternity-Band-with-Emerald-Cut-Gemstones-10.jpg\" alt=\"925 Sterling Silver Eternity Band with Emerald-Cut Gemstones\" width=\"800\" height=\"800\" \/><\/a> <a href=\"https:\/\/emeraldring.shop\/wp-content\/uploads\/2022\/12\/925-Sterling-Silver-Eternity-Band-with-Emerald-Cut-Gemstones-17.jpg\"><img loading=\"lazy\" decoding=\"async\" src=\"https:\/\/emeraldring.shop\/wp-content\/uploads\/2022\/12\/925-Sterling-Silver-Eternity-Band-with-Emerald-Cut-Gemstones-17-300x300.jpg\" alt=\"925 Sterling Silver Eternity Band with Emerald-Cut Gemstones\" width=\"800\" height=\"800\" \/><\/a> <a href=\"https:\/\/emeraldring.shop\/wp-content\/uploads\/2022\/12\/925-Sterling-Silver-Eternity-Band-with-Emerald-Cut-Gemstones-18.jpg\"><img loading=\"lazy\" decoding=\"async\" src=\"https:\/\/emeraldring.shop\/wp-content\/uploads\/2022\/12\/925-Sterling-Silver-Eternity-Band-with-Emerald-Cut-Gemstones-18-300x300.jpg\" alt=\"925 Sterling Silver Eternity Band with Emerald-Cut Gemstones\" width=\"800\" height=\"800\" \/><\/a>\t\t\t\t\t\t\t\t<\/div>\n\t\t\t\t<\/div>\n\t\t\t\t\t<\/div>\n\t\t\t\t<\/div>\n\t\t\t\t<\/div>","protected":false},"excerpt":{"rendered":"<p><strong>Warum diesen Smaragdring w\u00e4hlen?<\/strong><\/p>\n<ol>\n<li><strong>Aufsehenerregendes Design:<\/strong> Die Steine im Smaragdschliff unterstreichen die Ausstrahlung und Eleganz des Rings und machen ihn zu einer herausragenden Erg\u00e4nzung Ihrer Schmucksammlung.<\/li>\n<li><strong>Vielseitigkeit in Reinkultur:<\/strong> Geeignet f\u00fcr verschiedene Anl\u00e4sse, ob Sie sich f\u00fcr ein glamour\u00f6ses Event herausputzen oder Ihre Freizeitkleidung mit Accessoires ausstatten wollen.<\/li>\n<li><strong>Nachdenkliche Geschenkidee:<\/strong> Perfekt zum Verschenken bei besonderen Anl\u00e4ssen wie Jahrestagen, Geburtstagen oder Verlobungen.<\/li>\n<li><strong>Hochwertige Handwerkskunst:<\/strong> Sie sind auf Langlebigkeit und dauerhafte Sch\u00f6nheit ausgelegt und verf\u00fcgen \u00fcber eine ausgekl\u00fcgelte Steinplatzierung und eine glatte Bandoberfl\u00e4che.<\/li>\n<\/ol>","protected":false},"featured_media":92,"comment_status":"open","ping_status":"closed","template":"","meta":{"_kad_post_transparent":"","_kad_post_title":"","_kad_post_layout":"","_kad_post_sidebar_id":"","_kad_post_content_style":"","_kad_post_vertical_padding":"","_kad_post_feature":"","_kad_post_feature_position":"","_kad_post_header":false,"_kad_post_footer":false},"product_brand":[],"product_cat":[16,89,17,67,15],"product_tag":[18],"class_list":{"0":"post-26","1":"product","2":"type-product","3":"status-publish","4":"has-post-thumbnail","6":"product_cat-emerald-ring","7":"product_cat-engagement-and-wedding","8":"product_cat-engagement-ring","9":"product_cat-lab-grown-gemstones-ring","10":"product_cat-rings","11":"product_tag-emerald-ring","13":"first","14":"instock","15":"shipping-taxable","16":"purchasable","17":"product-type-variable","18":"entry","19":"content-bg","20":"loop-entry"},"aioseo_notices":[],"_links":{"self":[{"href":"https:\/\/emeraldsring.com\/de\/wp-json\/wp\/v2\/product\/26","targetHints":{"allow":["GET"]}}],"collection":[{"href":"https:\/\/emeraldsring.com\/de\/wp-json\/wp\/v2\/product"}],"about":[{"href":"https:\/\/emeraldsring.com\/de\/wp-json\/wp\/v2\/types\/product"}],"replies":[{"embeddable":true,"href":"https:\/\/emeraldsring.com\/de\/wp-json\/wp\/v2\/comments?post=26"}],"version-history":[{"count":7,"href":"https:\/\/emeraldsring.com\/de\/wp-json\/wp\/v2\/product\/26\/revisions"}],"predecessor-version":[{"id":1176,"href":"https:\/\/emeraldsring.com\/de\/wp-json\/wp\/v2\/product\/26\/revisions\/1176"}],"wp:featuredmedia":[{"embeddable":true,"href":"https:\/\/emeraldsring.com\/de\/wp-json\/wp\/v2\/media\/92"}],"wp:attachment":[{"href":"https:\/\/emeraldsring.com\/de\/wp-json\/wp\/v2\/media?parent=26"}],"wp:term":[{"taxonomy":"product_brand","embeddable":true,"href":"https:\/\/emeraldsring.com\/de\/wp-json\/wp\/v2\/product_brand?post=26"},{"taxonomy":"product_cat","embeddable":true,"href":"https:\/\/emeraldsring.com\/de\/wp-json\/wp\/v2\/product_cat?post=26"},{"taxonomy":"product_tag","embeddable":true,"href":"https:\/\/emeraldsring.com\/de\/wp-json\/wp\/v2\/product_tag?post=26"}],"curies":[{"name":"wp","href":"https:\/\/api.w.org\/{rel}","templated":true}]}}