{"id":27,"date":"2025-02-04T10:02:28","date_gmt":"2025-02-04T10:02:28","guid":{"rendered":"https:\/\/emeraldsring.com\/?post_type=product&#038;p=27"},"modified":"2025-04-28T20:00:16","modified_gmt":"2025-04-28T15:00:16","slug":"elegant-s925-sterling-silver-hollow-water-foam-jade-ring-with-zircon-inlay","status":"publish","type":"product","link":"https:\/\/emeraldsring.com\/de\/produkt\/elegant-s925-sterling-silver-hollow-water-foam-jade-ring-with-zircon-inlay\/","title":{"rendered":"Elegante S925 Sterling Silber hohlen Wasserschaum Jade Ehering Zirkon Inlay"},"content":{"rendered":"<div data-elementor-type=\"wp-post\" data-elementor-id=\"27\" class=\"elementor elementor-27\" data-elementor-post-type=\"product\">\n\t\t\t\t<div class=\"elementor-element elementor-element-279796b2 e-flex e-con-boxed e-con e-parent\" data-id=\"279796b2\" data-element_type=\"container\">\n\t\t\t\t\t<div class=\"e-con-inner\">\n\t\t<div class=\"elementor-element elementor-element-89d47b8 e-con-full e-flex e-con e-child\" data-id=\"89d47b8\" data-element_type=\"container\">\n\t\t\t\t<div class=\"elementor-element elementor-element-82d7429 elementor-widget elementor-widget-video\" data-id=\"82d7429\" data-element_type=\"widget\" data-settings=\"{&quot;youtube_url&quot;:&quot;https:\\\/\\\/www.youtube.com\\\/watch?v=fHmXKQ-CQoI&quot;,&quot;loop&quot;:&quot;yes&quot;,&quot;video_type&quot;:&quot;youtube&quot;,&quot;controls&quot;:&quot;yes&quot;}\" data-widget_type=\"video.default\">\n\t\t\t\t<div class=\"elementor-widget-container\">\n\t\t\t\t\t\t\t<div class=\"elementor-wrapper elementor-open-inline\">\n\t\t\t<div class=\"elementor-video\"><\/div>\t\t<\/div>\n\t\t\t\t\t\t<\/div>\n\t\t\t\t<\/div>\n\t\t\t\t<\/div>\n\t\t\t\t<div class=\"elementor-element elementor-element-28cb2517 elementor-widget elementor-widget-text-editor\" data-id=\"28cb2517\" data-element_type=\"widget\" data-widget_type=\"text-editor.default\">\n\t\t\t\t<div class=\"elementor-widget-container\">\n\t\t\t\t\t\t\t\t\t<p><strong>\u00dcberblick:<\/strong><br \/>Verleihen Sie Ihrer Schmucksammlung einen Hauch von zeitloser Eleganz mit diesem <strong>925 Sterling Silber Smaragd Ring<\/strong>. Dieser mit Pr\u00e4zision entworfene und aus hochwertigen Materialien gefertigte Smaragd im Brillantschliff wird durch funkelnde Diamantakzente mit hohem Kohlenstoffgehalt erg\u00e4nzt. Ein luxuri\u00f6ses St\u00fcck, das sich perfekt f\u00fcr Verlobungen, Jubil\u00e4en oder als Accessoire f\u00fcr jeden Anlass eignet.<\/p><p><strong>Merkmale:<\/strong><\/p><ul><li><strong>Hochwertiges Material:<\/strong> Hergestellt aus 925er Sterlingsilber, das Langlebigkeit, hypoallergene Eigenschaften und eine polierte Oberfl\u00e4che garantiert.<\/li><li><strong>Radiant Schliff Smaragd Edelstein:<\/strong> Das leuchtend gr\u00fcne Mittelst\u00fcck (9 mm x 11 mm) strahlt Eleganz und Raffinesse aus und ist ein fesselnder Blickfang.<\/li><li><strong>Hochkar\u00e4tige Diamant-Akzente:<\/strong> Sie verst\u00e4rken das Funkeln und die Brillanz des Rings und bieten ein luxuri\u00f6ses Aussehen, ohne die Erschwinglichkeit zu beeintr\u00e4chtigen.<\/li><li><strong>Bequemes Design:<\/strong> Leicht und perfekt verarbeitet f\u00fcr einen bequemen Sitz an jedem Finger.<\/li><li><strong>Vielseitiger Stil:<\/strong> Geeignet f\u00fcr Hochzeiten, Partys, Jubil\u00e4en oder den t\u00e4glichen Gebrauch.<\/li><\/ul><p><strong>Spezifikationen:<\/strong><\/p><ul><li><strong>Material:<\/strong> 925 Sterling Silber<\/li><li><strong>Hauptstein:<\/strong> Smaragd im Radiant-Schliff (9mm x 11mm)<\/li><li><strong>Akzent-Steine:<\/strong> Diamanten mit hohem Kohlenstoffgehalt<\/li><li><strong>Gewicht:<\/strong> Ungef\u00e4hr 5,0 g<\/li><li><strong>Stil:<\/strong> Elegant und modern<\/li><\/ul><p><strong>Pflegehinweise:<\/strong><\/p><ul><li>Vermeiden Sie den Kontakt mit scharfen Chemikalien und Parf\u00fcms.<\/li><li>Bei Nichtgebrauch in einer Schmuckschatulle oder einem weichen Stoffbeutel aufbewahren.<\/li><li>Mit einem weichen, trockenen Tuch reinigen, um den Glanz zu erhalten.<\/li><\/ul><p><strong>Erh\u00f6hen Sie Ihren Look:<\/strong><br \/>Dieser Smaragdring ist der Inbegriff von Anmut und Sch\u00f6nheit und wurde f\u00fcr Frauen entworfen, die raffinierten und luxuri\u00f6sen Schmuck sch\u00e4tzen. Egal, ob Sie an einer formellen Veranstaltung teilnehmen oder Ihren allt\u00e4glichen Stil aufwerten m\u00f6chten, dieses Schmuckst\u00fcck zieht alle Blicke auf sich und hinterl\u00e4sst einen bleibenden Eindruck.<\/p><p>\u00a0<\/p>\t\t\t\t\t\t\t\t<\/div>\n\t\t\t\t<\/div>\n\t\t\t\t\t<\/div>\n\t\t\t\t<\/div>\n\t\t\t\t<\/div>","protected":false},"excerpt":{"rendered":"<p><strong>Warum diesen Smaragdring w\u00e4hlen?<\/strong><\/p>\n<ol>\n<li><strong>Zeitlose Eleganz:<\/strong> Der Smaragd im Brillantschliff strahlt Luxus und Klasse aus und macht ihn zu einer auff\u00e4lligen Erg\u00e4nzung f\u00fcr jedes Outfit.<\/li>\n<li><strong>Exquisite Handwerkskunst:<\/strong> Jedes Detail ist sorgf\u00e4ltig ausgearbeitet, von den kohlenstoffreichen Diamanten bis hin zum polierten Sterlingsilberband.<\/li>\n<li><strong>Perfektes Geschenk:<\/strong> Ein durchdachtes und wundersch\u00f6nes Geschenk f\u00fcr die Liebsten zu besonderen Anl\u00e4ssen wie Geburtstagen, Verlobungen, Jahrestagen oder Feiertagen.<\/li>\n<li><strong>Erschwinglicher Luxus:<\/strong> Genie\u00dfen Sie das Aussehen von hochwertigem Schmuck, ohne die Bank zu sprengen.<\/li>\n<\/ol>","protected":false},"featured_media":104,"comment_status":"open","ping_status":"closed","template":"","meta":{"_kad_post_transparent":"","_kad_post_title":"","_kad_post_layout":"","_kad_post_sidebar_id":"","_kad_post_content_style":"","_kad_post_vertical_padding":"","_kad_post_feature":"","_kad_post_feature_position":"","_kad_post_header":false,"_kad_post_footer":false},"product_brand":[],"product_cat":[16,17,23,20,24,15],"product_tag":[25],"class_list":{"0":"post-27","1":"product","2":"type-product","3":"status-publish","4":"has-post-thumbnail","6":"product_cat-emerald-ring","7":"product_cat-engagement-ring","8":"product_cat-jade-ring","9":"product_cat-oval-ring","10":"product_cat-ring","11":"product_cat-rings","12":"product_tag-jade-ring","14":"first","15":"instock","16":"featured","17":"shipping-taxable","18":"purchasable","19":"product-type-variable","20":"entry","21":"content-bg","22":"loop-entry"},"aioseo_notices":[],"_links":{"self":[{"href":"https:\/\/emeraldsring.com\/de\/wp-json\/wp\/v2\/product\/27","targetHints":{"allow":["GET"]}}],"collection":[{"href":"https:\/\/emeraldsring.com\/de\/wp-json\/wp\/v2\/product"}],"about":[{"href":"https:\/\/emeraldsring.com\/de\/wp-json\/wp\/v2\/types\/product"}],"replies":[{"embeddable":true,"href":"https:\/\/emeraldsring.com\/de\/wp-json\/wp\/v2\/comments?post=27"}],"version-history":[{"count":10,"href":"https:\/\/emeraldsring.com\/de\/wp-json\/wp\/v2\/product\/27\/revisions"}],"predecessor-version":[{"id":1491,"href":"https:\/\/emeraldsring.com\/de\/wp-json\/wp\/v2\/product\/27\/revisions\/1491"}],"wp:featuredmedia":[{"embeddable":true,"href":"https:\/\/emeraldsring.com\/de\/wp-json\/wp\/v2\/media\/104"}],"wp:attachment":[{"href":"https:\/\/emeraldsring.com\/de\/wp-json\/wp\/v2\/media?parent=27"}],"wp:term":[{"taxonomy":"product_brand","embeddable":true,"href":"https:\/\/emeraldsring.com\/de\/wp-json\/wp\/v2\/product_brand?post=27"},{"taxonomy":"product_cat","embeddable":true,"href":"https:\/\/emeraldsring.com\/de\/wp-json\/wp\/v2\/product_cat?post=27"},{"taxonomy":"product_tag","embeddable":true,"href":"https:\/\/emeraldsring.com\/de\/wp-json\/wp\/v2\/product_tag?post=27"}],"curies":[{"name":"wp","href":"https:\/\/api.w.org\/{rel}","templated":true}]}}