{"id":28,"date":"2025-02-04T10:02:28","date_gmt":"2025-02-04T10:02:28","guid":{"rendered":"https:\/\/emeraldsring.com\/?post_type=product&#038;p=28"},"modified":"2025-04-28T20:00:13","modified_gmt":"2025-04-28T15:00:13","slug":"elegant-925-sterling-silver-oval-cut-emerald-ring","status":"publish","type":"product","link":"https:\/\/emeraldsring.com\/de\/produkt\/elegant-925-sterling-silver-oval-cut-emerald-ring\/","title":{"rendered":"Eleganter 925 Sterling Silber Verlobungsring mit Smaragd im Ovalschliff"},"content":{"rendered":"<div data-elementor-type=\"wp-post\" data-elementor-id=\"28\" class=\"elementor elementor-28\" data-elementor-post-type=\"product\">\n\t\t\t\t<div class=\"elementor-element elementor-element-5071e329 e-flex e-con-boxed e-con e-parent\" data-id=\"5071e329\" data-element_type=\"container\">\n\t\t\t\t\t<div class=\"e-con-inner\">\n\t\t<div class=\"elementor-element elementor-element-b6d7db2 e-con-full e-flex e-con e-child\" data-id=\"b6d7db2\" data-element_type=\"container\">\n\t\t\t\t<div class=\"elementor-element elementor-element-0397cee elementor-widget elementor-widget-video\" data-id=\"0397cee\" data-element_type=\"widget\" data-settings=\"{&quot;youtube_url&quot;:&quot;https:\\\/\\\/youtube.com\\\/watch?v=kpS02AI3ho4&quot;,&quot;loop&quot;:&quot;yes&quot;,&quot;video_type&quot;:&quot;youtube&quot;,&quot;controls&quot;:&quot;yes&quot;}\" data-widget_type=\"video.default\">\n\t\t\t\t<div class=\"elementor-widget-container\">\n\t\t\t\t\t\t\t<div class=\"elementor-wrapper elementor-open-inline\">\n\t\t\t<div class=\"elementor-video\"><\/div>\t\t<\/div>\n\t\t\t\t\t\t<\/div>\n\t\t\t\t<\/div>\n\t\t\t\t<\/div>\n\t\t\t\t<div class=\"elementor-element elementor-element-58130f9b elementor-widget elementor-widget-text-editor\" data-id=\"58130f9b\" data-element_type=\"widget\" data-widget_type=\"text-editor.default\">\n\t\t\t\t<div class=\"elementor-widget-container\">\n\t\t\t\t\t\t\t\t\t<p><strong>\u00dcberblick:<\/strong> Wir stellen vor <strong>925 Sterling Silber Ring mit Smaragd im Ovalschliff<\/strong>Ein Meisterwerk, das Eleganz und Raffinesse verk\u00f6rpert. Dieser Ring pr\u00e4sentiert einen leuchtenden Smaragd im Ovalschliff in der Mitte, flankiert von schimmernden Zirkonia-Steinen, die alle in hochwertigem Sterlingsilber gefasst sind.<\/p><p><strong>Merkmale:<\/strong><\/p><ul><li><strong>Hochwertiges Material:<\/strong> Gefertigt aus echtem 925er Sterlingsilber, das f\u00fcr Langlebigkeit und ein strahlendes Finish sorgt.<\/li><li><strong>Smaragd im Ovalschliff:<\/strong> Im Mittelpunkt steht ein sorgf\u00e4ltig geschliffener ovaler Smaragd, der f\u00fcr seinen satten gr\u00fcnen Farbton und seine Klarheit bekannt ist.<\/li><li><strong>Cubic Zirkonia Akzente:<\/strong> Der Ring ist mit hochwertigen Zirkoniasteinen besetzt, die seinen Glanz und seine Anziehungskraft verst\u00e4rken.<\/li><li><strong>Zeitloses Design:<\/strong> Die klassische Kombination aus Smaragd und Sterlingsilber ist ein vielseitiges Accessoire, das zu jedem Anlass passt.<\/li><li><strong>Bequeme Passform:<\/strong> Das glatte Band sorgt f\u00fcr ganzt\u00e4gigen Tragekomfort.<\/li><\/ul><p><strong>Spezifikationen:<\/strong><\/p><ul><li><strong>Material:<\/strong> 925 Sterling Silber<\/li><li><strong>Hauptstein:<\/strong> Smaragd im Ovalschliff<\/li><li><strong>Akzent-Steine:<\/strong> Kubischer Zirkoniumdioxid<\/li><li><strong>Verf\u00fcgbare Gr\u00f6\u00dfen:<\/strong> US Ring Gr\u00f6\u00dfen 5-9<\/li><li><strong>Breite des Bandes:<\/strong> Ungef\u00e4hr 2 mm<\/li><\/ul><p><strong>Pflegehinweise:<\/strong><\/p><ul><li><strong>Vermeiden Sie Chemikalien:<\/strong> Halten Sie sich von scharfen Chemikalien und Reinigungsmitteln fern, damit der Glanz des Metalls erhalten bleibt.<\/li><li><strong>Lagerung:<\/strong> In einem weichen Schmucketui aufbewahren, um Kratzer und Anlaufen zu vermeiden.<\/li><li><strong>Reinigung:<\/strong> Polieren Sie vorsichtig mit einem weichen Tuch, um Glanz und Brillanz zu erhalten.<\/li><\/ul><p><strong>Erweitern Sie Ihre Schmucksammlung:<\/strong><\/p><p>Dieser Smaragdring aus 925er Sterlingsilber ist mehr als nur ein Accessoire; er ist ein Statement-St\u00fcck, das Anmut und Stil widerspiegelt. Ganz gleich, ob Sie sich selbst verw\u00f6hnen oder ihn jemandem schenken, dieser Ring wird mit Sicherheit zu einem gesch\u00e4tzten Bestandteil Ihrer Schmucksammlung.<\/p><p><em>Hinweis: Aufgrund der nat\u00fcrlichen Eigenschaften von Edelsteinen k\u00f6nnen leichte Farbabweichungen und Einschl\u00fcsse auftreten, die jeden Ring einzigartig sch\u00f6n machen.<\/em><\/p><p>\u00a0<\/p><p>\u00a0<\/p>\t\t\t\t\t\t\t\t<\/div>\n\t\t\t\t<\/div>\n\t\t\t\t\t<\/div>\n\t\t\t\t<\/div>\n\t\t\t\t<\/div>","protected":false},"excerpt":{"rendered":"<p><strong>Warum diesen Smaragdring w\u00e4hlen?<\/strong><\/p>\n<ol>\n<li><strong>Unerreichte Eleganz:<\/strong> Die harmonische Mischung aus Smaragd und Zirkonia verspr\u00fcht einen zeitlosen Charme.<\/li>\n<li><strong>Hervorragende Handwerkskunst:<\/strong> Jeder Ring wird in sorgf\u00e4ltiger Handarbeit hergestellt, um den h\u00f6chsten Qualit\u00e4tsanspr\u00fcchen zu gen\u00fcgen.<\/li>\n<li><strong>Vielseitiges Accessoire:<\/strong> Sie eignet sich sowohl f\u00fcr den Alltag als auch f\u00fcr besondere Anl\u00e4sse und verleiht jedem Outfit einen Hauch von Raffinesse.<\/li>\n<li><strong>Durchdachtes Geschenk:<\/strong> Ein ideales Geschenk f\u00fcr Jubil\u00e4en, Geburtstage oder als Symbol f\u00fcr Liebe und Engagement.<\/li>\n<\/ol>","protected":false},"featured_media":112,"comment_status":"open","ping_status":"closed","template":"","meta":{"_kad_post_transparent":"","_kad_post_title":"","_kad_post_layout":"","_kad_post_sidebar_id":"","_kad_post_content_style":"","_kad_post_vertical_padding":"","_kad_post_feature":"","_kad_post_feature_position":"","_kad_post_header":false,"_kad_post_footer":false},"product_brand":[],"product_cat":[16,89,17,67,15],"product_tag":[18],"class_list":{"0":"post-28","1":"product","2":"type-product","3":"status-publish","4":"has-post-thumbnail","6":"product_cat-emerald-ring","7":"product_cat-engagement-and-wedding","8":"product_cat-engagement-ring","9":"product_cat-lab-grown-gemstones-ring","10":"product_cat-rings","11":"product_tag-emerald-ring","13":"first","14":"instock","15":"shipping-taxable","16":"purchasable","17":"product-type-variable","18":"entry","19":"content-bg","20":"loop-entry"},"aioseo_notices":[],"_links":{"self":[{"href":"https:\/\/emeraldsring.com\/de\/wp-json\/wp\/v2\/product\/28","targetHints":{"allow":["GET"]}}],"collection":[{"href":"https:\/\/emeraldsring.com\/de\/wp-json\/wp\/v2\/product"}],"about":[{"href":"https:\/\/emeraldsring.com\/de\/wp-json\/wp\/v2\/types\/product"}],"replies":[{"embeddable":true,"href":"https:\/\/emeraldsring.com\/de\/wp-json\/wp\/v2\/comments?post=28"}],"version-history":[{"count":14,"href":"https:\/\/emeraldsring.com\/de\/wp-json\/wp\/v2\/product\/28\/revisions"}],"predecessor-version":[{"id":1450,"href":"https:\/\/emeraldsring.com\/de\/wp-json\/wp\/v2\/product\/28\/revisions\/1450"}],"wp:featuredmedia":[{"embeddable":true,"href":"https:\/\/emeraldsring.com\/de\/wp-json\/wp\/v2\/media\/112"}],"wp:attachment":[{"href":"https:\/\/emeraldsring.com\/de\/wp-json\/wp\/v2\/media?parent=28"}],"wp:term":[{"taxonomy":"product_brand","embeddable":true,"href":"https:\/\/emeraldsring.com\/de\/wp-json\/wp\/v2\/product_brand?post=28"},{"taxonomy":"product_cat","embeddable":true,"href":"https:\/\/emeraldsring.com\/de\/wp-json\/wp\/v2\/product_cat?post=28"},{"taxonomy":"product_tag","embeddable":true,"href":"https:\/\/emeraldsring.com\/de\/wp-json\/wp\/v2\/product_tag?post=28"}],"curies":[{"name":"wp","href":"https:\/\/api.w.org\/{rel}","templated":true}]}}