{"id":29,"date":"2025-02-04T10:02:28","date_gmt":"2025-02-04T10:02:28","guid":{"rendered":"https:\/\/emeraldsring.com\/?post_type=product&#038;p=29"},"modified":"2025-04-28T20:00:14","modified_gmt":"2025-04-28T15:00:14","slug":"elegant-925-silver-plated-emerald-ring-with-high-ice-green-chalcedony","status":"publish","type":"product","link":"https:\/\/emeraldsring.com\/de\/produkt\/elegant-925-silver-plated-emerald-ring-with-high-ice-green-chalcedony\/","title":{"rendered":"Eleganter 925 Silber plattierter Smaragdring mit eisgr\u00fcnem Chalcedon"},"content":{"rendered":"<div data-elementor-type=\"wp-post\" data-elementor-id=\"29\" class=\"elementor elementor-29\" data-elementor-post-type=\"product\">\n\t\t\t\t<div class=\"elementor-element elementor-element-368b9b84 e-flex e-con-boxed e-con e-parent\" data-id=\"368b9b84\" data-element_type=\"container\">\n\t\t\t\t\t<div class=\"e-con-inner\">\n\t\t<div class=\"elementor-element elementor-element-4810482 e-con-full e-flex e-con e-child\" data-id=\"4810482\" data-element_type=\"container\">\n\t\t\t\t<div class=\"elementor-element elementor-element-e40b941 elementor-widget elementor-widget-video\" data-id=\"e40b941\" data-element_type=\"widget\" data-settings=\"{&quot;youtube_url&quot;:&quot;https:\\\/\\\/youtube.com\\\/watch?v=wIGVcPmazNg&quot;,&quot;loop&quot;:&quot;yes&quot;,&quot;video_type&quot;:&quot;youtube&quot;,&quot;controls&quot;:&quot;yes&quot;}\" data-widget_type=\"video.default\">\n\t\t\t\t<div class=\"elementor-widget-container\">\n\t\t\t\t\t\t\t<div class=\"elementor-wrapper elementor-open-inline\">\n\t\t\t<div class=\"elementor-video\"><\/div>\t\t<\/div>\n\t\t\t\t\t\t<\/div>\n\t\t\t\t<\/div>\n\t\t\t\t<\/div>\n\t\t\t\t<div class=\"elementor-element elementor-element-574e2bcd elementor-widget elementor-widget-text-editor\" data-id=\"574e2bcd\" data-element_type=\"widget\" data-widget_type=\"text-editor.default\">\n\t\t\t\t<div class=\"elementor-widget-container\">\n\t\t\t\t\t\t\t\t\t<em>\u00dcberblick:<\/em> Unser eleganter 925 versilberter Smaragdring ist mit einem eisgr\u00fcnen Chalcedon verziert. Dieses exquisite St\u00fcck verleiht jedem Ensemble einen Hauch von Raffinesse und eignet sich perfekt f\u00fcr besondere Anl\u00e4sse oder den Alltag.\r\n\r\n<em>Merkmale:<\/em>\r\n<ul>\r\n \t<li><strong>Material:<\/strong> 925 versilbert f\u00fcr eine dauerhafte und gl\u00e4nzende Oberfl\u00e4che.<\/li>\r\n \t<li><strong>Edelstein:<\/strong> Eisgr\u00fcner Chalcedon, bekannt f\u00fcr seinen leuchtenden Farbton und seine Klarheit.<\/li>\r\n \t<li><strong>Entwurf:<\/strong> Klassische Fassung, die die nat\u00fcrliche Sch\u00f6nheit des Edelsteins hervorhebt.<\/li>\r\n \t<li><strong>Gr\u00f6\u00dfe:<\/strong> Erh\u00e4ltlich in mehreren Gr\u00f6\u00dfen, um eine perfekte Passform zu gew\u00e4hrleisten.<\/li>\r\n \t<li><strong>Anl\u00e4sse:<\/strong> Ideal f\u00fcr Hochzeiten, Verlobungen, Jubil\u00e4en oder als liebevolles Geschenk.<\/li>\r\n<\/ul>\r\n<em>Pflegehinweise:<\/em> Um den Glanz und die Haltbarkeit des Rings zu erhalten, vermeiden Sie den Kontakt mit scharfen Chemikalien und bewahren Sie ihn in einem Schmuckk\u00e4stchen auf, wenn Sie ihn nicht benutzen. Reinigen Sie ihn vorsichtig mit einem weichen Tuch, um seinen Glanz zu erhalten.\r\n\r\n<em>Anmerkung:<\/em> Bitte beachten Sie unsere Gr\u00f6\u00dfentabelle, um die richtige Ringgr\u00f6\u00dfe auszuw\u00e4hlen. Bei Fragen oder Hilfestellungen k\u00f6nnen Sie sich gerne an unseren Kundenservice wenden.\r\n\r\n<a href=\"https:\/\/emeraldring.shop\/wp-content\/uploads\/2022\/12\/Elegant-925-Silver-Plated-Emerald-Ring-with-High-Ice-Green-Chalcedony-1.jpg\"><img fetchpriority=\"high\" decoding=\"async\" src=\"https:\/\/emeraldring.shop\/wp-content\/uploads\/2022\/12\/Elegant-925-Silver-Plated-Emerald-Ring-with-High-Ice-Green-Chalcedony-1.jpg\" alt=\"Elegant 925 Silver Plated Emerald Ring with High Ice Green Chalcedony\" width=\"800\" height=\"800\" \/><\/a> <a href=\"https:\/\/emeraldring.shop\/wp-content\/uploads\/2022\/12\/Elegant-925-Silver-Plated-Emerald-Ring-with-High-Ice-Green-Chalcedony-3.jpg\"><img decoding=\"async\" src=\"https:\/\/emeraldring.shop\/wp-content\/uploads\/2022\/12\/Elegant-925-Silver-Plated-Emerald-Ring-with-High-Ice-Green-Chalcedony-3.jpg\" alt=\"Elegant 925 Silver Plated Emerald Ring with High Ice Green Chalcedony\" width=\"800\" height=\"800\" \/><\/a> <a href=\"https:\/\/emeraldring.shop\/wp-content\/uploads\/2022\/12\/Elegant-925-Silver-Plated-Emerald-Ring-with-High-Ice-Green-Chalcedony-4.jpg\"><img decoding=\"async\" src=\"https:\/\/emeraldring.shop\/wp-content\/uploads\/2022\/12\/Elegant-925-Silver-Plated-Emerald-Ring-with-High-Ice-Green-Chalcedony-4.jpg\" alt=\"Elegant 925 Silver Plated Emerald Ring with High Ice Green Chalcedony\" width=\"800\" height=\"800\" \/><\/a> <a href=\"https:\/\/emeraldring.shop\/wp-content\/uploads\/2022\/12\/Elegant-925-Silver-Plated-Emerald-Ring-with-High-Ice-Green-Chalcedony-7.jpg\"><img loading=\"lazy\" decoding=\"async\" src=\"https:\/\/emeraldring.shop\/wp-content\/uploads\/2022\/12\/Elegant-925-Silver-Plated-Emerald-Ring-with-High-Ice-Green-Chalcedony-7.jpg\" alt=\"Elegant 925 Silver Plated Emerald Ring with High Ice Green Chalcedony\" width=\"800\" height=\"800\" \/><\/a> <a href=\"https:\/\/emeraldring.shop\/wp-content\/uploads\/2022\/12\/Elegant-925-Silver-Plated-Emerald-Ring-with-High-Ice-Green-Chalcedony-8.jpg\"><img loading=\"lazy\" decoding=\"async\" src=\"https:\/\/emeraldring.shop\/wp-content\/uploads\/2022\/12\/Elegant-925-Silver-Plated-Emerald-Ring-with-High-Ice-Green-Chalcedony-8.jpg\" alt=\"Elegant 925 Silver Plated Emerald Ring with High Ice Green Chalcedony\" width=\"800\" height=\"800\" \/><\/a><a href=\"https:\/\/emeraldring.shop\/wp-content\/uploads\/2022\/12\/Elegant-925-Silver-Plated-Emerald-Ring-with-High-Ice-Green-Chalcedony-2.jpg\"><img loading=\"lazy\" decoding=\"async\" src=\"https:\/\/emeraldring.shop\/wp-content\/uploads\/2022\/12\/Elegant-925-Silver-Plated-Emerald-Ring-with-High-Ice-Green-Chalcedony-2.jpg\" alt=\"Elegant 925 Silver Plated Emerald Ring with High Ice Green Chalcedony\" width=\"800\" height=\"800\" \/><\/a> <a href=\"https:\/\/emeraldring.shop\/wp-content\/uploads\/2022\/12\/Elegant-925-Silver-Plated-Emerald-Ring-with-High-Ice-Green-Chalcedony-5.jpg\"><img loading=\"lazy\" decoding=\"async\" src=\"https:\/\/emeraldring.shop\/wp-content\/uploads\/2022\/12\/Elegant-925-Silver-Plated-Emerald-Ring-with-High-Ice-Green-Chalcedony-5.jpg\" alt=\"Elegant 925 Silver Plated Emerald Ring with High Ice Green Chalcedony\" width=\"800\" height=\"800\" \/><\/a> <a href=\"https:\/\/emeraldring.shop\/wp-content\/uploads\/2022\/12\/Elegant-925-Silver-Plated-Emerald-Ring-with-High-Ice-Green-Chalcedony-6.jpg\"><img loading=\"lazy\" decoding=\"async\" src=\"https:\/\/emeraldring.shop\/wp-content\/uploads\/2022\/12\/Elegant-925-Silver-Plated-Emerald-Ring-with-High-Ice-Green-Chalcedony-6.jpg\" alt=\"Elegant 925 Silver Plated Emerald Ring with High Ice Green Chalcedony\" width=\"800\" height=\"800\" \/><\/a>\t\t\t\t\t\t\t\t<\/div>\n\t\t\t\t<\/div>\n\t\t\t\t\t<\/div>\n\t\t\t\t<\/div>\n\t\t\t\t<\/div>","protected":false},"excerpt":{"rendered":"<p><em><strong>Warum Sie kaufen sollten<\/strong>:<\/em> Dieser Smaragdring ist nicht nur ein Symbol f\u00fcr Eleganz, sondern auch ein Zeugnis f\u00fcr feine Handwerkskunst. Der eisgr\u00fcne Chalcedon-Edelstein wird sorgf\u00e4ltig nach seiner Qualit\u00e4t und Brillanz ausgew\u00e4hlt, so dass jeder Ring ein Unikat ist. Egal, ob Sie einen besonderen Anlass feiern oder sich einfach ein sch\u00f6nes Schmuckst\u00fcck g\u00f6nnen, dieser Ring ist eine zeitlose Erg\u00e4nzung f\u00fcr jede Sammlung.<\/p>","protected":false},"featured_media":122,"comment_status":"open","ping_status":"closed","template":"","meta":{"_kad_post_transparent":"","_kad_post_title":"","_kad_post_layout":"","_kad_post_sidebar_id":"","_kad_post_content_style":"","_kad_post_vertical_padding":"","_kad_post_feature":"","_kad_post_feature_position":"","_kad_post_header":false,"_kad_post_footer":false},"product_brand":[],"product_cat":[16,89,67,20,15,69],"product_tag":[18],"class_list":{"0":"post-29","1":"product","2":"type-product","3":"status-publish","4":"has-post-thumbnail","6":"product_cat-emerald-ring","7":"product_cat-engagement-and-wedding","8":"product_cat-lab-grown-gemstones-ring","9":"product_cat-oval-ring","10":"product_cat-rings","11":"product_cat-solitaire","12":"product_tag-emerald-ring","14":"first","15":"instock","16":"shipping-taxable","17":"purchasable","18":"product-type-variable","19":"entry","20":"content-bg","21":"loop-entry"},"aioseo_notices":[],"_links":{"self":[{"href":"https:\/\/emeraldsring.com\/de\/wp-json\/wp\/v2\/product\/29","targetHints":{"allow":["GET"]}}],"collection":[{"href":"https:\/\/emeraldsring.com\/de\/wp-json\/wp\/v2\/product"}],"about":[{"href":"https:\/\/emeraldsring.com\/de\/wp-json\/wp\/v2\/types\/product"}],"replies":[{"embeddable":true,"href":"https:\/\/emeraldsring.com\/de\/wp-json\/wp\/v2\/comments?post=29"}],"version-history":[{"count":4,"href":"https:\/\/emeraldsring.com\/de\/wp-json\/wp\/v2\/product\/29\/revisions"}],"predecessor-version":[{"id":1179,"href":"https:\/\/emeraldsring.com\/de\/wp-json\/wp\/v2\/product\/29\/revisions\/1179"}],"wp:featuredmedia":[{"embeddable":true,"href":"https:\/\/emeraldsring.com\/de\/wp-json\/wp\/v2\/media\/122"}],"wp:attachment":[{"href":"https:\/\/emeraldsring.com\/de\/wp-json\/wp\/v2\/media?parent=29"}],"wp:term":[{"taxonomy":"product_brand","embeddable":true,"href":"https:\/\/emeraldsring.com\/de\/wp-json\/wp\/v2\/product_brand?post=29"},{"taxonomy":"product_cat","embeddable":true,"href":"https:\/\/emeraldsring.com\/de\/wp-json\/wp\/v2\/product_cat?post=29"},{"taxonomy":"product_tag","embeddable":true,"href":"https:\/\/emeraldsring.com\/de\/wp-json\/wp\/v2\/product_tag?post=29"}],"curies":[{"name":"wp","href":"https:\/\/api.w.org\/{rel}","templated":true}]}}