{"id":32,"date":"2025-02-04T10:02:29","date_gmt":"2025-02-04T10:02:29","guid":{"rendered":"https:\/\/emeraldsring.com\/?post_type=product&#038;p=32"},"modified":"2025-04-28T19:59:57","modified_gmt":"2025-04-28T14:59:57","slug":"elegant-european-and-american-style-interwoven-emerald-ring","status":"publish","type":"product","link":"https:\/\/emeraldsring.com\/de\/produkt\/elegant-european-and-american-style-interwoven-emerald-ring\/","title":{"rendered":"Eleganter 925 Sterling Silber verflochtener Diamantring mit Smaragdschliff"},"content":{"rendered":"<div data-elementor-type=\"wp-post\" data-elementor-id=\"32\" class=\"elementor elementor-32\" data-elementor-post-type=\"product\">\n\t\t\t\t<div class=\"elementor-element elementor-element-23860f0b e-flex e-con-boxed e-con e-parent\" data-id=\"23860f0b\" data-element_type=\"container\" data-e-type=\"container\">\n\t\t\t\t\t<div class=\"e-con-inner\">\n\t\t<div class=\"elementor-element elementor-element-833c928 e-con-full e-flex e-con e-child\" data-id=\"833c928\" data-element_type=\"container\" data-e-type=\"container\">\n\t\t\t\t<div class=\"elementor-element elementor-element-9c5ec22 elementor-widget elementor-widget-video\" data-id=\"9c5ec22\" data-element_type=\"widget\" data-e-type=\"widget\" data-settings=\"{&quot;youtube_url&quot;:&quot;https:\\\/\\\/youtube.com\\\/watch?v=cI4SJxatrMc&quot;,&quot;video_type&quot;:&quot;youtube&quot;,&quot;controls&quot;:&quot;yes&quot;}\" data-widget_type=\"video.default\">\n\t\t\t\t<div class=\"elementor-widget-container\">\n\t\t\t\t\t\t\t<div class=\"elementor-wrapper elementor-open-inline\">\n\t\t\t<div class=\"elementor-video\"><\/div>\t\t<\/div>\n\t\t\t\t\t\t<\/div>\n\t\t\t\t<\/div>\n\t\t\t\t<\/div>\n\t\t\t\t<div class=\"elementor-element elementor-element-7e5d6e44 elementor-widget elementor-widget-text-editor\" data-id=\"7e5d6e44\" data-element_type=\"widget\" data-e-type=\"widget\" data-widget_type=\"text-editor.default\">\n\t\t\t\t<div class=\"elementor-widget-container\">\n\t\t\t\t\t\t\t\t\t<p data-start=\"385\" data-end=\"833\">Lassen Sie sich von der Sch\u00f6nheit unseres 925er Sterling Silber Rings mit gr\u00fcnem Diamanten verzaubern. Er besticht durch seine filigrane Anordnung von gr\u00fcnen und wei\u00dfen Diamanten. Die abwechselnd gr\u00fcnen und klaren Steine bilden einen faszinierenden Kontrast, w\u00e4hrend die polierte Fassung aus Sterlingsilber daf\u00fcr sorgt, dass der Ring aus jedem Winkel funkelt. Dieser Ring strahlt Luxus und Raffinesse aus und ist damit das perfekte Accessoire f\u00fcr jeden Anlass.<\/p><p data-start=\"835\" data-end=\"1121\">Ganz gleich, ob Sie an einem besonderen Ereignis teilnehmen, einen Meilenstein feiern oder einfach Ihren Alltagslook aufwerten m\u00f6chten, dieser Ring verleiht Ihrem Stil einen eleganten Touch. Die hochwertige Verarbeitung und das zeitlose Design machen diesen Ring nicht nur zu einem sch\u00f6nen Accessoire, sondern auch zu einem bleibenden Schatz.<\/p><p data-start=\"1123\" data-end=\"1140\"><strong data-start=\"1123\" data-end=\"1140\">Wesentliche Merkmale:<\/strong><\/p><ul data-start=\"1141\" data-end=\"1402\"><li data-start=\"1141\" data-end=\"1180\">Hergestellt aus hochwertigem 925er Sterling Silber<\/li><li data-start=\"1181\" data-end=\"1243\">Mit einer schillernden Kombination aus gr\u00fcnen und wei\u00dfen Diamanten<\/li><li data-start=\"1244\" data-end=\"1304\">Elegantes und anspruchsvolles Design f\u00fcr jede Gelegenheit<\/li><li data-start=\"1305\" data-end=\"1352\">Erh\u00e4ltlich in mehreren Gr\u00f6\u00dfen f\u00fcr eine perfekte Passform<\/li><li data-start=\"1353\" data-end=\"1402\">Eine luxuri\u00f6se Erg\u00e4nzung f\u00fcr Ihre Schmucksammlung<\/li><\/ul><p data-start=\"1404\" data-end=\"1591\" data-is-last-node=\"\">F\u00fcgen Sie diesen exquisiten gr\u00fcnen Diamantring Ihrer Sammlung hinzu und erleben Sie die Eleganz, die er zu jeder Gelegenheit bietet. Verpassen Sie es nicht - bestellen Sie jetzt ein Schmuckst\u00fcck, das ein Leben lang h\u00e4lt!<\/p>\t\t\t\t\t\t\t\t<\/div>\n\t\t\t\t<\/div>\n\t\t\t\t\t<\/div>\n\t\t\t\t<\/div>\n\t\t\t\t<\/div>","protected":false},"excerpt":{"rendered":"<p><em>Warum Sie kaufen sollten:<\/em> Dieser verflochtene Smaragdring ist mehr als nur ein Schmuckst\u00fcck; er ist ein Statement von Stil und Eleganz. Das einzigartige Design und der leuchtende Edelstein machen ihn zu einem perfekten Geschenk f\u00fcr Sie selbst oder einen geliebten Menschen, geeignet f\u00fcr besondere Anl\u00e4sse oder f\u00fcr das t\u00e4gliche Tragen.<\/p>","protected":false},"featured_media":152,"comment_status":"open","ping_status":"closed","template":"","meta":{"_kad_post_transparent":"","_kad_post_title":"","_kad_post_layout":"","_kad_post_sidebar_id":"","_kad_post_content_style":"","_kad_post_vertical_padding":"","_kad_post_feature":"","_kad_post_feature_position":"","_kad_post_header":false,"_kad_post_footer":false},"product_brand":[],"product_cat":[16,89,17,21,67,15],"product_tag":[18],"class_list":{"0":"post-32","1":"product","2":"type-product","3":"status-publish","4":"has-post-thumbnail","6":"product_cat-emerald-ring","7":"product_cat-engagement-and-wedding","8":"product_cat-engagement-ring","9":"product_cat-eternity-band","10":"product_cat-lab-grown-gemstones-ring","11":"product_cat-rings","12":"product_tag-emerald-ring","14":"first","15":"instock","16":"shipping-taxable","17":"purchasable","18":"product-type-variable","19":"entry","20":"content-bg","21":"loop-entry"},"aioseo_notices":[],"_links":{"self":[{"href":"https:\/\/emeraldsring.com\/de\/wp-json\/wp\/v2\/product\/32","targetHints":{"allow":["GET"]}}],"collection":[{"href":"https:\/\/emeraldsring.com\/de\/wp-json\/wp\/v2\/product"}],"about":[{"href":"https:\/\/emeraldsring.com\/de\/wp-json\/wp\/v2\/types\/product"}],"replies":[{"embeddable":true,"href":"https:\/\/emeraldsring.com\/de\/wp-json\/wp\/v2\/comments?post=32"}],"version-history":[{"count":5,"href":"https:\/\/emeraldsring.com\/de\/wp-json\/wp\/v2\/product\/32\/revisions"}],"predecessor-version":[{"id":1439,"href":"https:\/\/emeraldsring.com\/de\/wp-json\/wp\/v2\/product\/32\/revisions\/1439"}],"wp:featuredmedia":[{"embeddable":true,"href":"https:\/\/emeraldsring.com\/de\/wp-json\/wp\/v2\/media\/152"}],"wp:attachment":[{"href":"https:\/\/emeraldsring.com\/de\/wp-json\/wp\/v2\/media?parent=32"}],"wp:term":[{"taxonomy":"product_brand","embeddable":true,"href":"https:\/\/emeraldsring.com\/de\/wp-json\/wp\/v2\/product_brand?post=32"},{"taxonomy":"product_cat","embeddable":true,"href":"https:\/\/emeraldsring.com\/de\/wp-json\/wp\/v2\/product_cat?post=32"},{"taxonomy":"product_tag","embeddable":true,"href":"https:\/\/emeraldsring.com\/de\/wp-json\/wp\/v2\/product_tag?post=32"}],"curies":[{"name":"wp","href":"https:\/\/api.w.org\/{rel}","templated":true}]}}