{"id":35,"date":"2025-02-04T10:02:29","date_gmt":"2025-02-04T10:02:29","guid":{"rendered":"https:\/\/emeraldsring.com\/?post_type=product&#038;p=35"},"modified":"2025-04-29T18:15:51","modified_gmt":"2025-04-29T13:15:51","slug":"elegant-s925-sterling-silver-ring-with-white-and-green-zircon","status":"publish","type":"product","link":"https:\/\/emeraldsring.com\/de\/produkt\/elegant-s925-sterling-silver-ring-with-white-and-green-zircon\/","title":{"rendered":"Eleganter S925 Sterling Silber Ring mit wei\u00dfem und gr\u00fcnem Zirkon"},"content":{"rendered":"<div data-elementor-type=\"wp-post\" data-elementor-id=\"35\" class=\"elementor elementor-35\" data-elementor-post-type=\"product\">\n\t\t\t\t<div class=\"elementor-element elementor-element-53077073 e-flex e-con-boxed e-con e-parent\" data-id=\"53077073\" data-element_type=\"container\" data-e-type=\"container\">\n\t\t\t\t\t<div class=\"e-con-inner\">\n\t\t<div class=\"elementor-element elementor-element-da3c0fa e-con-full e-flex e-con e-child\" data-id=\"da3c0fa\" data-element_type=\"container\" data-e-type=\"container\">\n\t\t\t\t<div class=\"elementor-element elementor-element-a900a96 elementor-widget elementor-widget-video\" data-id=\"a900a96\" data-element_type=\"widget\" data-e-type=\"widget\" data-settings=\"{&quot;youtube_url&quot;:&quot;https:\\\/\\\/www.youtube.com\\\/watch?v=hvxpTH98Nu8&quot;,&quot;loop&quot;:&quot;yes&quot;,&quot;video_type&quot;:&quot;youtube&quot;,&quot;controls&quot;:&quot;yes&quot;}\" data-widget_type=\"video.default\">\n\t\t\t\t<div class=\"elementor-widget-container\">\n\t\t\t\t\t\t\t<div class=\"elementor-wrapper elementor-open-inline\">\n\t\t\t<div class=\"elementor-video\"><\/div>\t\t<\/div>\n\t\t\t\t\t\t<\/div>\n\t\t\t\t<\/div>\n\t\t\t\t<\/div>\n\t\t\t\t<div class=\"elementor-element elementor-element-9b4af7a elementor-widget elementor-widget-text-editor\" data-id=\"9b4af7a\" data-element_type=\"widget\" data-e-type=\"widget\" data-widget_type=\"text-editor.default\">\n\t\t\t\t<div class=\"elementor-widget-container\">\n\t\t\t\t\t\t\t\t\t<p><strong>Wesentliche Merkmale:<\/strong><\/p><ul><li><strong>Hochwertiges Material:<\/strong> Gefertigt aus hochwertigem 925er Sterlingsilber, das Langlebigkeit und einen dauerhaften Glanz garantiert.<\/li><li><strong>Schillernde Zirkon-Steine:<\/strong> Mit brillanten wei\u00dfen und gr\u00fcnen Zirkonsteinen, die ein luxuri\u00f6ses Aussehen bieten, ohne den hohen Preis.<\/li><li><strong>Vielseitiges Design:<\/strong> Geeignet f\u00fcr Jahrestage, Verlobungen, Hochzeiten, Partys oder f\u00fcr das t\u00e4gliche Tragen.<\/li><li><strong>Verf\u00fcgbare Gr\u00f6\u00dfen:<\/strong> Sie werden in verschiedenen Gr\u00f6\u00dfen angeboten, um unterschiedlichen Vorlieben gerecht zu werden.<\/li><li><strong>Beschichtungsoptionen:<\/strong> Erh\u00e4ltlich in vergoldeter Ausf\u00fchrung, passend zu Ihrem Stil.<\/li><\/ul><p><strong>Warum diesen Ring w\u00e4hlen?<\/strong><\/p><ul><li><strong>Erschwinglicher Luxus:<\/strong> Erleben Sie den Look von High-End-Schmuck zu einem Bruchteil der Kosten.<\/li><li><strong>Perfektes Geschenk:<\/strong> Ein ideales Geschenk f\u00fcr Jubil\u00e4en, Geburtstage oder besondere Anl\u00e4sse.<\/li><li><strong>Hypoallergen:<\/strong> Hergestellt aus Materialien, die f\u00fcr empfindliche Haut geeignet sind.<\/li><\/ul><p><strong>Pflegehinweise:<\/strong> Um den Glanz des Rings zu erhalten, vermeiden Sie den Kontakt mit scharfen Chemikalien und reinigen Sie ihn regelm\u00e4\u00dfig mit einem weichen Tuch. Bewahren Sie ihn bei Nichtgebrauch in einem Schmuckk\u00e4stchen auf, um Kratzer zu vermeiden.<\/p><p>\u00a0<\/p>\t\t\t\t\t\t\t\t<\/div>\n\t\t\t\t<\/div>\n\t\t\t\t\t<\/div>\n\t\t\t\t<\/div>\n\t\t\t\t<\/div>","protected":false},"excerpt":{"rendered":"<p>Werten Sie Ihre Schmucksammlung mit diesem exquisiten Ring aus S925-Sterlingsilber auf, der mit atemberaubenden wei\u00dfen und gr\u00fcnen Zirkonsteinen verziert ist. Sein zeitloses Design verbindet nahtlos klassische Eleganz mit modernem Stil und macht ihn zu einem vielseitigen Accessoire f\u00fcr jeden Anlass.<\/p>","protected":false},"featured_media":185,"comment_status":"open","ping_status":"closed","template":"","meta":{"_kad_post_transparent":"","_kad_post_title":"","_kad_post_layout":"","_kad_post_sidebar_id":"","_kad_post_content_style":"","_kad_post_vertical_padding":"","_kad_post_feature":"","_kad_post_feature_position":"","_kad_post_header":false,"_kad_post_footer":false},"product_brand":[],"product_cat":[15,16,89,17,67,57],"product_tag":[18],"class_list":{"0":"post-35","1":"product","2":"type-product","3":"status-publish","4":"has-post-thumbnail","6":"product_cat-rings","7":"product_cat-emerald-ring","8":"product_cat-engagement-and-wedding","9":"product_cat-engagement-ring","10":"product_cat-lab-grown-gemstones-ring","11":"product_cat-round","12":"product_tag-emerald-ring","14":"first","15":"instock","16":"featured","17":"shipping-taxable","18":"purchasable","19":"product-type-variable","20":"entry","21":"content-bg","22":"loop-entry"},"aioseo_notices":[],"_links":{"self":[{"href":"https:\/\/emeraldsring.com\/de\/wp-json\/wp\/v2\/product\/35","targetHints":{"allow":["GET"]}}],"collection":[{"href":"https:\/\/emeraldsring.com\/de\/wp-json\/wp\/v2\/product"}],"about":[{"href":"https:\/\/emeraldsring.com\/de\/wp-json\/wp\/v2\/types\/product"}],"replies":[{"embeddable":true,"href":"https:\/\/emeraldsring.com\/de\/wp-json\/wp\/v2\/comments?post=35"}],"version-history":[{"count":11,"href":"https:\/\/emeraldsring.com\/de\/wp-json\/wp\/v2\/product\/35\/revisions"}],"predecessor-version":[{"id":1440,"href":"https:\/\/emeraldsring.com\/de\/wp-json\/wp\/v2\/product\/35\/revisions\/1440"}],"wp:featuredmedia":[{"embeddable":true,"href":"https:\/\/emeraldsring.com\/de\/wp-json\/wp\/v2\/media\/185"}],"wp:attachment":[{"href":"https:\/\/emeraldsring.com\/de\/wp-json\/wp\/v2\/media?parent=35"}],"wp:term":[{"taxonomy":"product_brand","embeddable":true,"href":"https:\/\/emeraldsring.com\/de\/wp-json\/wp\/v2\/product_brand?post=35"},{"taxonomy":"product_cat","embeddable":true,"href":"https:\/\/emeraldsring.com\/de\/wp-json\/wp\/v2\/product_cat?post=35"},{"taxonomy":"product_tag","embeddable":true,"href":"https:\/\/emeraldsring.com\/de\/wp-json\/wp\/v2\/product_tag?post=35"}],"curies":[{"name":"wp","href":"https:\/\/api.w.org\/{rel}","templated":true}]}}