{"id":37,"date":"2025-02-04T10:02:29","date_gmt":"2025-02-04T10:02:29","guid":{"rendered":"https:\/\/emeraldsring.com\/?post_type=product&#038;p=37"},"modified":"2025-04-28T19:59:51","modified_gmt":"2025-04-28T14:59:51","slug":"925-sterling-silver-green-zircon-inlaid-ring","status":"publish","type":"product","link":"https:\/\/emeraldsring.com\/de\/produkt\/925-sterling-silver-green-zircon-inlaid-ring\/","title":{"rendered":"925 Sterling Silber Gr\u00fcner Zirkon Ring mit Intarsien"},"content":{"rendered":"<div data-elementor-type=\"wp-post\" data-elementor-id=\"37\" class=\"elementor elementor-37\" data-elementor-post-type=\"product\">\n\t\t\t\t<div class=\"elementor-element elementor-element-604855a6 e-flex e-con-boxed e-con e-parent\" data-id=\"604855a6\" data-element_type=\"container\" data-e-type=\"container\">\n\t\t\t\t\t<div class=\"e-con-inner\">\n\t\t<div class=\"elementor-element elementor-element-71d0688 e-con-full e-flex e-con e-child\" data-id=\"71d0688\" data-element_type=\"container\" data-e-type=\"container\">\n\t\t\t\t<div class=\"elementor-element elementor-element-5fcaf52 elementor-widget elementor-widget-video\" data-id=\"5fcaf52\" data-element_type=\"widget\" data-e-type=\"widget\" data-settings=\"{&quot;youtube_url&quot;:&quot;https:\\\/\\\/youtube.com\\\/watch?v=55NU5TxM_4I&quot;,&quot;loop&quot;:&quot;yes&quot;,&quot;video_type&quot;:&quot;youtube&quot;,&quot;controls&quot;:&quot;yes&quot;}\" data-widget_type=\"video.default\">\n\t\t\t\t<div class=\"elementor-widget-container\">\n\t\t\t\t\t\t\t<div class=\"elementor-wrapper elementor-open-inline\">\n\t\t\t<div class=\"elementor-video\"><\/div>\t\t<\/div>\n\t\t\t\t\t\t<\/div>\n\t\t\t\t<\/div>\n\t\t\t\t<\/div>\n\t\t\t\t<div class=\"elementor-element elementor-element-25515187 elementor-widget elementor-widget-text-editor\" data-id=\"25515187\" data-element_type=\"widget\" data-e-type=\"widget\" data-widget_type=\"text-editor.default\">\n\t\t\t\t<div class=\"elementor-widget-container\">\n\t\t\t\t\t\t\t\t\t<p data-start=\"336\" data-end=\"681\">Werten Sie Ihre Schmucksammlung mit diesem wundersch\u00f6n gearbeiteten 925er Sterling Silber Ring auf. Er ist mit zwei gr\u00fcnen Smaragdsteinen besetzt, die sich gl\u00e4nzend von dem glatten, polierten Silberband abheben. Das subtile und doch raffinierte Design macht diesen Ring zu einem vielseitigen Accessoire, das sich sowohl f\u00fcr legere als auch f\u00fcr formelle Anl\u00e4sse eignet.<\/p><p data-start=\"683\" data-end=\"1022\">Dieser exquisite Ring ist aus hochwertigem 925er Sterlingsilber gefertigt und bietet dauerhafte Haltbarkeit ohne Kompromisse beim Stil. Die Smaragde, die f\u00fcr ihre leuchtende Farbe und zeitlose Eleganz bekannt sind, verleihen diesem ohnehin schon atemberaubenden St\u00fcck einen Hauch von Luxus. Ob Sie sich selbst verw\u00f6hnen oder das perfekte Geschenk suchen, dieser Ring wird Sie sicher beeindrucken.<\/p><p data-start=\"1024\" data-end=\"1041\"><strong data-start=\"1024\" data-end=\"1041\">Wesentliche Merkmale:<\/strong><\/p><ul data-start=\"1042\" data-end=\"1260\"><li data-start=\"1042\" data-end=\"1081\">Hergestellt aus hochwertigem 925er Sterling Silber<\/li><li data-start=\"1082\" data-end=\"1125\">Mit zwei leuchtend gr\u00fcnen Smaragdsteinen<\/li><li data-start=\"1126\" data-end=\"1155\">Elegantes und zeitloses Design<\/li><li data-start=\"1156\" data-end=\"1212\">Vielseitiges St\u00fcck f\u00fcr den Alltag oder besondere Anl\u00e4sse<\/li><li data-start=\"1213\" data-end=\"1260\">Erh\u00e4ltlich in mehreren Gr\u00f6\u00dfen f\u00fcr eine perfekte Passform<\/li><\/ul><p data-start=\"1262\" data-end=\"1367\" data-is-last-node=\"\">Erg\u00e4nzen Sie noch heute Ihre Kollektion mit diesem atemberaubenden Smaragdring und erleben Sie die Eleganz und den Luxus, den er mit sich bringt!<\/p>\t\t\t\t\t\t\t\t<\/div>\n\t\t\t\t<\/div>\n\t\t\t\t\t<\/div>\n\t\t\t\t<\/div>\n\t\t\t\t<\/div>","protected":false},"excerpt":{"rendered":"<p>Dieser elegante Ring aus 925er Sterling Silber ist mit einem 4x5 mm gro\u00dfen gr\u00fcnen Zirkon besetzt und eignet sich perfekt f\u00fcr jeden besonderen Anlass. Erh\u00e4ltlich in verschiedenen Plattierungsoptionen, einschlie\u00dflich Wei\u00dfgold, Ros\u00e9gold und Platin.<\/p>","protected":false},"featured_media":207,"comment_status":"open","ping_status":"closed","template":"","meta":{"_kad_post_transparent":"","_kad_post_title":"","_kad_post_layout":"","_kad_post_sidebar_id":"","_kad_post_content_style":"","_kad_post_vertical_padding":"","_kad_post_feature":"","_kad_post_feature_position":"","_kad_post_header":false,"_kad_post_footer":false},"product_brand":[],"product_cat":[16,91,67,20,15,69,90],"product_tag":[],"class_list":{"0":"post-37","1":"product","2":"type-product","3":"status-publish","4":"has-post-thumbnail","6":"product_cat-emerald-ring","7":"product_cat-jewelry","8":"product_cat-lab-grown-gemstones-ring","9":"product_cat-oval-ring","10":"product_cat-rings","11":"product_cat-solitaire","12":"product_cat-wedding-ring","14":"first","15":"instock","16":"shipping-taxable","17":"purchasable","18":"product-type-variable","19":"entry","20":"content-bg","21":"loop-entry"},"aioseo_notices":[],"_links":{"self":[{"href":"https:\/\/emeraldsring.com\/de\/wp-json\/wp\/v2\/product\/37","targetHints":{"allow":["GET"]}}],"collection":[{"href":"https:\/\/emeraldsring.com\/de\/wp-json\/wp\/v2\/product"}],"about":[{"href":"https:\/\/emeraldsring.com\/de\/wp-json\/wp\/v2\/types\/product"}],"replies":[{"embeddable":true,"href":"https:\/\/emeraldsring.com\/de\/wp-json\/wp\/v2\/comments?post=37"}],"version-history":[{"count":12,"href":"https:\/\/emeraldsring.com\/de\/wp-json\/wp\/v2\/product\/37\/revisions"}],"predecessor-version":[{"id":1732,"href":"https:\/\/emeraldsring.com\/de\/wp-json\/wp\/v2\/product\/37\/revisions\/1732"}],"wp:featuredmedia":[{"embeddable":true,"href":"https:\/\/emeraldsring.com\/de\/wp-json\/wp\/v2\/media\/207"}],"wp:attachment":[{"href":"https:\/\/emeraldsring.com\/de\/wp-json\/wp\/v2\/media?parent=37"}],"wp:term":[{"taxonomy":"product_brand","embeddable":true,"href":"https:\/\/emeraldsring.com\/de\/wp-json\/wp\/v2\/product_brand?post=37"},{"taxonomy":"product_cat","embeddable":true,"href":"https:\/\/emeraldsring.com\/de\/wp-json\/wp\/v2\/product_cat?post=37"},{"taxonomy":"product_tag","embeddable":true,"href":"https:\/\/emeraldsring.com\/de\/wp-json\/wp\/v2\/product_tag?post=37"}],"curies":[{"name":"wp","href":"https:\/\/api.w.org\/{rel}","templated":true}]}}