{"id":39,"date":"2025-02-04T10:02:29","date_gmt":"2025-02-04T10:02:29","guid":{"rendered":"https:\/\/emeraldsring.com\/?post_type=product&#038;p=39"},"modified":"2025-04-28T19:59:55","modified_gmt":"2025-04-28T14:59:55","slug":"exquisite-emerald-ring-elegant-design-for-engagement","status":"publish","type":"product","link":"https:\/\/emeraldsring.com\/de\/produkt\/exquisite-emerald-ring-elegant-design-for-engagement\/","title":{"rendered":"Exquisit geschliffener Smaragd Verlobungsring mit Herzform"},"content":{"rendered":"<div data-elementor-type=\"wp-post\" data-elementor-id=\"39\" class=\"elementor elementor-39\" data-elementor-post-type=\"product\">\n\t\t\t\t<div class=\"elementor-element elementor-element-5d27b73b e-flex e-con-boxed e-con e-parent\" data-id=\"5d27b73b\" data-element_type=\"container\">\n\t\t\t\t\t<div class=\"e-con-inner\">\n\t\t<div class=\"elementor-element elementor-element-2e323c7 e-flex e-con-boxed e-con e-child\" data-id=\"2e323c7\" data-element_type=\"container\">\n\t\t\t\t\t<div class=\"e-con-inner\">\n\t\t\t\t<div class=\"elementor-element elementor-element-0032deb elementor-widget elementor-widget-video\" data-id=\"0032deb\" data-element_type=\"widget\" data-settings=\"{&quot;youtube_url&quot;:&quot;https:\\\/\\\/www.youtube.com\\\/watch?v=FU7mSwE2B9Q&quot;,&quot;loop&quot;:&quot;yes&quot;,&quot;video_type&quot;:&quot;youtube&quot;,&quot;controls&quot;:&quot;yes&quot;}\" data-widget_type=\"video.default\">\n\t\t\t\t<div class=\"elementor-widget-container\">\n\t\t\t\t\t\t\t<div class=\"elementor-wrapper elementor-open-inline\">\n\t\t\t<div class=\"elementor-video\"><\/div>\t\t<\/div>\n\t\t\t\t\t\t<\/div>\n\t\t\t\t<\/div>\n\t\t\t\t\t<\/div>\n\t\t\t\t<\/div>\n\t\t\t\t<div class=\"elementor-element elementor-element-6716d915 elementor-widget elementor-widget-text-editor\" data-id=\"6716d915\" data-element_type=\"widget\" data-widget_type=\"text-editor.default\">\n\t\t\t\t<div class=\"elementor-widget-container\">\n\t\t\t\t\t\t\t\t\t<strong>Wesentliche Merkmale:<\/strong>\r\n<ul>\r\n \t<li><strong>Hochwertiges Material<\/strong>: Der Ring ist aus hochwertigem [Material angeben: z. B. Sterlingsilber, 18 Karat Gold] gefertigt, um Haltbarkeit und ein luxuri\u00f6ses Finish zu gew\u00e4hrleisten.<\/li>\r\n \t<li><strong>Brillant Smaragd Edelstein<\/strong>: Mit einem lebendigen Smaragd-Edelstein, der sorgf\u00e4ltig nach seiner Klarheit, Farbe und Brillanz ausgew\u00e4hlt wurde. Der Edelstein ist kunstvoll geschliffen, um seine nat\u00fcrliche Sch\u00f6nheit zu unterstreichen.<\/li>\r\n \t<li><strong>Elegantes Design<\/strong>: Der Ring hat ein zeitloses Design und eignet sich f\u00fcr Verlobungen, Hochzeiten, Jahrestage oder besondere Anl\u00e4sse.<\/li>\r\n \t<li><strong>Bequeme Passform<\/strong>: Das Design ist auf Komfort ausgelegt, so dass es t\u00e4glich getragen werden kann, ohne dass der Stil darunter leidet.<\/li>\r\n<\/ul>\r\n<strong>Warum unseren Smaragdring w\u00e4hlen?<\/strong>\r\n<ul>\r\n \t<li>Ein perfektes Geschenk f\u00fcr liebe Menschen, das Liebe, Wohlstand und Weisheit symbolisiert.<\/li>\r\n \t<li>Verleiht jedem Outfit einen Hauch von Luxus und Klasse.<\/li>\r\n \t<li>Pr\u00e4zise gefertigt, um ein makelloses Finish zu erzielen, das die Aufmerksamkeit auf sich zieht.<\/li>\r\n<\/ul>\r\n<strong>Spezifikationen:<\/strong>\r\n<ul>\r\n \t<li>Material: [z. B. 18k Gold, Platin]<\/li>\r\n \t<li>Edelstein: Nat\u00fcrlicher Smaragd<\/li>\r\n \t<li>Verf\u00fcgbare Gr\u00f6\u00dfen: [z. B. US-Gr\u00f6\u00dfen 5-9]<\/li>\r\n \t<li>Verpackung: Wird in einer eleganten Geschenkbox geliefert, die zum Verschenken geeignet ist.<\/li>\r\n<\/ul>\r\nDiese <strong>Smaragd Ring<\/strong> ist mehr als nur ein Schmuckst\u00fcck - er ist ein Ausdruck von Eleganz und Liebe. Egal, ob Sie einen besonderen Moment feiern oder sich selbst verw\u00f6hnen wollen, dieser Ring wird Sie beeindrucken.\r\n\r\nBestellen Sie jetzt und lassen Sie dieses wunderbare St\u00fcck Teil Ihrer wertvollen Erinnerungen werden!\r\n\r\n<a href=\"https:\/\/emeraldring.shop\/wp-content\/uploads\/2022\/12\/Exquisite-Emerald-Ring-Elegant-Design-for-Special-Occasions-1.jpg\"><img fetchpriority=\"high\" decoding=\"async\" src=\"https:\/\/emeraldring.shop\/wp-content\/uploads\/2022\/12\/Exquisite-Emerald-Ring-Elegant-Design-for-Special-Occasions-1.jpg\" alt=\"Exquisite Emerald Ring - Elegant Design for Engagement Occasions (1)\" width=\"800\" height=\"800\" \/><\/a> <a href=\"https:\/\/emeraldring.shop\/wp-content\/uploads\/2022\/12\/Exquisite-Emerald-Ring-Elegant-Design-for-Special-Occasions-10.jpg\"><img decoding=\"async\" src=\"https:\/\/emeraldring.shop\/wp-content\/uploads\/2022\/12\/Exquisite-Emerald-Ring-Elegant-Design-for-Special-Occasions-10.jpg\" alt=\"Exquisite Emerald Ring - Elegant Design for Engagement Occasions\" width=\"800\" height=\"800\" \/><\/a> <a href=\"https:\/\/emeraldring.shop\/wp-content\/uploads\/2022\/12\/Exquisite-Emerald-Ring-Elegant-Design-for-Special-Occasions-9.jpg\"><img decoding=\"async\" src=\"https:\/\/emeraldring.shop\/wp-content\/uploads\/2022\/12\/Exquisite-Emerald-Ring-Elegant-Design-for-Special-Occasions-9.jpg\" alt=\"Exquisite Emerald Ring - Elegant Design for Engagement Occasions\" width=\"800\" height=\"800\" \/><\/a> <a href=\"https:\/\/emeraldring.shop\/wp-content\/uploads\/2022\/12\/Exquisite-Emerald-Ring-Elegant-Design-for-Special-Occasions-8.jpg\"><img loading=\"lazy\" decoding=\"async\" src=\"https:\/\/emeraldring.shop\/wp-content\/uploads\/2022\/12\/Exquisite-Emerald-Ring-Elegant-Design-for-Special-Occasions-8.jpg\" alt=\"Exquisite Emerald Ring - Elegant Design for Engagement Occasions\" width=\"800\" height=\"800\" \/><\/a> <a href=\"https:\/\/emeraldring.shop\/wp-content\/uploads\/2022\/12\/Exquisite-Emerald-Ring-Elegant-Design-for-Special-Occasions-6.jpg\"><img loading=\"lazy\" decoding=\"async\" src=\"https:\/\/emeraldring.shop\/wp-content\/uploads\/2022\/12\/Exquisite-Emerald-Ring-Elegant-Design-for-Special-Occasions-6.jpg\" alt=\"Exquisite Emerald Ring - Elegant Design for Engagement Occasions\" width=\"800\" height=\"800\" \/><\/a> <a href=\"https:\/\/emeraldring.shop\/wp-content\/uploads\/2022\/12\/Exquisite-Emerald-Ring-Elegant-Design-for-Special-Occasions-5.jpg\"><img loading=\"lazy\" decoding=\"async\" src=\"https:\/\/emeraldring.shop\/wp-content\/uploads\/2022\/12\/Exquisite-Emerald-Ring-Elegant-Design-for-Special-Occasions-5.jpg\" alt=\"Exquisite Emerald Ring - Elegant Design for Engagement Occasions\" width=\"800\" height=\"800\" \/><\/a> <a href=\"https:\/\/emeraldring.shop\/wp-content\/uploads\/2022\/12\/Exquisite-Emerald-Ring-Elegant-Design-for-Special-Occasions-4.jpg\"><img loading=\"lazy\" decoding=\"async\" src=\"https:\/\/emeraldring.shop\/wp-content\/uploads\/2022\/12\/Exquisite-Emerald-Ring-Elegant-Design-for-Special-Occasions-4.jpg\" alt=\"Exquisite Emerald Ring - Elegant Design for Engagement Occasions\" width=\"800\" height=\"800\" \/><\/a> <a href=\"https:\/\/emeraldring.shop\/wp-content\/uploads\/2022\/12\/Exquisite-Emerald-Ring-Elegant-Design-for-Special-Occasions-3.jpg\"><img loading=\"lazy\" decoding=\"async\" src=\"https:\/\/emeraldring.shop\/wp-content\/uploads\/2022\/12\/Exquisite-Emerald-Ring-Elegant-Design-for-Special-Occasions-3.jpg\" alt=\"Exquisite Emerald Ring - Elegant Design for Engagement Occasions\" width=\"800\" height=\"800\" \/><\/a> <a href=\"https:\/\/emeraldring.shop\/wp-content\/uploads\/2022\/12\/Exquisite-Emerald-Ring-Elegant-Design-for-Special-Occasions-2.jpg\"><img loading=\"lazy\" decoding=\"async\" src=\"https:\/\/emeraldring.shop\/wp-content\/uploads\/2022\/12\/Exquisite-Emerald-Ring-Elegant-Design-for-Special-Occasions-2.jpg\" alt=\"Exquisite Emerald Ring - Elegant Design for Engagement Occasions\" width=\"800\" height=\"800\" \/><\/a>\t\t\t\t\t\t\t\t<\/div>\n\t\t\t\t<\/div>\n\t\t\t\t\t<\/div>\n\t\t\t\t<\/div>\n\t\t\t\t<\/div>","protected":false},"excerpt":{"rendered":"<p>Wir stellen vor: unser exquisites <strong>Smaragd Ring<\/strong>ein Meisterwerk, das Eleganz und Raffinesse verk\u00f6rpert. Dieser Ring ist f\u00fcr diejenigen, die feine Handwerkskunst und zeitlose Sch\u00f6nheit zu sch\u00e4tzen wissen.<\/p>","protected":false},"featured_media":225,"comment_status":"open","ping_status":"closed","template":"","meta":{"_kad_post_transparent":"","_kad_post_title":"","_kad_post_layout":"","_kad_post_sidebar_id":"","_kad_post_content_style":"","_kad_post_vertical_padding":"","_kad_post_feature":"","_kad_post_feature_position":"","_kad_post_header":false,"_kad_post_footer":false},"product_brand":[],"product_cat":[15,16,89,17,44,67],"product_tag":[30,18,31],"class_list":{"0":"post-39","1":"product","2":"type-product","3":"status-publish","4":"has-post-thumbnail","6":"product_cat-rings","7":"product_cat-emerald-ring","8":"product_cat-engagement-and-wedding","9":"product_cat-engagement-ring","10":"product_cat-heart-ring","11":"product_cat-lab-grown-gemstones-ring","12":"product_tag-emerald-cut-engagement-rings","13":"product_tag-emerald-ring","14":"product_tag-engagement-ring","16":"first","17":"instock","18":"shipping-taxable","19":"purchasable","20":"product-type-variable","21":"entry","22":"content-bg","23":"loop-entry"},"aioseo_notices":[],"_links":{"self":[{"href":"https:\/\/emeraldsring.com\/de\/wp-json\/wp\/v2\/product\/39","targetHints":{"allow":["GET"]}}],"collection":[{"href":"https:\/\/emeraldsring.com\/de\/wp-json\/wp\/v2\/product"}],"about":[{"href":"https:\/\/emeraldsring.com\/de\/wp-json\/wp\/v2\/types\/product"}],"replies":[{"embeddable":true,"href":"https:\/\/emeraldsring.com\/de\/wp-json\/wp\/v2\/comments?post=39"}],"version-history":[{"count":5,"href":"https:\/\/emeraldsring.com\/de\/wp-json\/wp\/v2\/product\/39\/revisions"}],"predecessor-version":[{"id":1444,"href":"https:\/\/emeraldsring.com\/de\/wp-json\/wp\/v2\/product\/39\/revisions\/1444"}],"wp:featuredmedia":[{"embeddable":true,"href":"https:\/\/emeraldsring.com\/de\/wp-json\/wp\/v2\/media\/225"}],"wp:attachment":[{"href":"https:\/\/emeraldsring.com\/de\/wp-json\/wp\/v2\/media?parent=39"}],"wp:term":[{"taxonomy":"product_brand","embeddable":true,"href":"https:\/\/emeraldsring.com\/de\/wp-json\/wp\/v2\/product_brand?post=39"},{"taxonomy":"product_cat","embeddable":true,"href":"https:\/\/emeraldsring.com\/de\/wp-json\/wp\/v2\/product_cat?post=39"},{"taxonomy":"product_tag","embeddable":true,"href":"https:\/\/emeraldsring.com\/de\/wp-json\/wp\/v2\/product_tag?post=39"}],"curies":[{"name":"wp","href":"https:\/\/api.w.org\/{rel}","templated":true}]}}