{"id":40,"date":"2025-02-04T10:02:29","date_gmt":"2025-02-04T10:02:29","guid":{"rendered":"https:\/\/emeraldsring.com\/?post_type=product&#038;p=40"},"modified":"2025-03-03T11:31:39","modified_gmt":"2025-03-03T06:31:39","slug":"elegant-925-sterling-silver-eternity-band-with-emerald","status":"publish","type":"product","link":"https:\/\/emeraldsring.com\/de\/produkt\/elegant-925-sterling-silver-eternity-band-with-emerald\/","title":{"rendered":"Elegantes 925 Sterling Silber Eternitband mit Smaragd"},"content":{"rendered":"<div data-elementor-type=\"wp-post\" data-elementor-id=\"40\" class=\"elementor elementor-40\" data-elementor-post-type=\"product\">\n\t\t\t\t<div class=\"elementor-element elementor-element-5911d0d4 e-flex e-con-boxed e-con e-parent\" data-id=\"5911d0d4\" data-element_type=\"container\">\n\t\t\t\t\t<div class=\"e-con-inner\">\n\t\t<div class=\"elementor-element elementor-element-6c03046 e-con-full e-flex e-con e-child\" data-id=\"6c03046\" data-element_type=\"container\">\n\t\t\t\t<div class=\"elementor-element elementor-element-6a8365f elementor-widget elementor-widget-video\" data-id=\"6a8365f\" data-element_type=\"widget\" data-settings=\"{&quot;youtube_url&quot;:&quot;https:\\\/\\\/youtube.com\\\/watch?v=hPLNEoJ0cdE&quot;,&quot;loop&quot;:&quot;yes&quot;,&quot;video_type&quot;:&quot;youtube&quot;,&quot;controls&quot;:&quot;yes&quot;}\" data-widget_type=\"video.default\">\n\t\t\t\t<div class=\"elementor-widget-container\">\n\t\t\t\t\t\t\t<div class=\"elementor-wrapper elementor-open-inline\">\n\t\t\t<div class=\"elementor-video\"><\/div>\t\t<\/div>\n\t\t\t\t\t\t<\/div>\n\t\t\t\t<\/div>\n\t\t\t\t<\/div>\n\t\t\t\t<div class=\"elementor-element elementor-element-6576f0a6 elementor-widget elementor-widget-text-editor\" data-id=\"6576f0a6\" data-element_type=\"widget\" data-widget_type=\"text-editor.default\">\n\t\t\t\t<div class=\"elementor-widget-container\">\n\t\t\t\t\t\t\t\t\t<p><strong>Wesentliche Merkmale<\/strong><\/p><ol><li><strong>Hochwertige Materialien<\/strong>:<br \/>Aus 925er Sterlingsilber gefertigt und mit 18 Karat Wei\u00dfgold \u00fcberzogen, garantiert dieser Ring Langlebigkeit und einen luxuri\u00f6sen Glanz. Die hochwertigen Materialien sind anlaufsicher und behalten ihre Sch\u00f6nheit \u00fcber die Zeit.<\/li><li><strong>Anspruchsvolle Edelsteine<\/strong>:<ul><li><strong>Smaragde<\/strong>: Ein kr\u00e4ftiger Gr\u00fcnton symbolisiert Wohlstand, Liebe und Erneuerung.<\/li><li><strong>Wei\u00dfer Zirkoniumdioxid<\/strong>: Strahlt einen diamanten\u00e4hnlichen Glanz aus und bietet eine luxuri\u00f6se und dennoch erschwingliche Alternative.<\/li><\/ul><\/li><li><strong>Ewiges Band Design<\/strong>:<br \/>Das kreisf\u00f6rmige Arrangement aus abwechselnd angeordneten Smaragden und wei\u00dfen Zirkonia steht f\u00fcr ewige Liebe und Einheit und ist somit ein bedeutungsvolles Schmuckst\u00fcck f\u00fcr Hochzeiten, Jahrestage oder Versprechen.<\/li><li><strong>Au\u00dfergew\u00f6hnliche Handwerkskunst<\/strong>:<br \/>Jeder Edelstein wird mit fortschrittlichen Einlegetechniken sicher eingefasst, was eine makellose Oberfl\u00e4che und lang anhaltendes Tragen gew\u00e4hrleistet.<\/li><li><strong>Komfort-Passform-Design<\/strong>:<br \/>Dieser Ring wurde f\u00fcr eine bequeme Passform entwickelt und eignet sich perfekt f\u00fcr das t\u00e4gliche Tragen oder besondere Anl\u00e4sse.<\/li><\/ol><p><strong>Spezifikationen<\/strong><\/p><ul><li><strong>Grundmaterial<\/strong>: 925 Sterling Silber<\/li><li><strong>Beschichtung<\/strong>: 18k Wei\u00dfgold<\/li><li><strong>Edelsteine<\/strong>: Smaragd und wei\u00dfer Zirkoniumdioxid<\/li><li><strong>Verf\u00fcgbare Gr\u00f6\u00dfen<\/strong>: Komplettes Sortiment von US 5 bis US 9<\/li><li><strong>Verpackung<\/strong>: Elegante Geschenkbox, bereit zum Verschenken<\/li><\/ul><p><strong>Warum dieses Ewigkeitsarmband w\u00e4hlen?<\/strong><\/p><ul><li>Perfekt, um die Liebe zu feiern, Meilensteine zu feiern oder um ein sch\u00f6nes Geschenk zu machen.<\/li><li>Verleiht jedem Outfit Raffinesse und Luxus.<\/li><li>Sorgf\u00e4ltig entworfen, um sowohl Sch\u00f6nheit als auch Haltbarkeit zu gew\u00e4hrleisten.<\/li><\/ul><p><strong>Pflegehinweise<\/strong><\/p><ul><li>Vermeiden Sie den direkten Kontakt mit Wasser, Parf\u00fcm oder scharfen Chemikalien.<\/li><li>In der mitgelieferten Schmuckschatulle aufbewahren, um Glanz und Langlebigkeit zu erhalten.<\/li><\/ul><p><strong>Jetzt bestellen<\/strong><br \/>Erweitern Sie Ihre Schmucksammlung mit diesem atemberaubenden <strong>925 Sterling Silber Ewigkeitsring<\/strong>. Ob f\u00fcr Sie selbst oder f\u00fcr einen geliebten Menschen, es ist ein zeitloser Schatz, den Sie f\u00fcr immer in Ehren halten werden.<\/p><p>Machen Sie Ihre besonderen Momente unvergesslich - bestellen Sie noch heute!<\/p><p>\u00a0<\/p>\t\t\t\t\t\t\t\t<\/div>\n\t\t\t\t<\/div>\n\t\t\t\t\t<\/div>\n\t\t\t\t<\/div>\n\t\t\t\t<\/div>","protected":false},"excerpt":{"rendered":"<p>Zelebrieren Sie zeitlose Eleganz mit unserem <strong>925 Sterling Silber Ewigkeitsring<\/strong>. Dieser exquisite Ring kombiniert die Brillanz von Smaragden mit dem Funkeln von wei\u00dfen Zirkonia und schafft so ein atemberaubendes Design, das Aufmerksamkeit und Bewunderung erregt.<\/p>","protected":false},"featured_media":236,"comment_status":"open","ping_status":"closed","template":"","meta":{"_kad_post_transparent":"","_kad_post_title":"","_kad_post_layout":"","_kad_post_sidebar_id":"","_kad_post_content_style":"","_kad_post_vertical_padding":"","_kad_post_feature":"","_kad_post_feature_position":"","_kad_post_header":false,"_kad_post_footer":false},"product_brand":[],"product_cat":[16,89,17,21,67,15],"product_tag":[18,31,22,28],"class_list":{"0":"post-40","1":"product","2":"type-product","3":"status-publish","4":"has-post-thumbnail","6":"product_cat-emerald-ring","7":"product_cat-engagement-and-wedding","8":"product_cat-engagement-ring","9":"product_cat-eternity-band","10":"product_cat-lab-grown-gemstones-ring","11":"product_cat-rings","12":"product_tag-emerald-ring","13":"product_tag-engagement-ring","14":"product_tag-eternity-band","15":"product_tag-zircon-ring","17":"first","18":"instock","19":"shipping-taxable","20":"purchasable","21":"product-type-variable","22":"entry","23":"content-bg","24":"loop-entry"},"aioseo_notices":[],"_links":{"self":[{"href":"https:\/\/emeraldsring.com\/de\/wp-json\/wp\/v2\/product\/40","targetHints":{"allow":["GET"]}}],"collection":[{"href":"https:\/\/emeraldsring.com\/de\/wp-json\/wp\/v2\/product"}],"about":[{"href":"https:\/\/emeraldsring.com\/de\/wp-json\/wp\/v2\/types\/product"}],"replies":[{"embeddable":true,"href":"https:\/\/emeraldsring.com\/de\/wp-json\/wp\/v2\/comments?post=40"}],"version-history":[{"count":9,"href":"https:\/\/emeraldsring.com\/de\/wp-json\/wp\/v2\/product\/40\/revisions"}],"predecessor-version":[{"id":1445,"href":"https:\/\/emeraldsring.com\/de\/wp-json\/wp\/v2\/product\/40\/revisions\/1445"}],"wp:featuredmedia":[{"embeddable":true,"href":"https:\/\/emeraldsring.com\/de\/wp-json\/wp\/v2\/media\/236"}],"wp:attachment":[{"href":"https:\/\/emeraldsring.com\/de\/wp-json\/wp\/v2\/media?parent=40"}],"wp:term":[{"taxonomy":"product_brand","embeddable":true,"href":"https:\/\/emeraldsring.com\/de\/wp-json\/wp\/v2\/product_brand?post=40"},{"taxonomy":"product_cat","embeddable":true,"href":"https:\/\/emeraldsring.com\/de\/wp-json\/wp\/v2\/product_cat?post=40"},{"taxonomy":"product_tag","embeddable":true,"href":"https:\/\/emeraldsring.com\/de\/wp-json\/wp\/v2\/product_tag?post=40"}],"curies":[{"name":"wp","href":"https:\/\/api.w.org\/{rel}","templated":true}]}}