{"id":618,"date":"2025-02-05T20:34:34","date_gmt":"2025-02-05T15:34:34","guid":{"rendered":"https:\/\/emeraldsring.com\/?post_type=product&#038;p=618"},"modified":"2025-04-28T19:59:37","modified_gmt":"2025-04-28T14:59:37","slug":"sterling-silver-natural-emerald-band-ring-green-stone-oval-ring-engagement-ring","status":"publish","type":"product","link":"https:\/\/emeraldsring.com\/de\/produkt\/sterling-silver-natural-emerald-band-ring-green-stone-oval-ring-engagement-ring\/","title":{"rendered":"Sterling Silber Natural Emerald Band Ring, Gr\u00fcner Stein Oval Ring, Verlobungsring"},"content":{"rendered":"<div data-elementor-type=\"product-post\" data-elementor-id=\"618\" class=\"elementor elementor-618\" data-elementor-post-type=\"product\">\n\t\t\t\t<div class=\"elementor-element elementor-element-461f638 e-flex e-con-boxed e-con e-parent\" data-id=\"461f638\" data-element_type=\"container\" data-e-type=\"container\">\n\t\t\t\t\t<div class=\"e-con-inner\">\n\t\t<div class=\"elementor-element elementor-element-eaf81e3 e-con-full e-flex e-con e-child\" data-id=\"eaf81e3\" data-element_type=\"container\" data-e-type=\"container\">\n\t\t\t\t<div class=\"elementor-element elementor-element-a72fa5c elementor-widget elementor-widget-video\" data-id=\"a72fa5c\" data-element_type=\"widget\" data-e-type=\"widget\" data-settings=\"{&quot;youtube_url&quot;:&quot;https:\\\/\\\/youtube.com\\\/watch?v=FNA2i1-dGOk&quot;,&quot;loop&quot;:&quot;yes&quot;,&quot;video_type&quot;:&quot;youtube&quot;,&quot;controls&quot;:&quot;yes&quot;}\" data-widget_type=\"video.default\">\n\t\t\t\t<div class=\"elementor-widget-container\">\n\t\t\t\t\t\t\t<div class=\"elementor-wrapper elementor-open-inline\">\n\t\t\t<div class=\"elementor-video\"><\/div>\t\t<\/div>\n\t\t\t\t\t\t<\/div>\n\t\t\t\t<\/div>\n\t\t\t\t<\/div>\n\t\t\t\t<div class=\"elementor-element elementor-element-0d5f1e4 elementor-widget elementor-widget-text-editor\" data-id=\"0d5f1e4\" data-element_type=\"widget\" data-e-type=\"widget\" data-widget_type=\"text-editor.default\">\n\t\t\t\t<div class=\"elementor-widget-container\">\n\t\t\t\t\t\t\t\t\t<p>Erh\u00f6hen Sie Ihren Stil mit diesem exquisiten <strong>Smaragd Ring<\/strong> aus hochwertigem Sterlingsilber gefertigt. Mit einer atemberaubenden, ovalen Form <strong>nat\u00fcrlicher Smaragdstein<\/strong>Dieses Schmuckst\u00fcck ist perfekt f\u00fcr alle, die eine Kombination aus Eleganz und Bedeutung suchen. Der Smaragd ist bekannt f\u00fcr seinen fesselnden gr\u00fcnen Farbton und gilt als Symbol f\u00fcr Erneuerung, Liebe und Wachstum. Damit ist dieser Ring die ideale Wahl f\u00fcr eine Verlobung oder ein besonderes Geschenk, um einen bedeutungsvollen Moment zu feiern.<\/p><p><strong>Produktmerkmale:<\/strong><\/p><ul><li><strong>Material<\/strong>: Gefertigt aus haltbarem, hypoallergenem Sterlingsilber, das Langlebigkeit und Komfort f\u00fcr das t\u00e4gliche Tragen gew\u00e4hrleistet.<\/li><li><strong>Stein<\/strong>: Ein nat\u00fcrlicher Smaragd im Ovalschliff - lebendig und voller Leben, der jedem Outfit einen eleganten Touch verleiht.<\/li><li><strong>Gestaltung<\/strong>: Klassisches Banddesign mit modernem Twist, perfekt f\u00fcr alle, die zeitlose Sch\u00f6nheit und Raffinesse sch\u00e4tzen.<\/li><li><strong>Vielseitig<\/strong>: Egal, ob Sie einen einzigartigen Verlobungsring oder ein besonderes Schmuckst\u00fcck f\u00fcr den Alltag suchen, dieser Smaragdring passt zu jeder Gelegenheit.<\/li><li><strong>Ideales Geschenk<\/strong>: Ein perfektes Geschenk f\u00fcr Jubil\u00e4en, Geburtstage, Verlobungen oder eine herzliche Geste an einen besonderen Menschen.<\/li><\/ul><p>Das satte Gr\u00fcn des Smaragds erinnert Sie an die Sch\u00f6nheit der kostbarsten Momente im Leben. Verpassen Sie nicht dieses elegante und zeitlose <strong>Smaragd Ring<\/strong> - Bestellen Sie noch heute und machen Sie jeden Moment unvergesslich!<\/p>\t\t\t\t\t\t\t\t<\/div>\n\t\t\t\t<\/div>\n\t\t\t\t\t<\/div>\n\t\t\t\t<\/div>\n\t\t\t\t<\/div>","protected":false},"excerpt":{"rendered":"<p><strong>Produkt DETAILS:<\/strong><br \/>\nMetall: 925k Silber<br \/>\nEdelstein: Nat\u00fcrlicher roher Smaragd<br \/>\nFarbe des Edelsteins: Gr\u00fcn<br \/>\nBandfarbe: Rose Gold, Silber<br \/>\nRing Gr\u00f6\u00dfe: Einstellbar<br \/>\nDurchmesser Stein Gr\u00f6\u00dfe: 4*6 mm \/ 3*3 mm<br \/>\nKlarheit: Sehr geringf\u00fcgig eingeschlossen<br \/>\nDie Form: Oval<br \/>\nSchliff: Gemischter Brillant<\/p>","protected":false},"featured_media":631,"comment_status":"open","ping_status":"closed","template":"","meta":{"_kad_post_transparent":"","_kad_post_title":"","_kad_post_layout":"","_kad_post_sidebar_id":"","_kad_post_content_style":"","_kad_post_vertical_padding":"","_kad_post_feature":"","_kad_post_feature_position":"","_kad_post_header":false,"_kad_post_footer":false},"product_brand":[],"product_cat":[15,16,17,66,20],"product_tag":[],"class_list":{"0":"post-618","1":"product","2":"type-product","3":"status-publish","4":"has-post-thumbnail","6":"product_cat-rings","7":"product_cat-emerald-ring","8":"product_cat-engagement-ring","9":"product_cat-natural-gemstones-ring","10":"product_cat-oval-ring","12":"first","13":"instock","14":"shipping-taxable","15":"purchasable","16":"product-type-variable","17":"entry","18":"content-bg","19":"loop-entry"},"aioseo_notices":[],"_links":{"self":[{"href":"https:\/\/emeraldsring.com\/de\/wp-json\/wp\/v2\/product\/618","targetHints":{"allow":["GET"]}}],"collection":[{"href":"https:\/\/emeraldsring.com\/de\/wp-json\/wp\/v2\/product"}],"about":[{"href":"https:\/\/emeraldsring.com\/de\/wp-json\/wp\/v2\/types\/product"}],"replies":[{"embeddable":true,"href":"https:\/\/emeraldsring.com\/de\/wp-json\/wp\/v2\/comments?post=618"}],"version-history":[{"count":10,"href":"https:\/\/emeraldsring.com\/de\/wp-json\/wp\/v2\/product\/618\/revisions"}],"predecessor-version":[{"id":1500,"href":"https:\/\/emeraldsring.com\/de\/wp-json\/wp\/v2\/product\/618\/revisions\/1500"}],"wp:featuredmedia":[{"embeddable":true,"href":"https:\/\/emeraldsring.com\/de\/wp-json\/wp\/v2\/media\/631"}],"wp:attachment":[{"href":"https:\/\/emeraldsring.com\/de\/wp-json\/wp\/v2\/media?parent=618"}],"wp:term":[{"taxonomy":"product_brand","embeddable":true,"href":"https:\/\/emeraldsring.com\/de\/wp-json\/wp\/v2\/product_brand?post=618"},{"taxonomy":"product_cat","embeddable":true,"href":"https:\/\/emeraldsring.com\/de\/wp-json\/wp\/v2\/product_cat?post=618"},{"taxonomy":"product_tag","embeddable":true,"href":"https:\/\/emeraldsring.com\/de\/wp-json\/wp\/v2\/product_tag?post=618"}],"curies":[{"name":"wp","href":"https:\/\/api.w.org\/{rel}","templated":true}]}}