{"id":642,"date":"2025-02-06T07:49:41","date_gmt":"2025-02-06T02:49:41","guid":{"rendered":"https:\/\/emeraldsring.com\/?post_type=product&#038;p=642"},"modified":"2025-04-28T19:59:35","modified_gmt":"2025-04-28T14:59:35","slug":"natural-emerald-ring-gold-merald-engagement-ring-emerald-jewelry","status":"publish","type":"product","link":"https:\/\/emeraldsring.com\/de\/produkt\/natural-emerald-ring-gold-merald-engagement-ring-emerald-jewelry\/","title":{"rendered":"Nat\u00fcrlicher Smaragd Ring Gold Merald Verlobungsring Smaragdschmuck"},"content":{"rendered":"<div data-elementor-type=\"product-post\" data-elementor-id=\"642\" class=\"elementor elementor-642\" data-elementor-post-type=\"product\">\n\t\t\t\t<div class=\"elementor-element elementor-element-f533d6c e-flex e-con-boxed e-con e-parent\" data-id=\"f533d6c\" data-element_type=\"container\" data-e-type=\"container\">\n\t\t\t\t\t<div class=\"e-con-inner\">\n\t\t\t\t<div class=\"elementor-element elementor-element-75a4b70 elementor-widget elementor-widget-text-editor\" data-id=\"75a4b70\" data-element_type=\"widget\" data-e-type=\"widget\" data-widget_type=\"text-editor.default\">\n\t\t\t\t<div class=\"elementor-widget-container\">\n\t\t\t\t\t\t\t\t\t<p>Eleganz mit dieser atemberaubenden <strong>Smaragd Ring<\/strong> mit einem schillernden nat\u00fcrlichen Smaragdstein in luxuri\u00f6sem 14-kar\u00e4tigem Gold. Der Smaragd ist bekannt f\u00fcr seine tiefgr\u00fcne Farbe und seinen fesselnden Charme und gilt als Symbol f\u00fcr Harmonie, Wachstum und Liebe. Dieser atemberaubende Ring ist der perfekte Ausdruck von Engagement und Raffinesse - ganz gleich, ob Sie nach einem zeitlosen <strong>Verlobungsring<\/strong> oder ein Statement-St\u00fcck, das Ihre Schmucksammlung aufwertet.<\/p><p><strong>Produktmerkmale:<\/strong><\/p><ul><li><strong>Material<\/strong>: Hergestellt aus hochwertigem 14-kar\u00e4tigem Gold, das sowohl Haltbarkeit als auch ein reiches, klassisches Finish bietet, das die leuchtend gr\u00fcne Farbe des Smaragds erg\u00e4nzt.<\/li><li><strong>Stein<\/strong>: Nat\u00fcrlicher Smaragd, sorgf\u00e4ltig geschliffen, um seine faszinierende Brillanz hervorzuheben. Der tiefgr\u00fcne Farbton ist ein Beweis f\u00fcr die zeitlose Anziehungskraft des Edelsteins.<\/li><li><strong>Gestaltung<\/strong>: Elegantes, minimalistisches Banddesign, das den Smaragd zur Geltung kommen l\u00e4sst. Seine schlichte und raffinierte Fassung macht ihn sowohl f\u00fcr die Freizeit als auch f\u00fcr formelle Anl\u00e4sse geeignet.<\/li><li><strong>Perfekt f\u00fcr Verlobungen<\/strong>: Ideal als einzigartiger und aussagekr\u00e4ftiger Verlobungsring, der f\u00fcr Liebe, Engagement und Erneuerung steht.<\/li><li><strong>Vielseitiger Schmuck<\/strong>: Ein wundersch\u00f6nes St\u00fcck, das sowohl im Alltag als auch zu besonderen Anl\u00e4ssen getragen werden kann - sein zeitloses Design macht es zu einer perfekten Erg\u00e4nzung f\u00fcr jede Schmucksammlung.<\/li><\/ul><p>Diese <strong>Smaragd Ring<\/strong> ist mehr als nur ein Schmuckst\u00fcck - er ist ein Symbol f\u00fcr dauerhafte Liebe, Sch\u00f6nheit und St\u00e4rke. Verpassen Sie nicht die Gelegenheit, diesen exquisiten Smaragdring zu besitzen, der einen bleibenden Eindruck hinterlassen wird. Bestellen Sie ihn noch heute und feiern Sie die kostbarsten Momente des Lebens mit Stil!<\/p>\t\t\t\t\t\t\t\t<\/div>\n\t\t\t\t<\/div>\n\t\t\t\t\t<\/div>\n\t\t\t\t<\/div>\n\t\t\t\t<\/div>","protected":false},"excerpt":{"rendered":"<p><strong>Produkt DETAILS:<\/strong><br \/>\nMetall: 925k Silber<br \/>\nEdelstein: Nat\u00fcrlicher roher Smaragd<br \/>\nFarbe des Edelsteins: Gr\u00fcn<br \/>\nBandfarbe: Gelbgold<br \/>\nRing Gr\u00f6\u00dfe: Einstellbar<br \/>\nDurchmesser Steingr\u00f6\u00dfe: 3,5*3,5 mm<br \/>\nKlarheit: Sehr geringf\u00fcgig eingeschlossen<br \/>\nDie Form: Prinzessin<br \/>\nSchliff: Gemischter Brillant<\/p>","protected":false},"featured_media":1387,"comment_status":"open","ping_status":"closed","template":"","meta":{"_kad_post_transparent":"","_kad_post_title":"","_kad_post_layout":"","_kad_post_sidebar_id":"","_kad_post_content_style":"","_kad_post_vertical_padding":"","_kad_post_feature":"","_kad_post_feature_position":"","_kad_post_header":false,"_kad_post_footer":false},"product_brand":[],"product_cat":[15,16,56,69],"product_tag":[],"class_list":{"0":"post-642","1":"product","2":"type-product","3":"status-publish","4":"has-post-thumbnail","6":"product_cat-rings","7":"product_cat-emerald-ring","8":"product_cat-princess","9":"product_cat-solitaire","11":"first","12":"instock","13":"shipping-taxable","14":"purchasable","15":"product-type-simple","16":"entry","17":"content-bg","18":"loop-entry"},"aioseo_notices":[],"_links":{"self":[{"href":"https:\/\/emeraldsring.com\/de\/wp-json\/wp\/v2\/product\/642","targetHints":{"allow":["GET"]}}],"collection":[{"href":"https:\/\/emeraldsring.com\/de\/wp-json\/wp\/v2\/product"}],"about":[{"href":"https:\/\/emeraldsring.com\/de\/wp-json\/wp\/v2\/types\/product"}],"replies":[{"embeddable":true,"href":"https:\/\/emeraldsring.com\/de\/wp-json\/wp\/v2\/comments?post=642"}],"version-history":[{"count":7,"href":"https:\/\/emeraldsring.com\/de\/wp-json\/wp\/v2\/product\/642\/revisions"}],"predecessor-version":[{"id":1388,"href":"https:\/\/emeraldsring.com\/de\/wp-json\/wp\/v2\/product\/642\/revisions\/1388"}],"wp:featuredmedia":[{"embeddable":true,"href":"https:\/\/emeraldsring.com\/de\/wp-json\/wp\/v2\/media\/1387"}],"wp:attachment":[{"href":"https:\/\/emeraldsring.com\/de\/wp-json\/wp\/v2\/media?parent=642"}],"wp:term":[{"taxonomy":"product_brand","embeddable":true,"href":"https:\/\/emeraldsring.com\/de\/wp-json\/wp\/v2\/product_brand?post=642"},{"taxonomy":"product_cat","embeddable":true,"href":"https:\/\/emeraldsring.com\/de\/wp-json\/wp\/v2\/product_cat?post=642"},{"taxonomy":"product_tag","embeddable":true,"href":"https:\/\/emeraldsring.com\/de\/wp-json\/wp\/v2\/product_tag?post=642"}],"curies":[{"name":"wp","href":"https:\/\/api.w.org\/{rel}","templated":true}]}}