{"id":652,"date":"2025-02-06T09:15:43","date_gmt":"2025-02-06T04:15:43","guid":{"rendered":"https:\/\/emeraldsring.com\/?post_type=product&#038;p=652"},"modified":"2025-04-28T19:59:33","modified_gmt":"2025-04-28T14:59:33","slug":"real-emerald-ring-natural-pear-cut-emerald-engagement-rings","status":"publish","type":"product","link":"https:\/\/emeraldsring.com\/de\/produkt\/real-emerald-ring-natural-pear-cut-emerald-engagement-rings\/","title":{"rendered":"Echter Smaragd Ring Nat\u00fcrlicher Smaragd im Birnenschliff Verlobungsringe"},"content":{"rendered":"<div data-elementor-type=\"product-post\" data-elementor-id=\"652\" class=\"elementor elementor-652\" data-elementor-post-type=\"product\">\n\t\t\t\t<div class=\"elementor-element elementor-element-480490f e-flex e-con-boxed e-con e-parent\" data-id=\"480490f\" data-element_type=\"container\" data-e-type=\"container\">\n\t\t\t\t\t<div class=\"e-con-inner\">\n\t\t<div class=\"elementor-element elementor-element-c3d3325 e-con-full e-flex e-con e-child\" data-id=\"c3d3325\" data-element_type=\"container\" data-e-type=\"container\">\n\t\t\t\t<div class=\"elementor-element elementor-element-b1535a4 elementor-widget elementor-widget-video\" data-id=\"b1535a4\" data-element_type=\"widget\" data-e-type=\"widget\" data-settings=\"{&quot;youtube_url&quot;:&quot;https:\\\/\\\/youtube.com\\\/watch?v=jFitQebESKg&quot;,&quot;loop&quot;:&quot;yes&quot;,&quot;video_type&quot;:&quot;youtube&quot;,&quot;controls&quot;:&quot;yes&quot;}\" data-widget_type=\"video.default\">\n\t\t\t\t<div class=\"elementor-widget-container\">\n\t\t\t\t\t\t\t<div class=\"elementor-wrapper elementor-open-inline\">\n\t\t\t<div class=\"elementor-video\"><\/div>\t\t<\/div>\n\t\t\t\t\t\t<\/div>\n\t\t\t\t<\/div>\n\t\t\t\t<\/div>\n\t\t\t\t<div class=\"elementor-element elementor-element-41d33d2 elementor-widget elementor-widget-text-editor\" data-id=\"41d33d2\" data-element_type=\"widget\" data-e-type=\"widget\" data-widget_type=\"text-editor.default\">\n\t\t\t\t<div class=\"elementor-widget-container\">\n\t\t\t\t\t\t\t\t\t<p>Entdecken Sie die perfekte Mischung aus Eleganz und zeitloser Sch\u00f6nheit mit diesem atemberaubenden <strong>Smaragd Ring<\/strong>. Mit einem echten Birnenschliff <strong>nat\u00fcrlicher Smaragd<\/strong>Dieses exquisite St\u00fcck ist in ein fein gearbeitetes Band eingefasst, das ein auffallend raffiniertes Design bietet. Ganz gleich, ob Sie auf der Suche nach einem einzigartigen <strong>Verlobungsring<\/strong> Dieser Smaragdring verk\u00f6rpert die Essenz von raffiniertem Luxus und Anmut und ist ein besonderes Schmuckst\u00fcck, das Sie Ihrer Sammlung hinzuf\u00fcgen k\u00f6nnen.<\/p><p><strong>Produktmerkmale:<\/strong><\/p><ul><li><strong>Material<\/strong>: Fachm\u00e4nnisch gefertigt aus hochwertigen Materialien, die Langlebigkeit und dauerhaften Glanz bieten. Das Band erg\u00e4nzt perfekt das leuchtende Gr\u00fcn des Smaragds.<\/li><li><strong>Stein<\/strong>: Echter, nat\u00fcrlicher Smaragd im fesselnden Birnenschliff. Sein satter gr\u00fcner Farbton und der Brillantschliff machen ihn zu einem echten Hingucker.<\/li><li><strong>Gestaltung<\/strong>: Der Smaragd im Birnenschliff ist elegant gefasst, um eine maximale Lichtreflexion zu erm\u00f6glichen, die aus jedem Blickwinkel einen schillernden Effekt erzeugt.<\/li><li><strong>Verlobung bereit<\/strong>: Die ideale Wahl f\u00fcr einen Verlobungsring, der f\u00fcr Wachstum, Liebe und Harmonie steht - ein wirklich bedeutungsvolles Symbol f\u00fcr Ihren besonderen Moment.<\/li><li><strong>Vielseitige Sch\u00f6nheit<\/strong>: Dieser Smaragdring eignet sich perfekt f\u00fcr das t\u00e4gliche Tragen oder als Schmuckst\u00fcck f\u00fcr besondere Anl\u00e4sse und ist eine vielseitige Erg\u00e4nzung f\u00fcr jede Schmucksammlung.<\/li><\/ul><p>Diese <strong>Smaragd Ring<\/strong> ist der Inbegriff von Anmut und Luxus, geschaffen, um ein Leben lang in Ehren gehalten zu werden. Verpassen Sie nicht Ihre Chance, diesen au\u00dfergew\u00f6hnlichen Ring zu besitzen - bestellen Sie noch heute und erleben Sie die unvergleichliche Eleganz eines nat\u00fcrlichen Smaragds!<\/p>\t\t\t\t\t\t\t\t<\/div>\n\t\t\t\t<\/div>\n\t\t\t\t\t<\/div>\n\t\t\t\t<\/div>\n\t\t\t\t<\/div>","protected":false},"excerpt":{"rendered":"<p><strong>Produkt DETAILS:<\/strong><br \/>\nMetall: 925k Silber<br \/>\nEdelstein: Nat\u00fcrlicher roher Smaragd<br \/>\nFarbe des Edelsteins: Gr\u00fcn<br \/>\nBandfarbe: Wei\u00dfgold<br \/>\nRing Gr\u00f6\u00dfe: Einstellbar<br \/>\nDurchmesser Stein Gr\u00f6\u00dfe: 5*7 mm<br \/>\nKlarheit: Sehr geringf\u00fcgig eingeschlossen<br \/>\nDie Form: Birne<br \/>\nSchliff: Gemischter Brillant<\/p>","protected":false},"featured_media":1304,"comment_status":"open","ping_status":"closed","template":"","meta":{"_kad_post_transparent":"","_kad_post_title":"","_kad_post_layout":"","_kad_post_sidebar_id":"","_kad_post_content_style":"","_kad_post_vertical_padding":"","_kad_post_feature":"","_kad_post_feature_position":"","_kad_post_header":false,"_kad_post_footer":false},"product_brand":[],"product_cat":[17,66,68,24,15],"product_tag":[],"class_list":{"0":"post-652","1":"product","2":"type-product","3":"status-publish","4":"has-post-thumbnail","6":"product_cat-engagement-ring","7":"product_cat-natural-gemstones-ring","8":"product_cat-pave","9":"product_cat-ring","10":"product_cat-rings","12":"first","13":"instock","14":"shipping-taxable","15":"purchasable","16":"product-type-simple","17":"entry","18":"content-bg","19":"loop-entry"},"aioseo_notices":[],"_links":{"self":[{"href":"https:\/\/emeraldsring.com\/de\/wp-json\/wp\/v2\/product\/652","targetHints":{"allow":["GET"]}}],"collection":[{"href":"https:\/\/emeraldsring.com\/de\/wp-json\/wp\/v2\/product"}],"about":[{"href":"https:\/\/emeraldsring.com\/de\/wp-json\/wp\/v2\/types\/product"}],"replies":[{"embeddable":true,"href":"https:\/\/emeraldsring.com\/de\/wp-json\/wp\/v2\/comments?post=652"}],"version-history":[{"count":9,"href":"https:\/\/emeraldsring.com\/de\/wp-json\/wp\/v2\/product\/652\/revisions"}],"predecessor-version":[{"id":1497,"href":"https:\/\/emeraldsring.com\/de\/wp-json\/wp\/v2\/product\/652\/revisions\/1497"}],"wp:featuredmedia":[{"embeddable":true,"href":"https:\/\/emeraldsring.com\/de\/wp-json\/wp\/v2\/media\/1304"}],"wp:attachment":[{"href":"https:\/\/emeraldsring.com\/de\/wp-json\/wp\/v2\/media?parent=652"}],"wp:term":[{"taxonomy":"product_brand","embeddable":true,"href":"https:\/\/emeraldsring.com\/de\/wp-json\/wp\/v2\/product_brand?post=652"},{"taxonomy":"product_cat","embeddable":true,"href":"https:\/\/emeraldsring.com\/de\/wp-json\/wp\/v2\/product_cat?post=652"},{"taxonomy":"product_tag","embeddable":true,"href":"https:\/\/emeraldsring.com\/de\/wp-json\/wp\/v2\/product_tag?post=652"}],"curies":[{"name":"wp","href":"https:\/\/api.w.org\/{rel}","templated":true}]}}