{"id":661,"date":"2025-02-06T10:30:27","date_gmt":"2025-02-06T05:30:27","guid":{"rendered":"https:\/\/emeraldsring.com\/?post_type=product&#038;p=661"},"modified":"2025-04-28T19:59:31","modified_gmt":"2025-04-28T14:59:31","slug":"emerald-oval-cut-ring-sterling-silver-real-emerald-engagement-ring","status":"publish","type":"product","link":"https:\/\/emeraldsring.com\/de\/produkt\/emerald-oval-cut-ring-sterling-silver-real-emerald-engagement-ring\/","title":{"rendered":"Smaragd Oval Cut Ring Sterling Silber Echt Smaragd Verlobungsring"},"content":{"rendered":"<div data-elementor-type=\"product-post\" data-elementor-id=\"661\" class=\"elementor elementor-661\" data-elementor-post-type=\"product\">\n\t\t\t\t<div class=\"elementor-element elementor-element-1ddb17d e-flex e-con-boxed e-con e-parent\" data-id=\"1ddb17d\" data-element_type=\"container\">\n\t\t\t\t\t<div class=\"e-con-inner\">\n\t\t<div class=\"elementor-element elementor-element-1af08f7 e-flex e-con-boxed e-con e-child\" data-id=\"1af08f7\" data-element_type=\"container\">\n\t\t\t\t\t<div class=\"e-con-inner\">\n\t\t\t\t<div class=\"elementor-element elementor-element-10aefb8 elementor-widget elementor-widget-video\" data-id=\"10aefb8\" data-element_type=\"widget\" data-settings=\"{&quot;youtube_url&quot;:&quot;https:\\\/\\\/www.youtube.com\\\/watch?v=K4cHhRuwjkk&quot;,&quot;loop&quot;:&quot;yes&quot;,&quot;video_type&quot;:&quot;youtube&quot;,&quot;controls&quot;:&quot;yes&quot;}\" data-widget_type=\"video.default\">\n\t\t\t\t<div class=\"elementor-widget-container\">\n\t\t\t\t\t\t\t<div class=\"elementor-wrapper elementor-open-inline\">\n\t\t\t<div class=\"elementor-video\"><\/div>\t\t<\/div>\n\t\t\t\t\t\t<\/div>\n\t\t\t\t<\/div>\n\t\t\t\t\t<\/div>\n\t\t\t\t<\/div>\n\t\t\t\t<div class=\"elementor-element elementor-element-5afc5ee elementor-widget elementor-widget-text-editor\" data-id=\"5afc5ee\" data-element_type=\"widget\" data-widget_type=\"text-editor.default\">\n\t\t\t\t<div class=\"elementor-widget-container\">\n\t\t\t\t\t\t\t\t\t<h3>Smaragd Ring mit Ovalschliff - Echter Smaragd Verlobungsring aus Sterling Silber<\/h3><p>Lassen Sie sich von der Sch\u00f6nheit und Raffinesse dieses atemberaubenden <strong>Smaragd Ring<\/strong>mit einem ovalen Brillantschliff <strong>nat\u00fcrlicher Smaragd<\/strong> gefasst in hochwertigem Sterlingsilber. Dieses exquisite St\u00fcck zieht mit seinem k\u00fchnen und doch eleganten Design alle Blicke auf sich und ist damit die perfekte Wahl f\u00fcr einen <strong>Verlobungsring<\/strong> oder ein gesch\u00e4tztes Geschenk f\u00fcr jeden besonderen Anlass. Das leuchtende Gr\u00fcn des Smaragds ist ein Symbol f\u00fcr Liebe, Erneuerung und Wachstum und bringt sowohl Sch\u00f6nheit als auch Bedeutung in Ihre Schmucksammlung.<\/p><p><strong>Produktmerkmale:<\/strong><\/p><ul><li><strong>Material<\/strong>: Hergestellt aus hochwertigem, hypoallergenem Sterlingsilber, das sowohl Langlebigkeit als auch Komfort f\u00fcr den t\u00e4glichen Gebrauch garantiert.<\/li><li><strong>Stein<\/strong>: Ein strahlender nat\u00fcrlicher Smaragd im Ovalschliff mit einem tiefgr\u00fcnen Farbton, der die Sch\u00f6nheit und Seltenheit dieses zeitlosen Edelsteins unterstreicht.<\/li><li><strong>Gestaltung<\/strong>: Der klassische und raffinierte Smaragd im Ovalschliff ist wundersch\u00f6n in ein schlankes Silberband gefasst, das den Stein bei jeder Bewegung zum Leuchten bringt. Seine elegante Schlichtheit macht ihn perfekt f\u00fcr moderne und traditionelle Geschm\u00e4cker.<\/li><li><strong>Perfekt f\u00fcr Verlobungen<\/strong>: Eine bedeutungsvolle Wahl f\u00fcr einen Verlobungsring, der ewige Liebe und Verpflichtung symbolisiert. Dieser Ring wird das Herz Ihres Partners erobern.<\/li><li><strong>Vielseitig und zeitlos<\/strong>: Ob als Verlobungsring oder als Schmuckst\u00fcck getragen, dieser Smaragdring f\u00fcgt sich nahtlos in jede Kollektion ein und eignet sich sowohl f\u00fcr das t\u00e4gliche Tragen als auch f\u00fcr besondere Anl\u00e4sse.<\/li><\/ul><p>Lassen Sie die nat\u00fcrliche Sch\u00f6nheit dieser <strong>Smaragd Ring<\/strong> in Ihrem Leben erstrahlen und Ihren sch\u00f6nsten Momenten Eleganz und Bedeutung verleihen. Warten Sie nicht - sichern Sie sich dieses zeitlose St\u00fcck noch heute und hinterlassen Sie einen bleibenden Eindruck!<\/p>\t\t\t\t\t\t\t\t<\/div>\n\t\t\t\t<\/div>\n\t\t\t\t\t<\/div>\n\t\t\t\t<\/div>\n\t\t\t\t<\/div>","protected":false},"excerpt":{"rendered":"<p><strong>Produkt DETAILS:<\/strong><br \/>\nMetall: 925k Silber<br \/>\nEdelstein: Nat\u00fcrlicher roher Smaragd<br \/>\nFarbe des Edelsteins: Gr\u00fcn<br \/>\nBandfarbe: Wei\u00dfgold<br \/>\nRing Gr\u00f6\u00dfe: Einstellbar<br \/>\nDurchmesser Steingr\u00f6\u00dfe: 8\u00d76 mm<br \/>\nKlarheit: Sehr geringf\u00fcgig eingeschlossen<br \/>\nDie Form: Oval<br \/>\nSchliff: Gemischter Brillant<\/p>","protected":false},"featured_media":1307,"comment_status":"open","ping_status":"closed","template":"","meta":{"_kad_post_transparent":"","_kad_post_title":"","_kad_post_layout":"","_kad_post_sidebar_id":"","_kad_post_content_style":"","_kad_post_vertical_padding":"","_kad_post_feature":"","_kad_post_feature_position":"","_kad_post_header":false,"_kad_post_footer":false},"product_brand":[],"product_cat":[17,66,20,15,69],"product_tag":[],"class_list":{"0":"post-661","1":"product","2":"type-product","3":"status-publish","4":"has-post-thumbnail","6":"product_cat-engagement-ring","7":"product_cat-natural-gemstones-ring","8":"product_cat-oval-ring","9":"product_cat-rings","10":"product_cat-solitaire","12":"first","13":"instock","14":"shipping-taxable","15":"purchasable","16":"product-type-simple","17":"entry","18":"content-bg","19":"loop-entry"},"aioseo_notices":[],"_links":{"self":[{"href":"https:\/\/emeraldsring.com\/de\/wp-json\/wp\/v2\/product\/661","targetHints":{"allow":["GET"]}}],"collection":[{"href":"https:\/\/emeraldsring.com\/de\/wp-json\/wp\/v2\/product"}],"about":[{"href":"https:\/\/emeraldsring.com\/de\/wp-json\/wp\/v2\/types\/product"}],"replies":[{"embeddable":true,"href":"https:\/\/emeraldsring.com\/de\/wp-json\/wp\/v2\/comments?post=661"}],"version-history":[{"count":11,"href":"https:\/\/emeraldsring.com\/de\/wp-json\/wp\/v2\/product\/661\/revisions"}],"predecessor-version":[{"id":1308,"href":"https:\/\/emeraldsring.com\/de\/wp-json\/wp\/v2\/product\/661\/revisions\/1308"}],"wp:featuredmedia":[{"embeddable":true,"href":"https:\/\/emeraldsring.com\/de\/wp-json\/wp\/v2\/media\/1307"}],"wp:attachment":[{"href":"https:\/\/emeraldsring.com\/de\/wp-json\/wp\/v2\/media?parent=661"}],"wp:term":[{"taxonomy":"product_brand","embeddable":true,"href":"https:\/\/emeraldsring.com\/de\/wp-json\/wp\/v2\/product_brand?post=661"},{"taxonomy":"product_cat","embeddable":true,"href":"https:\/\/emeraldsring.com\/de\/wp-json\/wp\/v2\/product_cat?post=661"},{"taxonomy":"product_tag","embeddable":true,"href":"https:\/\/emeraldsring.com\/de\/wp-json\/wp\/v2\/product_tag?post=661"}],"curies":[{"name":"wp","href":"https:\/\/api.w.org\/{rel}","templated":true}]}}