{"id":669,"date":"2025-02-06T10:54:05","date_gmt":"2025-02-06T05:54:05","guid":{"rendered":"https:\/\/emeraldsring.com\/?post_type=product&#038;p=669"},"modified":"2025-04-28T19:59:26","modified_gmt":"2025-04-28T14:59:26","slug":"natural-emerald-ring-925-sterling-silver-emerald-wedding-rings","status":"publish","type":"product","link":"https:\/\/emeraldsring.com\/de\/produkt\/natural-emerald-ring-925-sterling-silver-emerald-wedding-rings\/","title":{"rendered":"Nat\u00fcrlicher Smaragd Ring 925 Sterling Silber Smaragd Trauringe"},"content":{"rendered":"<div data-elementor-type=\"product-post\" data-elementor-id=\"669\" class=\"elementor elementor-669\" data-elementor-post-type=\"product\">\n\t\t\t\t<div class=\"elementor-element elementor-element-6430e29 e-flex e-con-boxed e-con e-parent\" data-id=\"6430e29\" data-element_type=\"container\">\n\t\t\t\t\t<div class=\"e-con-inner\">\n\t\t<div class=\"elementor-element elementor-element-9281524 e-con-full e-flex e-con e-child\" data-id=\"9281524\" data-element_type=\"container\">\n\t\t\t\t<div class=\"elementor-element elementor-element-2ea63bd elementor-widget elementor-widget-video\" data-id=\"2ea63bd\" data-element_type=\"widget\" data-settings=\"{&quot;youtube_url&quot;:&quot;https:\\\/\\\/www.youtube.com\\\/watch?v=VZxuqZDJxRs&quot;,&quot;video_type&quot;:&quot;youtube&quot;,&quot;controls&quot;:&quot;yes&quot;}\" data-widget_type=\"video.default\">\n\t\t\t\t<div class=\"elementor-widget-container\">\n\t\t\t\t\t\t\t<div class=\"elementor-wrapper elementor-open-inline\">\n\t\t\t<div class=\"elementor-video\"><\/div>\t\t<\/div>\n\t\t\t\t\t\t<\/div>\n\t\t\t\t<\/div>\n\t\t\t\t<\/div>\n\t\t\t\t<div class=\"elementor-element elementor-element-c60ec35 elementor-widget elementor-widget-text-editor\" data-id=\"c60ec35\" data-element_type=\"widget\" data-widget_type=\"text-editor.default\">\n\t\t\t\t<div class=\"elementor-widget-container\">\n\t\t\t\t\t\t\t\t\t<p>Feiern Sie die ewige Liebe mit diesem exquisiten <strong>Smaragd Ring<\/strong>Der Ring ist aus luxuri\u00f6sem 925er Sterlingsilber gefertigt. Mit einem schillernden nat\u00fcrlichen Smaragd ist dieser Ring die perfekte Wahl f\u00fcr einen <strong>Ehering<\/strong>Verlobungsring oder ein bedeutungsvolles Geschenk, das Sie immer in Ehren halten werden. Das satte Gr\u00fcn des Smaragds symbolisiert Wachstum, Liebe und Vitalit\u00e4t und macht ihn zu einem zeitlosen Schmuckst\u00fcck, das Sie immer an die sch\u00f6nsten Momente des Lebens erinnern wird.<\/p><p><strong>Produktmerkmale:<\/strong><\/p><ul><li><strong>Material<\/strong>: Fachm\u00e4nnisch aus 925er Sterlingsilber gefertigt, um Haltbarkeit, Komfort und dauerhaften Glanz zu gew\u00e4hrleisten. Die perfekte Grundlage, um den leuchtenden Smaragdstein hervorzuheben.<\/li><li><strong>Stein<\/strong>: Echter nat\u00fcrlicher Smaragd, der aufgrund seiner auffallend gr\u00fcnen Farbe und Klarheit sorgf\u00e4ltig ausgew\u00e4hlt wurde. Die Brillanz des Edelsteins wird durch die elegante Fassung noch verst\u00e4rkt und macht ihn zum Mittelpunkt des Designs.<\/li><li><strong>Gestaltung<\/strong>: Der Smaragd ist klassisch und modern zugleich. Er ist wundersch\u00f6n in das Sterlingsilberband eingefasst und bietet einen raffinierten und eleganten Look. Seine zeitlose Anziehungskraft macht ihn f\u00fcr jede Gelegenheit geeignet.<\/li><li><strong>Perfekt f\u00fcr Hochzeiten<\/strong>: Eine perfekte <strong>Ehering<\/strong> als Symbol f\u00fcr Ihre Liebe und Ihr Engagement. Die tiefgr\u00fcne Farbe des Smaragds verk\u00f6rpert Harmonie und Wachstum und macht ihn zu einem unvergesslichen Symbol f\u00fcr Ihren gemeinsamen Weg.<\/li><li><strong>Vielseitige Sch\u00f6nheit<\/strong>: Ob im Alltag oder zu besonderen Anl\u00e4ssen getragen, dieses <strong>Smaragd Ring<\/strong> verleiht jedem Ensemble einen Hauch von Luxus und Eleganz. Das schlichte Design passt perfekt zu jedem Outfit, von leger bis formell.<\/li><\/ul><p>Diese atemberaubende <strong>Smaragd Ring<\/strong> ist mehr als nur ein Schmuckst\u00fcck; es ist ein Symbol der Liebe, der Lebensfreude und des Engagements, das ein Leben lang in Ehren gehalten wird. Verpassen Sie nicht die Chance, dieses zeitlose St\u00fcck zu besitzen - bestellen Sie noch heute und feiern Sie Ihre besonderen Momente mit unvergleichlicher Eleganz.<\/p>\t\t\t\t\t\t\t\t<\/div>\n\t\t\t\t<\/div>\n\t\t\t\t\t<\/div>\n\t\t\t\t<\/div>\n\t\t\t\t<\/div>","protected":false},"excerpt":{"rendered":"<p><strong>Produkt DETAILS:<\/strong><br \/>\nMetall: 925k Silber<br \/>\nEdelstein: Nat\u00fcrlicher roher Smaragd<br \/>\nFarbe des Edelsteins: Gr\u00fcn<br \/>\nBandfarbe: Wei\u00dfgold<br \/>\nRing Gr\u00f6\u00dfe: Einstellbar<br \/>\nDurchmesser Stein Gr\u00f6\u00dfe: 8*6 mm<br \/>\nKlarheit: Sehr geringf\u00fcgig eingeschlossen<br \/>\nDie Form: Oval<br \/>\nSchliff: Gemischter Brillant<\/p>\n<div id=\"gtx-trans\" style=\"position: absolute; left: 61px; top: 183px;\">\n<div class=\"gtx-trans-icon\"><\/div>\n<\/div>","protected":false},"featured_media":1313,"comment_status":"open","ping_status":"closed","template":"","meta":{"_kad_post_transparent":"","_kad_post_title":"","_kad_post_layout":"","_kad_post_sidebar_id":"","_kad_post_content_style":"","_kad_post_vertical_padding":"","_kad_post_feature":"","_kad_post_feature_position":"","_kad_post_header":false,"_kad_post_footer":false},"product_brand":[],"product_cat":[16,17,70,77,66,20,15],"product_tag":[],"class_list":{"0":"post-669","1":"product","2":"type-product","3":"status-publish","4":"has-post-thumbnail","6":"product_cat-emerald-ring","7":"product_cat-engagement-ring","8":"product_cat-halo-ring","9":"product_cat-lady-diana","10":"product_cat-natural-gemstones-ring","11":"product_cat-oval-ring","12":"product_cat-rings","14":"first","15":"instock","16":"shipping-taxable","17":"purchasable","18":"product-type-simple","19":"entry","20":"content-bg","21":"loop-entry"},"aioseo_notices":[],"_links":{"self":[{"href":"https:\/\/emeraldsring.com\/de\/wp-json\/wp\/v2\/product\/669","targetHints":{"allow":["GET"]}}],"collection":[{"href":"https:\/\/emeraldsring.com\/de\/wp-json\/wp\/v2\/product"}],"about":[{"href":"https:\/\/emeraldsring.com\/de\/wp-json\/wp\/v2\/types\/product"}],"replies":[{"embeddable":true,"href":"https:\/\/emeraldsring.com\/de\/wp-json\/wp\/v2\/comments?post=669"}],"version-history":[{"count":8,"href":"https:\/\/emeraldsring.com\/de\/wp-json\/wp\/v2\/product\/669\/revisions"}],"predecessor-version":[{"id":1315,"href":"https:\/\/emeraldsring.com\/de\/wp-json\/wp\/v2\/product\/669\/revisions\/1315"}],"wp:featuredmedia":[{"embeddable":true,"href":"https:\/\/emeraldsring.com\/de\/wp-json\/wp\/v2\/media\/1313"}],"wp:attachment":[{"href":"https:\/\/emeraldsring.com\/de\/wp-json\/wp\/v2\/media?parent=669"}],"wp:term":[{"taxonomy":"product_brand","embeddable":true,"href":"https:\/\/emeraldsring.com\/de\/wp-json\/wp\/v2\/product_brand?post=669"},{"taxonomy":"product_cat","embeddable":true,"href":"https:\/\/emeraldsring.com\/de\/wp-json\/wp\/v2\/product_cat?post=669"},{"taxonomy":"product_tag","embeddable":true,"href":"https:\/\/emeraldsring.com\/de\/wp-json\/wp\/v2\/product_tag?post=669"}],"curies":[{"name":"wp","href":"https:\/\/api.w.org\/{rel}","templated":true}]}}