{"id":678,"date":"2025-02-06T11:18:47","date_gmt":"2025-02-06T06:18:47","guid":{"rendered":"https:\/\/emeraldsring.com\/?post_type=product&#038;p=678"},"modified":"2025-04-28T19:59:23","modified_gmt":"2025-04-28T14:59:23","slug":"oval-cut-emerald-wedding-ring-delicate-halo-emerald-engagement-ring","status":"publish","type":"product","link":"https:\/\/emeraldsring.com\/de\/produkt\/oval-cut-emerald-wedding-ring-delicate-halo-emerald-engagement-ring\/","title":{"rendered":"Ehering mit Smaragd im Ovalschliff Zarter Halo-Smaragd-Verlobungsring"},"content":{"rendered":"<div data-elementor-type=\"product-post\" data-elementor-id=\"678\" class=\"elementor elementor-678\" data-elementor-post-type=\"product\">\n\t\t\t\t<div class=\"elementor-element elementor-element-f45e610 e-flex e-con-boxed e-con e-parent\" data-id=\"f45e610\" data-element_type=\"container\" data-e-type=\"container\">\n\t\t\t\t\t<div class=\"e-con-inner\">\n\t\t<div class=\"elementor-element elementor-element-12d3643 e-con-full e-flex e-con e-child\" data-id=\"12d3643\" data-element_type=\"container\" data-e-type=\"container\">\n\t\t\t\t<div class=\"elementor-element elementor-element-fcdeffe elementor-widget elementor-widget-video\" data-id=\"fcdeffe\" data-element_type=\"widget\" data-e-type=\"widget\" data-settings=\"{&quot;youtube_url&quot;:&quot;https:\\\/\\\/www.youtube.com\\\/watch?v=cFAumQdIoEo&quot;,&quot;video_type&quot;:&quot;youtube&quot;,&quot;controls&quot;:&quot;yes&quot;}\" data-widget_type=\"video.default\">\n\t\t\t\t<div class=\"elementor-widget-container\">\n\t\t\t\t\t\t\t<div class=\"elementor-wrapper elementor-open-inline\">\n\t\t\t<div class=\"elementor-video\"><\/div>\t\t<\/div>\n\t\t\t\t\t\t<\/div>\n\t\t\t\t<\/div>\n\t\t\t\t<\/div>\n\t\t\t\t<div class=\"elementor-element elementor-element-f2a293c elementor-widget elementor-widget-text-editor\" data-id=\"f2a293c\" data-element_type=\"widget\" data-e-type=\"widget\" data-widget_type=\"text-editor.default\">\n\t\t\t\t<div class=\"elementor-widget-container\">\n\t\t\t\t\t\t\t\t\t<p>Fangen Sie die Essenz zeitloser Eleganz ein mit diesem atemberaubenden <strong>Smaragd Ring<\/strong>mit einem atemberaubenden Ovalschliff <strong>nat\u00fcrlicher Smaragd<\/strong> umgeben von einem zarten Heiligenschein aus schimmernden Steinen. Der aus hochwertigem Metall gefertigte Ring verbindet Vintage-Charme mit moderner Raffinesse und ist damit das perfekte <strong>Verlobungsring<\/strong> f\u00fcr einen ganz besonderen Menschen. Der satte Gr\u00fcnton des Smaragds symbolisiert Wachstum, Liebe und Harmonie - ein bedeutungsvolles und unvergessliches Schmuckst\u00fcck f\u00fcr Ihre Liebesgeschichte.<\/p><p><strong>Produktmerkmale:<\/strong><\/p><ul><li><strong>Material<\/strong>: Gefertigt aus hochwertigem Metall (w\u00e4hlen Sie Ihre bevorzugte Metalloption), das sowohl Haltbarkeit als auch eine luxuri\u00f6se Oberfl\u00e4che bietet, die den leuchtenden Smaragd erg\u00e4nzt.<\/li><li><strong>Stein<\/strong>: Nat\u00fcrlicher Smaragd im Ovalschliff, ausgew\u00e4hlt aufgrund seiner Klarheit und seines satten, fesselnden Gr\u00fcntons. Der Stein ist elegant von einem Halo aus funkelnden Steinen umgeben, die seine Brillanz verst\u00e4rken und einen wahrhaft auff\u00e4lligen Effekt erzeugen.<\/li><li><strong>Gestaltung<\/strong>: Der ovale Smaragd in der Mitte, umgeben von einem zarten Halo, bietet einen romantischen und raffinierten Look im Vintage-Stil. Sein klassisches Design macht ihn zu einem idealen <strong>Verlobungsring<\/strong> um eure ewige Liebe zu symbolisieren.<\/li><li><strong>Perfekt f\u00fcr Verlobungen<\/strong>: Mit seinem atemberaubenden Smaragd in der Mitte und dem Halo-Detail ist dieses <strong>Smaragd Ring<\/strong> ist eine exquisite Wahl f\u00fcr alle, die einen einzigartigen und bedeutungsvollen Verlobungsring suchen, der sich von der Masse abhebt.<\/li><li><strong>Vielseitige Eleganz<\/strong>: Ob im Alltag oder zu besonderen Anl\u00e4ssen, die zeitlose Sch\u00f6nheit und das zarte Design dieses Rings machen ihn zu einer perfekten Erg\u00e4nzung f\u00fcr jede Schmucksammlung.<\/li><\/ul><p>Diese <strong>Smaragd Verlobungsring<\/strong> ist ein Symbol f\u00fcr Ihre ewige Liebe und Ihr Engagement. Verpassen Sie nicht die Gelegenheit, dieses schillernde St\u00fcck zu besitzen - bestellen Sie noch heute und machen Sie Ihren Antrag oder Ihre Feier unvergesslich.<\/p>\t\t\t\t\t\t\t\t<\/div>\n\t\t\t\t<\/div>\n\t\t\t\t\t<\/div>\n\t\t\t\t<\/div>\n\t\t\t\t<\/div>","protected":false},"excerpt":{"rendered":"<p>Produkt DETAILS:<br \/>\nMetall: 925k Silber<br \/>\nEdelstein: Nat\u00fcrlicher roher Smaragd<br \/>\nFarbe des Edelsteins: Gr\u00fcn<br \/>\nBandfarbe: Wei\u00dfgold<br \/>\nRing Gr\u00f6\u00dfe: Einstellbar<br \/>\nDurchmesser Stein Gr\u00f6\u00dfe: 6*8 mm<br \/>\nKlarheit: Sehr geringf\u00fcgig eingeschlossen<br \/>\nDie Form: Oval<br \/>\nSchliff: Gemischter Brillant<\/p>\n<div id=\"gtx-trans\" style=\"position: absolute; left: 62px; top: 183px;\">\n<div class=\"gtx-trans-icon\"><\/div>\n<\/div>","protected":false},"featured_media":1316,"comment_status":"open","ping_status":"closed","template":"","meta":{"_kad_post_transparent":"","_kad_post_title":"","_kad_post_layout":"","_kad_post_sidebar_id":"","_kad_post_content_style":"","_kad_post_vertical_padding":"","_kad_post_feature":"","_kad_post_feature_position":"","_kad_post_header":false,"_kad_post_footer":false},"product_brand":[],"product_cat":[17,70,77,66,20,15],"product_tag":[],"class_list":{"0":"post-678","1":"product","2":"type-product","3":"status-publish","4":"has-post-thumbnail","6":"product_cat-engagement-ring","7":"product_cat-halo-ring","8":"product_cat-lady-diana","9":"product_cat-natural-gemstones-ring","10":"product_cat-oval-ring","11":"product_cat-rings","13":"first","14":"instock","15":"shipping-taxable","16":"purchasable","17":"product-type-simple","18":"entry","19":"content-bg","20":"loop-entry"},"aioseo_notices":[],"_links":{"self":[{"href":"https:\/\/emeraldsring.com\/de\/wp-json\/wp\/v2\/product\/678","targetHints":{"allow":["GET"]}}],"collection":[{"href":"https:\/\/emeraldsring.com\/de\/wp-json\/wp\/v2\/product"}],"about":[{"href":"https:\/\/emeraldsring.com\/de\/wp-json\/wp\/v2\/types\/product"}],"replies":[{"embeddable":true,"href":"https:\/\/emeraldsring.com\/de\/wp-json\/wp\/v2\/comments?post=678"}],"version-history":[{"count":12,"href":"https:\/\/emeraldsring.com\/de\/wp-json\/wp\/v2\/product\/678\/revisions"}],"predecessor-version":[{"id":1433,"href":"https:\/\/emeraldsring.com\/de\/wp-json\/wp\/v2\/product\/678\/revisions\/1433"}],"wp:featuredmedia":[{"embeddable":true,"href":"https:\/\/emeraldsring.com\/de\/wp-json\/wp\/v2\/media\/1316"}],"wp:attachment":[{"href":"https:\/\/emeraldsring.com\/de\/wp-json\/wp\/v2\/media?parent=678"}],"wp:term":[{"taxonomy":"product_brand","embeddable":true,"href":"https:\/\/emeraldsring.com\/de\/wp-json\/wp\/v2\/product_brand?post=678"},{"taxonomy":"product_cat","embeddable":true,"href":"https:\/\/emeraldsring.com\/de\/wp-json\/wp\/v2\/product_cat?post=678"},{"taxonomy":"product_tag","embeddable":true,"href":"https:\/\/emeraldsring.com\/de\/wp-json\/wp\/v2\/product_tag?post=678"}],"curies":[{"name":"wp","href":"https:\/\/api.w.org\/{rel}","templated":true}]}}