{"id":687,"date":"2025-02-06T11:36:34","date_gmt":"2025-02-06T06:36:34","guid":{"rendered":"https:\/\/emeraldsring.com\/?post_type=product&#038;p=687"},"modified":"2025-04-28T19:59:20","modified_gmt":"2025-04-28T14:59:20","slug":"natural-emerald-ring-emerald-engagement-ring-jewelry-gemstone-ring","status":"publish","type":"product","link":"https:\/\/emeraldsring.com\/de\/produkt\/natural-emerald-ring-emerald-engagement-ring-jewelry-gemstone-ring\/","title":{"rendered":"Nat\u00fcrlicher Smaragd Diamant Ring Smaragd Verlobungsring Edelstein Ring"},"content":{"rendered":"<div data-elementor-type=\"product-post\" data-elementor-id=\"687\" class=\"elementor elementor-687\" data-elementor-post-type=\"product\">\n\t\t\t\t<div class=\"elementor-element elementor-element-dc2c7bd e-flex e-con-boxed e-con e-parent\" data-id=\"dc2c7bd\" data-element_type=\"container\" data-e-type=\"container\">\n\t\t\t\t\t<div class=\"e-con-inner\">\n\t\t<div class=\"elementor-element elementor-element-e12ea1d e-con-full e-flex e-con e-child\" data-id=\"e12ea1d\" data-element_type=\"container\" data-e-type=\"container\">\n\t\t\t\t<div class=\"elementor-element elementor-element-afc401b elementor-widget elementor-widget-video\" data-id=\"afc401b\" data-element_type=\"widget\" data-e-type=\"widget\" data-settings=\"{&quot;youtube_url&quot;:&quot;https:\\\/\\\/www.youtube.com\\\/watch?v=yLprattVis8&quot;,&quot;loop&quot;:&quot;yes&quot;,&quot;video_type&quot;:&quot;youtube&quot;,&quot;controls&quot;:&quot;yes&quot;}\" data-widget_type=\"video.default\">\n\t\t\t\t<div class=\"elementor-widget-container\">\n\t\t\t\t\t\t\t<div class=\"elementor-wrapper elementor-open-inline\">\n\t\t\t<div class=\"elementor-video\"><\/div>\t\t<\/div>\n\t\t\t\t\t\t<\/div>\n\t\t\t\t<\/div>\n\t\t\t\t<\/div>\n\t\t\t\t<div class=\"elementor-element elementor-element-b8c7be0 elementor-widget elementor-widget-text-editor\" data-id=\"b8c7be0\" data-element_type=\"widget\" data-e-type=\"widget\" data-widget_type=\"text-editor.default\">\n\t\t\t\t<div class=\"elementor-widget-container\">\n\t\t\t\t\t\t\t\t\t<p>Machen Sie Ihre Liebesgeschichte unvergesslich mit diesem exquisiten <strong>Smaragd Ring<\/strong>mit einem fesselnden nat\u00fcrlichen Smaragd, der in ein wundersch\u00f6n gearbeitetes Band eingefasst ist. Der Smaragd ist bekannt f\u00fcr seine tiefe, leuchtend gr\u00fcne Farbe und gilt als Symbol f\u00fcr Liebe, Erneuerung und Harmonie - der perfekte Edelstein f\u00fcr einen <strong>Verlobungsring<\/strong> die ein Leben lang halten. Ganz gleich, ob Sie einen besonderen Moment feiern oder einen Heiratsantrag machen wollen, diese <strong>Smaragd Verlobungsring<\/strong> wird sicher einen bleibenden Eindruck hinterlassen.<\/p><p><strong>Produktmerkmale:<\/strong><\/p><ul><li><strong>Material<\/strong>: Fachm\u00e4nnisch gefertigt aus hochwertigem Metall (w\u00e4hlen Sie Ihre bevorzugte Option), das eine perfekte Balance zwischen Haltbarkeit und Eleganz bietet, um den Smaragdstein in Szene zu setzen.<\/li><li><strong>Stein<\/strong>: Ein echter, nat\u00fcrlicher Smaragd, sorgf\u00e4ltig ausgew\u00e4hlt wegen seiner lebhaften gr\u00fcnen Farbe und seiner auffallenden Klarheit. Der reiche Smaragdstein ist das Herzst\u00fcck dieses Rings und strahlt sowohl Sch\u00f6nheit als auch Raffinesse aus.<\/li><li><strong>Gestaltung<\/strong>: Ein klassisches und raffiniertes Design, das den Smaragd zum Leuchten bringt. Seine Schlichtheit und Eleganz machen ihn zur idealen Wahl f\u00fcr ein modernes <strong>Verlobungsring<\/strong> oder eine wunderbare Erg\u00e4nzung f\u00fcr jede Schmucksammlung.<\/li><li><strong>Symbol der Liebe<\/strong>: Der Smaragd ist ein Symbol f\u00fcr Erneuerung, Treue und immerw\u00e4hrende Liebe. Dieser Ring ist ein bedeutungsvolles St\u00fcck, das Ihr Engagement symbolisiert.<\/li><li><strong>Perfekt f\u00fcr Verlobungen<\/strong>: Diese <strong>Smaragd Verlobungsring<\/strong> ist ideal f\u00fcr alle, die eine einzigartige, bedeutungsvolle und sch\u00f6ne Art suchen, um um ein Leben lang Liebe zu bitten. Es ist ein au\u00dfergew\u00f6hnliches St\u00fcck, das das Herz Ihres Partners erobern wird.<\/li><\/ul><p>Feiern Sie Ihre Liebe mit dieser au\u00dfergew\u00f6hnlichen <strong>Smaragd Ring<\/strong>ein atemberaubender Ausdruck von Sch\u00f6nheit und tiefer emotionaler Bedeutung. Bestellen Sie noch heute und machen Sie jeden Moment mit diesem zeitlosen St\u00fcck unvergesslich!<\/p>\t\t\t\t\t\t\t\t<\/div>\n\t\t\t\t<\/div>\n\t\t\t\t\t<\/div>\n\t\t\t\t<\/div>\n\t\t\t\t<\/div>","protected":false},"excerpt":{"rendered":"<p><strong>Produkt DETAILS:<\/strong><br \/>\nMetall: 925k Silber<br \/>\nEdelstein: Nat\u00fcrlicher roher Smaragd<br \/>\nFarbe des Edelsteins: Gr\u00fcn<br \/>\nBandfarbe: Wei\u00dfgold<br \/>\nRing Gr\u00f6\u00dfe: Einstellbar<br \/>\nDurchmesser Steingr\u00f6\u00dfe: 8\u00d76 mm<br \/>\nKlarheit: Sehr geringf\u00fcgig eingeschlossen<br \/>\nDie Form: Oval<br \/>\nSchliff: Gemischter Brillant<\/p>\n<div id=\"gtx-trans\" style=\"position: absolute; left: 71px; top: 183px;\">\n<div class=\"gtx-trans-icon\"><\/div>\n<\/div>","protected":false},"featured_media":1326,"comment_status":"open","ping_status":"closed","template":"","meta":{"_kad_post_transparent":"","_kad_post_title":"","_kad_post_layout":"","_kad_post_sidebar_id":"","_kad_post_content_style":"","_kad_post_vertical_padding":"","_kad_post_feature":"","_kad_post_feature_position":"","_kad_post_header":false,"_kad_post_footer":false},"product_brand":[],"product_cat":[16,17,70,77,66,20,15,69],"product_tag":[],"class_list":{"0":"post-687","1":"product","2":"type-product","3":"status-publish","4":"has-post-thumbnail","6":"product_cat-emerald-ring","7":"product_cat-engagement-ring","8":"product_cat-halo-ring","9":"product_cat-lady-diana","10":"product_cat-natural-gemstones-ring","11":"product_cat-oval-ring","12":"product_cat-rings","13":"product_cat-solitaire","15":"first","16":"instock","17":"shipping-taxable","18":"purchasable","19":"product-type-simple","20":"entry","21":"content-bg","22":"loop-entry"},"aioseo_notices":[],"_links":{"self":[{"href":"https:\/\/emeraldsring.com\/de\/wp-json\/wp\/v2\/product\/687","targetHints":{"allow":["GET"]}}],"collection":[{"href":"https:\/\/emeraldsring.com\/de\/wp-json\/wp\/v2\/product"}],"about":[{"href":"https:\/\/emeraldsring.com\/de\/wp-json\/wp\/v2\/types\/product"}],"replies":[{"embeddable":true,"href":"https:\/\/emeraldsring.com\/de\/wp-json\/wp\/v2\/comments?post=687"}],"version-history":[{"count":9,"href":"https:\/\/emeraldsring.com\/de\/wp-json\/wp\/v2\/product\/687\/revisions"}],"predecessor-version":[{"id":1328,"href":"https:\/\/emeraldsring.com\/de\/wp-json\/wp\/v2\/product\/687\/revisions\/1328"}],"wp:featuredmedia":[{"embeddable":true,"href":"https:\/\/emeraldsring.com\/de\/wp-json\/wp\/v2\/media\/1326"}],"wp:attachment":[{"href":"https:\/\/emeraldsring.com\/de\/wp-json\/wp\/v2\/media?parent=687"}],"wp:term":[{"taxonomy":"product_brand","embeddable":true,"href":"https:\/\/emeraldsring.com\/de\/wp-json\/wp\/v2\/product_brand?post=687"},{"taxonomy":"product_cat","embeddable":true,"href":"https:\/\/emeraldsring.com\/de\/wp-json\/wp\/v2\/product_cat?post=687"},{"taxonomy":"product_tag","embeddable":true,"href":"https:\/\/emeraldsring.com\/de\/wp-json\/wp\/v2\/product_tag?post=687"}],"curies":[{"name":"wp","href":"https:\/\/api.w.org\/{rel}","templated":true}]}}