{"id":696,"date":"2025-02-06T12:19:23","date_gmt":"2025-02-06T07:19:23","guid":{"rendered":"https:\/\/emeraldsring.com\/?post_type=product&#038;p=696"},"modified":"2025-05-16T20:01:33","modified_gmt":"2025-05-16T15:01:33","slug":"emerald-engagement-ring-for-women-oval-cut-emerald-ring","status":"publish","type":"product","link":"https:\/\/emeraldsring.com\/de\/produkt\/emerald-engagement-ring-for-women-oval-cut-emerald-ring\/","title":{"rendered":"Smaragd Verlobungsring f\u00fcr Frauen Oval Cut Emerald Ring"},"content":{"rendered":"<div data-elementor-type=\"product-post\" data-elementor-id=\"696\" class=\"elementor elementor-696\" data-elementor-post-type=\"product\">\n\t\t\t\t<div class=\"elementor-element elementor-element-f04444d e-flex e-con-boxed e-con e-parent\" data-id=\"f04444d\" data-element_type=\"container\">\n\t\t\t\t\t<div class=\"e-con-inner\">\n\t\t\t\t<div class=\"elementor-element elementor-element-d114533 elementor-widget elementor-widget-text-editor\" data-id=\"d114533\" data-element_type=\"widget\" data-widget_type=\"text-editor.default\">\n\t\t\t\t<div class=\"elementor-widget-container\">\n\t\t\t\t\t\t\t\t\t<p>Sagen Sie \"Ja\" zu Eleganz und zeitloser Sch\u00f6nheit mit diesem atemberaubenden <strong>Smaragd Verlobungsring<\/strong>. Ausgestattet mit einem fesselnden Ovalschliff <strong>nat\u00fcrlicher Smaragd<\/strong>Dieser exquisite Ring ist so einzigartig und besonders wie Ihre Liebesgeschichte. Das leuchtende Gr\u00fcn des Smaragds symbolisiert Hoffnung, Erneuerung und dauerhafte Liebe und ist damit der perfekte Edelstein f\u00fcr einen <strong>Verlobungsring<\/strong> die man f\u00fcr immer in Ehren halten wird.<\/p><p><strong>Produktmerkmale:<\/strong><\/p><ul><li><strong>Material<\/strong>: Aus hochwertigem Metall gefertigt (w\u00e4hlen Sie Ihre bevorzugte Option), bietet dieser Ring sowohl Haltbarkeit als auch ein raffiniertes Finish, das den markanten Smaragdstein erg\u00e4nzt.<\/li><li><strong>Stein<\/strong>: Echter, oval geschliffener, nat\u00fcrlicher Smaragd, ausgew\u00e4hlt aufgrund seiner atemberaubenden Klarheit und seines satten Gr\u00fcntons. Die lebendige Farbe des Smaragds zieht die Blicke auf sich und leuchtet in jedem Licht wundersch\u00f6n.<\/li><li><strong>Gestaltung<\/strong>: Der schlichte Smaragd im Ovalschliff ist elegant in ein zartes Band gefasst und bietet ein klassisches und raffiniertes Design, das sowohl dem modernen als auch dem traditionellen Geschmack entspricht. Die schlichte, aber raffinierte Fassung sorgt daf\u00fcr, dass der Smaragd der Mittelpunkt des Rings bleibt.<\/li><li><strong>Perfekt f\u00fcr Verlobungen<\/strong>: Dieses Symbol f\u00fcr Liebe und Ewigkeit <strong>Smaragd Verlobungsring<\/strong> ist die ideale Wahl f\u00fcr Paare, die sich einen unverwechselbaren und bedeutungsvollen Ring f\u00fcr ihren besonderen Moment w\u00fcnschen.<\/li><li><strong>Zeitlose Sch\u00f6nheit<\/strong>: Die dauerhafte Eleganz des Smaragds im Ovalschliff und das zeitlose Design sorgen daf\u00fcr, dass dieser Ring jahrelang bewundert werden wird.<\/li><\/ul><p>Lassen Sie Ihre Liebe strahlen mit diesem au\u00dfergew\u00f6hnlichen <strong>Smaragd Ring<\/strong>ein atemberaubendes und bedeutungsvolles Symbol f\u00fcr Ihr Engagement. Bestellen Sie noch heute und machen Sie Ihren Heiratsantrag mit diesem wundersch\u00f6nen, einzigartigen St\u00fcck unvergesslich.<\/p>\t\t\t\t\t\t\t\t<\/div>\n\t\t\t\t<\/div>\n\t\t\t\t\t<\/div>\n\t\t\t\t<\/div>\n\t\t\t\t<\/div>","protected":false},"excerpt":{"rendered":"<p>Produkt DETAILS:<br \/>\nMetall: 925k Silber<br \/>\nEdelstein: Nat\u00fcrlicher roher Smaragd<br \/>\nFarbe des Edelsteins: Gr\u00fcn<br \/>\nBandfarbe: Wei\u00dfgold<br \/>\nRing Gr\u00f6\u00dfe: Einstellbar<br \/>\nDurchmesser Stein Gr\u00f6\u00dfe: 4\u00d75 mm<br \/>\nKlarheit: Sehr geringf\u00fcgig eingeschlossen<br \/>\nDie Form: Oval<br \/>\nSchliff: Gemischter Brillant<\/p>","protected":false},"featured_media":1330,"comment_status":"open","ping_status":"closed","template":"","meta":{"_kad_post_transparent":"","_kad_post_title":"","_kad_post_layout":"","_kad_post_sidebar_id":"","_kad_post_content_style":"","_kad_post_vertical_padding":"","_kad_post_feature":"","_kad_post_feature_position":"","_kad_post_header":false,"_kad_post_footer":false},"product_brand":[],"product_cat":[16,17,66,20,15,69],"product_tag":[],"class_list":{"0":"post-696","1":"product","2":"type-product","3":"status-publish","4":"has-post-thumbnail","6":"product_cat-emerald-ring","7":"product_cat-engagement-ring","8":"product_cat-natural-gemstones-ring","9":"product_cat-oval-ring","10":"product_cat-rings","11":"product_cat-solitaire","13":"first","14":"instock","15":"shipping-taxable","16":"purchasable","17":"product-type-simple","18":"entry","19":"content-bg","20":"loop-entry"},"aioseo_notices":[],"_links":{"self":[{"href":"https:\/\/emeraldsring.com\/de\/wp-json\/wp\/v2\/product\/696","targetHints":{"allow":["GET"]}}],"collection":[{"href":"https:\/\/emeraldsring.com\/de\/wp-json\/wp\/v2\/product"}],"about":[{"href":"https:\/\/emeraldsring.com\/de\/wp-json\/wp\/v2\/types\/product"}],"replies":[{"embeddable":true,"href":"https:\/\/emeraldsring.com\/de\/wp-json\/wp\/v2\/comments?post=696"}],"version-history":[{"count":6,"href":"https:\/\/emeraldsring.com\/de\/wp-json\/wp\/v2\/product\/696\/revisions"}],"predecessor-version":[{"id":1329,"href":"https:\/\/emeraldsring.com\/de\/wp-json\/wp\/v2\/product\/696\/revisions\/1329"}],"wp:featuredmedia":[{"embeddable":true,"href":"https:\/\/emeraldsring.com\/de\/wp-json\/wp\/v2\/media\/1330"}],"wp:attachment":[{"href":"https:\/\/emeraldsring.com\/de\/wp-json\/wp\/v2\/media?parent=696"}],"wp:term":[{"taxonomy":"product_brand","embeddable":true,"href":"https:\/\/emeraldsring.com\/de\/wp-json\/wp\/v2\/product_brand?post=696"},{"taxonomy":"product_cat","embeddable":true,"href":"https:\/\/emeraldsring.com\/de\/wp-json\/wp\/v2\/product_cat?post=696"},{"taxonomy":"product_tag","embeddable":true,"href":"https:\/\/emeraldsring.com\/de\/wp-json\/wp\/v2\/product_tag?post=696"}],"curies":[{"name":"wp","href":"https:\/\/api.w.org\/{rel}","templated":true}]}}