{"id":704,"date":"2025-02-06T12:43:34","date_gmt":"2025-02-06T07:43:34","guid":{"rendered":"https:\/\/emeraldsring.com\/?post_type=product&#038;p=704"},"modified":"2025-04-28T19:59:16","modified_gmt":"2025-04-28T14:59:16","slug":"oval-cut-emerald-wedding-ring-natural-emerald-engagement-ring","status":"publish","type":"product","link":"https:\/\/emeraldsring.com\/de\/produkt\/oval-cut-emerald-wedding-ring-natural-emerald-engagement-ring\/","title":{"rendered":"Ovaler Smaragd Ehering Nat\u00fcrlicher Smaragd Verlobungsring"},"content":{"rendered":"<div data-elementor-type=\"product-post\" data-elementor-id=\"704\" class=\"elementor elementor-704\" data-elementor-post-type=\"product\">\n\t\t\t\t<div class=\"elementor-element elementor-element-6712ec6 e-flex e-con-boxed e-con e-parent\" data-id=\"6712ec6\" data-element_type=\"container\">\n\t\t\t\t\t<div class=\"e-con-inner\">\n\t\t\t\t<div class=\"elementor-element elementor-element-79fb3c4 elementor-widget elementor-widget-text-editor\" data-id=\"79fb3c4\" data-element_type=\"widget\" data-widget_type=\"text-editor.default\">\n\t\t\t\t<div class=\"elementor-widget-container\">\n\t\t\t\t\t\t\t\t\t<p>Feiern Sie Ihre Liebe mit der zeitlosen Sch\u00f6nheit dieses <strong>Smaragd Ring<\/strong>. Mit einer atemberaubenden nat\u00fcrlichen <strong>Smaragd im Ovalschliff<\/strong>Dieser elegante Ring verbindet die Brillanz des Smaragds mit einem klassischen Design und ist damit das perfekte Accessoire f\u00fcr jeden Geschmack. <strong>Ehering<\/strong> oder <strong>Verlobungsring<\/strong>. Der tiefgr\u00fcne Farbton des Smaragds symbolisiert Liebe, Erneuerung und Engagement und ist damit der ideale Edelstein, um die Verbundenheit mit Ihrem Partner zu repr\u00e4sentieren.<\/p><p><strong>Produktmerkmale:<\/strong><\/p><ul><li><strong>Material<\/strong>: Gefertigt aus hochwertigem Metall (w\u00e4hlen Sie Ihre bevorzugte Option), das einen dauerhaften Glanz und ein robustes Design bietet, das den leuchtenden Smaragdstein erg\u00e4nzt.<\/li><li><strong>Stein<\/strong>: Ein echter, nat\u00fcrlicher Smaragd im Ovalschliff mit einer faszinierenden gr\u00fcnen Farbe, der aufgrund seiner Klarheit und Brillanz ausgew\u00e4hlt wurde. Dieser auff\u00e4llige Stein zieht mit Sicherheit die Aufmerksamkeit auf sich und verleiht jedem Anlass einen Hauch von Raffinesse.<\/li><li><strong>Gestaltung<\/strong>: Der klassische Smaragd im Ovalschliff ist in einen schlanken und eleganten Ring gefasst, der den Stein in den Mittelpunkt stellt. Sein raffiniertes Design ist perfekt f\u00fcr alle, die einen Hochzeits- oder Verlobungsring suchen, der sowohl Eleganz als auch Bedeutung verk\u00f6rpert.<\/li><li><strong>Perfekt f\u00fcr Hochzeiten und Verlobungen<\/strong>: Diese <strong>Smaragd Ring<\/strong> ist eine bedeutungsvolle und einzigartige Alternative zu traditionellen Diamantringen. Der Smaragd steht f\u00fcr ewige Liebe und ist ein unvergessliches Symbol f\u00fcr Ihren besonderen Tag.<\/li><li><strong>Vielseitige Eleganz<\/strong>: Ob als <strong>Ehering<\/strong> oder <strong>Verlobungsring<\/strong>Dieser atemberaubende Smaragdring wird mit Sicherheit ein gesch\u00e4tzter Teil Ihrer Liebesgeschichte werden. Sein zeitloses Design sorgt daf\u00fcr, dass er \u00fcber Jahre hinweg gesch\u00e4tzt wird.<\/li><\/ul><p>Machen Sie Ihr Engagement unvergesslich mit dieser schillernden <strong>Smaragd Ring<\/strong>. Bestellen Sie noch heute und schaffen Sie bleibende Erinnerungen mit einem Symbol der Liebe, das f\u00fcr immer leuchten wird.<\/p>\t\t\t\t\t\t\t\t<\/div>\n\t\t\t\t<\/div>\n\t\t\t\t\t<\/div>\n\t\t\t\t<\/div>\n\t\t\t\t<\/div>","protected":false},"excerpt":{"rendered":"<p><strong>Produkt DETAILS:<\/strong><br \/>\nMetall: 925k Silber<br \/>\nEdelstein: Nat\u00fcrlicher roher Smaragd<br \/>\nFarbe des Edelsteins: Gr\u00fcn<br \/>\nBandfarbe: Wei\u00dfgold<br \/>\nRing Gr\u00f6\u00dfe: Einstellbar<br \/>\nDurchmesser Stein Gr\u00f6\u00dfe: 6*4 mm<br \/>\nKlarheit: Sehr geringf\u00fcgig eingeschlossen<br \/>\nDie Form: Birne<br \/>\nSchliff: Gemischter Brillant<\/p>\n<div id=\"gtx-trans\" style=\"position: absolute; left: -13px; top: 159px;\">\n<div class=\"gtx-trans-icon\"><\/div>\n<\/div>","protected":false},"featured_media":1333,"comment_status":"open","ping_status":"closed","template":"","meta":{"_kad_post_transparent":"","_kad_post_title":"","_kad_post_layout":"","_kad_post_sidebar_id":"","_kad_post_content_style":"","_kad_post_vertical_padding":"","_kad_post_feature":"","_kad_post_feature_position":"","_kad_post_header":false,"_kad_post_footer":false},"product_brand":[],"product_cat":[15,16,17,70,66,20],"product_tag":[],"class_list":{"0":"post-704","1":"product","2":"type-product","3":"status-publish","4":"has-post-thumbnail","6":"product_cat-rings","7":"product_cat-emerald-ring","8":"product_cat-engagement-ring","9":"product_cat-halo-ring","10":"product_cat-natural-gemstones-ring","11":"product_cat-oval-ring","13":"first","14":"instock","15":"shipping-taxable","16":"purchasable","17":"product-type-simple","18":"entry","19":"content-bg","20":"loop-entry"},"aioseo_notices":[],"_links":{"self":[{"href":"https:\/\/emeraldsring.com\/de\/wp-json\/wp\/v2\/product\/704","targetHints":{"allow":["GET"]}}],"collection":[{"href":"https:\/\/emeraldsring.com\/de\/wp-json\/wp\/v2\/product"}],"about":[{"href":"https:\/\/emeraldsring.com\/de\/wp-json\/wp\/v2\/types\/product"}],"replies":[{"embeddable":true,"href":"https:\/\/emeraldsring.com\/de\/wp-json\/wp\/v2\/comments?post=704"}],"version-history":[{"count":5,"href":"https:\/\/emeraldsring.com\/de\/wp-json\/wp\/v2\/product\/704\/revisions"}],"predecessor-version":[{"id":1335,"href":"https:\/\/emeraldsring.com\/de\/wp-json\/wp\/v2\/product\/704\/revisions\/1335"}],"wp:featuredmedia":[{"embeddable":true,"href":"https:\/\/emeraldsring.com\/de\/wp-json\/wp\/v2\/media\/1333"}],"wp:attachment":[{"href":"https:\/\/emeraldsring.com\/de\/wp-json\/wp\/v2\/media?parent=704"}],"wp:term":[{"taxonomy":"product_brand","embeddable":true,"href":"https:\/\/emeraldsring.com\/de\/wp-json\/wp\/v2\/product_brand?post=704"},{"taxonomy":"product_cat","embeddable":true,"href":"https:\/\/emeraldsring.com\/de\/wp-json\/wp\/v2\/product_cat?post=704"},{"taxonomy":"product_tag","embeddable":true,"href":"https:\/\/emeraldsring.com\/de\/wp-json\/wp\/v2\/product_tag?post=704"}],"curies":[{"name":"wp","href":"https:\/\/api.w.org\/{rel}","templated":true}]}}