{"id":723,"date":"2025-02-06T13:12:01","date_gmt":"2025-02-06T08:12:01","guid":{"rendered":"https:\/\/emeraldsring.com\/?post_type=product&#038;p=723"},"modified":"2025-04-28T19:59:11","modified_gmt":"2025-04-28T14:59:11","slug":"emerald-and-diamond-engagement-ring-real-emerald-cut-wedding-ring","status":"publish","type":"product","link":"https:\/\/emeraldsring.com\/de\/produkt\/emerald-and-diamond-engagement-ring-real-emerald-cut-wedding-ring\/","title":{"rendered":"Smaragd und Diamant Verlobungsring Echter Smaragdschliff Ehering"},"content":{"rendered":"<div data-elementor-type=\"product-post\" data-elementor-id=\"723\" class=\"elementor elementor-723\" data-elementor-post-type=\"product\">\n\t\t\t\t<div class=\"elementor-element elementor-element-f0ef98f e-flex e-con-boxed e-con e-parent\" data-id=\"f0ef98f\" data-element_type=\"container\">\n\t\t\t\t\t<div class=\"e-con-inner\">\n\t\t<div class=\"elementor-element elementor-element-6a8f9ad e-con-full e-flex e-con e-child\" data-id=\"6a8f9ad\" data-element_type=\"container\">\n\t\t\t\t<div class=\"elementor-element elementor-element-b73e62e elementor-widget elementor-widget-video\" data-id=\"b73e62e\" data-element_type=\"widget\" data-settings=\"{&quot;youtube_url&quot;:&quot;https:\\\/\\\/www.youtube.com\\\/watch?v=qawt7h9-zhc&quot;,&quot;loop&quot;:&quot;yes&quot;,&quot;video_type&quot;:&quot;youtube&quot;,&quot;controls&quot;:&quot;yes&quot;}\" data-widget_type=\"video.default\">\n\t\t\t\t<div class=\"elementor-widget-container\">\n\t\t\t\t\t\t\t<div class=\"elementor-wrapper elementor-open-inline\">\n\t\t\t<div class=\"elementor-video\"><\/div>\t\t<\/div>\n\t\t\t\t\t\t<\/div>\n\t\t\t\t<\/div>\n\t\t\t\t<\/div>\n\t\t\t\t<div class=\"elementor-element elementor-element-0a2dcde elementor-widget elementor-widget-text-editor\" data-id=\"0a2dcde\" data-element_type=\"widget\" data-widget_type=\"text-editor.default\">\n\t\t\t\t<div class=\"elementor-widget-container\">\n\t\t\t\t\t\t\t\t\t<p>Feiern Sie Ihre Liebe mit unvergleichlicher Eleganz und Raffinesse. Diese <strong>Smaragd Ring<\/strong> kombiniert die zeitlose Sch\u00f6nheit eines echten <strong>Smaragd<\/strong> mit der Brillanz funkelnder Diamanten und schafft so ein atemberaubendes Schmuckst\u00fcck, das perfekt f\u00fcr einen <strong>Verlobungsring<\/strong> oder <strong>Ehering<\/strong>. Der sattgr\u00fcne Farbton des Smaragds, gepaart mit den strahlenden Diamanten, symbolisiert Liebe, Leidenschaft und das Versprechen eines gemeinsamen Lebens - ein wahrhaft unvergessliches Symbol f\u00fcr Ihr Engagement.<\/p><p><strong>Produktmerkmale:<\/strong><\/p><ul><li><strong>Material<\/strong>: Fachm\u00e4nnisch hergestellt aus hochwertigem Metall (w\u00e4hlen Sie Ihre bevorzugte Option), das sowohl Langlebigkeit als auch ein poliertes, luxuri\u00f6ses Finish garantiert, das den atemberaubenden Smaragd und die Diamanten erg\u00e4nzt.<\/li><li><strong>Stein<\/strong>: Ein echter, wundersch\u00f6n geschliffener Smaragd, der aufgrund seiner leuchtenden Farbe und Klarheit ausgew\u00e4hlt wurde, wird von einem Halo aus schillernden Diamanten umrahmt, die seine Brillanz betonen. Die Kombination der beiden Steine sorgt f\u00fcr einen raffinierten und auff\u00e4lligen Effekt.<\/li><li><strong>Gestaltung<\/strong>: Der elegante Smaragd ist wundersch\u00f6n von Diamanten umrahmt und bildet einen funkelnden Kontrast, der die Blicke auf sich zieht. Dieses Design verbindet klassische Eleganz mit modernem Luxus und ist damit ein idealer <strong>Verlobungsring<\/strong> oder <strong>Ehering<\/strong> f\u00fcr diejenigen, die etwas ganz Besonderes suchen.<\/li><li><strong>Symbol der Liebe und des Engagements<\/strong>: Der Smaragd steht f\u00fcr Liebe, Wachstum und Erneuerung, w\u00e4hrend die Diamanten Ewigkeit und St\u00e4rke symbolisieren. Zusammen bilden sie die perfekte Darstellung einer dauerhaften und sch\u00f6nen Beziehung.<\/li><li><strong>Perfekt f\u00fcr Verlobungen und Hochzeiten<\/strong>: Diese <strong>Smaragd- und Diamantring<\/strong> ist nicht nur eine umwerfende Wahl f\u00fcr eine <strong>Ehering<\/strong>sondern auch eine sinnvolle <strong>Verlobungsring<\/strong> die ein Leben lang in Ehren gehalten wird. Ihr zeitloses Design sorgt daf\u00fcr, dass sie \u00fcber Generationen hinweg ein Symbol Ihrer Liebe bleibt.<\/li><\/ul><p>Diese <strong>Smaragd Ring<\/strong> ist die perfekte Mischung aus Luxus, Bedeutung und Sch\u00f6nheit. Verpassen Sie nicht die Gelegenheit, Ihren Verlobungs- oder Hochzeitstag unvergesslich zu machen. Bestellen Sie noch heute und feiern Sie Ihre Liebe mit einem Ring, der so hell leuchtet wie Ihre gemeinsame Zukunft.<\/p>\t\t\t\t\t\t\t\t<\/div>\n\t\t\t\t<\/div>\n\t\t\t\t\t<\/div>\n\t\t\t\t<\/div>\n\t\t\t\t<\/div>","protected":false},"excerpt":{"rendered":"<p><strong>Produkt DETAILS:<\/strong><br \/>\nMetall: 925k Silber<br \/>\nEdelstein: Nat\u00fcrlicher roher Smaragd<br \/>\nFarbe des Edelsteins: Gr\u00fcn<br \/>\nBandfarbe: Wei\u00dfgold<br \/>\nRing Gr\u00f6\u00dfe: Einstellbar<br \/>\nDurchmesser Steingr\u00f6\u00dfe: 8\u00d76 mm<br \/>\nKlarheit: Sehr geringf\u00fcgig eingeschlossen<br \/>\nDie Form: Oval<br \/>\nSchliff: Gemischter Brillant<\/p>","protected":false},"featured_media":1339,"comment_status":"open","ping_status":"closed","template":"","meta":{"_kad_post_transparent":"","_kad_post_title":"","_kad_post_layout":"","_kad_post_sidebar_id":"","_kad_post_content_style":"","_kad_post_vertical_padding":"","_kad_post_feature":"","_kad_post_feature_position":"","_kad_post_header":false,"_kad_post_footer":false},"product_brand":[],"product_cat":[16,17,70,66,20,15],"product_tag":[],"class_list":{"0":"post-723","1":"product","2":"type-product","3":"status-publish","4":"has-post-thumbnail","6":"product_cat-emerald-ring","7":"product_cat-engagement-ring","8":"product_cat-halo-ring","9":"product_cat-natural-gemstones-ring","10":"product_cat-oval-ring","11":"product_cat-rings","13":"first","14":"instock","15":"shipping-taxable","16":"purchasable","17":"product-type-simple","18":"entry","19":"content-bg","20":"loop-entry"},"aioseo_notices":[],"_links":{"self":[{"href":"https:\/\/emeraldsring.com\/de\/wp-json\/wp\/v2\/product\/723","targetHints":{"allow":["GET"]}}],"collection":[{"href":"https:\/\/emeraldsring.com\/de\/wp-json\/wp\/v2\/product"}],"about":[{"href":"https:\/\/emeraldsring.com\/de\/wp-json\/wp\/v2\/types\/product"}],"replies":[{"embeddable":true,"href":"https:\/\/emeraldsring.com\/de\/wp-json\/wp\/v2\/comments?post=723"}],"version-history":[{"count":12,"href":"https:\/\/emeraldsring.com\/de\/wp-json\/wp\/v2\/product\/723\/revisions"}],"predecessor-version":[{"id":1341,"href":"https:\/\/emeraldsring.com\/de\/wp-json\/wp\/v2\/product\/723\/revisions\/1341"}],"wp:featuredmedia":[{"embeddable":true,"href":"https:\/\/emeraldsring.com\/de\/wp-json\/wp\/v2\/media\/1339"}],"wp:attachment":[{"href":"https:\/\/emeraldsring.com\/de\/wp-json\/wp\/v2\/media?parent=723"}],"wp:term":[{"taxonomy":"product_brand","embeddable":true,"href":"https:\/\/emeraldsring.com\/de\/wp-json\/wp\/v2\/product_brand?post=723"},{"taxonomy":"product_cat","embeddable":true,"href":"https:\/\/emeraldsring.com\/de\/wp-json\/wp\/v2\/product_cat?post=723"},{"taxonomy":"product_tag","embeddable":true,"href":"https:\/\/emeraldsring.com\/de\/wp-json\/wp\/v2\/product_tag?post=723"}],"curies":[{"name":"wp","href":"https:\/\/api.w.org\/{rel}","templated":true}]}}