{"id":733,"date":"2025-02-06T13:24:57","date_gmt":"2025-02-06T08:24:57","guid":{"rendered":"https:\/\/emeraldsring.com\/?post_type=product&#038;p=733"},"modified":"2025-04-28T19:59:08","modified_gmt":"2025-04-28T14:59:08","slug":"oval-natural-emerald-and-diamond-halo-engagement-ring-emerald-ring","status":"publish","type":"product","link":"https:\/\/emeraldsring.com\/de\/produkt\/oval-natural-emerald-and-diamond-halo-engagement-ring-emerald-ring\/","title":{"rendered":"Ovaler nat\u00fcrlicher Smaragd und Diamant Halo Verlobungsring Smaragdring"},"content":{"rendered":"<div data-elementor-type=\"product-post\" data-elementor-id=\"733\" class=\"elementor elementor-733\" data-elementor-post-type=\"product\">\n\t\t\t\t<div class=\"elementor-element elementor-element-fcdab58 e-flex e-con-boxed e-con e-parent\" data-id=\"fcdab58\" data-element_type=\"container\" data-e-type=\"container\">\n\t\t\t\t\t<div class=\"e-con-inner\">\n\t\t<div class=\"elementor-element elementor-element-2e05829 e-con-full e-flex e-con e-child\" data-id=\"2e05829\" data-element_type=\"container\" data-e-type=\"container\">\n\t\t\t\t<div class=\"elementor-element elementor-element-88e4f52 elementor-widget elementor-widget-video\" data-id=\"88e4f52\" data-element_type=\"widget\" data-e-type=\"widget\" data-settings=\"{&quot;youtube_url&quot;:&quot;https:\\\/\\\/www.youtube.com\\\/watch?v=CpZ-wETA5wI&quot;,&quot;loop&quot;:&quot;yes&quot;,&quot;video_type&quot;:&quot;youtube&quot;,&quot;controls&quot;:&quot;yes&quot;}\" data-widget_type=\"video.default\">\n\t\t\t\t<div class=\"elementor-widget-container\">\n\t\t\t\t\t\t\t<div class=\"elementor-wrapper elementor-open-inline\">\n\t\t\t<div class=\"elementor-video\"><\/div>\t\t<\/div>\n\t\t\t\t\t\t<\/div>\n\t\t\t\t<\/div>\n\t\t\t\t<\/div>\n\t\t\t\t<div class=\"elementor-element elementor-element-43cb7f0 elementor-widget elementor-widget-text-editor\" data-id=\"43cb7f0\" data-element_type=\"widget\" data-e-type=\"widget\" data-widget_type=\"text-editor.default\">\n\t\t\t\t<div class=\"elementor-widget-container\">\n\t\t\t\t\t\t\t\t\t<p>Bringen Sie Ihre Liebe zum Strahlen mit diesem atemberaubenden <strong>Smaragd Ring<\/strong>Mit einem ovalen nat\u00fcrlichen Smaragd, der von einem funkelnden Diamantenkranz umgeben ist. Dieses atemberaubende Design schafft ein perfektes Gleichgewicht zwischen leuchtender Farbe und strahlender Brillanz und ist damit die ideale Wahl f\u00fcr einen <strong>Verlobungsring<\/strong> oder <strong>Ehering<\/strong>. Der satte gr\u00fcne Farbton des nat\u00fcrlichen Smaragds symbolisiert Liebe, Erneuerung und Wachstum, w\u00e4hrend die schillernden Diamanten einen zus\u00e4tzlichen Hauch von Eleganz verleihen und diesen Ring zu einem Symbol f\u00fcr ewige Hingabe machen.<\/p><p><strong>Produktmerkmale:<\/strong><\/p><ul><li><strong>Material<\/strong>: Gefertigt aus hochwertigem Metall (w\u00e4hlen Sie Ihre bevorzugte Option), das eine lange Lebensdauer und ein luxuri\u00f6ses Finish bietet, das die Smaragd- und Diamantakzente wunderbar erg\u00e4nzt.<\/li><li><strong>Stein<\/strong>: In der Mitte befindet sich ein echter nat\u00fcrlicher Smaragd im Ovalschliff, der aufgrund seiner Klarheit und seiner atemberaubenden gr\u00fcnen Farbe ausgew\u00e4hlt wurde. Umgeben von einem Halo aus funkelnden Diamanten, wird der Smaragd noch besser zur Geltung gebracht und sorgt so f\u00fcr einen Blickfang, der aus jedem Blickwinkel funkelt.<\/li><li><strong>Gestaltung<\/strong>: Das Halo-Design umrahmt den Smaragd perfekt, l\u00e4sst ihn noch lebendiger erscheinen und verleiht ihm eine zus\u00e4tzliche Ebene von Luxus. Diese exquisite Kombination aus Smaragd und Diamanten bietet einen zeitlosen und doch modernen Look und ist damit perfekt f\u00fcr alle, die einen bedeutungsvollen und unverwechselbaren Schmuck suchen. <strong>Verlobungsring<\/strong> oder <strong>Ehering<\/strong>.<\/li><li><strong>Symbol der Liebe<\/strong>: Der Smaragd steht f\u00fcr Liebe, Wiedergeburt und Harmonie, w\u00e4hrend die Diamanten Ewigkeit und St\u00e4rke symbolisieren - zusammen bilden sie eine wundersch\u00f6ne Darstellung einer dauerhaften und starken Beziehung.<\/li><li><strong>Perfekt f\u00fcr Verlobungen und Hochzeiten<\/strong>: Ob Sie nach einer sinnvollen Besch\u00e4ftigung suchen <strong>Verlobungsring<\/strong> oder ein luxuri\u00f6ses <strong>Ehering<\/strong>ist dieser ovale Smaragdring die perfekte Wahl, um Ihren besonderen Moment zu feiern. Seine zeitlose Sch\u00f6nheit wird noch viele Jahre lang ein gesch\u00e4tztes Symbol Ihrer Liebe bleiben.<\/li><\/ul><p>Diese <strong>Smaragd Ring<\/strong> ist nicht nur ein Schmuckst\u00fcck, sondern auch ein Symbol f\u00fcr Ihr Engagement, Ihre Liebe und die Zukunft, die Sie gemeinsam aufbauen. Verpassen Sie nicht die Chance, diesen spektakul\u00e4ren Ring zu besitzen. Bestellen Sie noch heute und machen Sie Ihren Verlobungs- oder Hochzeitstag unvergesslich!<\/p>\t\t\t\t\t\t\t\t<\/div>\n\t\t\t\t<\/div>\n\t\t\t\t\t<\/div>\n\t\t\t\t<\/div>\n\t\t\t\t<\/div>","protected":false},"excerpt":{"rendered":"<p><strong>Produkt DETAILS:<\/strong><br \/>\nMetall: 925k Silber<br \/>\nEdelstein: Nat\u00fcrlicher roher Smaragd<br \/>\nFarbe des Edelsteins: Gr\u00fcn<br \/>\nBandfarbe: Wei\u00dfgold<br \/>\nRing Gr\u00f6\u00dfe: Einstellbar<br \/>\nDurchmesser Steingr\u00f6\u00dfe: 7\u00d75 mm<br \/>\nKlarheit: Sehr geringf\u00fcgig eingeschlossen<br \/>\nDie Form: Oval<br \/>\nSchliff: Gemischter Brillant<\/p>\n<div id=\"gtx-trans\" style=\"position: absolute; left: 69px; top: 183px;\">\n<div class=\"gtx-trans-icon\"><\/div>\n<\/div>","protected":false},"featured_media":1342,"comment_status":"open","ping_status":"closed","template":"","meta":{"_kad_post_transparent":"","_kad_post_title":"","_kad_post_layout":"","_kad_post_sidebar_id":"","_kad_post_content_style":"","_kad_post_vertical_padding":"","_kad_post_feature":"","_kad_post_feature_position":"","_kad_post_header":false,"_kad_post_footer":false},"product_brand":[],"product_cat":[16,17,70,66,20,15],"product_tag":[],"class_list":{"0":"post-733","1":"product","2":"type-product","3":"status-publish","4":"has-post-thumbnail","6":"product_cat-emerald-ring","7":"product_cat-engagement-ring","8":"product_cat-halo-ring","9":"product_cat-natural-gemstones-ring","10":"product_cat-oval-ring","11":"product_cat-rings","13":"first","14":"instock","15":"shipping-taxable","16":"purchasable","17":"product-type-simple","18":"entry","19":"content-bg","20":"loop-entry"},"aioseo_notices":[],"_links":{"self":[{"href":"https:\/\/emeraldsring.com\/de\/wp-json\/wp\/v2\/product\/733","targetHints":{"allow":["GET"]}}],"collection":[{"href":"https:\/\/emeraldsring.com\/de\/wp-json\/wp\/v2\/product"}],"about":[{"href":"https:\/\/emeraldsring.com\/de\/wp-json\/wp\/v2\/types\/product"}],"replies":[{"embeddable":true,"href":"https:\/\/emeraldsring.com\/de\/wp-json\/wp\/v2\/comments?post=733"}],"version-history":[{"count":8,"href":"https:\/\/emeraldsring.com\/de\/wp-json\/wp\/v2\/product\/733\/revisions"}],"predecessor-version":[{"id":1344,"href":"https:\/\/emeraldsring.com\/de\/wp-json\/wp\/v2\/product\/733\/revisions\/1344"}],"wp:featuredmedia":[{"embeddable":true,"href":"https:\/\/emeraldsring.com\/de\/wp-json\/wp\/v2\/media\/1342"}],"wp:attachment":[{"href":"https:\/\/emeraldsring.com\/de\/wp-json\/wp\/v2\/media?parent=733"}],"wp:term":[{"taxonomy":"product_brand","embeddable":true,"href":"https:\/\/emeraldsring.com\/de\/wp-json\/wp\/v2\/product_brand?post=733"},{"taxonomy":"product_cat","embeddable":true,"href":"https:\/\/emeraldsring.com\/de\/wp-json\/wp\/v2\/product_cat?post=733"},{"taxonomy":"product_tag","embeddable":true,"href":"https:\/\/emeraldsring.com\/de\/wp-json\/wp\/v2\/product_tag?post=733"}],"curies":[{"name":"wp","href":"https:\/\/api.w.org\/{rel}","templated":true}]}}