{"id":742,"date":"2025-02-06T13:40:29","date_gmt":"2025-02-06T08:40:29","guid":{"rendered":"https:\/\/emeraldsring.com\/?post_type=product&#038;p=742"},"modified":"2025-04-28T19:59:06","modified_gmt":"2025-04-28T14:59:06","slug":"oval-emerald-ring-engagement-ring-solitaire-ring-anniversary-ring","status":"publish","type":"product","link":"https:\/\/emeraldsring.com\/de\/produkt\/oval-emerald-ring-engagement-ring-solitaire-ring-anniversary-ring\/","title":{"rendered":"Ovaler Smaragdring Verlobungsring Solit\u00e4rring Jubil\u00e4umsring"},"content":{"rendered":"<div data-elementor-type=\"product-post\" data-elementor-id=\"742\" class=\"elementor elementor-742\" data-elementor-post-type=\"product\">\n\t\t\t\t<div class=\"elementor-element elementor-element-f2b0058 e-flex e-con-boxed e-con e-parent\" data-id=\"f2b0058\" data-element_type=\"container\" data-e-type=\"container\">\n\t\t\t\t\t<div class=\"e-con-inner\">\n\t\t<div class=\"elementor-element elementor-element-0ec1602 e-con-full e-flex e-con e-child\" data-id=\"0ec1602\" data-element_type=\"container\" data-e-type=\"container\">\n\t\t\t\t<div class=\"elementor-element elementor-element-a2a066c elementor-widget elementor-widget-video\" data-id=\"a2a066c\" data-element_type=\"widget\" data-e-type=\"widget\" data-settings=\"{&quot;youtube_url&quot;:&quot;https:\\\/\\\/youtube.com\\\/watch?v=Y0Gs69z2kSg&quot;,&quot;loop&quot;:&quot;yes&quot;,&quot;video_type&quot;:&quot;youtube&quot;,&quot;controls&quot;:&quot;yes&quot;}\" data-widget_type=\"video.default\">\n\t\t\t\t<div class=\"elementor-widget-container\">\n\t\t\t\t\t\t\t<div class=\"elementor-wrapper elementor-open-inline\">\n\t\t\t<div class=\"elementor-video\"><\/div>\t\t<\/div>\n\t\t\t\t\t\t<\/div>\n\t\t\t\t<\/div>\n\t\t\t\t<\/div>\n\t\t\t\t<div class=\"elementor-element elementor-element-05cea27 elementor-widget elementor-widget-text-editor\" data-id=\"05cea27\" data-element_type=\"widget\" data-e-type=\"widget\" data-widget_type=\"text-editor.default\">\n\t\t\t\t<div class=\"elementor-widget-container\">\n\t\t\t\t\t\t\t\t\t<p>Feiern Sie Ihre sch\u00f6nsten Momente mit diesem atemberaubenden <strong>Smaragd Ring<\/strong>mit einem strahlenden nat\u00fcrlichen Smaragd im Ovalschliff in einem klassischen Solit\u00e4rdesign. Ob Sie auf der Suche nach dem perfekten <strong>Verlobungsring<\/strong> oder eine sinnvolle <strong>Jubil\u00e4umsring<\/strong>Dieses elegante Schmuckst\u00fcck verk\u00f6rpert das Wesen der Liebe, der Sch\u00f6nheit und der zeitlosen Hingabe. Das leuchtende Gr\u00fcn des Smaragds symbolisiert Erneuerung, Wachstum und Vitalit\u00e4t - und ist damit der ideale Edelstein, um ein Leben lang Liebe und Hingabe zu zelebrieren.<\/p><p><strong>Produktmerkmale:<\/strong><\/p><ul><li><strong>Material<\/strong>: Gefertigt aus hochwertigem Metall (w\u00e4hlen Sie Ihre bevorzugte Option), das eine lange Lebensdauer und eine glatte, polierte Oberfl\u00e4che bietet, die die nat\u00fcrliche Sch\u00f6nheit des Smaragds hervorhebt.<\/li><li><strong>Stein<\/strong>: Ein echter nat\u00fcrlicher Smaragd im Ovalschliff, der aufgrund seiner satten gr\u00fcnen Farbe und seiner au\u00dfergew\u00f6hnlichen Klarheit sorgf\u00e4ltig ausgew\u00e4hlt wurde. Der Smaragd ist in ein schlankes, minimalistisches Design gefasst, das den Stein in den Mittelpunkt stellt und brillant leuchten l\u00e4sst.<\/li><li><strong>Gestaltung<\/strong>: Die Solit\u00e4rfassung bringt die auffallende Farbe und Eleganz des Smaragds wunderbar zur Geltung. Mit seinem einfachen, aber raffinierten Design ist dieser <strong>Smaragd Ring<\/strong> ist perfekt f\u00fcr alle, die unaufdringlichen Luxus bevorzugen, und damit ein ideales <strong>Verlobungsring<\/strong> oder <strong>Jubil\u00e4umsring<\/strong> f\u00fcr jeden besonderen Anlass.<\/li><li><strong>Symbol der Liebe<\/strong>: Der Smaragd steht f\u00fcr Harmonie, Wiedergeburt und Treue und ist damit der perfekte Edelstein, um Ihre Liebe und Ihr Engagement zu symbolisieren. Er ist eine sinnvolle Wahl f\u00fcr Paare, die einen neuen Lebensabschnitt beginnen oder jahrelange Zweisamkeit feiern.<\/li><li><strong>Vielseitige Eleganz<\/strong>: Ob als <strong>Verlobungsring<\/strong> oder ein <strong>Jubil\u00e4umsring<\/strong>wird dieses zeitlose St\u00fcck ein gesch\u00e4tztes Symbol Ihrer Liebe bleiben. Sein klassisches Design sorgt daf\u00fcr, dass es nie aus der Mode kommt und zu einem gesch\u00e4tzten Erbst\u00fcck f\u00fcr Generationen wird.<\/li><\/ul><p>Machen Sie Ihre Liebesgeschichte unvergesslich mit diesem atemberaubenden <strong>Smaragd Ring<\/strong>. Bestellen Sie noch heute und feiern Sie Ihre besonderen Momente mit einem Ring, der die Essenz von Eleganz, Liebe und Engagement einf\u00e4ngt.<\/p>\t\t\t\t\t\t\t\t<\/div>\n\t\t\t\t<\/div>\n\t\t\t\t\t<\/div>\n\t\t\t\t<\/div>\n\t\t\t\t<\/div>","protected":false},"excerpt":{"rendered":"<p><strong>Produkt DETAILS:<\/strong><br \/>\nMetall: 925k Silber<br \/>\nEdelstein: Nat\u00fcrlicher roher Smaragd<br \/>\nFarbe des Edelsteins: Gr\u00fcn<br \/>\nBandfarbe: Wei\u00dfgold<br \/>\nRing Gr\u00f6\u00dfe: Einstellbar<br \/>\nDurchmesser Steingr\u00f6\u00dfe: 6\u00d74 mm<br \/>\nKlarheit: Sehr geringf\u00fcgig eingeschlossen<br \/>\nDie Form: Oval<br \/>\nSchliff: Gemischter Brillant<\/p>","protected":false},"featured_media":1346,"comment_status":"open","ping_status":"closed","template":"","meta":{"_kad_post_transparent":"","_kad_post_title":"","_kad_post_layout":"","_kad_post_sidebar_id":"","_kad_post_content_style":"","_kad_post_vertical_padding":"","_kad_post_feature":"","_kad_post_feature_position":"","_kad_post_header":false,"_kad_post_footer":false},"product_brand":[],"product_cat":[16,17,66,20,15,69],"product_tag":[],"class_list":{"0":"post-742","1":"product","2":"type-product","3":"status-publish","4":"has-post-thumbnail","6":"product_cat-emerald-ring","7":"product_cat-engagement-ring","8":"product_cat-natural-gemstones-ring","9":"product_cat-oval-ring","10":"product_cat-rings","11":"product_cat-solitaire","13":"first","14":"instock","15":"shipping-taxable","16":"purchasable","17":"product-type-simple","18":"entry","19":"content-bg","20":"loop-entry"},"aioseo_notices":[],"_links":{"self":[{"href":"https:\/\/emeraldsring.com\/de\/wp-json\/wp\/v2\/product\/742","targetHints":{"allow":["GET"]}}],"collection":[{"href":"https:\/\/emeraldsring.com\/de\/wp-json\/wp\/v2\/product"}],"about":[{"href":"https:\/\/emeraldsring.com\/de\/wp-json\/wp\/v2\/types\/product"}],"replies":[{"embeddable":true,"href":"https:\/\/emeraldsring.com\/de\/wp-json\/wp\/v2\/comments?post=742"}],"version-history":[{"count":8,"href":"https:\/\/emeraldsring.com\/de\/wp-json\/wp\/v2\/product\/742\/revisions"}],"predecessor-version":[{"id":1494,"href":"https:\/\/emeraldsring.com\/de\/wp-json\/wp\/v2\/product\/742\/revisions\/1494"}],"wp:featuredmedia":[{"embeddable":true,"href":"https:\/\/emeraldsring.com\/de\/wp-json\/wp\/v2\/media\/1346"}],"wp:attachment":[{"href":"https:\/\/emeraldsring.com\/de\/wp-json\/wp\/v2\/media?parent=742"}],"wp:term":[{"taxonomy":"product_brand","embeddable":true,"href":"https:\/\/emeraldsring.com\/de\/wp-json\/wp\/v2\/product_brand?post=742"},{"taxonomy":"product_cat","embeddable":true,"href":"https:\/\/emeraldsring.com\/de\/wp-json\/wp\/v2\/product_cat?post=742"},{"taxonomy":"product_tag","embeddable":true,"href":"https:\/\/emeraldsring.com\/de\/wp-json\/wp\/v2\/product_tag?post=742"}],"curies":[{"name":"wp","href":"https:\/\/api.w.org\/{rel}","templated":true}]}}