{"id":842,"date":"2025-02-07T10:29:09","date_gmt":"2025-02-07T05:29:09","guid":{"rendered":"https:\/\/emeraldsring.com\/?post_type=product&#038;p=842"},"modified":"2025-04-28T19:58:59","modified_gmt":"2025-04-28T14:58:59","slug":"emerald-engagement-rings-for-women-natural-marquise-emerald-ring-jewelry-gift","status":"publish","type":"product","link":"https:\/\/emeraldsring.com\/de\/produkt\/emerald-engagement-rings-for-women-natural-marquise-emerald-ring-jewelry-gift\/","title":{"rendered":"Smaragd Verlobungsringe f\u00fcr Frauen nat\u00fcrliche Marquise Smaragd Ring Schmuck Geschenk"},"content":{"rendered":"<div data-elementor-type=\"product-post\" data-elementor-id=\"842\" class=\"elementor elementor-842\" data-elementor-post-type=\"product\">\n\t\t\t\t<div class=\"elementor-element elementor-element-6326be8 e-flex e-con-boxed e-con e-parent\" data-id=\"6326be8\" data-element_type=\"container\" data-e-type=\"container\">\n\t\t\t\t\t<div class=\"e-con-inner\">\n\t\t\t\t<div class=\"elementor-element elementor-element-af5f6ad elementor-widget elementor-widget-text-editor\" data-id=\"af5f6ad\" data-element_type=\"widget\" data-e-type=\"widget\" data-widget_type=\"text-editor.default\">\n\t\t\t\t<div class=\"elementor-widget-container\">\n\t\t\t\t\t\t\t\t\t<p>Feiern Sie Ihre Liebe mit diesem atemberaubenden <strong>Smaragd Ring<\/strong>Mit einem wundersch\u00f6nen nat\u00fcrlichen Smaragd im Marquise-Schliff, der in ein wundersch\u00f6n gearbeitetes Band eingefasst ist. Dieses elegante Design macht ihn zum idealen <strong>Verlobungsring<\/strong> f\u00fcr alle, die etwas Einzigartiges und Bedeutungsvolles suchen. Der marquise Smaragd symbolisiert Liebe, St\u00e4rke und Erneuerung und ist damit die perfekte Wahl f\u00fcr eine lebensver\u00e4ndernde Verpflichtung. Ob f\u00fcr eine Verlobung oder als gesch\u00e4tzter <strong>Geschenk<\/strong>ist dieser schillernde Ring ein zeitloser Schatz, den sie f\u00fcr immer lieben wird.<\/p><p><strong>Produktmerkmale:<\/strong><\/p><ul><li><strong>Material<\/strong>: Hergestellt aus hochwertigem Metall (w\u00e4hlen Sie Ihre bevorzugte Option), das eine lange Lebensdauer und eine polierte Oberfl\u00e4che bietet, die den Glanz des Marquise-Smaragds noch besser zur Geltung bringt.<\/li><li><strong>Stein<\/strong>: Der nat\u00fcrliche Smaragd im Marquise-Schliff ist das Herzst\u00fcck dieses Rings, der aufgrund seiner leuchtend gr\u00fcnen Farbe und seiner au\u00dfergew\u00f6hnlichen Klarheit sorgf\u00e4ltig ausgew\u00e4hlt wurde. Sein einzigartiger Schliff verleiht ihm eine l\u00e4ngliche, elegante Form, die dem Design einen Hauch von Raffinesse verleiht.<\/li><li><strong>Gestaltung<\/strong>: Das schlanke Band setzt den marquisen Smaragd elegant in Szene und l\u00e4sst den Stein in den Mittelpunkt r\u00fccken. Dieses moderne und doch zeitlose Design macht ihn zum perfekten <strong>Verlobungsring<\/strong> oder <strong>Geschenk<\/strong> f\u00fcr jemanden, der feinen Schmuck mit einem Hauch von Noblesse zu sch\u00e4tzen wei\u00df.<\/li><li><strong>Symbol der Liebe<\/strong>: Der Smaragd steht f\u00fcr Vitalit\u00e4t, Wachstum und Liebe, w\u00e4hrend der Marquise-Schliff St\u00e4rke und Ausdauer symbolisiert. Zusammen bilden sie ein kraftvolles Bekenntnis und machen diesen <strong>Smaragd Ring<\/strong> die perfekte Wahl f\u00fcr Verlobungen, Jahrestage oder andere besondere Anl\u00e4sse.<\/li><li><strong>Perfektes Geschenk<\/strong>: Ob Sie einen Heiratsantrag feiern oder jemanden mit einem bedeutungsvollen Geschenk \u00fcberraschen wollen <strong>Geschenk<\/strong>diese atemberaubende <strong>Verlobungsring<\/strong> wird jahrelang in Ehren gehalten werden. Es ist ein St\u00fcck, das ein zeitloses Symbol der Liebe und Hingabe bleiben wird.<\/li><\/ul><p>Geben Sie ihr das Gef\u00fchl, etwas ganz Besonderes zu sein, mit diesem atemberaubenden <strong>Smaragd Ring<\/strong>. Bestellen Sie noch heute und verschenken Sie einen atemberaubenden Verlobungsring, der die Essenz Ihrer Liebe f\u00fcr immer festhalten wird.<\/p>\t\t\t\t\t\t\t\t<\/div>\n\t\t\t\t<\/div>\n\t\t\t\t\t<\/div>\n\t\t\t\t<\/div>\n\t\t\t\t<\/div>","protected":false},"excerpt":{"rendered":"<p><strong>Produkt DETAILS:<\/strong><br \/>\nMetall: 925k Silber<br \/>\nEdelstein: Nat\u00fcrlicher roher Smaragd<br \/>\nFarbe des Edelsteins: Gr\u00fcn<br \/>\nFarbe des Bandes: Rose Gold Plating, White Gold Plating<br \/>\nRing Gr\u00f6\u00dfe: Einstellbar<br \/>\nDurchmesser Steingr\u00f6\u00dfe: 3\u00d76 mm<br \/>\nKlarheit: Sehr geringf\u00fcgig eingeschlossen<br \/>\nDie Form: Marquise<br \/>\nSchliff: Gemischter Brillant<\/p>","protected":false},"featured_media":845,"comment_status":"open","ping_status":"closed","template":"","meta":{"_kad_post_transparent":"","_kad_post_title":"","_kad_post_layout":"","_kad_post_sidebar_id":"","_kad_post_content_style":"","_kad_post_vertical_padding":"","_kad_post_feature":"","_kad_post_feature_position":"","_kad_post_header":false,"_kad_post_footer":false},"product_brand":[],"product_cat":[15,16,17,26,66],"product_tag":[],"class_list":{"0":"post-842","1":"product","2":"type-product","3":"status-publish","4":"has-post-thumbnail","6":"product_cat-rings","7":"product_cat-emerald-ring","8":"product_cat-engagement-ring","9":"product_cat-marquise-ring","10":"product_cat-natural-gemstones-ring","12":"first","13":"instock","14":"shipping-taxable","15":"purchasable","16":"product-type-variable","17":"entry","18":"content-bg","19":"loop-entry"},"aioseo_notices":[],"_links":{"self":[{"href":"https:\/\/emeraldsring.com\/de\/wp-json\/wp\/v2\/product\/842","targetHints":{"allow":["GET"]}}],"collection":[{"href":"https:\/\/emeraldsring.com\/de\/wp-json\/wp\/v2\/product"}],"about":[{"href":"https:\/\/emeraldsring.com\/de\/wp-json\/wp\/v2\/types\/product"}],"replies":[{"embeddable":true,"href":"https:\/\/emeraldsring.com\/de\/wp-json\/wp\/v2\/comments?post=842"}],"version-history":[{"count":5,"href":"https:\/\/emeraldsring.com\/de\/wp-json\/wp\/v2\/product\/842\/revisions"}],"predecessor-version":[{"id":1393,"href":"https:\/\/emeraldsring.com\/de\/wp-json\/wp\/v2\/product\/842\/revisions\/1393"}],"wp:featuredmedia":[{"embeddable":true,"href":"https:\/\/emeraldsring.com\/de\/wp-json\/wp\/v2\/media\/845"}],"wp:attachment":[{"href":"https:\/\/emeraldsring.com\/de\/wp-json\/wp\/v2\/media?parent=842"}],"wp:term":[{"taxonomy":"product_brand","embeddable":true,"href":"https:\/\/emeraldsring.com\/de\/wp-json\/wp\/v2\/product_brand?post=842"},{"taxonomy":"product_cat","embeddable":true,"href":"https:\/\/emeraldsring.com\/de\/wp-json\/wp\/v2\/product_cat?post=842"},{"taxonomy":"product_tag","embeddable":true,"href":"https:\/\/emeraldsring.com\/de\/wp-json\/wp\/v2\/product_tag?post=842"}],"curies":[{"name":"wp","href":"https:\/\/api.w.org\/{rel}","templated":true}]}}