{"id":858,"date":"2025-02-07T11:15:53","date_gmt":"2025-02-07T06:15:53","guid":{"rendered":"https:\/\/emeraldsring.com\/?post_type=product&#038;p=858"},"modified":"2025-04-28T19:58:52","modified_gmt":"2025-04-28T14:58:52","slug":"marquise-shape-natural-emerald-ring-gift-for-her","status":"publish","type":"product","link":"https:\/\/emeraldsring.com\/de\/produkt\/marquise-shape-natural-emerald-ring-gift-for-her\/","title":{"rendered":"Marquise Form nat\u00fcrlichen Smaragd Ring Geschenk f\u00fcr Sie"},"content":{"rendered":"<div data-elementor-type=\"product-post\" data-elementor-id=\"858\" class=\"elementor elementor-858\" data-elementor-post-type=\"product\">\n\t\t\t\t<div class=\"elementor-element elementor-element-003be99 e-flex e-con-boxed e-con e-parent\" data-id=\"003be99\" data-element_type=\"container\">\n\t\t\t\t\t<div class=\"e-con-inner\">\n\t\t\t\t<div class=\"elementor-element elementor-element-7fdc9ba elementor-widget elementor-widget-text-editor\" data-id=\"7fdc9ba\" data-element_type=\"widget\" data-widget_type=\"text-editor.default\">\n\t\t\t\t<div class=\"elementor-widget-container\">\n\t\t\t\t\t\t\t\t\t<p>Zelebrieren Sie ihre Sch\u00f6nheit mit der Eleganz dieses <strong>Smaragd Ring<\/strong>mit einem atemberaubenden nat\u00fcrlichen Smaragd in Marquiseform als Herzst\u00fcck. Dieser exquisite Ring beeindruckt durch sein Design und ist der perfekte <strong>Geschenk<\/strong> f\u00fcr jeden Anlass, sei es ein Geburtstag, ein Jahrestag oder eine besondere Geste, um Ihre Liebe zu zeigen. Die l\u00e4ngliche Form des Smaragds im Marquise-Schliff und die leuchtend gr\u00fcne Farbe verleihen diesem Schmuckst\u00fcck einen Hauch von Raffinesse und machen es zeitlos und faszinierend.<\/p><p><strong>Produktmerkmale:<\/strong><\/p><ul><li><strong>Material<\/strong>: Gefertigt aus hochwertigem Metall (w\u00e4hlen Sie Ihre bevorzugte Option), das f\u00fcr Langlebigkeit und eine polierte Oberfl\u00e4che sorgt, die den atemberaubenden Smaragd in seinem Zentrum erg\u00e4nzt.<\/li><li><strong>Stein<\/strong>: Der nat\u00fcrliche Smaragd ist in einer Marquise geschliffen, die f\u00fcr ihre l\u00e4ngliche, elegante Silhouette bekannt ist. Seine sattgr\u00fcne Farbe und seine Klarheit machen ihn zu einem echten Blickfang, perfekt f\u00fcr alle, die die Sch\u00f6nheit der Natur und feine Handwerkskunst zu sch\u00e4tzen wissen.<\/li><li><strong>Gestaltung<\/strong>: Der Smaragd im Marquiseschliff ist in ein schlankes, modernes Band gefasst, das die Sch\u00f6nheit des Steins hervorhebt. Sein schlichtes, aber raffiniertes Design macht ihn zu einem vielseitigen Schmuckst\u00fcck - perfekt f\u00fcr den Alltag oder f\u00fcr besondere Anl\u00e4sse. Ob als <strong>Geschenk<\/strong> oder eine <strong>Statement-St\u00fcck<\/strong>diese <strong>Smaragd Ring<\/strong> wird ihr das Gef\u00fchl geben, wirklich gesch\u00e4tzt zu werden.<\/li><li><strong>Symbol der Liebe<\/strong>: Der Smaragd ist ein Symbol f\u00fcr Vitalit\u00e4t, Wachstum und Erneuerung, so dass dieser <strong>Marquise Ring<\/strong> ein sinnvolles und sch\u00f6nes Geschenk f\u00fcr sie. Es ist ein zeitloses Zeichen der Liebe, das sie \u00fcber Jahre hinweg sch\u00e4tzen wird.<\/li><li><strong>Perfektes Geschenk<\/strong>: Egal, ob Sie einen Meilenstein feiern oder einfach Ihre Zuneigung zeigen wollen, dieses <strong>Smaragd Ring<\/strong> ist die ideale <strong>Geschenk<\/strong> f\u00fcr die besondere Frau in Ihrem Leben. Sein elegantes Design und seine symbolische Bedeutung machen ihn zu einem Geschenk, das nie aus der Mode kommt.<\/li><\/ul><p>Geben Sie ihr das Gef\u00fchl, etwas Besonderes zu sein, mit diesem atemberaubenden <strong>Smaragd Ring<\/strong>. Bestellen Sie noch heute und schenken Sie dem <strong>Geschenk<\/strong> von zeitloser Sch\u00f6nheit und Eleganz, die sie f\u00fcr immer in Ehren halten wird.<\/p>\t\t\t\t\t\t\t\t<\/div>\n\t\t\t\t<\/div>\n\t\t\t\t\t<\/div>\n\t\t\t\t<\/div>\n\t\t\t\t<\/div>","protected":false},"excerpt":{"rendered":"<p>Zelebrieren Sie ihre Sch\u00f6nheit mit der Eleganz dieses Smaragdrings, dessen Herzst\u00fcck ein atemberaubender nat\u00fcrlicher Smaragd in Marquise-Form ist. Dieser exquisite Ring ist das perfekte Geschenk f\u00fcr jeden Anlass, sei es ein Geburtstag, ein Jahrestag oder eine besondere Geste, um Ihre Liebe zu zeigen. Die l\u00e4ngliche Form des Smaragds im Marquiseschliff und seine leuchtend gr\u00fcne Farbe...<\/p>","protected":false},"featured_media":868,"comment_status":"open","ping_status":"closed","template":"","meta":{"_kad_post_transparent":"","_kad_post_title":"","_kad_post_layout":"","_kad_post_sidebar_id":"","_kad_post_content_style":"","_kad_post_vertical_padding":"","_kad_post_feature":"","_kad_post_feature_position":"","_kad_post_header":false,"_kad_post_footer":false},"product_brand":[],"product_cat":[16,26,66,15],"product_tag":[],"class_list":{"0":"post-858","1":"product","2":"type-product","3":"status-publish","4":"has-post-thumbnail","6":"product_cat-emerald-ring","7":"product_cat-marquise-ring","8":"product_cat-natural-gemstones-ring","9":"product_cat-rings","11":"first","12":"instock","13":"shipping-taxable","14":"purchasable","15":"product-type-variable","16":"entry","17":"content-bg","18":"loop-entry"},"aioseo_notices":[],"_links":{"self":[{"href":"https:\/\/emeraldsring.com\/de\/wp-json\/wp\/v2\/product\/858","targetHints":{"allow":["GET"]}}],"collection":[{"href":"https:\/\/emeraldsring.com\/de\/wp-json\/wp\/v2\/product"}],"about":[{"href":"https:\/\/emeraldsring.com\/de\/wp-json\/wp\/v2\/types\/product"}],"replies":[{"embeddable":true,"href":"https:\/\/emeraldsring.com\/de\/wp-json\/wp\/v2\/comments?post=858"}],"version-history":[{"count":5,"href":"https:\/\/emeraldsring.com\/de\/wp-json\/wp\/v2\/product\/858\/revisions"}],"predecessor-version":[{"id":1391,"href":"https:\/\/emeraldsring.com\/de\/wp-json\/wp\/v2\/product\/858\/revisions\/1391"}],"wp:featuredmedia":[{"embeddable":true,"href":"https:\/\/emeraldsring.com\/de\/wp-json\/wp\/v2\/media\/868"}],"wp:attachment":[{"href":"https:\/\/emeraldsring.com\/de\/wp-json\/wp\/v2\/media?parent=858"}],"wp:term":[{"taxonomy":"product_brand","embeddable":true,"href":"https:\/\/emeraldsring.com\/de\/wp-json\/wp\/v2\/product_brand?post=858"},{"taxonomy":"product_cat","embeddable":true,"href":"https:\/\/emeraldsring.com\/de\/wp-json\/wp\/v2\/product_cat?post=858"},{"taxonomy":"product_tag","embeddable":true,"href":"https:\/\/emeraldsring.com\/de\/wp-json\/wp\/v2\/product_tag?post=858"}],"curies":[{"name":"wp","href":"https:\/\/api.w.org\/{rel}","templated":true}]}}