{"id":871,"date":"2025-02-07T11:28:57","date_gmt":"2025-02-07T06:28:57","guid":{"rendered":"https:\/\/emeraldsring.com\/?post_type=product&#038;p=871"},"modified":"2025-04-28T19:58:49","modified_gmt":"2025-04-28T14:58:49","slug":"real-emerald-cut-ring-925-sterling-silver-green-emerald-ring-gift-for-her","status":"publish","type":"product","link":"https:\/\/emeraldsring.com\/de\/produkt\/real-emerald-cut-ring-925-sterling-silver-green-emerald-ring-gift-for-her\/","title":{"rendered":"Echte Gold Smaragd Cut Ring Gr\u00fcner Smaragd Ring Geschenk f\u00fcr Sie"},"content":{"rendered":"<div data-elementor-type=\"product-post\" data-elementor-id=\"871\" class=\"elementor elementor-871\" data-elementor-post-type=\"product\">\n\t\t\t\t<div class=\"elementor-element elementor-element-7238367 e-flex e-con-boxed e-con e-parent\" data-id=\"7238367\" data-element_type=\"container\" data-e-type=\"container\">\n\t\t\t\t\t<div class=\"e-con-inner\">\n\t\t\t\t<div class=\"elementor-element elementor-element-a6f3c32 elementor-widget elementor-widget-text-editor\" data-id=\"a6f3c32\" data-element_type=\"widget\" data-e-type=\"widget\" data-widget_type=\"text-editor.default\">\n\t\t\t\t<div class=\"elementor-widget-container\">\n\t\t\t\t\t\t\t\t\t<p>Erfreuen Sie sie mit der fesselnden Sch\u00f6nheit dieses <strong>Smaragd Ring<\/strong>Mit einem echten gr\u00fcnen Smaragd im Smaragdschliff, eingefasst in ein zeitloses 925er Sterlingsilberband. Dieses atemberaubende Design kombiniert die klassische Eleganz des Smaragds mit der Raffinesse von Sterlingsilber und ist damit das ideale <strong>Verlobungsring<\/strong> oder <strong>Geschenk<\/strong> f\u00fcr sie. Ob zu einem besonderen Anlass oder als herzliche Geste, dieses sch\u00f6ne St\u00fcck wird ihr Herz erobern und zu einem gesch\u00e4tzten Teil ihrer Sammlung werden.<\/p><p><strong>Produktmerkmale:<\/strong><\/p><ul><li><strong>Material<\/strong>: Gefertigt aus hochwertigem 925er Sterling Silber, ist dieses <strong>Smaragd Ring<\/strong> sorgt sowohl f\u00fcr Langlebigkeit als auch f\u00fcr ein glattes, poliertes Finish, das den satten Gr\u00fcnton des Smaragds erg\u00e4nzt.<\/li><li><strong>Stein<\/strong>: Das Herzst\u00fcck dieses Rings ist ein echter gr\u00fcner Smaragd im Smaragdschliff, der aufgrund seiner leuchtenden Farbe und bemerkenswerten Klarheit ausgew\u00e4hlt wurde. Der Smaragdschliff verst\u00e4rkt das nat\u00fcrliche Funkeln des Steins und macht ihn zu einem echten Hingucker in jedem Licht.<\/li><li><strong>Gestaltung<\/strong>: Das schlichte, aber raffinierte Band aus Sterlingsilber l\u00e4sst den Smaragd als Mittelpunkt erstrahlen und macht diesen Ring zu einer perfekten Wahl f\u00fcr einen <strong>Verlobungsring<\/strong> oder <strong>Geschenk<\/strong>. Sein schlankes und modernes Design macht ihn vielseitig genug, um ihn sowohl im Alltag als auch bei besonderen Anl\u00e4ssen zu tragen.<\/li><li><strong>Symbol der Liebe<\/strong>: Smaragde sind daf\u00fcr bekannt, Liebe, Wachstum und Wiedergeburt zu symbolisieren, was diese <strong>Smaragd Ring<\/strong> ein bedeutungsvolles Symbol f\u00fcr Engagement und Zuneigung. Es ist ein atemberaubendes St\u00fcck, das sie f\u00fcr immer an Ihre Liebe und Hingabe erinnern wird.<\/li><li><strong>Perfektes Geschenk<\/strong>: Ob Sie einen besonderen Moment wie einen Heiratsantrag markieren oder einfach nur Ihre Liebe zeigen wollen, diese <strong>Smaragd Ring<\/strong> ist die perfekte <strong>Geschenk<\/strong> f\u00fcr jede Frau. Sein zeitloses Design und seine symbolische Bedeutung machen es zu einem St\u00fcck, das sie f\u00fcr immer sch\u00e4tzen wird.<\/li><\/ul><p>Geben Sie ihr das Gef\u00fchl, etwas Besonderes zu sein, mit diesem eleganten <strong>Smaragd Ring<\/strong>. Bestellen Sie noch heute und schenken Sie dem <strong>Geschenk<\/strong> von Sch\u00f6nheit, Liebe und Raffinesse, die sie ein Leben lang sch\u00e4tzen wird.<\/p>\t\t\t\t\t\t\t\t<\/div>\n\t\t\t\t<\/div>\n\t\t\t\t\t<\/div>\n\t\t\t\t<\/div>\n\t\t\t\t<\/div>","protected":false},"excerpt":{"rendered":"<p>Produkt DETAILS:<br \/>\nMetall: 925k Silber<br \/>\nEdelstein: Nat\u00fcrlicher roher Smaragd<br \/>\nFarbe des Edelsteins: Gr\u00fcn<br \/>\nBandfarbe: Gold<br \/>\nRing Gr\u00f6\u00dfe: Einstellbar<br \/>\nDurchmesser Stein Gr\u00f6\u00dfe: 3\u00d73 mm<br \/>\nKlarheit: Sehr geringf\u00fcgig eingeschlossen<br \/>\nDie Form: Marquise<br \/>\nSchliff: Gemischter Brillant<\/p>","protected":false},"featured_media":873,"comment_status":"open","ping_status":"closed","template":"","meta":{"_kad_post_transparent":"","_kad_post_title":"","_kad_post_layout":"","_kad_post_sidebar_id":"","_kad_post_content_style":"","_kad_post_vertical_padding":"","_kad_post_feature":"","_kad_post_feature_position":"","_kad_post_header":false,"_kad_post_footer":false},"product_brand":[],"product_cat":[16,66,56,15],"product_tag":[],"class_list":{"0":"post-871","1":"product","2":"type-product","3":"status-publish","4":"has-post-thumbnail","6":"product_cat-emerald-ring","7":"product_cat-natural-gemstones-ring","8":"product_cat-princess","9":"product_cat-rings","11":"first","12":"instock","13":"sale","14":"shipping-taxable","15":"purchasable","16":"product-type-simple","17":"entry","18":"content-bg","19":"loop-entry"},"aioseo_notices":[],"_links":{"self":[{"href":"https:\/\/emeraldsring.com\/de\/wp-json\/wp\/v2\/product\/871","targetHints":{"allow":["GET"]}}],"collection":[{"href":"https:\/\/emeraldsring.com\/de\/wp-json\/wp\/v2\/product"}],"about":[{"href":"https:\/\/emeraldsring.com\/de\/wp-json\/wp\/v2\/types\/product"}],"replies":[{"embeddable":true,"href":"https:\/\/emeraldsring.com\/de\/wp-json\/wp\/v2\/comments?post=871"}],"version-history":[{"count":7,"href":"https:\/\/emeraldsring.com\/de\/wp-json\/wp\/v2\/product\/871\/revisions"}],"predecessor-version":[{"id":1332,"href":"https:\/\/emeraldsring.com\/de\/wp-json\/wp\/v2\/product\/871\/revisions\/1332"}],"wp:featuredmedia":[{"embeddable":true,"href":"https:\/\/emeraldsring.com\/de\/wp-json\/wp\/v2\/media\/873"}],"wp:attachment":[{"href":"https:\/\/emeraldsring.com\/de\/wp-json\/wp\/v2\/media?parent=871"}],"wp:term":[{"taxonomy":"product_brand","embeddable":true,"href":"https:\/\/emeraldsring.com\/de\/wp-json\/wp\/v2\/product_brand?post=871"},{"taxonomy":"product_cat","embeddable":true,"href":"https:\/\/emeraldsring.com\/de\/wp-json\/wp\/v2\/product_cat?post=871"},{"taxonomy":"product_tag","embeddable":true,"href":"https:\/\/emeraldsring.com\/de\/wp-json\/wp\/v2\/product_tag?post=871"}],"curies":[{"name":"wp","href":"https:\/\/api.w.org\/{rel}","templated":true}]}}