{"id":879,"date":"2025-02-07T11:47:57","date_gmt":"2025-02-07T06:47:57","guid":{"rendered":"https:\/\/emeraldsring.com\/?post_type=product&#038;p=879"},"modified":"2025-05-16T20:01:33","modified_gmt":"2025-05-16T15:01:33","slug":"gold-natural-emerald-ring-green-gemstone-ring-round-cut-emerald-ring","status":"publish","type":"product","link":"https:\/\/emeraldsring.com\/de\/produkt\/gold-natural-emerald-ring-green-gemstone-ring-round-cut-emerald-ring\/","title":{"rendered":"Gold Nat\u00fcrlicher Smaragd Ring Gr\u00fcner Edelstein Ring Rundschliff Smaragd Ring"},"content":{"rendered":"<div data-elementor-type=\"product-post\" data-elementor-id=\"879\" class=\"elementor elementor-879\" data-elementor-post-type=\"product\">\n\t\t\t\t<div class=\"elementor-element elementor-element-2843e82 e-flex e-con-boxed e-con e-parent\" data-id=\"2843e82\" data-element_type=\"container\">\n\t\t\t\t\t<div class=\"e-con-inner\">\n\t\t\t\t<div class=\"elementor-element elementor-element-9c91ab4 elementor-widget elementor-widget-text-editor\" data-id=\"9c91ab4\" data-element_type=\"widget\" data-widget_type=\"text-editor.default\">\n\t\t\t\t<div class=\"elementor-widget-container\">\n\t\t\t\t\t\t\t\t\t<p>Peppen Sie Ihre Liebesgeschichte mit diesem atemberaubenden <strong>Smaragd Ring<\/strong>mit einem nat\u00fcrlichen Smaragd im Brillantrundschliff, eingefasst in ein luxuri\u00f6ses Goldband. Die zeitlose Eleganz des <strong>Smaragd-Edelstein<\/strong> in Kombination mit der reichen Goldfassung macht dieses St\u00fcck zum perfekten <strong>Verlobungsring<\/strong> oder eine wertvolle Erg\u00e4nzung f\u00fcr jede Schmucksammlung. Mit seinem leuchtenden Gr\u00fcn symbolisiert dieser exquisite Ring Liebe, Wachstum und Erneuerung - eine ideale Wahl, um die bedeutungsvollsten Momente des Lebens zu markieren.<\/p><p><strong>Produktmerkmale:<\/strong><\/p><ul><li><strong>Material<\/strong>: Dieses aus hochwertigem Gold gefertigte <strong>Smaragd Ring<\/strong> bietet sowohl Haltbarkeit als auch Raffinesse. Das warme Goldband bringt das tiefe Gr\u00fcn des Smaragds wundersch\u00f6n zur Geltung und macht ihn zu einem au\u00dfergew\u00f6hnlichen Schmuckst\u00fcck f\u00fcr jeden Anlass.<\/li><li><strong>Stein<\/strong>: Der Ring besteht aus einem nat\u00fcrlichen Smaragd im Rundschliff, der f\u00fcr seine atemberaubende Klarheit und seine leuchtend gr\u00fcne Farbe bekannt ist. Der runde Schliff maximiert die Brillanz des Steins und erzeugt einen funkelnden Effekt, der das Licht aus jedem Winkel einf\u00e4ngt.<\/li><li><strong>Gestaltung<\/strong>: Das schlichte, elegante Goldband erg\u00e4nzt die Sch\u00f6nheit des Smaragds, ohne ihn zu \u00fcberschatten, und macht dieses <strong>Edelstein-Ring<\/strong> die perfekte Balance zwischen Raffinesse und Schlichtheit. Sein klassisches Design macht ihn zu einem zeitlosen St\u00fcck in Ihrer Sammlung.<\/li><li><strong>Symbol der Liebe<\/strong>: Smaragde werden oft mit Liebe, Wachstum und Neuanf\u00e4ngen assoziiert, so dass dieser <strong>Smaragd Ring<\/strong> ein Ideal <strong>Verlobungsring<\/strong> f\u00fcr alle, die ein bedeutungsvolles Symbol f\u00fcr ihr Engagement suchen. Der tiefgr\u00fcne Farbton spiegelt sowohl Wohlstand als auch emotionale Tiefe wider und ist damit ein zeitloses Zeichen der Zuneigung.<\/li><li><strong>Perfektes Geschenk<\/strong>: Ob Sie eine Verlobung oder einen Jahrestag feiern oder einfach nur Ihre Liebe ausdr\u00fccken wollen, dieses <strong>Smaragd Ring<\/strong> ist die perfekte <strong>Geschenk<\/strong>. Seine Eleganz und seine reiche Symbolik machen es zu einem St\u00fcck, das noch viele Jahre lang in Ehren gehalten wird.<\/li><\/ul><p>Feiern Sie die besonderen Momente in Ihrem Leben mit diesem atemberaubenden <strong>Smaragd Ring<\/strong>. Bestellen Sie noch heute und schenken Sie dem <strong>Geschenk<\/strong> von Liebe, Sch\u00f6nheit und zeitloser Eleganz, die sie f\u00fcr immer sch\u00e4tzen wird.<\/p>\t\t\t\t\t\t\t\t<\/div>\n\t\t\t\t<\/div>\n\t\t\t\t\t<\/div>\n\t\t\t\t<\/div>\n\t\t\t\t<\/div>","protected":false},"excerpt":{"rendered":"<p>Produkt DETAILS:<br \/>\nMetall: 925k Silber<br \/>\nEdelstein: Nat\u00fcrlicher roher Smaragd<br \/>\nFarbe des Edelsteins: Gr\u00fcn<br \/>\nBandfarbe: Gold<br \/>\nRing Gr\u00f6\u00dfe: Einstellbar<br \/>\nDurchmesser Stein Gr\u00f6\u00dfe: 3\u00d73 mm<br \/>\nKlarheit: Sehr geringf\u00fcgig eingeschlossen<br \/>\nDie Form: Rund<br \/>\nSchliff: Gemischter Brillant<\/p>","protected":false},"featured_media":1348,"comment_status":"open","ping_status":"closed","template":"","meta":{"_kad_post_transparent":"","_kad_post_title":"","_kad_post_layout":"","_kad_post_sidebar_id":"","_kad_post_content_style":"","_kad_post_vertical_padding":"","_kad_post_feature":"","_kad_post_feature_position":"","_kad_post_header":false,"_kad_post_footer":false},"product_brand":[],"product_cat":[16,66,15,57],"product_tag":[],"class_list":{"0":"post-879","1":"product","2":"type-product","3":"status-publish","4":"has-post-thumbnail","6":"product_cat-emerald-ring","7":"product_cat-natural-gemstones-ring","8":"product_cat-rings","9":"product_cat-round","11":"first","12":"instock","13":"shipping-taxable","14":"purchasable","15":"product-type-simple","16":"entry","17":"content-bg","18":"loop-entry"},"aioseo_notices":[],"_links":{"self":[{"href":"https:\/\/emeraldsring.com\/de\/wp-json\/wp\/v2\/product\/879","targetHints":{"allow":["GET"]}}],"collection":[{"href":"https:\/\/emeraldsring.com\/de\/wp-json\/wp\/v2\/product"}],"about":[{"href":"https:\/\/emeraldsring.com\/de\/wp-json\/wp\/v2\/types\/product"}],"replies":[{"embeddable":true,"href":"https:\/\/emeraldsring.com\/de\/wp-json\/wp\/v2\/comments?post=879"}],"version-history":[{"count":5,"href":"https:\/\/emeraldsring.com\/de\/wp-json\/wp\/v2\/product\/879\/revisions"}],"predecessor-version":[{"id":1349,"href":"https:\/\/emeraldsring.com\/de\/wp-json\/wp\/v2\/product\/879\/revisions\/1349"}],"wp:featuredmedia":[{"embeddable":true,"href":"https:\/\/emeraldsring.com\/de\/wp-json\/wp\/v2\/media\/1348"}],"wp:attachment":[{"href":"https:\/\/emeraldsring.com\/de\/wp-json\/wp\/v2\/media?parent=879"}],"wp:term":[{"taxonomy":"product_brand","embeddable":true,"href":"https:\/\/emeraldsring.com\/de\/wp-json\/wp\/v2\/product_brand?post=879"},{"taxonomy":"product_cat","embeddable":true,"href":"https:\/\/emeraldsring.com\/de\/wp-json\/wp\/v2\/product_cat?post=879"},{"taxonomy":"product_tag","embeddable":true,"href":"https:\/\/emeraldsring.com\/de\/wp-json\/wp\/v2\/product_tag?post=879"}],"curies":[{"name":"wp","href":"https:\/\/api.w.org\/{rel}","templated":true}]}}