{"id":922,"date":"2025-02-08T19:47:12","date_gmt":"2025-02-08T14:47:12","guid":{"rendered":"https:\/\/emeraldsring.com\/?post_type=product&#038;p=922"},"modified":"2025-04-28T19:58:38","modified_gmt":"2025-04-28T14:58:38","slug":"oval-emerald-cut-ring-real-emerald-birthstone-ring-perfect-gift-for-her","status":"publish","type":"product","link":"https:\/\/emeraldsring.com\/de\/produkt\/oval-emerald-cut-ring-real-emerald-birthstone-ring-perfect-gift-for-her\/","title":{"rendered":"Oval Emerald Cut Ring Real Emerald Birthstone Ring Perfektes Geschenk f\u00fcr Sie"},"content":{"rendered":"<div data-elementor-type=\"product-post\" data-elementor-id=\"922\" class=\"elementor elementor-922\" data-elementor-post-type=\"product\">\n\t\t\t\t<div class=\"elementor-element elementor-element-6bb2c97 e-flex e-con-boxed e-con e-parent\" data-id=\"6bb2c97\" data-element_type=\"container\">\n\t\t\t\t\t<div class=\"e-con-inner\">\n\t\t<div class=\"elementor-element elementor-element-67eaa61 e-con-full e-flex e-con e-child\" data-id=\"67eaa61\" data-element_type=\"container\">\n\t\t\t\t<div class=\"elementor-element elementor-element-731f176 elementor-widget elementor-widget-video\" data-id=\"731f176\" data-element_type=\"widget\" data-settings=\"{&quot;youtube_url&quot;:&quot;https:\\\/\\\/www.youtube.com\\\/watch?v=RpPMRmGLCUQ&quot;,&quot;video_type&quot;:&quot;youtube&quot;,&quot;controls&quot;:&quot;yes&quot;}\" data-widget_type=\"video.default\">\n\t\t\t\t<div class=\"elementor-widget-container\">\n\t\t\t\t\t\t\t<div class=\"elementor-wrapper elementor-open-inline\">\n\t\t\t<div class=\"elementor-video\"><\/div>\t\t<\/div>\n\t\t\t\t\t\t<\/div>\n\t\t\t\t<\/div>\n\t\t\t\t<\/div>\n\t\t\t\t<div class=\"elementor-element elementor-element-b2f846a elementor-widget elementor-widget-text-editor\" data-id=\"b2f846a\" data-element_type=\"widget\" data-widget_type=\"text-editor.default\">\n\t\t\t\t<div class=\"elementor-widget-container\">\n\t\t\t\t\t\t\t\t\t<p>Machen Sie Ihren Heiratsantrag unvergesslich mit diesem atemberaubenden <strong>Smaragd Ring<\/strong>Mit einem fesselnden nat\u00fcrlichen Smaragd im Ovalschliff, umgeben von funkelnden Diamanten, eingefasst in ein luxuri\u00f6ses Goldband. Dieser elegante <strong>Verlobungsring<\/strong> kombiniert die zeitlose Sch\u00f6nheit von Smaragden mit dem Glanz von Diamanten und schafft so ein wirklich einzigartiges und bedeutungsvolles Symbol Ihrer Liebe und Ihres Engagements.<\/p><p><strong>Produktmerkmale:<\/strong><\/p><ul><li><strong>Material<\/strong>: Dieses aus hochwertigem Gold gefertigte <strong>Smaragd Ring<\/strong> ist langlebig und raffiniert zugleich und bietet ein perfektes Gleichgewicht zwischen Luxus und dauerhafter Sch\u00f6nheit. Das Goldband unterstreicht das leuchtende Gr\u00fcn des Smaragds und die Brillanz der Diamanten und macht ihn zu einem anspruchsvollen und zeitlosen Schmuckst\u00fcck.<\/li><li><strong>Stein<\/strong>: Das Herzst\u00fcck dieses exquisiten <strong>Verlobungsring<\/strong> ist ein nat\u00fcrlicher Smaragd im Ovalschliff, der aufgrund seiner satten gr\u00fcnen Farbe und seiner au\u00dfergew\u00f6hnlichen Klarheit sorgf\u00e4ltig ausgew\u00e4hlt wurde. Flankiert wird der Smaragd von zwei funkelnden Diamanten, die ihm zus\u00e4tzlichen Glanz verleihen und ein atemberaubendes Drei-Steine-Design schaffen, das die Vergangenheit, Gegenwart und Zukunft Ihrer Liebe symbolisiert.<\/li><li><strong>Gestaltung<\/strong>: Das elegante Design mit drei Steinen besteht aus einem ovalen Smaragd, der zwischen zwei schillernden Diamanten gefasst ist und in ein wundersch\u00f6n poliertes Goldband eingefasst ist. Die Kombination aus Smaragd und Diamanten macht diesen Ring zu einer perfekten Wahl f\u00fcr alle, die sich etwas wirklich Besonderes und Unverwechselbares f\u00fcr ihre Verlobung w\u00fcnschen.<\/li><li><strong>Symbol der Liebe<\/strong>: Smaragde stehen f\u00fcr Liebe, Erneuerung und Wachstum, w\u00e4hrend Diamanten ewiges Engagement und St\u00e4rke symbolisieren. Zusammen bilden sie eine kraftvolle und bedeutungsvolle <strong>Verlobungsring<\/strong> der die Tiefe und das Versprechen Ihrer Beziehung einf\u00e4ngt.<\/li><li><strong>Perfekter Verlobungsring<\/strong>: Egal, ob Sie nach einer einzigartigen Art des Heiratsantrags oder nach einem atemberaubenden Symbol f\u00fcr Ihre Liebe suchen, dieses <strong>Smaragd Ring<\/strong> ist die perfekte Wahl. Ihr elegantes und zeitloses Design sorgt daf\u00fcr, dass sie \u00fcber Jahre hinweg ein gesch\u00e4tztes Symbol f\u00fcr Ihr Engagement bleibt.<\/li><\/ul><p>Machen Sie diesen Moment unvergesslich mit diesem atemberaubenden <strong>Smaragd Ring<\/strong>. Bestellen Sie noch heute und machen Sie ihr ein Geschenk der Sch\u00f6nheit, der Liebe und der Ewigkeit.<\/p>\t\t\t\t\t\t\t\t<\/div>\n\t\t\t\t<\/div>\n\t\t\t\t\t<\/div>\n\t\t\t\t<\/div>\n\t\t\t\t<\/div>","protected":false},"excerpt":{"rendered":"<p>Produkt DETAILS:<br \/>\nMetall: 925k Silber<br \/>\nEdelstein: Nat\u00fcrlicher roher Smaragd<br \/>\nFarbe des Edelsteins: Gr\u00fcn<br \/>\nBandfarbe: Gold, Wei\u00dfgold<br \/>\nRing Gr\u00f6\u00dfe: Einstellbar<br \/>\nDurchmesser Stein Gr\u00f6\u00dfe: 4\u00d76 mm<br \/>\nKlarheit: Sehr geringf\u00fcgig eingeschlossen<br \/>\nDie Form: Oval<br \/>\nSchliff: Gemischter Brillant<\/p>\n<div id=\"gtx-trans\" style=\"position: absolute; left: 83px; top: 183px;\">\n<div class=\"gtx-trans-icon\"><\/div>\n<\/div>","protected":false},"featured_media":1354,"comment_status":"open","ping_status":"closed","template":"","meta":{"_kad_post_transparent":"","_kad_post_title":"","_kad_post_layout":"","_kad_post_sidebar_id":"","_kad_post_content_style":"","_kad_post_vertical_padding":"","_kad_post_feature":"","_kad_post_feature_position":"","_kad_post_header":false,"_kad_post_footer":false},"product_brand":[],"product_cat":[16,89,66,20,15,69],"product_tag":[],"class_list":{"0":"post-922","1":"product","2":"type-product","3":"status-publish","4":"has-post-thumbnail","6":"product_cat-emerald-ring","7":"product_cat-engagement-and-wedding","8":"product_cat-natural-gemstones-ring","9":"product_cat-oval-ring","10":"product_cat-rings","11":"product_cat-solitaire","13":"first","14":"instock","15":"shipping-taxable","16":"purchasable","17":"product-type-variable","18":"entry","19":"content-bg","20":"loop-entry"},"aioseo_notices":[],"_links":{"self":[{"href":"https:\/\/emeraldsring.com\/de\/wp-json\/wp\/v2\/product\/922","targetHints":{"allow":["GET"]}}],"collection":[{"href":"https:\/\/emeraldsring.com\/de\/wp-json\/wp\/v2\/product"}],"about":[{"href":"https:\/\/emeraldsring.com\/de\/wp-json\/wp\/v2\/types\/product"}],"replies":[{"embeddable":true,"href":"https:\/\/emeraldsring.com\/de\/wp-json\/wp\/v2\/comments?post=922"}],"version-history":[{"count":8,"href":"https:\/\/emeraldsring.com\/de\/wp-json\/wp\/v2\/product\/922\/revisions"}],"predecessor-version":[{"id":1355,"href":"https:\/\/emeraldsring.com\/de\/wp-json\/wp\/v2\/product\/922\/revisions\/1355"}],"wp:featuredmedia":[{"embeddable":true,"href":"https:\/\/emeraldsring.com\/de\/wp-json\/wp\/v2\/media\/1354"}],"wp:attachment":[{"href":"https:\/\/emeraldsring.com\/de\/wp-json\/wp\/v2\/media?parent=922"}],"wp:term":[{"taxonomy":"product_brand","embeddable":true,"href":"https:\/\/emeraldsring.com\/de\/wp-json\/wp\/v2\/product_brand?post=922"},{"taxonomy":"product_cat","embeddable":true,"href":"https:\/\/emeraldsring.com\/de\/wp-json\/wp\/v2\/product_cat?post=922"},{"taxonomy":"product_tag","embeddable":true,"href":"https:\/\/emeraldsring.com\/de\/wp-json\/wp\/v2\/product_tag?post=922"}],"curies":[{"name":"wp","href":"https:\/\/api.w.org\/{rel}","templated":true}]}}