{"id":989,"date":"2025-02-18T20:12:52","date_gmt":"2025-02-18T15:12:52","guid":{"rendered":"https:\/\/emeraldsring.com\/?post_type=product&#038;p=989"},"modified":"2025-04-28T19:58:21","modified_gmt":"2025-04-28T14:58:21","slug":"lab-created-emerald-sterling-silver-ring-with-diamonds-halo-solitaire-engagement-rings","status":"publish","type":"product","link":"https:\/\/emeraldsring.com\/de\/produkt\/lab-created-emerald-sterling-silver-ring-with-diamonds-halo-solitaire-engagement-rings\/","title":{"rendered":"Laborgefertigter Smaragdring mit Diamanten Halo-Verlobungsringe"},"content":{"rendered":"<div data-elementor-type=\"product-post\" data-elementor-id=\"989\" class=\"elementor elementor-989\" data-elementor-post-type=\"product\">\n\t\t\t\t<div class=\"elementor-element elementor-element-76e98b3 e-flex e-con-boxed e-con e-parent\" data-id=\"76e98b3\" data-element_type=\"container\" data-e-type=\"container\">\n\t\t\t\t\t<div class=\"e-con-inner\">\n\t\t\t\t<div class=\"elementor-element elementor-element-88d1c7f elementor-widget elementor-widget-text-editor\" data-id=\"88d1c7f\" data-element_type=\"widget\" data-e-type=\"widget\" data-widget_type=\"text-editor.default\">\n\t\t\t\t<div class=\"elementor-widget-container\">\n\t\t\t\t\t\t\t\t\t<p data-start=\"328\" data-end=\"665\"><em data-start=\"328\" data-end=\"339\">\u00dcberblick:<\/em> Feiern Sie Ihre Liebe mit diesem exquisiten, im Labor hergestellten Smaragd-Halo-Verlobungsring. Der lebhafte Smaragd in der Mitte des Rings ist von einem Halo aus schimmernden Diamanten umgeben, die alle in gl\u00e4nzendes Sterlingsilber gefasst sind. Dieser Ring verbindet nahtlos klassisches Design mit moderner Eleganz und ist damit ein perfektes Symbol f\u00fcr ein dauerhaftes Engagement.<\/p><p data-start=\"667\" data-end=\"678\"><em data-start=\"667\" data-end=\"678\">Merkmale:<\/em><\/p><ul data-start=\"679\" data-end=\"1101\"><li data-start=\"679\" data-end=\"772\"><strong data-start=\"681\" data-end=\"694\">Edelstein:<\/strong> Im Labor hergestellter Smaragd, bekannt f\u00fcr seinen satten gr\u00fcnen Farbton und seine au\u00dfergew\u00f6hnliche Klarheit.<\/li><li data-start=\"773\" data-end=\"888\"><strong data-start=\"775\" data-end=\"792\">Halo Einstellung:<\/strong> Ein Kreis aus funkelnden Diamanten betont den Mittelstein und verleiht ihm Brillanz und Raffinesse.<\/li><li data-start=\"889\" data-end=\"990\"><strong data-start=\"891\" data-end=\"901\">Metall:<\/strong> Gefertigt aus hochwertigem Sterlingsilber, das Langlebigkeit und eine zeitlose \u00c4sthetik bietet.<\/li><li data-start=\"991\" data-end=\"1101\"><strong data-start=\"993\" data-end=\"1004\">Entwurf:<\/strong> Klassische Halo-Fassung, die die Sch\u00f6nheit des Smaragds hervorhebt und ihm gleichzeitig einen modernen Touch verleiht.<\/li><\/ul><p data-start=\"1103\" data-end=\"1134\"><em data-start=\"1103\" data-end=\"1134\">Warum Sie diesen Ring kaufen sollten:<\/em><\/p><ul data-start=\"1135\" data-end=\"1717\"><li data-start=\"1135\" data-end=\"1243\"><strong data-start=\"1137\" data-end=\"1156\">Elegantes Design:<\/strong> Die Halo-Fassung verleiht ihm einen Hauch von Glamour und macht ihn zu einem auff\u00e4lligen Schmuckst\u00fcck f\u00fcr jede Gelegenheit.<\/li><li data-start=\"1244\" data-end=\"1388\"><strong data-start=\"1246\" data-end=\"1265\">Eine ethische Entscheidung:<\/strong> Mit einem im Labor hergestellten Smaragd bietet dieser Ring eine umweltfreundliche und sozialvertr\u00e4gliche Alternative zu im Bergbau gewonnenen Edelsteinen.<\/li><li data-start=\"1389\" data-end=\"1517\"><strong data-start=\"1391\" data-end=\"1417\">Langlebige Handwerkskunst:<\/strong> Die Fassung aus Sterlingsilber sorgt f\u00fcr Langlebigkeit, so dass der Ring \u00fcber Jahre hinweg gesch\u00e4tzt werden kann.<\/li><li data-start=\"1518\" data-end=\"1620\"><strong data-start=\"1520\" data-end=\"1540\">Vielseitiger Stil:<\/strong> Sein zeitloses Design macht ihn sowohl f\u00fcr formelle Anl\u00e4sse als auch f\u00fcr den Alltag geeignet.<\/li><li data-start=\"1621\" data-end=\"1717\"><strong data-start=\"1623\" data-end=\"1645\">Erschwinglicher Luxus:<\/strong> Genie\u00dfen Sie die Anziehungskraft von High-End-Schmuck, ohne das extravagante Preisschild zu tragen.<\/li><\/ul><p data-start=\"1719\" data-end=\"1726\"><em data-start=\"1719\" data-end=\"1726\">FAQs:<\/em><\/p><ol data-start=\"1728\" data-end=\"2409\"><li data-start=\"1728\" data-end=\"1928\"><p data-start=\"1731\" data-end=\"1773\"><strong data-start=\"1731\" data-end=\"1773\">Ist der Smaragd nat\u00fcrlich oder wurde er im Labor hergestellt?<\/strong><\/p><ul data-start=\"1777\" data-end=\"1928\"><li data-start=\"1777\" data-end=\"1928\">Der Ring besteht aus einem im Labor hergestellten Smaragd, der die gleichen visuellen Eigenschaften wie ein nat\u00fcrlicher Smaragd aufweist, aber eine bessere Klarheit und eine ethische Herkunft hat.<\/li><\/ul><\/li><li data-start=\"1930\" data-end=\"2087\"><p data-start=\"1933\" data-end=\"1979\"><strong data-start=\"1933\" data-end=\"1979\">Wie ist die Metallzusammensetzung des Rings?<\/strong><\/p><ul data-start=\"1983\" data-end=\"2087\"><li data-start=\"1983\" data-end=\"2087\">Der Ring ist aus hochwertigem Sterlingsilber gefertigt und kombiniert Langlebigkeit mit einem klassischen Aussehen.<\/li><\/ul><\/li><li data-start=\"2089\" data-end=\"2250\"><p data-start=\"2092\" data-end=\"2128\"><strong data-start=\"2092\" data-end=\"2128\">Wie sollte ich diesen Ring pflegen?<\/strong><\/p><ul data-start=\"2132\" data-end=\"2250\"><li data-start=\"2132\" data-end=\"2250\">Um seinen Glanz zu erhalten, reinigen Sie den Ring mit einem weichen Tuch und vermeiden Sie den Kontakt mit scharfen Chemikalien oder Scheuermitteln.<\/li><\/ul><\/li><li data-start=\"2252\" data-end=\"2409\"><p data-start=\"2255\" data-end=\"2311\"><strong data-start=\"2255\" data-end=\"2311\">Gibt es f\u00fcr den Ring eine Garantie oder ein R\u00fcckgaberecht?<\/strong><\/p><ul data-start=\"2315\" data-end=\"2409\"><li data-start=\"2315\" data-end=\"2409\">Ja, wir bieten ein 90-t\u00e4giges R\u00fcckgaberecht, um Ihre volle Zufriedenheit mit dem Kauf zu gew\u00e4hrleisten.<\/li><\/ul><\/li><\/ol>\t\t\t\t\t\t\t\t<\/div>\n\t\t\t\t<\/div>\n\t\t\t\t\t<\/div>\n\t\t\t\t<\/div>\n\t\t\t\t<\/div>","protected":false},"excerpt":{"rendered":"<p><strong>Produkt DETAILS:<\/strong><br \/>\nMetall: 925k Silber<br \/>\nEdelstein: Laborgez\u00fcchtet<br \/>\nFarbe des Edelsteins: Gr\u00fcn<br \/>\nBandfarbe: Wei\u00dfgold<br \/>\nRing Gr\u00f6\u00dfe: Einstellbar<br \/>\nDurchmesser Steingr\u00f6\u00dfe: 5*5 mm\/0,48ct<br \/>\nDie Form: Prinzessin<\/p>","protected":false},"featured_media":1517,"comment_status":"open","ping_status":"closed","template":"","meta":{"_kad_post_transparent":"","_kad_post_title":"","_kad_post_layout":"","_kad_post_sidebar_id":"","_kad_post_content_style":"","_kad_post_vertical_padding":"","_kad_post_feature":"","_kad_post_feature_position":"","_kad_post_header":false,"_kad_post_footer":false},"product_brand":[],"product_cat":[16,89,17,70,67,56,15,69],"product_tag":[30,18,31],"class_list":{"0":"post-989","1":"product","2":"type-product","3":"status-publish","4":"has-post-thumbnail","6":"product_cat-emerald-ring","7":"product_cat-engagement-and-wedding","8":"product_cat-engagement-ring","9":"product_cat-halo-ring","10":"product_cat-lab-grown-gemstones-ring","11":"product_cat-princess","12":"product_cat-rings","13":"product_cat-solitaire","14":"product_tag-emerald-cut-engagement-rings","15":"product_tag-emerald-ring","16":"product_tag-engagement-ring","18":"first","19":"instock","20":"shipping-taxable","21":"purchasable","22":"product-type-simple","23":"entry","24":"content-bg","25":"loop-entry"},"aioseo_notices":[],"_links":{"self":[{"href":"https:\/\/emeraldsring.com\/de\/wp-json\/wp\/v2\/product\/989","targetHints":{"allow":["GET"]}}],"collection":[{"href":"https:\/\/emeraldsring.com\/de\/wp-json\/wp\/v2\/product"}],"about":[{"href":"https:\/\/emeraldsring.com\/de\/wp-json\/wp\/v2\/types\/product"}],"replies":[{"embeddable":true,"href":"https:\/\/emeraldsring.com\/de\/wp-json\/wp\/v2\/comments?post=989"}],"version-history":[{"count":6,"href":"https:\/\/emeraldsring.com\/de\/wp-json\/wp\/v2\/product\/989\/revisions"}],"predecessor-version":[{"id":1710,"href":"https:\/\/emeraldsring.com\/de\/wp-json\/wp\/v2\/product\/989\/revisions\/1710"}],"wp:featuredmedia":[{"embeddable":true,"href":"https:\/\/emeraldsring.com\/de\/wp-json\/wp\/v2\/media\/1517"}],"wp:attachment":[{"href":"https:\/\/emeraldsring.com\/de\/wp-json\/wp\/v2\/media?parent=989"}],"wp:term":[{"taxonomy":"product_brand","embeddable":true,"href":"https:\/\/emeraldsring.com\/de\/wp-json\/wp\/v2\/product_brand?post=989"},{"taxonomy":"product_cat","embeddable":true,"href":"https:\/\/emeraldsring.com\/de\/wp-json\/wp\/v2\/product_cat?post=989"},{"taxonomy":"product_tag","embeddable":true,"href":"https:\/\/emeraldsring.com\/de\/wp-json\/wp\/v2\/product_tag?post=989"}],"curies":[{"name":"wp","href":"https:\/\/api.w.org\/{rel}","templated":true}]}}