{"id":331,"date":"2025-02-04T11:41:52","date_gmt":"2025-02-04T11:41:52","guid":{"rendered":"https:\/\/emeraldsring.com\/?page_id=331"},"modified":"2025-08-10T06:17:00","modified_gmt":"2025-08-10T01:17:00","slug":"about-us","status":"publish","type":"page","link":"https:\/\/emeraldsring.com\/es\/about-us\/","title":{"rendered":"Qui\u00e9nes somos"},"content":{"rendered":"<div data-elementor-type=\"wp-page\" data-elementor-id=\"331\" class=\"elementor elementor-331\" data-elementor-post-type=\"page\">\n\t\t\t\t<div class=\"elementor-element elementor-element-d411e29 e-flex e-con-boxed e-con e-parent\" data-id=\"d411e29\" data-element_type=\"container\">\n\t\t\t\t\t<div class=\"e-con-inner\">\n\t\t\t\t<div class=\"elementor-element elementor-element-694484e elementor-widget elementor-widget-text-editor\" data-id=\"694484e\" data-element_type=\"widget\" data-widget_type=\"text-editor.default\">\n\t\t\t\t<div class=\"elementor-widget-container\">\n\t\t\t\t\t\t\t\t\t<p>Bienvenido a\u00a0<strong>EmeraldsRing.com<\/strong>su principal destino en l\u00ednea para encontrar anillos exquisitos y de alta calidad. Tanto si busca el anillo perfecto\u00a0<strong>anillo de esmeralda<\/strong>una \u00fanica\u00a0<strong>anillo de jade<\/strong>un encantador\u00a0<strong>anillo de piedra de luna<\/strong>o un impresionante\u00a0<strong>anillo de compromiso<\/strong>Nos comprometemos a ofrecerle s\u00f3lo las mejores joyas para celebrar los momentos m\u00e1s especiales de la vida.<\/p><p>Entendemos que la elecci\u00f3n de un anillo es profundamente personal y simboliza el amor, el compromiso, la elegancia y el estilo. En EmeraldsRing.com, ofrecemos una amplia variedad de anillos para cada ocasi\u00f3n, desde compromisos hasta aniversarios, hitos y todo lo dem\u00e1s. Nuestro objetivo es ofrecerle no s\u00f3lo una hermosa pieza de joyer\u00eda, sino tambi\u00e9n una experiencia inolvidable que coincida con el significado de su compra.<\/p><h3>Nuestra historia<\/h3><p>El viaje de\u00a0<strong>EmeraldsRing.com<\/strong>\u00a0comenz\u00f3 con la visi\u00f3n de crear un destino \u00fanico para los anillos finos que exudan elegancia, encanto y belleza \u00fanica. La idea era sencilla: ofrecer a los clientes anillos que hablaran a sus corazones, reflejaran su estilo personal y celebraran los momentos m\u00e1s importantes de la vida.<\/p><p>Como amantes de la joyer\u00eda que somos, reconocemos el encanto atemporal de las joyas.\u00a0<strong>esmeraldas<\/strong>,\u00a0<strong>jade<\/strong>,\u00a0<strong>piedras de luna<\/strong>y otras piedras preciosas, apreciadas desde hace mucho tiempo por su simbolismo y belleza \u00fanica. Cada piedra preciosa tiene una historia, un significado y un impacto duradero. Las esmeraldas son s\u00edmbolos de amor y fertilidad, el jade representa el equilibrio y la armon\u00eda, y se cree que las piedras lunares mejoran la intuici\u00f3n y aportan equilibrio emocional. Estas piedras preciosas ofrecen algo m\u00e1s que belleza: ofrecen conexiones m\u00e1s profundas y un significado importante.<\/p><p>Impulsados por nuestra pasi\u00f3n por estas incre\u00edbles piedras preciosas, decidimos crear\u00a0<strong>EmeraldsRing.com<\/strong>\u00a0como un lugar donde los clientes pudieran descubrir finos anillos elaborados con esmero, pasi\u00f3n y una artesan\u00eda sin igual. Nuestro equipo de dise\u00f1adores, joyeros y expertos en atenci\u00f3n al cliente trabaja sin descanso para garantizar que cada joya que ofrecemos se elabore a la perfecci\u00f3n.<\/p><h3>Nuestra misi\u00f3n<\/h3><p>En\u00a0<strong>EmeraldsRing.com<\/strong>Nuestra misi\u00f3n es sencilla: ofrecer a nuestros clientes anillos impresionantes y de alta calidad que representen no s\u00f3lo belleza, sino tambi\u00e9n significado y emoci\u00f3n. Nuestro objetivo es ofrecer una gran variedad de dise\u00f1os de anillos, desde cl\u00e1sicos a contempor\u00e1neos, todos ellos con piedras preciosas ricas en simbolismo. Tanto si compra un anillo para una pedida de mano, un aniversario o cualquier acontecimiento importante de su vida, nuestro objetivo es garantizar que su anillo sea un reflejo de su amor y de su viaje.<\/p><p>Nos comprometemos a:<\/p><ul><li><p><strong>Excelencia artesanal<\/strong>: Cada anillo que creamos se fabrica con el m\u00e1ximo cuidado y precisi\u00f3n. Nuestro equipo de expertos joyeros utiliza \u00fanicamente materiales de la m\u00e1s alta calidad y las mejores piedras preciosas, garantizando que cada pieza est\u00e9 hecha para durar toda la vida. Cada anillo se elabora meticulosamente para resaltar la belleza natural de las piedras preciosas que lo componen.<\/p><\/li><li><p><strong>Variedad y selecci\u00f3n<\/strong>: Entendemos que no hay dos clientes iguales, por eso ofrecemos una amplia variedad de dise\u00f1os entre los que elegir. Tanto si prefiere la elegancia cl\u00e1sica de un solitario\u00a0<strong>anillo de esmeralda<\/strong>la energ\u00eda espiritual de un\u00a0<strong>anillo de piedra de luna<\/strong>o la importancia cultural de un\u00a0<strong>anillo de jade<\/strong>tenemos una pieza para usted. Tambi\u00e9n estamos especializados en\u00a0<strong>anillos de compromiso<\/strong>creando una pieza \u00fanica que se adapte a sus gustos y estilo.<\/p><\/li><li><p><strong>Abastecimiento \u00e9tico<\/strong>: Nos comprometemos a abastecernos de piedras preciosas de forma \u00e9tica. Todas las esmeraldas, jade, piedras lunares y otras piedras preciosas utilizadas en nuestros anillos se seleccionan cuidadosamente de fuentes responsables, garantizando que est\u00e9n libres de conflictos y se extraigan de forma sostenible. Creemos que la belleza no debe ir en detrimento del planeta, y nos aseguramos de que nuestras joyas reflejen nuestro compromiso con el medio ambiente.<\/p><\/li><li><p><strong>Enfoque centrado en el cliente<\/strong>: Su satisfacci\u00f3n es nuestra prioridad. Nuestro equipo de atenci\u00f3n al cliente est\u00e1 siempre a su disposici\u00f3n para ayudarle a tomar la mejor decisi\u00f3n, tanto si necesita asesoramiento sobre estilos de anillos, tama\u00f1os o elecci\u00f3n de piedras preciosas. Queremos que se sienta seguro y encantado con su compra.<\/p><\/li><\/ul><h3>\u00bfPor qu\u00e9 elegir EmeraldsRing.com?<\/h3><p>En\u00a0<strong>EmeraldsRing.com<\/strong>Ofrecemos una combinaci\u00f3n inigualable de lujo, calidad y servicio. Estas son algunas de las razones por las que nos diferenciamos de otros minoristas de joyer\u00eda:<\/p><h4>1.\u00a0<strong>Una impresionante variedad de anillos<\/strong><\/h4><p>Ofrecemos una variada colecci\u00f3n de anillos, cada uno dise\u00f1ado para satisfacer una gama de gustos y ocasiones. Nuestra selecci\u00f3n incluye:<\/p><ul><li><p><strong>Anillos de esmeralda<\/strong>: Nuestra\u00a0<strong>anillos de esmeralda<\/strong>\u00a0son perfectas para quienes buscan una pieza atemporal y elegante. Las esmeraldas han sido celebradas durante siglos por su vibrante tono verde y su simbolismo de amor y crecimiento. Desde anillos de esmeralda solitarios hasta dise\u00f1os con halo, nuestra colecci\u00f3n presenta una amplia gama de estilos, cada uno de ellos dise\u00f1ado para realzar la belleza natural de esta impresionante piedra preciosa.<\/p><\/li><li><p><strong>Anillos de jade<\/strong>: Conocido por su rico significado cultural, el jade es una piedra preciosa que representa el equilibrio, la armon\u00eda y la buena suerte. Nuestro\u00a0<strong>anillos de jade<\/strong>\u00a0ofrecen el equilibrio perfecto entre belleza y significado. Tanto si busca un anillo sencillo como un dise\u00f1o m\u00e1s complejo, nuestros anillos de jade son una elecci\u00f3n elegante y bien pensada.<\/p><\/li><li><p><strong>Anillos de piedra lunar<\/strong>: La piedra lunar es una gema m\u00edstica, a menudo asociada con la intuici\u00f3n, el equilibrio emocional y la energ\u00eda femenina. Nuestro\u00a0<strong>anillos de piedra de luna<\/strong>\u00a0son perfectos para quienes aprecian la belleza et\u00e9rea de esta piedra preciosa \u00fanica. Disponibles en una gran variedad de tallas y engastes, estos anillos son ideales para quienes buscan una joya espiritual y tranquilizadora.<\/p><\/li><li><p><strong>Anillos de compromiso<\/strong>: Una pedida de mano es uno de los momentos m\u00e1s importantes en la vida de una pareja, y el anillo de compromiso simboliza un compromiso para toda la vida. Ofrecemos una amplia gama de\u00a0<strong>anillos de compromiso<\/strong>incluyendo dise\u00f1os con esmeraldas, diamantes, jade, piedras lunares y mucho m\u00e1s. Nuestros anillos son personalizables, para que pueda crear un dise\u00f1o que refleje a la perfecci\u00f3n su historia de amor.<\/p><\/li><li><p><strong>Anillos personalizados<\/strong>: Para quienes desean algo realmente \u00fanico, ofrecemos servicios de dise\u00f1o de anillos personalizados. Nuestro equipo de dise\u00f1adores expertos trabajar\u00e1 estrechamente con usted para crear un anillo \u00fanico que se adapte a su estilo, preferencias y presupuesto.<\/p><\/li><\/ul><h4>2.\u00a0<strong>Calidad de confianza<\/strong><\/h4><p>Nos comprometemos a ofrecer \u00fanicamente joyas de la m\u00e1xima calidad. Nuestras piedras preciosas proceden de proveedores de confianza, lo que garantiza que cada pieza se elabora con materiales de origen \u00e9tico. Utilizamos solo los mejores metales, como platino, oro blanco, oro amarillo y oro rosa, para garantizar la durabilidad y la belleza de su anillo.<\/p><p>Cada joya es inspeccionada por nuestro equipo de expertos joyeros para garantizar que cumple nuestras estrictas normas de calidad. Nos enorgullecemos de nuestra atenci\u00f3n al detalle y la artesan\u00eda, por lo que puede confiar en que su anillo ser\u00e1 de la m\u00e1s alta calidad.<\/p><h4>3.\u00a0<strong>Servicio personalizado<\/strong><\/h4><p>Entendemos que la compra de un anillo es una decisi\u00f3n importante. Nuestro equipo de atenci\u00f3n al cliente est\u00e1 aqu\u00ed para guiarle en cada paso del proceso. Si necesita ayuda para elegir la piedra preciosa adecuada, seleccionar el dise\u00f1o perfecto o determinar la talla correcta del anillo, estamos aqu\u00ed para ayudarle.<\/p><p>Tambi\u00e9n ofrecemos diversas opciones de personalizaci\u00f3n para muchos de nuestros anillos. Si desea un grabado personalizado, un engaste \u00fanico o una combinaci\u00f3n de gemas personalizada, podemos hacer realidad su visi\u00f3n. Nuestro objetivo es crear una pieza tan \u00fanica y especial como la persona que la llevar\u00e1.<\/p><h4>4.\u00a0<strong>Env\u00edo r\u00e1pido y seguro<\/strong><\/h4><p>Sabemos lo emocionante que es recibir su nuevo anillo, por eso le ofrecemos opciones de env\u00edo r\u00e1pidas y seguras. Todos los pedidos se env\u00edan con cuidado, y proporcionamos informaci\u00f3n de seguimiento para que pueda controlar el progreso de su env\u00edo. Tanto si compra para usted como si env\u00eda un regalo a un ser querido, le garantizamos que su anillo llegar\u00e1 seguro y a tiempo.<\/p><h4>5.\u00a0<strong>Satisfacci\u00f3n garantizada<\/strong><\/h4><p>En\u00a0<strong>EmeraldsRing.com<\/strong>Estamos detr\u00e1s de cada pieza de joyer\u00eda que vendemos. Si por alguna raz\u00f3n no est\u00e1 satisfecho con su compra, le ofrecemos una pol\u00edtica de cambios y devoluciones sin complicaciones. Su satisfacci\u00f3n es nuestra m\u00e1xima prioridad, y trabajaremos con usted para asegurarnos de que est\u00e9 completamente satisfecho con su anillo.<\/p><h3>Nuestros valores<\/h3><p>En\u00a0<strong>EmeraldsRing.com<\/strong>creemos en:<\/p><ul><li><strong>Integridad<\/strong>: Creemos que hay que hacer negocios de forma honesta y \u00e9tica. Nos aseguramos de que todas nuestras piedras preciosas procedan de fuentes \u00e9ticas, y somos transparentes sobre nuestros procesos de abastecimiento y fabricaci\u00f3n.<\/li><li><strong>Excelencia<\/strong>: Nos esforzamos por ofrecer productos y servicios de la m\u00e1xima calidad. Nuestra dedicaci\u00f3n a la excelencia es evidente en todo lo que hacemos, desde la calidad de nuestras joyas hasta el servicio al cliente que ofrecemos.<\/li><li><strong>Sostenibilidad<\/strong>: Nos comprometemos a minimizar nuestra huella medioambiental y a garantizar que nuestros productos se obtienen y producen de forma sostenible.<\/li><li><strong>Orientaci\u00f3n al cliente<\/strong>: Ponemos a nuestros clientes en el centro de todo lo que hacemos. Desde el momento en que navega por nuestro sitio web hasta el momento en que recibe su anillo, estamos aqu\u00ed para hacer que su experiencia sea excepcional.<\/li><\/ul><h3>Nuestra promesa<\/h3><p>En\u00a0<strong>EmeraldsRing.com<\/strong>prometemos entregar anillos impresionantes y de alta calidad que celebren los momentos m\u00e1s preciados de la vida. Tanto si compra un anillo para usted como para un ser querido, estamos aqu\u00ed para ofrecerle una experiencia lujosa y significativa. Con una amplia gama de estilos, piedras preciosas y opciones de personalizaci\u00f3n, estamos seguros de que encontrar\u00e1 el anillo perfecto que se adapte a su gusto y ocasi\u00f3n \u00fanicos.<\/p><p>Gracias por elegir\u00a0<strong>EmeraldsRing.com<\/strong>-Nos sentimos honrados de formar parte de su viaje y esperamos poder ayudarle a encontrar el anillo perfecto que apreciar\u00e1 toda la vida.<\/p><hr \/><p>Para cualquier consulta, o para comenzar su viaje hacia el anillo perfecto, p\u00f3ngase en contacto con nosotros hoy mismo o eche un vistazo a nuestra colecci\u00f3n de\u00a0<strong>anillos de esmeralda<\/strong>,\u00a0<strong>anillos de jade<\/strong>,\u00a0<strong>anillos de piedra de luna<\/strong>y\u00a0<strong>anillos de compromiso<\/strong>\u00a0en\u00a0<a href=\"https:\/\/www.emeraldring.com\/\" target=\"_new\" rel=\"noopener\">EmeraldsRing.com<\/a>.<\/p>\t\t\t\t\t\t\t\t<\/div>\n\t\t\t\t<\/div>\n\t\t\t\t\t<\/div>\n\t\t\t\t<\/div>\n\t\t<div class=\"elementor-element elementor-element-99e39b5 e-flex e-con-boxed e-con e-parent\" data-id=\"99e39b5\" data-element_type=\"container\">\n\t\t\t\t\t<div class=\"e-con-inner\">\n\t\t\t\t<div class=\"elementor-element elementor-element-7a6bf68 elementor-widget elementor-widget-text-editor\" data-id=\"7a6bf68\" data-element_type=\"widget\" data-widget_type=\"text-editor.default\">\n\t\t\t\t<div class=\"elementor-widget-container\">\n\t\t\t\t\t\t\t\t\t<div class=\"wd-negative-gap elementor-element elementor-element-d411e29 e-flex e-con-boxed e-con e-parent e-lazyloaded\" data-id=\"d411e29\" data-element_type=\"container\"><div class=\"e-con-inner\"><div class=\"elementor-element elementor-element-8bda762 elementor-widget elementor-widget-wd_text_block\" data-id=\"8bda762\" data-element_type=\"widget\" data-widget_type=\"wd_text_block.default\"><div class=\"elementor-widget-container\"><div class=\"wd-text-block reset-last-child text-left\"><p>Si tiene alguna pregunta o necesita ayuda, no dude en ponerse en contacto con nuestro equipo de atenci\u00f3n al cliente. Nos esforzamos por responder a todas las consultas en un plazo de\u00a0<strong>1-2 d\u00edas laborables<\/strong>.<\/p><ul><li><strong>Correo electr\u00f3nico<\/strong>:\u00a0<strong><a href=\"mailto:manager@emeraldsring.com\">manager@emeraldsring.com<\/a><\/strong><\/li><li><strong>Tel\u00e9fono<\/strong>:\u00a0<strong><a href=\"tel:8613725483134\">+86 137 2548 3134<\/a><\/strong><\/li><li><strong>WhatsApp<\/strong>:\u00a0<strong><a href=\"https:\/\/wa.me\/8613725483134\">+86 13725483134<\/a><\/strong><\/li><\/ul><\/div><\/div><\/div><\/div><\/div><div class=\"wd-negative-gap elementor-element elementor-element-99e39b5 e-flex e-con-boxed e-con e-parent e-lazyloaded\" data-id=\"99e39b5\" data-element_type=\"container\"><div class=\"e-con-inner\"><div class=\"elementor-element elementor-element-5467356 elementor-widget elementor-widget-wd_text_block\" data-id=\"5467356\" data-element_type=\"widget\" data-widget_type=\"wd_text_block.default\"><div class=\"elementor-widget-container\"><div class=\"wd-text-block reset-last-child text-left\"><p><strong>O env\u00ede el siguiente formulario y nos pondremos en contacto con usted lo antes posible.<\/strong><\/p><\/div><\/div><\/div><\/div><\/div>\t\t\t\t\t\t\t\t<\/div>\n\t\t\t\t<\/div>\n\t\t\t\t\t<\/div>\n\t\t\t\t<\/div>\n\t\t<div class=\"elementor-element elementor-element-12b80e5 e-flex e-con-boxed e-con e-parent\" data-id=\"12b80e5\" data-element_type=\"container\">\n\t\t\t\t\t<div class=\"e-con-inner\">\n\t\t\t\t<div class=\"elementor-element elementor-element-158fdd7 elementor-widget__width-initial elementor-widget-tablet__width-initial elementor-widget-mobile__width-initial elementor-widget elementor-widget-wpforms\" data-id=\"158fdd7\" data-element_type=\"widget\" data-widget_type=\"wpforms.default\">\n\t\t\t\t<div class=\"elementor-widget-container\">\n\t\t\t\t\t<style id=\"wpforms-css-vars-root\">\n\t\t\t\t:root {\n\t\t\t\t\t--wpforms-field-border-radius: 3px;\n--wpforms-field-border-style: solid;\n--wpforms-field-border-size: 1px;\n--wpforms-field-background-color: #ffffff;\n--wpforms-field-border-color: rgba( 0, 0, 0, 0.25 );\n--wpforms-field-border-color-spare: rgba( 0, 0, 0, 0.25 );\n--wpforms-field-text-color: rgba( 0, 0, 0, 0.7 );\n--wpforms-field-menu-color: #ffffff;\n--wpforms-label-color: rgba( 0, 0, 0, 0.85 );\n--wpforms-label-sublabel-color: rgba( 0, 0, 0, 0.55 );\n--wpforms-label-error-color: #d63637;\n--wpforms-button-border-radius: 3px;\n--wpforms-button-border-style: none;\n--wpforms-button-border-size: 1px;\n--wpforms-button-background-color: #066aab;\n--wpforms-button-border-color: #066aab;\n--wpforms-button-text-color: #ffffff;\n--wpforms-page-break-color: #066aab;\n--wpforms-background-image: none;\n--wpforms-background-position: center center;\n--wpforms-background-repeat: no-repeat;\n--wpforms-background-size: cover;\n--wpforms-background-width: 100px;\n--wpforms-background-height: 100px;\n--wpforms-background-color: rgba( 0, 0, 0, 0 );\n--wpforms-background-url: none;\n--wpforms-container-padding: 0px;\n--wpforms-container-border-style: none;\n--wpforms-container-border-width: 1px;\n--wpforms-container-border-color: #000000;\n--wpforms-container-border-radius: 3px;\n--wpforms-field-size-input-height: 43px;\n--wpforms-field-size-input-spacing: 15px;\n--wpforms-field-size-font-size: 16px;\n--wpforms-field-size-line-height: 19px;\n--wpforms-field-size-padding-h: 14px;\n--wpforms-field-size-checkbox-size: 16px;\n--wpforms-field-size-sublabel-spacing: 5px;\n--wpforms-field-size-icon-size: 1;\n--wpforms-label-size-font-size: 16px;\n--wpforms-label-size-line-height: 19px;\n--wpforms-label-size-sublabel-font-size: 14px;\n--wpforms-label-size-sublabel-line-height: 17px;\n--wpforms-button-size-font-size: 17px;\n--wpforms-button-size-height: 41px;\n--wpforms-button-size-padding-h: 15px;\n--wpforms-button-size-margin-top: 10px;\n--wpforms-container-shadow-size-box-shadow: none;\n\n\t\t\t\t}\n\t\t\t<\/style><style id=\"wpforms-css-vars-elementor-widget-158fdd7\">\n\t\t\t\t.elementor-widget-wpforms.elementor-element-158fdd7 {\n\t\t\t\t\t--wpforms-field-border-color: #2D3748;\n--wpforms-field-border-color-spare: #2D3748;\n--wpforms-field-size-input-height: 31px;\n--wpforms-field-size-input-spacing: 10px;\n--wpforms-field-size-font-size: 14px;\n--wpforms-field-size-line-height: 17px;\n--wpforms-field-size-padding-h: 9px;\n--wpforms-field-size-checkbox-size: 14px;\n--wpforms-field-size-sublabel-spacing: 5px;\n--wpforms-field-size-icon-size: 0.75;\n--wpforms-label-size-font-size: 16px;\n--wpforms-label-size-line-height: 19px;\n--wpforms-label-size-sublabel-font-size: 14px;\n--wpforms-label-size-sublabel-line-height: 17px;\n--wpforms-button-size-font-size: 17px;\n--wpforms-button-size-height: 41px;\n--wpforms-button-size-padding-h: 15px;\n--wpforms-button-size-margin-top: 10px;\n\n\t\t\t\t}\n\t\t\t<\/style><div class=\"wpforms-container wpforms-container-full wpforms-render-modern\" id=\"wpforms-230\"><form id=\"wpforms-form-230\" class=\"wpforms-validate wpforms-form wpforms-ajax-form\" data-formid=\"230\" method=\"post\" enctype=\"multipart\/form-data\" action=\"\/es\/wp-json\/wp\/v2\/pages\/331\" data-token=\"e9c78722c9a4d04566abc6eb5074897d\" data-token-time=\"1776510197\" data-trp-original-action=\"\/es\/wp-json\/wp\/v2\/pages\/331\"><noscript class=\"wpforms-error-noscript\">Por favor, activa JavaScript en tu navegador para completar este formulario.<\/noscript><div class=\"wpforms-hidden\" id=\"wpforms-error-noscript\">Por favor, activa JavaScript en tu navegador para completar este formulario.<\/div><div class=\"wpforms-field-container\"><div id=\"wpforms-230-field_1-container\" class=\"wpforms-field wpforms-field-name\" data-field-id=\"1\"><label class=\"wpforms-field-label\" for=\"wpforms-230-field_1\">Nombre <span class=\"wpforms-required-label\" aria-hidden=\"true\">*<\/span><\/label><input type=\"text\" id=\"wpforms-230-field_1\" class=\"wpforms-field-large wpforms-field-required\" name=\"wpforms[fields][1]\" placeholder=\"Su nombre\" aria-errormessage=\"wpforms-230-field_1-error\" required><\/div><div id=\"wpforms-230-field_2-container\" class=\"wpforms-field wpforms-field-email\" data-field-id=\"2\"><label class=\"wpforms-field-label\" for=\"wpforms-230-field_2\">Correo electr\u00f3nico <span class=\"wpforms-required-label\" aria-hidden=\"true\">*<\/span><\/label><input type=\"email\" id=\"wpforms-230-field_2\" class=\"wpforms-field-large wpforms-field-required\" name=\"wpforms[fields][2]\" placeholder=\"Su correo electr\u00f3nico\" spellcheck=\"false\" aria-errormessage=\"wpforms-230-field_2-error\" required><\/div><div id=\"wpforms-230-field_3-container\" class=\"wpforms-field wpforms-field-textarea\" data-field-id=\"3\"><label class=\"wpforms-field-label\" for=\"wpforms-230-field_3\">Comentario o mensaje <span class=\"wpforms-required-label\" aria-hidden=\"true\">*<\/span><\/label><textarea id=\"wpforms-230-field_3\" class=\"wpforms-field-medium wpforms-field-required\" name=\"wpforms[fields][3]\" aria-errormessage=\"wpforms-230-field_3-error\" required><\/textarea><\/div><div id=\"wpforms-230-field_4-container\" class=\"wpforms-field wpforms-field-captcha\" data-field-id=\"4\"><label class=\"wpforms-field-label\" for=\"wpforms-230-field_4\">Captcha personalizado <span class=\"wpforms-required-label\" aria-hidden=\"true\">*<\/span><\/label>\t\t\t<div class=\"wpforms-captcha-math\">\n\t\t\t\t<span id=\"wpforms-230-field_4-question\" class=\"wpforms-captcha-equation\">\n\t\t\t\t\t<span class=\"n1\">2<\/span>\n\t\t\t\t\t\t\t<span class=\"cal\">+<\/span>\n\t\t\t\t\t\t\t<span class=\"n2\">4<\/span>\t\t\t\t\t<span class=\"e\">=<\/span>\n\t\t\t\t<\/span>\n\t\t\t\t<input type=\"text\" id=\"wpforms-230-field_4\" class=\"wpforms-field-medium wpforms-field-required a\" data-rule-wpf-captcha=\"math\" data-is-wrapped-field=\"1\" name=\"wpforms[fields][4][a]\" aria-errormessage=\"wpforms-230-field_4-error\" aria-describedby=\"wpforms-230-field_4-question\" required>\t\t\t\t<input type=\"hidden\" name=\"wpforms[fields][4][cal]\" class=\"cal\">\n\t\t\t\t<input type=\"hidden\" name=\"wpforms[fields][4][n2]\" class=\"n2\">\n\t\t\t\t<input type=\"hidden\" name=\"wpforms[fields][4][n1]\" class=\"n1\">\n\t\t\t<\/div>\n\t\t\t<\/div><\/div><!-- .wpforms-field-container --><div class=\"wpforms-submit-container\" ><input type=\"hidden\" name=\"wpforms[id]\" value=\"230\"><input type=\"hidden\" name=\"page_title\" value=\"\"><input type=\"hidden\" name=\"page_url\" value=\"https:\/\/emeraldsring.com\/es\/wp-json\/wp\/v2\/pages\/331\"><button type=\"submit\" name=\"wpforms[submit]\" id=\"wpforms-submit-230\" class=\"wpforms-submit\" data-alt-text=\"Sending...\" data-submit-text=\"Submit\" aria-live=\"assertive\" value=\"wpforms-submit\">Enviar<\/button><img decoding=\"async\" src=\"https:\/\/emeraldsring.com\/wp-content\/plugins\/wpforms\/assets\/images\/submit-spin.svg\" class=\"wpforms-submit-spinner\" style=\"display: none;\" width=\"26\" height=\"26\" alt=\"Cargando\"><\/div><input type=\"hidden\" name=\"trp-form-language\" value=\"es\"\/><\/form><\/div>  <!-- .wpforms-container -->\t\t\t\t<\/div>\n\t\t\t\t<\/div>\n\t\t\t\t\t<\/div>\n\t\t\t\t<\/div>\n\t\t\t\t<\/div>","protected":false},"excerpt":{"rendered":"<p>Bienvenido a EmeraldsRing.com, su principal destino en l\u00ednea de alta calidad, anillos exquisitos. Si usted est\u00e1 buscando el anillo de esmeralda perfecto, un anillo de jade \u00fanico, un anillo de piedra lunar encantador, o un anillo de compromiso impresionante, estamos comprometidos a ofrecerle s\u00f3lo las mejores joyas que celebra los momentos m\u00e1s especiales de la vida. Entendemos que la elecci\u00f3n de un anillo es algo profundamente personal...<\/p>","protected":false},"author":1,"featured_media":0,"parent":0,"menu_order":0,"comment_status":"closed","ping_status":"closed","template":"","meta":{"_kad_post_transparent":"","_kad_post_title":"","_kad_post_layout":"","_kad_post_sidebar_id":"","_kad_post_content_style":"","_kad_post_vertical_padding":"","_kad_post_feature":"","_kad_post_feature_position":"","_kad_post_header":false,"_kad_post_footer":false,"footnotes":""},"class_list":["post-331","page","type-page","status-publish","hentry"],"aioseo_notices":[],"_links":{"self":[{"href":"https:\/\/emeraldsring.com\/es\/wp-json\/wp\/v2\/pages\/331","targetHints":{"allow":["GET"]}}],"collection":[{"href":"https:\/\/emeraldsring.com\/es\/wp-json\/wp\/v2\/pages"}],"about":[{"href":"https:\/\/emeraldsring.com\/es\/wp-json\/wp\/v2\/types\/page"}],"author":[{"embeddable":true,"href":"https:\/\/emeraldsring.com\/es\/wp-json\/wp\/v2\/users\/1"}],"replies":[{"embeddable":true,"href":"https:\/\/emeraldsring.com\/es\/wp-json\/wp\/v2\/comments?post=331"}],"version-history":[{"count":7,"href":"https:\/\/emeraldsring.com\/es\/wp-json\/wp\/v2\/pages\/331\/revisions"}],"predecessor-version":[{"id":1976,"href":"https:\/\/emeraldsring.com\/es\/wp-json\/wp\/v2\/pages\/331\/revisions\/1976"}],"wp:attachment":[{"href":"https:\/\/emeraldsring.com\/es\/wp-json\/wp\/v2\/media?parent=331"}],"curies":[{"name":"wp","href":"https:\/\/api.w.org\/{rel}","templated":true}]}}