{"id":1083,"date":"2025-02-11T19:20:23","date_gmt":"2025-02-11T14:20:23","guid":{"rendered":"https:\/\/emeraldsring.com\/?post_type=product&#038;p=1083"},"modified":"2025-04-28T19:58:29","modified_gmt":"2025-04-28T14:58:29","slug":"emerald-gold-ring-classic-solitaire-emerald-diamond-emerald-ring","status":"publish","type":"product","link":"https:\/\/emeraldsring.com\/es\/producto\/emerald-gold-ring-classic-solitaire-emerald-diamond-emerald-ring\/","title":{"rendered":"Esmeralda Anillo de Oro Cl\u00e1sico Solitario Esmeralda Diamante Anillo de Esmeralda"},"content":{"rendered":"<div data-elementor-type=\"product-post\" data-elementor-id=\"1083\" class=\"elementor elementor-1083\" data-elementor-post-type=\"product\">\n\t\t\t\t<div class=\"elementor-element elementor-element-9ebe1b4 e-flex e-con-boxed e-con e-parent\" data-id=\"9ebe1b4\" data-element_type=\"container\" data-e-type=\"container\">\n\t\t\t\t\t<div class=\"e-con-inner\">\n\t\t\t\t<div class=\"elementor-element elementor-element-04325a2 elementor-widget elementor-widget-text-editor\" data-id=\"04325a2\" data-element_type=\"widget\" data-e-type=\"widget\" data-widget_type=\"text-editor.default\">\n\t\t\t\t<div class=\"elementor-widget-container\">\n\t\t\t\t\t\t\t\t\t<p data-start=\"934\" data-end=\"1315\"><em data-start=\"934\" data-end=\"945\">Visi\u00f3n general:<\/em> Experimente el ep\u00edtome de la sofisticaci\u00f3n con nuestro Anillo de Oro Esmeralda Solitario Cl\u00e1sico. Esta exquisita pieza exhibe una vibrante esmeralda en su centro, s\u00edmbolo de renovaci\u00f3n y prosperidad, complementada por deslumbrantes diamantes a ambos lados. Expertamente elaborado en oro de lujo, este anillo es un testimonio de elegancia atemporal y es perfecto para marcar los momentos especiales de la vida.<\/p><p data-start=\"1317\" data-end=\"1328\"><em data-start=\"1317\" data-end=\"1328\">Caracter\u00edsticas:<\/em><\/p><ul data-start=\"1329\" data-end=\"1685\"><li data-start=\"1329\" data-end=\"1423\"><strong data-start=\"1331\" data-end=\"1348\">Piedra central:<\/strong> Esmeralda natural de alta calidad, famosa por su intenso tono verde y su claridad.<\/li><li data-start=\"1424\" data-end=\"1508\"><strong data-start=\"1426\" data-end=\"1442\">Piedras laterales:<\/strong> Diamantes talla brillante que realzan el encanto de la esmeralda central.<\/li><li data-start=\"1509\" data-end=\"1594\"><strong data-start=\"1511\" data-end=\"1523\">Entorno:<\/strong> Duradera y radiante banda de oro, dise\u00f1ada tanto para la belleza como para la longevidad.<\/li><li data-start=\"1595\" data-end=\"1685\"><strong data-start=\"1597\" data-end=\"1608\">Dise\u00f1o:<\/strong> Estilo solitario cl\u00e1sico con un toque moderno, adecuado para diversas ocasiones.<\/li><\/ul><p data-start=\"1687\" data-end=\"1718\"><em data-start=\"1687\" data-end=\"1718\">Por qu\u00e9 deber\u00eda comprar este anillo:<\/em><\/p><ul data-start=\"1719\" data-end=\"2142\"><li data-start=\"1719\" data-end=\"1813\"><strong data-start=\"1721\" data-end=\"1741\">Atractivo atemporal:<\/strong> El dise\u00f1o cl\u00e1sico garantiza que el anillo mantenga su estilo a lo largo de generaciones.<\/li><li data-start=\"1814\" data-end=\"1935\"><strong data-start=\"1816\" data-end=\"1838\">Piedra simb\u00f3lica:<\/strong> Las esmeraldas se asocian tradicionalmente con el amor y el renacimiento, por lo que este anillo es un regalo lleno de significado.<\/li><li data-start=\"1936\" data-end=\"2035\"><strong data-start=\"1938\" data-end=\"1957\">Uso vers\u00e1til:<\/strong> Ideal para compromisos, aniversarios o como prenda de uso diario.<\/li><li data-start=\"2036\" data-end=\"2142\"><strong data-start=\"2038\" data-end=\"2068\">Artesan\u00eda excepcional:<\/strong> Meticulosamente elaborados para satisfacer los m\u00e1s altos est\u00e1ndares de calidad y belleza.<\/li><\/ul><p data-start=\"2144\" data-end=\"2151\"><em data-start=\"2144\" data-end=\"2151\">Preguntas frecuentes:<\/em><\/p><ol data-start=\"2153\" data-end=\"3003\"><li data-start=\"2153\" data-end=\"2305\"><p data-start=\"2156\" data-end=\"2198\"><strong data-start=\"2156\" data-end=\"2198\">\u00bfLa esmeralda es natural o de laboratorio?<\/strong><\/p><ul data-start=\"2202\" data-end=\"2305\"><li data-start=\"2202\" data-end=\"2305\">La esmeralda de este anillo es una gema natural, cuidadosamente seleccionada por su vibrante color y claridad.<\/li><\/ul><\/li><li data-start=\"2307\" data-end=\"2480\"><p data-start=\"2310\" data-end=\"2367\"><strong data-start=\"2310\" data-end=\"2367\">\u00bfCu\u00e1l es el peso en quilates de la esmeralda y los diamantes?<\/strong><\/p><ul data-start=\"2371\" data-end=\"2480\"><li data-start=\"2371\" data-end=\"2480\">El peso en quilates var\u00eda; consulte las especificaciones del producto o p\u00f3ngase en contacto con nosotros para obtener informaci\u00f3n detallada.<\/li><\/ul><\/li><li data-start=\"2482\" data-end=\"2634\"><p data-start=\"2485\" data-end=\"2513\"><strong data-start=\"2485\" data-end=\"2513\">\u00bfSe puede cambiar el tama\u00f1o del anillo?<\/strong><\/p><ul data-start=\"2517\" data-end=\"2634\"><li data-start=\"2517\" data-end=\"2634\">S\u00ed, la banda de oro se puede cambiar de tama\u00f1o para garantizar un ajuste perfecto. Consulte con nuestro servicio de atenci\u00f3n al cliente para obtener ayuda.<\/li><\/ul><\/li><li data-start=\"2636\" data-end=\"2833\"><p data-start=\"2639\" data-end=\"2675\"><strong data-start=\"2639\" data-end=\"2675\">\u00bfC\u00f3mo debo cuidar este anillo?<\/strong><\/p><ul data-start=\"2679\" data-end=\"2833\"><li data-start=\"2679\" data-end=\"2833\">Para mantener su brillo, limpie el anillo suavemente con un pa\u00f1o suave y evite exponerlo a productos qu\u00edmicos agresivos. Se recomienda una limpieza profesional peri\u00f3dica.<\/li><\/ul><\/li><li data-start=\"2835\" data-end=\"3003\"><p data-start=\"2838\" data-end=\"2889\"><strong data-start=\"2838\" data-end=\"2889\">\u00bfEst\u00e1 disponible la banda de oro en diferentes colores?<\/strong><\/p><ul data-start=\"2893\" data-end=\"3003\"><li data-start=\"2893\" data-end=\"3003\">Este dise\u00f1o est\u00e1 disponible en amarillo, blanco y oro rosa. Elija el que mejor se adapte a su estilo.<\/li><\/ul><\/li><\/ol>\t\t\t\t\t\t\t\t<\/div>\n\t\t\t\t<\/div>\n\t\t\t\t\t<\/div>\n\t\t\t\t<\/div>\n\t\t\t\t<\/div>","protected":false},"excerpt":{"rendered":"<p>DETALLES del producto:<br \/>\nMetal: Plata 925k<br \/>\nGema: Esmeralda natural en bruto<br \/>\nColor de la gema: Verde<br \/>\nColor de la pulsera: Oro blanco<br \/>\nTama\u00f1o del anillo: Ajustable<br \/>\nDi\u00e1metro de la piedra: 3\u00d74 mm<br \/>\nClaridad: Muy ligeramente incluido<br \/>\nForma: Marquesa<br \/>\nCorte: Brillante Mixto<\/p>\n<div id=\"gtx-trans\" style=\"position: absolute; left: -27px; top: 159px;\">\n<div class=\"gtx-trans-icon\"><\/div>\n<\/div>","protected":false},"featured_media":1357,"comment_status":"open","ping_status":"closed","template":"","meta":{"_kad_post_transparent":"","_kad_post_title":"","_kad_post_layout":"","_kad_post_sidebar_id":"","_kad_post_content_style":"","_kad_post_vertical_padding":"","_kad_post_feature":"","_kad_post_feature_position":"","_kad_post_header":false,"_kad_post_footer":false},"product_brand":[],"product_cat":[16,89,70,66,20,15,69],"product_tag":[],"class_list":{"0":"post-1083","1":"product","2":"type-product","3":"status-publish","4":"has-post-thumbnail","6":"product_cat-emerald-ring","7":"product_cat-engagement-and-wedding","8":"product_cat-halo-ring","9":"product_cat-natural-gemstones-ring","10":"product_cat-oval-ring","11":"product_cat-rings","12":"product_cat-solitaire","14":"first","15":"instock","16":"sale","17":"shipping-taxable","18":"purchasable","19":"product-type-simple","20":"entry","21":"content-bg","22":"loop-entry"},"aioseo_notices":[],"_links":{"self":[{"href":"https:\/\/emeraldsring.com\/es\/wp-json\/wp\/v2\/product\/1083","targetHints":{"allow":["GET"]}}],"collection":[{"href":"https:\/\/emeraldsring.com\/es\/wp-json\/wp\/v2\/product"}],"about":[{"href":"https:\/\/emeraldsring.com\/es\/wp-json\/wp\/v2\/types\/product"}],"replies":[{"embeddable":true,"href":"https:\/\/emeraldsring.com\/es\/wp-json\/wp\/v2\/comments?post=1083"}],"version-history":[{"count":10,"href":"https:\/\/emeraldsring.com\/es\/wp-json\/wp\/v2\/product\/1083\/revisions"}],"predecessor-version":[{"id":1694,"href":"https:\/\/emeraldsring.com\/es\/wp-json\/wp\/v2\/product\/1083\/revisions\/1694"}],"wp:featuredmedia":[{"embeddable":true,"href":"https:\/\/emeraldsring.com\/es\/wp-json\/wp\/v2\/media\/1357"}],"wp:attachment":[{"href":"https:\/\/emeraldsring.com\/es\/wp-json\/wp\/v2\/media?parent=1083"}],"wp:term":[{"taxonomy":"product_brand","embeddable":true,"href":"https:\/\/emeraldsring.com\/es\/wp-json\/wp\/v2\/product_brand?post=1083"},{"taxonomy":"product_cat","embeddable":true,"href":"https:\/\/emeraldsring.com\/es\/wp-json\/wp\/v2\/product_cat?post=1083"},{"taxonomy":"product_tag","embeddable":true,"href":"https:\/\/emeraldsring.com\/es\/wp-json\/wp\/v2\/product_tag?post=1083"}],"curies":[{"name":"wp","href":"https:\/\/api.w.org\/{rel}","templated":true}]}}