{"id":1089,"date":"2025-02-11T19:46:23","date_gmt":"2025-02-11T14:46:23","guid":{"rendered":"http:\/\/emeraldsring.com\/?post_type=product&#038;p=1089"},"modified":"2025-04-28T19:58:28","modified_gmt":"2025-04-28T14:58:28","slug":"oval-cut-natural-emerald-diamond-ring-gold-emerald-ring-gift-for-her","status":"publish","type":"product","link":"https:\/\/emeraldsring.com\/es\/producto\/oval-cut-natural-emerald-diamond-ring-gold-emerald-ring-gift-for-her\/","title":{"rendered":"Esmeralda natural talla ovalada y anillo de diamantes Anillo de oro con esmeralda Regalo para ella"},"content":{"rendered":"<div data-elementor-type=\"product-post\" data-elementor-id=\"1089\" class=\"elementor elementor-1089\" data-elementor-post-type=\"product\">\n\t\t\t\t<div class=\"elementor-element elementor-element-8e82c0a e-flex e-con-boxed e-con e-parent\" data-id=\"8e82c0a\" data-element_type=\"container\" data-e-type=\"container\">\n\t\t\t\t\t<div class=\"e-con-inner\">\n\t\t\t\t<div class=\"elementor-element elementor-element-9be4c56 elementor-widget elementor-widget-text-editor\" data-id=\"9be4c56\" data-element_type=\"widget\" data-e-type=\"widget\" data-widget_type=\"text-editor.default\">\n\t\t\t\t<div class=\"elementor-widget-container\">\n\t\t\t\t\t\t\t\t\t<p data-start=\"346\" data-end=\"761\"><em data-start=\"346\" data-end=\"357\">Visi\u00f3n general:<\/em> Presentamos nuestro Anillo de Diamante Esmeralda Natural de talla ovalada, una obra maestra que combina la elegancia atemporal con la sofisticaci\u00f3n moderna. Esta exquisita pieza exhibe una esmeralda natural de talla ovalada, c\u00e9lebre por su vibrante tono verde, complementada con brillantes diamantes. Engarzado en una lujosa banda de oro, este anillo est\u00e1 dise\u00f1ado para causar una impresi\u00f3n duradera, por lo que es un regalo ideal para la mujer especial en su vida.<\/p><p data-start=\"763\" data-end=\"774\"><em data-start=\"763\" data-end=\"774\">Caracter\u00edsticas:<\/em><\/p><ul data-start=\"775\" data-end=\"1157\"><li data-start=\"775\" data-end=\"851\"><strong data-start=\"777\" data-end=\"790\">Piedra preciosa:<\/strong> Esmeralda natural de talla ovalada, famosa por su intenso color verde.<\/li><li data-start=\"852\" data-end=\"931\"><strong data-start=\"854\" data-end=\"866\">Acentos:<\/strong> Diamantes brillantes que realzan el brillo y la elegancia del anillo.<\/li><li data-start=\"932\" data-end=\"1016\"><strong data-start=\"934\" data-end=\"944\">Metal:<\/strong> Oro de alta calidad, que ofrece tanto durabilidad como un aspecto lujoso.<\/li><li data-start=\"1017\" data-end=\"1091\"><strong data-start=\"1019\" data-end=\"1030\">Dise\u00f1o:<\/strong> Estilo cl\u00e1sico pero contempor\u00e1neo que se adapta a diversas ocasiones.<\/li><li data-start=\"1092\" data-end=\"1157\"><strong data-start=\"1094\" data-end=\"1104\">Tallas:<\/strong> Disponible en varias tallas para garantizar un ajuste perfecto.<\/li><\/ul><p data-start=\"1159\" data-end=\"1190\"><em data-start=\"1159\" data-end=\"1190\">Por qu\u00e9 deber\u00eda comprar este anillo:<\/em><\/p><ul data-start=\"1191\" data-end=\"1620\"><li data-start=\"1191\" data-end=\"1306\"><strong data-start=\"1193\" data-end=\"1213\">Belleza atemporal:<\/strong> La combinaci\u00f3n de esmeralda y diamantes crea un look cl\u00e1sico que nunca pasa de moda.<\/li><li data-start=\"1307\" data-end=\"1421\"><strong data-start=\"1309\" data-end=\"1333\">Accesorio vers\u00e1til:<\/strong> Ideal para compromisos, aniversarios, cumplea\u00f1os o como regalo especial para uno mismo.<\/li><li data-start=\"1422\" data-end=\"1517\"><strong data-start=\"1424\" data-end=\"1450\">Artesan\u00eda de calidad:<\/strong> Meticulosamente elaboradas para garantizar la longevidad y el brillo sostenido.<\/li><li data-start=\"1518\" data-end=\"1620\"><strong data-start=\"1520\" data-end=\"1540\">Un regalo significativo:<\/strong> Las esmeraldas simbolizan el amor y el renacimiento, por lo que este anillo es un regalo perfecto.<\/li><\/ul><p data-start=\"1622\" data-end=\"1629\"><em data-start=\"1622\" data-end=\"1629\">Preguntas frecuentes:<\/em><\/p><ol data-start=\"1631\" data-end=\"2395\"><li data-start=\"1631\" data-end=\"1770\"><p data-start=\"1634\" data-end=\"1676\"><strong data-start=\"1634\" data-end=\"1676\">\u00bfLa esmeralda es natural o de laboratorio?<\/strong><\/p><ul data-start=\"1680\" data-end=\"1770\"><li data-start=\"1680\" data-end=\"1770\">El anillo lleva una esmeralda natural, c\u00e9lebre por su aut\u00e9ntica belleza y su rico color.<\/li><\/ul><\/li><li data-start=\"1772\" data-end=\"1939\"><p data-start=\"1775\" data-end=\"1820\"><strong data-start=\"1775\" data-end=\"1820\">\u00bfCu\u00e1l es la calidad de los diamantes utilizados?<\/strong><\/p><ul data-start=\"1824\" data-end=\"1939\"><li data-start=\"1824\" data-end=\"1939\">Los diamantes se seleccionan cuidadosamente por su brillo y claridad, realzando la elegancia general del anillo.<\/li><\/ul><\/li><li data-start=\"1941\" data-end=\"2110\"><p data-start=\"1944\" data-end=\"1980\"><strong data-start=\"1944\" data-end=\"1980\">\u00bfC\u00f3mo debo cuidar este anillo?<\/strong><\/p><ul data-start=\"1984\" data-end=\"2110\"><li data-start=\"1984\" data-end=\"2110\">Para mantener su brillo, limpie el anillo suavemente con un pa\u00f1o suave y evite exponerlo a productos qu\u00edmicos agresivos o materiales abrasivos.<\/li><\/ul><\/li><li data-start=\"2112\" data-end=\"2236\"><p data-start=\"2115\" data-end=\"2152\"><strong data-start=\"2115\" data-end=\"2152\">\u00bfLa banda de oro es maciza o chapada?<\/strong><\/p><ul data-start=\"2156\" data-end=\"2236\"><li data-start=\"2156\" data-end=\"2236\">El anillo tiene una banda de oro macizo que garantiza su durabilidad y un tacto lujoso.<\/li><\/ul><\/li><li data-start=\"2238\" data-end=\"2395\"><p data-start=\"2241\" data-end=\"2297\"><strong data-start=\"2241\" data-end=\"2297\">\u00bfTiene el anillo garant\u00eda o pol\u00edtica de devoluciones?<\/strong><\/p><ul data-start=\"2301\" data-end=\"2395\"><li data-start=\"2301\" data-end=\"2395\">S\u00ed, ofrecemos una pol\u00edtica de devoluci\u00f3n de 90 d\u00edas para garantizar su completa satisfacci\u00f3n con la compra.<\/li><\/ul><\/li><\/ol>\t\t\t\t\t\t\t\t<\/div>\n\t\t\t\t<\/div>\n\t\t\t\t\t<\/div>\n\t\t\t\t<\/div>\n\t\t\t\t<\/div>","protected":false},"excerpt":{"rendered":"<p>DETALLES del producto:<br \/>\nMetal: Plata 925k<br \/>\nGema: Esmeralda natural en bruto<br \/>\nColor de la gema: Verde<br \/>\nColor de la correa: Oro<br \/>\nTama\u00f1o del anillo: Ajustable<br \/>\nDi\u00e1metro de la piedra: 4\u00d75 mm<br \/>\nClaridad: Muy ligeramente incluido<br \/>\nForma: Oval<br \/>\nCorte: Brillante Mixto<\/p>","protected":false},"featured_media":1358,"comment_status":"open","ping_status":"closed","template":"","meta":{"_kad_post_transparent":"","_kad_post_title":"","_kad_post_layout":"","_kad_post_sidebar_id":"","_kad_post_content_style":"","_kad_post_vertical_padding":"","_kad_post_feature":"","_kad_post_feature_position":"","_kad_post_header":false,"_kad_post_footer":false},"product_brand":[],"product_cat":[15,16,89,17,70,66,20,69],"product_tag":[30,18,19],"class_list":{"0":"post-1089","1":"product","2":"type-product","3":"status-publish","4":"has-post-thumbnail","6":"product_cat-rings","7":"product_cat-emerald-ring","8":"product_cat-engagement-and-wedding","9":"product_cat-engagement-ring","10":"product_cat-halo-ring","11":"product_cat-natural-gemstones-ring","12":"product_cat-oval-ring","13":"product_cat-solitaire","14":"product_tag-emerald-cut-engagement-rings","15":"product_tag-emerald-ring","16":"product_tag-oval-ring","18":"first","19":"instock","20":"shipping-taxable","21":"purchasable","22":"product-type-simple","23":"entry","24":"content-bg","25":"loop-entry"},"aioseo_notices":[],"_links":{"self":[{"href":"https:\/\/emeraldsring.com\/es\/wp-json\/wp\/v2\/product\/1089","targetHints":{"allow":["GET"]}}],"collection":[{"href":"https:\/\/emeraldsring.com\/es\/wp-json\/wp\/v2\/product"}],"about":[{"href":"https:\/\/emeraldsring.com\/es\/wp-json\/wp\/v2\/types\/product"}],"replies":[{"embeddable":true,"href":"https:\/\/emeraldsring.com\/es\/wp-json\/wp\/v2\/comments?post=1089"}],"version-history":[{"count":5,"href":"https:\/\/emeraldsring.com\/es\/wp-json\/wp\/v2\/product\/1089\/revisions"}],"predecessor-version":[{"id":1695,"href":"https:\/\/emeraldsring.com\/es\/wp-json\/wp\/v2\/product\/1089\/revisions\/1695"}],"wp:featuredmedia":[{"embeddable":true,"href":"https:\/\/emeraldsring.com\/es\/wp-json\/wp\/v2\/media\/1358"}],"wp:attachment":[{"href":"https:\/\/emeraldsring.com\/es\/wp-json\/wp\/v2\/media?parent=1089"}],"wp:term":[{"taxonomy":"product_brand","embeddable":true,"href":"https:\/\/emeraldsring.com\/es\/wp-json\/wp\/v2\/product_brand?post=1089"},{"taxonomy":"product_cat","embeddable":true,"href":"https:\/\/emeraldsring.com\/es\/wp-json\/wp\/v2\/product_cat?post=1089"},{"taxonomy":"product_tag","embeddable":true,"href":"https:\/\/emeraldsring.com\/es\/wp-json\/wp\/v2\/product_tag?post=1089"}],"curies":[{"name":"wp","href":"https:\/\/api.w.org\/{rel}","templated":true}]}}