{"id":1097,"date":"2025-02-13T20:02:12","date_gmt":"2025-02-13T15:02:12","guid":{"rendered":"https:\/\/emeraldsring.com\/?post_type=product&#038;p=1097"},"modified":"2025-04-28T19:58:26","modified_gmt":"2025-04-28T14:58:26","slug":"natural-emerald-cut-engagement-rings-gold-statement-ring-women-ring","status":"publish","type":"product","link":"https:\/\/emeraldsring.com\/es\/producto\/natural-emerald-cut-engagement-rings-gold-statement-ring-women-ring\/","title":{"rendered":"Anillos de compromiso talla esmeralda natural Anillo de oro para mujer"},"content":{"rendered":"<div data-elementor-type=\"product-post\" data-elementor-id=\"1097\" class=\"elementor elementor-1097\" data-elementor-post-type=\"product\">\n\t\t\t\t<div class=\"elementor-element elementor-element-8218902 e-flex e-con-boxed e-con e-parent\" data-id=\"8218902\" data-element_type=\"container\">\n\t\t\t\t\t<div class=\"e-con-inner\">\n\t\t\t\t<div class=\"elementor-element elementor-element-13143a2 elementor-widget elementor-widget-text-editor\" data-id=\"13143a2\" data-element_type=\"widget\" data-widget_type=\"text-editor.default\">\n\t\t\t\t<div class=\"elementor-widget-container\">\n\t\t\t\t\t\t\t\t\t<p data-start=\"350\" data-end=\"770\"><em data-start=\"350\" data-end=\"361\">Visi\u00f3n general:<\/em> Presentamos nuestro anillo de compromiso talla esmeralda natural, una armoniosa mezcla de elegancia cl\u00e1sica y dise\u00f1o moderno. Esta exquisita pieza cuenta con una esmeralda natural de talla ovalada, famosa por su vibrante tono verde, engastada en una banda de plata 925k chapada en oro meticulosamente elaborada. El dise\u00f1o ajustable asegura un ajuste c\u00f3modo, por lo que es una opci\u00f3n ideal para compromisos, ocasiones especiales, o como un accesorio de declaraci\u00f3n.<\/p><p data-start=\"772\" data-end=\"783\"><em data-start=\"772\" data-end=\"783\">Caracter\u00edsticas:<\/em><\/p><ul data-start=\"784\" data-end=\"1268\"><li data-start=\"784\" data-end=\"851\"><strong data-start=\"786\" data-end=\"799\">Piedra preciosa:<\/strong> Esmeralda natural en bruto de un cautivador color verde.<\/li><li data-start=\"852\" data-end=\"933\"><strong data-start=\"854\" data-end=\"869\">Tama\u00f1o de la piedra:<\/strong> Talla oval de 4\u00d76 mm, que ofrece una presencia delicada pero llamativa.<\/li><li data-start=\"934\" data-end=\"1024\"><strong data-start=\"936\" data-end=\"946\">Metal:<\/strong> Plata 925k con un brillante ba\u00f1o de oro, que combina durabilidad y elegancia.<\/li><li data-start=\"1025\" data-end=\"1092\"><strong data-start=\"1027\" data-end=\"1038\">Dise\u00f1o:<\/strong> Una pieza que irradia sofisticaci\u00f3n y estilo.<\/li><li data-start=\"1093\" data-end=\"1165\"><strong data-start=\"1095\" data-end=\"1115\">Banda ajustable:<\/strong> Garantiza un ajuste c\u00f3modo para distintos tama\u00f1os de anillos.<\/li><li data-start=\"1166\" data-end=\"1268\"><strong data-start=\"1168\" data-end=\"1180\">Claridad:<\/strong> Muy Ligeramente Incluido (VS), indica inclusiones m\u00ednimas visibles con lupa.<\/li><\/ul><p data-start=\"1270\" data-end=\"1301\"><em data-start=\"1270\" data-end=\"1301\">Por qu\u00e9 deber\u00eda comprar este anillo:<\/em><\/p><ul data-start=\"1302\" data-end=\"1790\"><li data-start=\"1302\" data-end=\"1426\"><strong data-start=\"1304\" data-end=\"1326\">Elegancia atemporal:<\/strong> Su dise\u00f1o cl\u00e1sico simboliza la belleza perdurable, por lo que es un anillo de compromiso perfecto o un regalo especial.<\/li><li data-start=\"1427\" data-end=\"1549\"><strong data-start=\"1429\" data-end=\"1453\">Accesorio vers\u00e1til:<\/strong> Adecuado para compromisos, aniversarios o como preciado complemento de su colecci\u00f3n de joyas.<\/li><li data-start=\"1550\" data-end=\"1660\"><strong data-start=\"1552\" data-end=\"1578\">Artesan\u00eda de calidad:<\/strong> Fabricado con materiales de alta calidad para garantizar la longevidad y el brillo sostenido.<\/li><li data-start=\"1661\" data-end=\"1790\"><strong data-start=\"1663\" data-end=\"1682\">Ajuste regulable:<\/strong> El dise\u00f1o adaptable de la banda proporciona flexibilidad, por lo que es una excelente opci\u00f3n de regalo sin problemas de tallaje.<\/li><\/ul><p data-start=\"1792\" data-end=\"1799\"><em data-start=\"1792\" data-end=\"1799\">Preguntas frecuentes:<\/em><\/p><ol data-start=\"1801\" data-end=\"2661\"><li data-start=\"1801\" data-end=\"1944\"><p data-start=\"1804\" data-end=\"1846\"><strong data-start=\"1804\" data-end=\"1846\">\u00bfLa esmeralda es natural o de laboratorio?<\/strong><\/p><ul data-start=\"1850\" data-end=\"1944\"><li data-start=\"1850\" data-end=\"1944\">El anillo lleva una esmeralda natural en bruto, c\u00e9lebre por su aut\u00e9ntica belleza y su rico color.<\/li><\/ul><\/li><li data-start=\"1946\" data-end=\"2087\"><p data-start=\"1949\" data-end=\"1983\"><strong data-start=\"1949\" data-end=\"1983\">\u00bfSe puede ajustar el tama\u00f1o del anillo?<\/strong><\/p><ul data-start=\"1987\" data-end=\"2087\"><li data-start=\"1987\" data-end=\"2087\">S\u00ed, el anillo est\u00e1 dise\u00f1ado con una banda ajustable para adaptarse c\u00f3modamente a varios tama\u00f1os de dedo.<\/li><\/ul><\/li><li data-start=\"2089\" data-end=\"2258\"><p data-start=\"2092\" data-end=\"2128\"><strong data-start=\"2092\" data-end=\"2128\">\u00bfC\u00f3mo debo cuidar este anillo?<\/strong><\/p><ul data-start=\"2132\" data-end=\"2258\"><li data-start=\"2132\" data-end=\"2258\">Para mantener su brillo, limpie el anillo suavemente con un pa\u00f1o suave y evite exponerlo a productos qu\u00edmicos agresivos o materiales abrasivos.<\/li><\/ul><\/li><li data-start=\"2260\" data-end=\"2502\"><p data-start=\"2263\" data-end=\"2295\"><strong data-start=\"2263\" data-end=\"2295\">\u00bfEs duradero el chapado en oro?<\/strong><\/p><ul data-start=\"2299\" data-end=\"2502\"><li data-start=\"2299\" data-end=\"2502\">El ba\u00f1o de oro sobre plata 925k est\u00e1 dise\u00f1ado para ser duradero; sin embargo, para conservar su aspecto, es aconsejable retirar el anillo durante actividades que puedan causar ara\u00f1azos o exposici\u00f3n a productos qu\u00edmicos.<\/li><\/ul><\/li><li data-start=\"2504\" data-end=\"2661\"><p data-start=\"2507\" data-end=\"2563\"><strong data-start=\"2507\" data-end=\"2563\">\u00bfTiene el anillo garant\u00eda o pol\u00edtica de devoluciones?<\/strong><\/p><ul data-start=\"2567\" data-end=\"2661\"><li data-start=\"2567\" data-end=\"2661\">S\u00ed, ofrecemos una pol\u00edtica de devoluci\u00f3n de 90 d\u00edas para garantizar su completa satisfacci\u00f3n con la compra.<\/li><\/ul><\/li><\/ol>\t\t\t\t\t\t\t\t<\/div>\n\t\t\t\t<\/div>\n\t\t\t\t\t<\/div>\n\t\t\t\t<\/div>\n\t\t\t\t<\/div>","protected":false},"excerpt":{"rendered":"<p>DETALLES del producto:<br \/>\nMetal: Plata 925k<br \/>\nGema: Esmeralda natural en bruto<br \/>\nColor de la gema: Verde<br \/>\nColor de la correa: Oro<br \/>\nTama\u00f1o del anillo: Ajustable<br \/>\nDi\u00e1metro de la piedra: 4\u00d76 mm<br \/>\nClaridad: Muy ligeramente incluido<br \/>\nForma: Oval<br \/>\nCorte: Brillante Mixto<\/p>\n<div id=\"gtx-trans\" style=\"position: absolute; left: 53px; top: 183px;\">\n<div class=\"gtx-trans-icon\"><\/div>\n<\/div>","protected":false},"featured_media":1360,"comment_status":"open","ping_status":"closed","template":"","meta":{"_kad_post_transparent":"","_kad_post_title":"","_kad_post_layout":"","_kad_post_sidebar_id":"","_kad_post_content_style":"","_kad_post_vertical_padding":"","_kad_post_feature":"","_kad_post_feature_position":"","_kad_post_header":false,"_kad_post_footer":false},"product_brand":[],"product_cat":[16,17,66,20,15],"product_tag":[],"class_list":{"0":"post-1097","1":"product","2":"type-product","3":"status-publish","4":"has-post-thumbnail","6":"product_cat-emerald-ring","7":"product_cat-engagement-ring","8":"product_cat-natural-gemstones-ring","9":"product_cat-oval-ring","10":"product_cat-rings","12":"first","13":"instock","14":"shipping-taxable","15":"purchasable","16":"product-type-variable","17":"entry","18":"content-bg","19":"loop-entry"},"aioseo_notices":[],"_links":{"self":[{"href":"https:\/\/emeraldsring.com\/es\/wp-json\/wp\/v2\/product\/1097","targetHints":{"allow":["GET"]}}],"collection":[{"href":"https:\/\/emeraldsring.com\/es\/wp-json\/wp\/v2\/product"}],"about":[{"href":"https:\/\/emeraldsring.com\/es\/wp-json\/wp\/v2\/types\/product"}],"replies":[{"embeddable":true,"href":"https:\/\/emeraldsring.com\/es\/wp-json\/wp\/v2\/comments?post=1097"}],"version-history":[{"count":4,"href":"https:\/\/emeraldsring.com\/es\/wp-json\/wp\/v2\/product\/1097\/revisions"}],"predecessor-version":[{"id":1688,"href":"https:\/\/emeraldsring.com\/es\/wp-json\/wp\/v2\/product\/1097\/revisions\/1688"}],"wp:featuredmedia":[{"embeddable":true,"href":"https:\/\/emeraldsring.com\/es\/wp-json\/wp\/v2\/media\/1360"}],"wp:attachment":[{"href":"https:\/\/emeraldsring.com\/es\/wp-json\/wp\/v2\/media?parent=1097"}],"wp:term":[{"taxonomy":"product_brand","embeddable":true,"href":"https:\/\/emeraldsring.com\/es\/wp-json\/wp\/v2\/product_brand?post=1097"},{"taxonomy":"product_cat","embeddable":true,"href":"https:\/\/emeraldsring.com\/es\/wp-json\/wp\/v2\/product_cat?post=1097"},{"taxonomy":"product_tag","embeddable":true,"href":"https:\/\/emeraldsring.com\/es\/wp-json\/wp\/v2\/product_tag?post=1097"}],"curies":[{"name":"wp","href":"https:\/\/api.w.org\/{rel}","templated":true}]}}