{"id":1109,"date":"2025-02-13T20:19:30","date_gmt":"2025-02-13T15:19:30","guid":{"rendered":"https:\/\/emeraldsring.com\/?post_type=product&#038;p=1109"},"modified":"2025-04-28T19:58:23","modified_gmt":"2025-04-28T14:58:23","slug":"gold-emerald-flower-ring-women-natural-emerald-wedding-ring","status":"publish","type":"product","link":"https:\/\/emeraldsring.com\/es\/producto\/gold-emerald-flower-ring-women-natural-emerald-wedding-ring\/","title":{"rendered":"Anillo Flor Esmeralda Oro Mujer Alianza Esmeralda Natural"},"content":{"rendered":"<div data-elementor-type=\"product-post\" data-elementor-id=\"1109\" class=\"elementor elementor-1109\" data-elementor-post-type=\"product\">\n\t\t\t\t<div class=\"elementor-element elementor-element-9a6865d e-flex e-con-boxed e-con e-parent\" data-id=\"9a6865d\" data-element_type=\"container\">\n\t\t\t\t\t<div class=\"e-con-inner\">\n\t\t\t\t<div class=\"elementor-element elementor-element-884fcf7 elementor-widget elementor-widget-text-editor\" data-id=\"884fcf7\" data-element_type=\"widget\" data-widget_type=\"text-editor.default\">\n\t\t\t\t<div class=\"elementor-widget-container\">\n\t\t\t\t\t\t\t\t\t<p data-start=\"377\" data-end=\"795\"><em data-start=\"377\" data-end=\"388\">Visi\u00f3n general:<\/em> Presentamos nuestro Anillo Flor de Esmeralda de Oro, una armoniosa mezcla de dise\u00f1o inspirado en la naturaleza y elegancia atemporal. Esta exquisita pieza presenta una esmeralda natural de talla ovalada, famosa por su vibrante tono verde, engastada en un motivo floral meticulosamente elaborado. La banda de plata 925k chapada en oro realza el lujoso atractivo del anillo, convirti\u00e9ndolo en una elecci\u00f3n ideal para bodas, aniversarios o como accesorio destacado.<\/p><p data-start=\"797\" data-end=\"808\"><em data-start=\"797\" data-end=\"808\">Caracter\u00edsticas:<\/em><\/p><ul data-start=\"809\" data-end=\"1295\"><li data-start=\"809\" data-end=\"876\"><strong data-start=\"811\" data-end=\"824\">Piedra preciosa:<\/strong> Esmeralda natural en bruto de un cautivador color verde.<\/li><li data-start=\"877\" data-end=\"958\"><strong data-start=\"879\" data-end=\"894\">Tama\u00f1o de la piedra:<\/strong> Talla oval de 4\u00d76 mm, que ofrece una presencia delicada pero llamativa.<\/li><li data-start=\"959\" data-end=\"1049\"><strong data-start=\"961\" data-end=\"971\">Metal:<\/strong> Plata 925k con un brillante ba\u00f1o de oro, que combina durabilidad y elegancia.<\/li><li data-start=\"1050\" data-end=\"1119\"><strong data-start=\"1052\" data-end=\"1063\">Dise\u00f1o:<\/strong> Motivo de inspiraci\u00f3n floral que destila feminidad y gracia.<\/li><li data-start=\"1120\" data-end=\"1192\"><strong data-start=\"1122\" data-end=\"1142\">Banda ajustable:<\/strong> Garantiza un ajuste c\u00f3modo para distintos tama\u00f1os de anillos.<\/li><li data-start=\"1193\" data-end=\"1295\"><strong data-start=\"1195\" data-end=\"1207\">Claridad:<\/strong> Muy Ligeramente Incluido (VS), indica inclusiones m\u00ednimas visibles con lupa.<\/li><\/ul><p data-start=\"1297\" data-end=\"1328\"><em data-start=\"1297\" data-end=\"1328\">Por qu\u00e9 deber\u00eda comprar este anillo:<\/em><\/p><ul data-start=\"1329\" data-end=\"1798\"><li data-start=\"1329\" data-end=\"1439\"><strong data-start=\"1331\" data-end=\"1360\">Elegancia inspirada en la naturaleza:<\/strong> El dise\u00f1o floral simboliza el crecimiento y la belleza, y resuena entre los amantes de la naturaleza.<\/li><li data-start=\"1440\" data-end=\"1557\"><strong data-start=\"1442\" data-end=\"1466\">Accesorio vers\u00e1til:<\/strong> Adecuado para bodas, compromisos o como preciado complemento de su colecci\u00f3n de joyas.<\/li><li data-start=\"1558\" data-end=\"1668\"><strong data-start=\"1560\" data-end=\"1586\">Artesan\u00eda de calidad:<\/strong> Fabricado con materiales de alta calidad para garantizar la longevidad y el brillo sostenido.<\/li><li data-start=\"1669\" data-end=\"1798\"><strong data-start=\"1671\" data-end=\"1690\">Ajuste regulable:<\/strong> El dise\u00f1o adaptable de la banda proporciona flexibilidad, por lo que es una excelente opci\u00f3n de regalo sin problemas de tallaje.<\/li><\/ul><p data-start=\"1800\" data-end=\"1807\"><em data-start=\"1800\" data-end=\"1807\">Preguntas frecuentes:<\/em><\/p><ol data-start=\"1809\" data-end=\"2669\"><li data-start=\"1809\" data-end=\"1952\"><p data-start=\"1812\" data-end=\"1854\"><strong data-start=\"1812\" data-end=\"1854\">\u00bfLa esmeralda es natural o de laboratorio?<\/strong><\/p><ul data-start=\"1858\" data-end=\"1952\"><li data-start=\"1858\" data-end=\"1952\">El anillo lleva una esmeralda natural en bruto, c\u00e9lebre por su aut\u00e9ntica belleza y su rico color.<\/li><\/ul><\/li><li data-start=\"1954\" data-end=\"2095\"><p data-start=\"1957\" data-end=\"1991\"><strong data-start=\"1957\" data-end=\"1991\">\u00bfSe puede ajustar el tama\u00f1o del anillo?<\/strong><\/p><ul data-start=\"1995\" data-end=\"2095\"><li data-start=\"1995\" data-end=\"2095\">S\u00ed, el anillo est\u00e1 dise\u00f1ado con una banda ajustable para adaptarse c\u00f3modamente a varios tama\u00f1os de dedo.<\/li><\/ul><\/li><li data-start=\"2097\" data-end=\"2266\"><p data-start=\"2100\" data-end=\"2136\"><strong data-start=\"2100\" data-end=\"2136\">\u00bfC\u00f3mo debo cuidar este anillo?<\/strong><\/p><ul data-start=\"2140\" data-end=\"2266\"><li data-start=\"2140\" data-end=\"2266\">Para mantener su brillo, limpie el anillo suavemente con un pa\u00f1o suave y evite exponerlo a productos qu\u00edmicos agresivos o materiales abrasivos.<\/li><\/ul><\/li><li data-start=\"2268\" data-end=\"2510\"><p data-start=\"2271\" data-end=\"2303\"><strong data-start=\"2271\" data-end=\"2303\">\u00bfEs duradero el chapado en oro?<\/strong><\/p><ul data-start=\"2307\" data-end=\"2510\"><li data-start=\"2307\" data-end=\"2510\">El ba\u00f1o de oro sobre plata 925k est\u00e1 dise\u00f1ado para ser duradero; sin embargo, para conservar su aspecto, es aconsejable retirar el anillo durante actividades que puedan causar ara\u00f1azos o exposici\u00f3n a productos qu\u00edmicos.<\/li><\/ul><\/li><li data-start=\"2512\" data-end=\"2669\"><p data-start=\"2515\" data-end=\"2571\"><strong data-start=\"2515\" data-end=\"2571\">\u00bfTiene el anillo garant\u00eda o pol\u00edtica de devoluciones?<\/strong><\/p><ul data-start=\"2575\" data-end=\"2669\"><li data-start=\"2575\" data-end=\"2669\">S\u00ed, ofrecemos una pol\u00edtica de devoluci\u00f3n de 90 d\u00edas para garantizar su completa satisfacci\u00f3n con la compra.<\/li><\/ul><\/li><\/ol>\t\t\t\t\t\t\t\t<\/div>\n\t\t\t\t<\/div>\n\t\t\t\t\t<\/div>\n\t\t\t\t<\/div>\n\t\t\t\t<\/div>","protected":false},"excerpt":{"rendered":"<p>DETALLES del producto:<br \/>\nMetal: Plata 925k<br \/>\nGema: Esmeralda natural en bruto<br \/>\nColor de la gema: Verde<br \/>\nColor de la correa: Oro<br \/>\nTama\u00f1o del anillo: Ajustable<br \/>\nDi\u00e1metro de la piedra: 4\u00d76 mm<br \/>\nClaridad: Muy ligeramente incluido<br \/>\nForma: Oval<br \/>\nCorte: Brillante Mixto<\/p>\n<div id=\"gtx-trans\" style=\"position: absolute; left: 94px; top: 183px;\">\n<div class=\"gtx-trans-icon\"><\/div>\n<\/div>","protected":false},"featured_media":1386,"comment_status":"open","ping_status":"closed","template":"","meta":{"_kad_post_transparent":"","_kad_post_title":"","_kad_post_layout":"","_kad_post_sidebar_id":"","_kad_post_content_style":"","_kad_post_vertical_padding":"","_kad_post_feature":"","_kad_post_feature_position":"","_kad_post_header":false,"_kad_post_footer":false},"product_brand":[],"product_cat":[16,89,17,76,66,20,15],"product_tag":[30,18,31],"class_list":{"0":"post-1109","1":"product","2":"type-product","3":"status-publish","4":"has-post-thumbnail","6":"product_cat-emerald-ring","7":"product_cat-engagement-and-wedding","8":"product_cat-engagement-ring","9":"product_cat-floral","10":"product_cat-natural-gemstones-ring","11":"product_cat-oval-ring","12":"product_cat-rings","13":"product_tag-emerald-cut-engagement-rings","14":"product_tag-emerald-ring","15":"product_tag-engagement-ring","17":"first","18":"instock","19":"shipping-taxable","20":"purchasable","21":"product-type-simple","22":"entry","23":"content-bg","24":"loop-entry"},"aioseo_notices":[],"_links":{"self":[{"href":"https:\/\/emeraldsring.com\/es\/wp-json\/wp\/v2\/product\/1109","targetHints":{"allow":["GET"]}}],"collection":[{"href":"https:\/\/emeraldsring.com\/es\/wp-json\/wp\/v2\/product"}],"about":[{"href":"https:\/\/emeraldsring.com\/es\/wp-json\/wp\/v2\/types\/product"}],"replies":[{"embeddable":true,"href":"https:\/\/emeraldsring.com\/es\/wp-json\/wp\/v2\/comments?post=1109"}],"version-history":[{"count":7,"href":"https:\/\/emeraldsring.com\/es\/wp-json\/wp\/v2\/product\/1109\/revisions"}],"predecessor-version":[{"id":1698,"href":"https:\/\/emeraldsring.com\/es\/wp-json\/wp\/v2\/product\/1109\/revisions\/1698"}],"wp:featuredmedia":[{"embeddable":true,"href":"https:\/\/emeraldsring.com\/es\/wp-json\/wp\/v2\/media\/1386"}],"wp:attachment":[{"href":"https:\/\/emeraldsring.com\/es\/wp-json\/wp\/v2\/media?parent=1109"}],"wp:term":[{"taxonomy":"product_brand","embeddable":true,"href":"https:\/\/emeraldsring.com\/es\/wp-json\/wp\/v2\/product_brand?post=1109"},{"taxonomy":"product_cat","embeddable":true,"href":"https:\/\/emeraldsring.com\/es\/wp-json\/wp\/v2\/product_cat?post=1109"},{"taxonomy":"product_tag","embeddable":true,"href":"https:\/\/emeraldsring.com\/es\/wp-json\/wp\/v2\/product_tag?post=1109"}],"curies":[{"name":"wp","href":"https:\/\/api.w.org\/{rel}","templated":true}]}}