{"id":1531,"date":"2025-02-25T19:56:25","date_gmt":"2025-02-25T14:56:25","guid":{"rendered":"https:\/\/emeraldsring.com\/?post_type=product&#038;p=1531"},"modified":"2025-04-28T19:58:19","modified_gmt":"2025-04-28T14:58:19","slug":"lab-emerald-and-diamond-engagement-ring-sterling-silver-gift-for-her","status":"publish","type":"product","link":"https:\/\/emeraldsring.com\/es\/producto\/lab-emerald-and-diamond-engagement-ring-sterling-silver-gift-for-her\/","title":{"rendered":"Esmeralda de laboratorio y anillo de compromiso de diamantes de plata de ley Regalo para ella"},"content":{"rendered":"<p data-start=\"437\" data-end=\"860\"><em data-start=\"437\" data-end=\"448\">Visi\u00f3n general:<\/em> Presentamos nuestro Anillo de Plata de Ley con Esmeralda Lab-Created, una armoniosa mezcla de elegancia cl\u00e1sica y dise\u00f1o moderno. Esta exquisita pieza cuenta con una vibrante esmeralda de laboratorio, rodeada de un halo de brillantes diamantes, todo ello engastado en plata de ley de alta calidad. Ya sea para celebrar una ocasi\u00f3n especial o para a\u00f1adir un toque de sofisticaci\u00f3n a su atuendo diario, este anillo est\u00e1 dise\u00f1ado para cautivar e inspirar.<\/p>\n<p data-start=\"862\" data-end=\"873\"><em data-start=\"862\" data-end=\"873\">Caracter\u00edsticas:<\/em><\/p>\n<ul data-start=\"874\" data-end=\"1307\">\n<li data-start=\"874\" data-end=\"965\"><strong data-start=\"876\" data-end=\"889\">Piedra preciosa:<\/strong> Esmeralda tallada en laboratorio, conocida por su tono verde vivo y su claridad.<\/li>\n<li data-start=\"966\" data-end=\"1049\"><strong data-start=\"968\" data-end=\"980\">Acentos:<\/strong> Halo de brillantes diamantes que realzan el brillo de la piedra central.<\/li>\n<li data-start=\"1050\" data-end=\"1130\"><strong data-start=\"1052\" data-end=\"1062\">Metal:<\/strong> Plata de ley de primera calidad, que ofrece durabilidad y un acabado pulido.<\/li>\n<li data-start=\"1131\" data-end=\"1226\"><strong data-start=\"1133\" data-end=\"1144\">Dise\u00f1o:<\/strong> Engaste solitario con halo de diamantes, que combina estilos cl\u00e1sico y contempor\u00e1neo.<\/li>\n<li data-start=\"1227\" data-end=\"1307\"><strong data-start=\"1229\" data-end=\"1239\">Tallas:<\/strong> Disponible en varias tallas para garantizar un ajuste c\u00f3modo y perfecto.<\/li>\n<\/ul>\n<p data-start=\"1309\" data-end=\"1340\"><em data-start=\"1309\" data-end=\"1340\">Por qu\u00e9 deber\u00eda comprar este anillo:<\/em><\/p>\n<ul data-start=\"1341\" data-end=\"1851\">\n<li data-start=\"1341\" data-end=\"1443\"><strong data-start=\"1343\" data-end=\"1365\">Elegancia atemporal:<\/strong> El cl\u00e1sico dise\u00f1o de solitario con un moderno halo garantiza un estilo duradero.<\/li>\n<li data-start=\"1444\" data-end=\"1559\"><strong data-start=\"1446\" data-end=\"1468\">Elaboraci\u00f3n \u00e9tica:<\/strong> Incorpora una esmeralda creada en laboratorio, lo que la convierte en una opci\u00f3n ecol\u00f3gica y socialmente responsable.<\/li>\n<li data-start=\"1560\" data-end=\"1663\"><strong data-start=\"1562\" data-end=\"1581\">Uso vers\u00e1til:<\/strong> Ideal para compromisos, aniversarios, o como pieza destacada para la elegancia diaria.<\/li>\n<li data-start=\"1664\" data-end=\"1758\"><strong data-start=\"1666\" data-end=\"1696\">Artesan\u00eda excepcional:<\/strong> Fabricado meticulosamente para garantizar una belleza y durabilidad duraderas.<\/li>\n<li data-start=\"1759\" data-end=\"1851\"><strong data-start=\"1761\" data-end=\"1783\">Lujo asequible:<\/strong> Ofrece el encanto del dise\u00f1o de gama alta sin el precio elevado.<\/li>\n<\/ul>\n<p data-start=\"1853\" data-end=\"1860\"><em data-start=\"1853\" data-end=\"1860\">Preguntas frecuentes:<\/em><\/p>\n<ol data-start=\"1862\" data-end=\"2708\">\n<li data-start=\"1862\" data-end=\"2062\">\n<p data-start=\"1865\" data-end=\"1907\"><strong data-start=\"1865\" data-end=\"1907\">\u00bfLa esmeralda es natural o de laboratorio?<\/strong><\/p>\n<ul data-start=\"1911\" data-end=\"2062\">\n<li data-start=\"1911\" data-end=\"2062\">El anillo lleva una esmeralda creada en laboratorio, que ofrece las mismas caracter\u00edsticas visuales que las esmeraldas naturales, pero con mayor claridad y un origen \u00e9tico.<\/li>\n<\/ul>\n<\/li>\n<li data-start=\"2064\" data-end=\"2224\">\n<p data-start=\"2067\" data-end=\"2112\"><strong data-start=\"2067\" data-end=\"2112\">\u00bfCu\u00e1l es la calidad de los diamantes utilizados?<\/strong><\/p>\n<ul data-start=\"2116\" data-end=\"2224\">\n<li data-start=\"2116\" data-end=\"2224\">Los diamantes se seleccionan por su brillo y claridad, complementando maravillosamente la esmeralda central.<\/li>\n<\/ul>\n<\/li>\n<li data-start=\"2226\" data-end=\"2387\">\n<p data-start=\"2229\" data-end=\"2265\"><strong data-start=\"2229\" data-end=\"2265\">\u00bfC\u00f3mo debo cuidar este anillo?<\/strong><\/p>\n<ul data-start=\"2269\" data-end=\"2387\">\n<li data-start=\"2269\" data-end=\"2387\">Para mantener su brillo, limpie el anillo con un pa\u00f1o suave y evite exponerlo a productos qu\u00edmicos agresivos o materiales abrasivos.<\/li>\n<\/ul>\n<\/li>\n<li data-start=\"2389\" data-end=\"2549\">\n<p data-start=\"2392\" data-end=\"2439\"><strong data-start=\"2392\" data-end=\"2439\">\u00bfEs la plata de ley propensa a deslustrarse?<\/strong><\/p>\n<ul data-start=\"2443\" data-end=\"2549\">\n<li data-start=\"2443\" data-end=\"2549\">La plata de ley puede deslustrarse con el tiempo; una limpieza regular y un almacenamiento adecuado pueden ayudar a mantener su brillo.<\/li>\n<\/ul>\n<\/li>\n<li data-start=\"2551\" data-end=\"2708\">\n<p data-start=\"2554\" data-end=\"2610\"><strong data-start=\"2554\" data-end=\"2610\">\u00bfTiene el anillo garant\u00eda o pol\u00edtica de devoluciones?<\/strong><\/p>\n<ul data-start=\"2614\" data-end=\"2708\">\n<li data-start=\"2614\" data-end=\"2708\">S\u00ed, ofrecemos una pol\u00edtica de devoluci\u00f3n de 90 d\u00edas para garantizar su completa satisfacci\u00f3n con la compra.<\/li>\n<\/ul>\n<\/li>\n<\/ol>","protected":false},"excerpt":{"rendered":"<p>DETALLES del producto:<br \/>\nMetal: Plata 925k<br \/>\nGema: Cultivada en laboratorio<br \/>\nColor de la gema: Verde<br \/>\nColor de la pulsera: Oro blanco<br \/>\nTama\u00f1o del anillo: Ajustable<br \/>\nDi\u00e1metro de la piedra: 8*10 mm<br \/>\nForma Princesa<\/p>","protected":false},"featured_media":1534,"comment_status":"open","ping_status":"closed","template":"","meta":{"_kad_post_transparent":"","_kad_post_title":"","_kad_post_layout":"","_kad_post_sidebar_id":"","_kad_post_content_style":"","_kad_post_vertical_padding":"","_kad_post_feature":"","_kad_post_feature_position":"","_kad_post_header":false,"_kad_post_footer":false},"product_brand":[],"product_cat":[72,16,89,17,70,67,56,15],"product_tag":[],"class_list":{"0":"post-1531","1":"product","2":"type-product","3":"status-publish","4":"has-post-thumbnail","6":"product_cat-bezel","7":"product_cat-emerald-ring","8":"product_cat-engagement-and-wedding","9":"product_cat-engagement-ring","10":"product_cat-halo-ring","11":"product_cat-lab-grown-gemstones-ring","12":"product_cat-princess","13":"product_cat-rings","15":"first","16":"instock","17":"shipping-taxable","18":"purchasable","19":"product-type-simple","20":"entry","21":"content-bg","22":"loop-entry"},"aioseo_notices":[],"_links":{"self":[{"href":"https:\/\/emeraldsring.com\/es\/wp-json\/wp\/v2\/product\/1531","targetHints":{"allow":["GET"]}}],"collection":[{"href":"https:\/\/emeraldsring.com\/es\/wp-json\/wp\/v2\/product"}],"about":[{"href":"https:\/\/emeraldsring.com\/es\/wp-json\/wp\/v2\/types\/product"}],"replies":[{"embeddable":true,"href":"https:\/\/emeraldsring.com\/es\/wp-json\/wp\/v2\/comments?post=1531"}],"version-history":[{"count":6,"href":"https:\/\/emeraldsring.com\/es\/wp-json\/wp\/v2\/product\/1531\/revisions"}],"predecessor-version":[{"id":1713,"href":"https:\/\/emeraldsring.com\/es\/wp-json\/wp\/v2\/product\/1531\/revisions\/1713"}],"wp:featuredmedia":[{"embeddable":true,"href":"https:\/\/emeraldsring.com\/es\/wp-json\/wp\/v2\/media\/1534"}],"wp:attachment":[{"href":"https:\/\/emeraldsring.com\/es\/wp-json\/wp\/v2\/media?parent=1531"}],"wp:term":[{"taxonomy":"product_brand","embeddable":true,"href":"https:\/\/emeraldsring.com\/es\/wp-json\/wp\/v2\/product_brand?post=1531"},{"taxonomy":"product_cat","embeddable":true,"href":"https:\/\/emeraldsring.com\/es\/wp-json\/wp\/v2\/product_cat?post=1531"},{"taxonomy":"product_tag","embeddable":true,"href":"https:\/\/emeraldsring.com\/es\/wp-json\/wp\/v2\/product_tag?post=1531"}],"curies":[{"name":"wp","href":"https:\/\/api.w.org\/{rel}","templated":true}]}}