{"id":1545,"date":"2025-02-25T20:21:47","date_gmt":"2025-02-25T15:21:47","guid":{"rendered":"https:\/\/emeraldsring.com\/?post_type=product&#038;p=1545"},"modified":"2025-04-29T04:26:25","modified_gmt":"2025-04-28T23:26:25","slug":"women-lab-created-emerald-ring-engagement-rings","status":"publish","type":"product","link":"https:\/\/emeraldsring.com\/es\/producto\/women-lab-created-emerald-ring-engagement-rings\/","title":{"rendered":"Anillos de compromiso de esmeraldas creadas en laboratorio para mujer"},"content":{"rendered":"<p data-start=\"350\" data-end=\"728\"><em data-start=\"350\" data-end=\"361\">Visi\u00f3n general:<\/em> Celebre su amor con nuestro anillo de compromiso de esmeralda ovalada cultivada en laboratorio, una armoniosa combinaci\u00f3n de dise\u00f1o cl\u00e1sico y elegancia moderna. Esta exquisita pieza exhibe una esmeralda verde vivo, cultivada en laboratorio, meticulosamente engastada en plata de ley 925 de alta calidad. Su banda ajustable asegura un ajuste perfecto, por lo que es una opci\u00f3n ideal para una propuesta memorable o un regalo apreciado.<\/p>\n<p data-start=\"730\" data-end=\"741\"><em data-start=\"730\" data-end=\"741\">Caracter\u00edsticas:<\/em><\/p>\n<ul data-start=\"742\" data-end=\"1163\">\n<li data-start=\"742\" data-end=\"871\"><strong data-start=\"744\" data-end=\"757\">Piedra preciosa:<\/strong> Esmeralda de talla oval creada en laboratorio, de aproximadamente 0,85 quilates, famosa por su intenso tono verde y su excepcional claridad.<\/li>\n<li data-start=\"872\" data-end=\"986\"><strong data-start=\"874\" data-end=\"884\">Metal:<\/strong> Duradera plata de ley 925 con un lustroso acabado en oro blanco, que ofrece tanto elegancia como resistencia.<\/li>\n<li data-start=\"987\" data-end=\"1073\"><strong data-start=\"989\" data-end=\"1000\">Dise\u00f1o:<\/strong> Engaste solitario atemporal que resalta la belleza natural de la esmeralda.<\/li>\n<li data-start=\"1074\" data-end=\"1163\"><strong data-start=\"1076\" data-end=\"1096\">Banda ajustable:<\/strong> Garantiza un ajuste c\u00f3modo y personalizable para distintos tama\u00f1os de anillos.<\/li>\n<\/ul>\n<p data-start=\"1165\" data-end=\"1196\"><em data-start=\"1165\" data-end=\"1196\">Por qu\u00e9 deber\u00eda comprar este anillo:<\/em><\/p>\n<ul data-start=\"1197\" data-end=\"1733\">\n<li data-start=\"1197\" data-end=\"1290\"><strong data-start=\"1199\" data-end=\"1221\">Elegancia atemporal:<\/strong> El dise\u00f1o cl\u00e1sico garantiza un estilo duradero adecuado para cualquier ocasi\u00f3n.<\/li>\n<li data-start=\"1291\" data-end=\"1415\"><strong data-start=\"1293\" data-end=\"1324\">Gema de origen \u00e9tico:<\/strong> Incorpora una esmeralda creada en laboratorio, lo que la convierte en una opci\u00f3n ecol\u00f3gica y socialmente responsable.<\/li>\n<li data-start=\"1416\" data-end=\"1543\"><strong data-start=\"1418\" data-end=\"1436\">Ajuste vers\u00e1til:<\/strong> La banda ajustable ofrece flexibilidad, por lo que es una opci\u00f3n excelente para regalar sin preocuparse por el tama\u00f1o.<\/li>\n<li data-start=\"1544\" data-end=\"1640\"><strong data-start=\"1546\" data-end=\"1576\">Artesan\u00eda excepcional:<\/strong> Fabricado con precisi\u00f3n para garantizar una belleza y durabilidad duraderas.<\/li>\n<li data-start=\"1641\" data-end=\"1733\"><strong data-start=\"1643\" data-end=\"1665\">Lujo asequible:<\/strong> Ofrece el encanto del dise\u00f1o de gama alta sin el precio elevado.<\/li>\n<\/ul>\n<p data-start=\"1735\" data-end=\"1742\"><em data-start=\"1735\" data-end=\"1742\">Preguntas frecuentes:<\/em><\/p>\n<ol data-start=\"1744\" data-end=\"2591\">\n<li data-start=\"1744\" data-end=\"1944\">\n<p data-start=\"1747\" data-end=\"1789\"><strong data-start=\"1747\" data-end=\"1789\">\u00bfLa esmeralda es natural o de laboratorio?<\/strong><\/p>\n<ul data-start=\"1793\" data-end=\"1944\">\n<li data-start=\"1793\" data-end=\"1944\">El anillo lleva una esmeralda creada en laboratorio, que ofrece las mismas caracter\u00edsticas visuales que las esmeraldas naturales, pero con mayor claridad y un origen \u00e9tico.<\/li>\n<\/ul>\n<\/li>\n<li data-start=\"1946\" data-end=\"2121\">\n<p data-start=\"1949\" data-end=\"1995\"><strong data-start=\"1949\" data-end=\"1995\">\u00bfCu\u00e1l es la composici\u00f3n met\u00e1lica del anillo?<\/strong><\/p>\n<ul data-start=\"1999\" data-end=\"2121\">\n<li data-start=\"1999\" data-end=\"2121\">El anillo est\u00e1 fabricado en plata de ley 925 con un acabado de oro blanco, que combina durabilidad con un aspecto lujoso.<\/li>\n<\/ul>\n<\/li>\n<li data-start=\"2123\" data-end=\"2269\">\n<p data-start=\"2126\" data-end=\"2160\"><strong data-start=\"2126\" data-end=\"2160\">\u00bfC\u00f3mo se ajusta la talla del anillo?<\/strong><\/p>\n<ul data-start=\"2164\" data-end=\"2269\">\n<li data-start=\"2164\" data-end=\"2269\">La banda ajustable permite un ajuste personalizable; ajuste suavemente la banda para conseguir la talla deseada.<\/li>\n<\/ul>\n<\/li>\n<li data-start=\"2271\" data-end=\"2432\">\n<p data-start=\"2274\" data-end=\"2310\"><strong data-start=\"2274\" data-end=\"2310\">\u00bfC\u00f3mo debo cuidar este anillo?<\/strong><\/p>\n<ul data-start=\"2314\" data-end=\"2432\">\n<li data-start=\"2314\" data-end=\"2432\">Para mantener su brillo, limpie el anillo con un pa\u00f1o suave y evite exponerlo a productos qu\u00edmicos agresivos o materiales abrasivos.<\/li>\n<\/ul>\n<\/li>\n<li data-start=\"2434\" data-end=\"2591\">\n<p data-start=\"2437\" data-end=\"2493\"><strong data-start=\"2437\" data-end=\"2493\">\u00bfTiene el anillo garant\u00eda o pol\u00edtica de devoluciones?<\/strong><\/p>\n<ul data-start=\"2497\" data-end=\"2591\">\n<li data-start=\"2497\" data-end=\"2591\">S\u00ed, ofrecemos una pol\u00edtica de devoluci\u00f3n de 90 d\u00edas para garantizar su completa satisfacci\u00f3n con la compra.<\/li>\n<\/ul>\n<\/li>\n<\/ol>","protected":false},"excerpt":{"rendered":"<p>DETALLES del producto:<br \/>\nMetal: Plata 925k<br \/>\nGema: Cultivada en laboratorio<br \/>\nColor de la gema: Verde<br \/>\nColor de la pulsera: Oro blanco<br \/>\nTama\u00f1o del anillo: Ajustable<br \/>\nDiametro Piedra: 0.85ct<br \/>\nForma: Oval<\/p>","protected":false},"featured_media":1549,"comment_status":"open","ping_status":"closed","template":"","meta":{"_kad_post_transparent":"","_kad_post_title":"","_kad_post_layout":"","_kad_post_sidebar_id":"","_kad_post_content_style":"","_kad_post_vertical_padding":"","_kad_post_feature":"","_kad_post_feature_position":"","_kad_post_header":false,"_kad_post_footer":false},"product_brand":[],"product_cat":[16,67,20,15],"product_tag":[30,18,31],"class_list":{"0":"post-1545","1":"product","2":"type-product","3":"status-publish","4":"has-post-thumbnail","6":"product_cat-emerald-ring","7":"product_cat-lab-grown-gemstones-ring","8":"product_cat-oval-ring","9":"product_cat-rings","10":"product_tag-emerald-cut-engagement-rings","11":"product_tag-emerald-ring","12":"product_tag-engagement-ring","14":"first","15":"instock","16":"shipping-taxable","17":"purchasable","18":"product-type-simple","19":"entry","20":"content-bg","21":"loop-entry"},"aioseo_notices":[],"_links":{"self":[{"href":"https:\/\/emeraldsring.com\/es\/wp-json\/wp\/v2\/product\/1545","targetHints":{"allow":["GET"]}}],"collection":[{"href":"https:\/\/emeraldsring.com\/es\/wp-json\/wp\/v2\/product"}],"about":[{"href":"https:\/\/emeraldsring.com\/es\/wp-json\/wp\/v2\/types\/product"}],"replies":[{"embeddable":true,"href":"https:\/\/emeraldsring.com\/es\/wp-json\/wp\/v2\/comments?post=1545"}],"version-history":[{"count":7,"href":"https:\/\/emeraldsring.com\/es\/wp-json\/wp\/v2\/product\/1545\/revisions"}],"predecessor-version":[{"id":1714,"href":"https:\/\/emeraldsring.com\/es\/wp-json\/wp\/v2\/product\/1545\/revisions\/1714"}],"wp:featuredmedia":[{"embeddable":true,"href":"https:\/\/emeraldsring.com\/es\/wp-json\/wp\/v2\/media\/1549"}],"wp:attachment":[{"href":"https:\/\/emeraldsring.com\/es\/wp-json\/wp\/v2\/media?parent=1545"}],"wp:term":[{"taxonomy":"product_brand","embeddable":true,"href":"https:\/\/emeraldsring.com\/es\/wp-json\/wp\/v2\/product_brand?post=1545"},{"taxonomy":"product_cat","embeddable":true,"href":"https:\/\/emeraldsring.com\/es\/wp-json\/wp\/v2\/product_cat?post=1545"},{"taxonomy":"product_tag","embeddable":true,"href":"https:\/\/emeraldsring.com\/es\/wp-json\/wp\/v2\/product_tag?post=1545"}],"curies":[{"name":"wp","href":"https:\/\/api.w.org\/{rel}","templated":true}]}}