{"id":20,"date":"2025-02-04T10:02:28","date_gmt":"2025-02-04T10:02:28","guid":{"rendered":"https:\/\/emeraldsring.com\/?post_type=product&#038;p=20"},"modified":"2025-04-28T19:59:11","modified_gmt":"2025-04-28T14:59:11","slug":"elegant-princess-diana-inspired-emerald-ring","status":"publish","type":"product","link":"https:\/\/emeraldsring.com\/es\/producto\/elegant-princess-diana-inspired-emerald-ring\/","title":{"rendered":"Elegante Anillo de Compromiso de Esmeralda Inspirado en la Princesa Diana"},"content":{"rendered":"<p>Eleve su colecci\u00f3n de joyas con este <strong>Anillo de esmeraldas inspirado en la princesa Diana<\/strong>una obra maestra de estilo y artesan\u00eda. Dise\u00f1ado con <strong>Plata de ley S925<\/strong>El anillo presenta un fascinante <strong>Gema azul de Cachemira<\/strong>La pieza central de este anillo es una esmeralda que recuerda a las esmeraldas m\u00e1s finas. Rodeado de deslumbrantes circonitas, este anillo desprende un encanto real que lo convierte en el accesorio perfecto para ocasiones formales o en un regalo significativo.<\/p>\n<p>&nbsp;<\/p>\n<h4>Caracter\u00edsticas principales<\/h4>\n<ul>\n<li><strong>Material de primera calidad:<\/strong> Fabricado por expertos en plata de ley S925 para un brillo duradero y un confort hipoalerg\u00e9nico.<\/li>\n<li><strong>Impresionante centro de mesa:<\/strong> Gema azul de Cachemira que irradia la belleza de la elegancia de la esmeralda.<\/li>\n<li><strong>Acentos brillantes:<\/strong> Rodeado de brillantes piedras de circonita que amplifican su brillo.<\/li>\n<li><strong>Dise\u00f1o ic\u00f3nico:<\/strong> Inspirado en el emblem\u00e1tico anillo de esmeraldas de la Princesa Diana, s\u00edmbolo de sofisticaci\u00f3n atemporal.<\/li>\n<li><strong>Para m\u00faltiples ocasiones:<\/strong> Perfecto para compromisos, bodas o como pieza de lujo para el d\u00eda a d\u00eda.<\/li>\n<li><strong>Ajuste c\u00f3modo:<\/strong> Su dise\u00f1o ligero y ergon\u00f3mico garantiza comodidad durante todo el d\u00eda.<\/li>\n<\/ul>\n<h4>Por qu\u00e9 deber\u00eda comprar este anillo<\/h4>\n<ul>\n<li><strong>Elegancia Real:<\/strong> El dise\u00f1o del anillo con esmeralda a\u00f1ade un toque de sofisticaci\u00f3n regia a cualquier look.<\/li>\n<li><strong>Calidad excepcional:<\/strong> Hecho a mano para un acabado impecable con materiales de primera calidad.<\/li>\n<li><strong>Atractivo vers\u00e1til:<\/strong> Ideal tanto para atuendos formales como informales.<\/li>\n<li><strong>Un regalo significativo:<\/strong> Una opci\u00f3n de regalo memorable para aniversarios, compromisos o hitos.<\/li>\n<\/ul>\n<h4>Dimensiones<\/h4>\n<ul>\n<li>Tama\u00f1o del anillo: Disponible en varios tama\u00f1os para garantizar un ajuste perfecto.<\/li>\n<li>Peso: 3,5 gramos (aprox.).<\/li>\n<li>Dimensiones de la gema: Di\u00e1metro de la pieza central 10 mm.<\/li>\n<\/ul>\n<h4><\/h4>\n<p><a href=\"https:\/\/emeraldring.shop\/wp-content\/uploads\/2022\/12\/Elegant-Princess-Diana-Inspired-Emerald-Ring-\u2013-S925-Sterling-Silver-with-Kashmir-Blue-Gemstone-3.jpg\"><img fetchpriority=\"high\" decoding=\"async\" src=\"https:\/\/emeraldring.shop\/wp-content\/uploads\/2022\/12\/Elegant-Princess-Diana-Inspired-Emerald-Ring-\u2013-S925-Sterling-Silver-with-Kashmir-Blue-Gemstone-3.jpg\" alt=\"Elegant Princess Diana Inspired Emerald Ring \u2013 S925 Sterling Silver with Kashmir\" width=\"950\" height=\"679\" \/><\/a> <a href=\"https:\/\/emeraldring.shop\/wp-content\/uploads\/2022\/12\/Elegant-Princess-Diana-Inspired-Emerald-Ring-\u2013-S925-Sterling-Silver-with-Kashmir-Blue-Gemstone-4.jpg\"><img decoding=\"async\" src=\"https:\/\/emeraldring.shop\/wp-content\/uploads\/2022\/12\/Elegant-Princess-Diana-Inspired-Emerald-Ring-\u2013-S925-Sterling-Silver-with-Kashmir-Blue-Gemstone-4.jpg\" alt=\"Elegant Princess Diana Inspired Emerald Ring \u2013 S925 Sterling Silver with Kashmir\" width=\"950\" height=\"729\" \/><\/a> <a href=\"https:\/\/emeraldring.shop\/wp-content\/uploads\/2022\/12\/Elegant-Princess-Diana-Inspired-Emerald-Ring-\u2013-S925-Sterling-Silver-with-Kashmir-Blue-Gemstone-6.jpg\"><img decoding=\"async\" src=\"https:\/\/emeraldring.shop\/wp-content\/uploads\/2022\/12\/Elegant-Princess-Diana-Inspired-Emerald-Ring-\u2013-S925-Sterling-Silver-with-Kashmir-Blue-Gemstone-6.jpg\" alt=\"Elegant Princess Diana Inspired Emerald Ring \u2013 S925 Sterling Silver with Kashmir\" width=\"950\" height=\"598\" \/><\/a> <a href=\"https:\/\/emeraldring.shop\/wp-content\/uploads\/2022\/12\/Elegant-Princess-Diana-Inspired-Emerald-Ring-\u2013-S925-Sterling-Silver-with-Kashmir-Blue-Gemstone-11.jpg\"><img loading=\"lazy\" decoding=\"async\" src=\"https:\/\/emeraldring.shop\/wp-content\/uploads\/2022\/12\/Elegant-Princess-Diana-Inspired-Emerald-Ring-\u2013-S925-Sterling-Silver-with-Kashmir-Blue-Gemstone-11.jpg\" alt=\"Elegant Princess Diana Inspired Emerald Ring \u2013 S925 Sterling Silver with Kashmir\" width=\"950\" height=\"855\" \/><\/a> <a href=\"https:\/\/emeraldring.shop\/wp-content\/uploads\/2022\/12\/Elegant-Princess-Diana-Inspired-Emerald-Ring-\u2013-S925-Sterling-Silver-with-Kashmir-Blue-Gemstone-13.jpg\"><img loading=\"lazy\" decoding=\"async\" src=\"https:\/\/emeraldring.shop\/wp-content\/uploads\/2022\/12\/Elegant-Princess-Diana-Inspired-Emerald-Ring-\u2013-S925-Sterling-Silver-with-Kashmir-Blue-Gemstone-13.jpg\" alt=\"Elegant Princess Diana Inspired Emerald Ring \u2013 S925 Sterling Silver with Kashmir\" width=\"950\" height=\"902\" \/><\/a> <a href=\"https:\/\/emeraldring.shop\/wp-content\/uploads\/2022\/12\/Elegant-Princess-Diana-Inspired-Emerald-Ring-\u2013-S925-Sterling-Silver-with-Kashmir-Blue-Gemstone-14.jpg\"><img loading=\"lazy\" decoding=\"async\" src=\"https:\/\/emeraldring.shop\/wp-content\/uploads\/2022\/12\/Elegant-Princess-Diana-Inspired-Emerald-Ring-\u2013-S925-Sterling-Silver-with-Kashmir-Blue-Gemstone-14.jpg\" alt=\"Elegant Princess Diana Inspired Emerald Ring \u2013 S925 Sterling Silver with Kashmir\" width=\"950\" height=\"823\" \/><\/a> <a href=\"https:\/\/emeraldring.shop\/wp-content\/uploads\/2022\/12\/Elegant-Princess-Diana-Inspired-Emerald-Ring-\u2013-S925-Sterling-Silver-with-Kashmir-Blue-Gemstone-16.jpg\"><img loading=\"lazy\" decoding=\"async\" src=\"https:\/\/emeraldring.shop\/wp-content\/uploads\/2022\/12\/Elegant-Princess-Diana-Inspired-Emerald-Ring-\u2013-S925-Sterling-Silver-with-Kashmir-Blue-Gemstone-16.jpg\" alt=\"Elegant Princess Diana Inspired Emerald Ring \u2013 S925 Sterling Silver with Kashmir\" width=\"950\" height=\"828\" \/><\/a><\/p>","protected":false},"excerpt":{"rendered":"<p>Eleve su colecci\u00f3n de joyas con este anillo de esmeraldas inspirado en la princesa Diana, una obra maestra de estilo y artesan\u00eda. Dise\u00f1ado con plata de ley S925, el anillo cuenta con una fascinante piedra preciosa azul de Cachemira, que recuerda a las mejores esmeraldas, como su pieza central. Rodeado de deslumbrantes circonitas, este anillo desprende un encanto real que lo convierte en el accesorio perfecto para...<\/p>","protected":false},"featured_media":50,"comment_status":"open","ping_status":"closed","template":"","meta":{"_kad_post_transparent":"","_kad_post_title":"","_kad_post_layout":"","_kad_post_sidebar_id":"","_kad_post_content_style":"","_kad_post_vertical_padding":"","_kad_post_feature":"","_kad_post_feature_position":"","_kad_post_header":false,"_kad_post_footer":false},"product_brand":[],"product_cat":[16,89,17,77,15],"product_tag":[18,19],"class_list":{"0":"post-20","1":"product","2":"type-product","3":"status-publish","4":"has-post-thumbnail","6":"product_cat-emerald-ring","7":"product_cat-engagement-and-wedding","8":"product_cat-engagement-ring","9":"product_cat-lady-diana","10":"product_cat-rings","11":"product_tag-emerald-ring","12":"product_tag-oval-ring","14":"first","15":"instock","16":"featured","17":"shipping-taxable","18":"purchasable","19":"product-type-variable","20":"entry","21":"content-bg","22":"loop-entry"},"aioseo_notices":[],"_links":{"self":[{"href":"https:\/\/emeraldsring.com\/es\/wp-json\/wp\/v2\/product\/20","targetHints":{"allow":["GET"]}}],"collection":[{"href":"https:\/\/emeraldsring.com\/es\/wp-json\/wp\/v2\/product"}],"about":[{"href":"https:\/\/emeraldsring.com\/es\/wp-json\/wp\/v2\/types\/product"}],"replies":[{"embeddable":true,"href":"https:\/\/emeraldsring.com\/es\/wp-json\/wp\/v2\/comments?post=20"}],"version-history":[{"count":3,"href":"https:\/\/emeraldsring.com\/es\/wp-json\/wp\/v2\/product\/20\/revisions"}],"predecessor-version":[{"id":559,"href":"https:\/\/emeraldsring.com\/es\/wp-json\/wp\/v2\/product\/20\/revisions\/559"}],"wp:featuredmedia":[{"embeddable":true,"href":"https:\/\/emeraldsring.com\/es\/wp-json\/wp\/v2\/media\/50"}],"wp:attachment":[{"href":"https:\/\/emeraldsring.com\/es\/wp-json\/wp\/v2\/media?parent=20"}],"wp:term":[{"taxonomy":"product_brand","embeddable":true,"href":"https:\/\/emeraldsring.com\/es\/wp-json\/wp\/v2\/product_brand?post=20"},{"taxonomy":"product_cat","embeddable":true,"href":"https:\/\/emeraldsring.com\/es\/wp-json\/wp\/v2\/product_cat?post=20"},{"taxonomy":"product_tag","embeddable":true,"href":"https:\/\/emeraldsring.com\/es\/wp-json\/wp\/v2\/product_tag?post=20"}],"curies":[{"name":"wp","href":"https:\/\/api.w.org\/{rel}","templated":true}]}}