{"id":23,"date":"2025-02-04T10:02:28","date_gmt":"2025-02-04T10:02:28","guid":{"rendered":"https:\/\/emeraldsring.com\/?post_type=product&#038;p=23"},"modified":"2025-03-03T11:32:03","modified_gmt":"2025-03-03T06:32:03","slug":"exquisite-925-sterling-silver-emerald-ring","status":"publish","type":"product","link":"https:\/\/emeraldsring.com\/es\/producto\/exquisite-925-sterling-silver-emerald-ring\/","title":{"rendered":"Exquisito anillo de diamantes talla esmeralda de plata de ley 925"},"content":{"rendered":"<div data-elementor-type=\"wp-post\" data-elementor-id=\"23\" class=\"elementor elementor-23\" data-elementor-post-type=\"product\">\n\t\t\t\t<div class=\"elementor-element elementor-element-1fea1d20 e-flex e-con-boxed e-con e-parent\" data-id=\"1fea1d20\" data-element_type=\"container\">\n\t\t\t\t\t<div class=\"e-con-inner\">\n\t\t\t\t<div class=\"elementor-element elementor-element-45626949 elementor-widget elementor-widget-text-editor\" data-id=\"45626949\" data-element_type=\"widget\" data-widget_type=\"text-editor.default\">\n\t\t\t\t<div class=\"elementor-widget-container\">\n\t\t\t\t\t\t\t\t\t<p data-start=\"366\" data-end=\"777\">Experimente la mezcla perfecta de sofisticaci\u00f3n y lujo con nuestro Anillo de Esmeralda de Plata de Ley 925. Con una brillante esmeralda de forma ovalada en el centro, rodeada de un halo de deslumbrantes diamantes, este anillo est\u00e1 dise\u00f1ado para cautivar. Su dise\u00f1o atemporal y su artesan\u00eda de alta calidad lo convierten en la elecci\u00f3n ideal para compromisos, bodas o como regalo especial para alguien verdaderamente especial.<\/p><p data-start=\"779\" data-end=\"1054\">La rica esmeralda verde simboliza el amor y la renovaci\u00f3n, mientras que los radiantes diamantes a\u00f1aden un toque extra de brillo a la pieza. Elaborado con plata de ley 925 de primera calidad, este anillo promete durabilidad y belleza duradera, por lo que es una adici\u00f3n atemporal a cualquier colecci\u00f3n de joyas.<\/p><p data-start=\"1056\" data-end=\"1073\"><strong data-start=\"1056\" data-end=\"1073\">Caracter\u00edsticas principales:<\/strong><\/p><ul data-start=\"1074\" data-end=\"1357\"><li data-start=\"1074\" data-end=\"1116\">Engaste de plata de ley 925 de alta calidad<\/li><li data-start=\"1117\" data-end=\"1177\">Piedra central esmeralda oval rodeada de brillantes diamantes<\/li><li data-start=\"1178\" data-end=\"1252\">Dise\u00f1o atemporal perfecto para bodas, compromisos y ocasiones especiales<\/li><li data-start=\"1253\" data-end=\"1300\">Disponible en varias tallas para un ajuste perfecto<\/li><li data-start=\"1301\" data-end=\"1357\">Pieza elegante y lujosa que complementa cualquier estilo<\/li><\/ul><p data-start=\"1359\" data-end=\"1521\" data-is-last-node=\"\">Eleve su colecci\u00f3n de joyas con este lujoso anillo de esmeraldas y a\u00f1ada un toque de glamour a cualquier ocasi\u00f3n. \u00a1Compre ahora y haga suya esta exquisita pieza hoy mismo!<\/p>\t\t\t\t\t\t\t\t<\/div>\n\t\t\t\t<\/div>\n\t\t\t\t\t<\/div>\n\t\t\t\t<\/div>\n\t\t\t\t<\/div>","protected":false},"excerpt":{"rendered":"<p><strong>\u00bfPor qu\u00e9 elegir este anillo de esmeraldas?<\/strong><\/p>\n<ol>\n<li><strong>Elegancia atemporal:<\/strong> La gema esmeralda de talla radiante irradia lujo y clase, convirti\u00e9ndola en un complemento destacado para cualquier atuendo.<\/li>\n<li><strong>Artesan\u00eda exquisita:<\/strong> Cada detalle est\u00e1 meticulosamente elaborado, desde los detalles de diamantes de alto carbono hasta la banda de plata de ley pulida.<\/li>\n<li><strong>El regalo perfecto:<\/strong> Un regalo atento y sorprendente para sus seres queridos en ocasiones especiales como cumplea\u00f1os, compromisos, aniversarios o vacaciones.<\/li>\n<li><strong>Lujo asequible:<\/strong> Disfrute del aspecto de la joyer\u00eda de alta gama sin arruinarse.<\/li>\n<\/ol>","protected":false},"featured_media":59,"comment_status":"open","ping_status":"closed","template":"","meta":{"_kad_post_transparent":"","_kad_post_title":"","_kad_post_layout":"","_kad_post_sidebar_id":"","_kad_post_content_style":"","_kad_post_vertical_padding":"","_kad_post_feature":"","_kad_post_feature_position":"","_kad_post_header":false,"_kad_post_footer":false},"product_brand":[],"product_cat":[78,16,89,17,67,20,15,71],"product_tag":[18],"class_list":{"0":"post-23","1":"product","2":"type-product","3":"status-publish","4":"has-post-thumbnail","6":"product_cat-celtic","7":"product_cat-emerald-ring","8":"product_cat-engagement-and-wedding","9":"product_cat-engagement-ring","10":"product_cat-lab-grown-gemstones-ring","11":"product_cat-oval-ring","12":"product_cat-rings","13":"product_cat-three-stone","14":"product_tag-emerald-ring","16":"first","17":"instock","18":"shipping-taxable","19":"purchasable","20":"product-type-variable","21":"has-default-attributes","22":"entry","23":"content-bg","24":"loop-entry"},"aioseo_notices":[],"_links":{"self":[{"href":"https:\/\/emeraldsring.com\/es\/wp-json\/wp\/v2\/product\/23","targetHints":{"allow":["GET"]}}],"collection":[{"href":"https:\/\/emeraldsring.com\/es\/wp-json\/wp\/v2\/product"}],"about":[{"href":"https:\/\/emeraldsring.com\/es\/wp-json\/wp\/v2\/types\/product"}],"replies":[{"embeddable":true,"href":"https:\/\/emeraldsring.com\/es\/wp-json\/wp\/v2\/comments?post=23"}],"version-history":[{"count":6,"href":"https:\/\/emeraldsring.com\/es\/wp-json\/wp\/v2\/product\/23\/revisions"}],"predecessor-version":[{"id":1446,"href":"https:\/\/emeraldsring.com\/es\/wp-json\/wp\/v2\/product\/23\/revisions\/1446"}],"wp:featuredmedia":[{"embeddable":true,"href":"https:\/\/emeraldsring.com\/es\/wp-json\/wp\/v2\/media\/59"}],"wp:attachment":[{"href":"https:\/\/emeraldsring.com\/es\/wp-json\/wp\/v2\/media?parent=23"}],"wp:term":[{"taxonomy":"product_brand","embeddable":true,"href":"https:\/\/emeraldsring.com\/es\/wp-json\/wp\/v2\/product_brand?post=23"},{"taxonomy":"product_cat","embeddable":true,"href":"https:\/\/emeraldsring.com\/es\/wp-json\/wp\/v2\/product_cat?post=23"},{"taxonomy":"product_tag","embeddable":true,"href":"https:\/\/emeraldsring.com\/es\/wp-json\/wp\/v2\/product_tag?post=23"}],"curies":[{"name":"wp","href":"https:\/\/api.w.org\/{rel}","templated":true}]}}