{"id":26,"date":"2025-02-04T10:02:28","date_gmt":"2025-02-04T10:02:28","guid":{"rendered":"https:\/\/emeraldsring.com\/?post_type=product&#038;p=26"},"modified":"2025-04-28T20:00:08","modified_gmt":"2025-04-28T15:00:08","slug":"925-sterling-silver-eternity-band-with-emerald-cut-gemstones","status":"publish","type":"product","link":"https:\/\/emeraldsring.com\/es\/producto\/925-sterling-silver-eternity-band-with-emerald-cut-gemstones\/","title":{"rendered":"Anillo de plata de ley 925 con piedras preciosas talla esmeralda"},"content":{"rendered":"<div data-elementor-type=\"wp-post\" data-elementor-id=\"26\" class=\"elementor elementor-26\" data-elementor-post-type=\"product\">\n\t\t\t\t<div class=\"elementor-element elementor-element-230e27c9 e-flex e-con-boxed e-con e-parent\" data-id=\"230e27c9\" data-element_type=\"container\" data-e-type=\"container\">\n\t\t\t\t\t<div class=\"e-con-inner\">\n\t\t<div class=\"elementor-element elementor-element-b303aaa e-con-full e-flex e-con e-child\" data-id=\"b303aaa\" data-element_type=\"container\" data-e-type=\"container\">\n\t\t\t\t<div class=\"elementor-element elementor-element-8473c4b elementor-widget elementor-widget-video\" data-id=\"8473c4b\" data-element_type=\"widget\" data-e-type=\"widget\" data-settings=\"{&quot;youtube_url&quot;:&quot;https:\\\/\\\/youtube.com\\\/watch?v=papCSQnpzxI&quot;,&quot;loop&quot;:&quot;yes&quot;,&quot;video_type&quot;:&quot;youtube&quot;,&quot;controls&quot;:&quot;yes&quot;}\" data-widget_type=\"video.default\">\n\t\t\t\t<div class=\"elementor-widget-container\">\n\t\t\t\t\t\t\t<div class=\"elementor-wrapper elementor-open-inline\">\n\t\t\t<div class=\"elementor-video\"><\/div>\t\t<\/div>\n\t\t\t\t\t\t<\/div>\n\t\t\t\t<\/div>\n\t\t\t\t<\/div>\n\t\t\t\t<div class=\"elementor-element elementor-element-5214f64c elementor-widget elementor-widget-text-editor\" data-id=\"5214f64c\" data-element_type=\"widget\" data-e-type=\"widget\" data-widget_type=\"text-editor.default\">\n\t\t\t\t<div class=\"elementor-widget-container\">\n\t\t\t\t\t\t\t\t\t<strong>Visi\u00f3n general:<\/strong>\r\nEste <strong>Anillo de esmeralda de plata de ley 925<\/strong> es una llamativa pieza de joyer\u00eda dise\u00f1ada para quienes aprecian la elegancia y la sofisticaci\u00f3n. La pulsera est\u00e1 adornada con piedras preciosas simuladas de talla esmeralda, disponibles en verde vibrante, rojo rub\u00ed y tonos claros similares al diamante, lo que la convierte en un accesorio vers\u00e1til para cualquier ocasi\u00f3n.\r\n\r\n<strong>Caracter\u00edsticas:<\/strong>\r\n<ul>\r\n \t<li><strong>Material de primera calidad:<\/strong> Hecho a mano de plata de ley 925 duradera e hipoalerg\u00e9nica con un acabado pulido para un brillo duradero.<\/li>\r\n \t<li><strong>Piedras preciosas talla esmeralda:<\/strong> Presenta un conjunto de piedras talladas con precisi\u00f3n que ofrecen un brillo y una claridad excepcionales.<\/li>\r\n \t<li><strong>Dise\u00f1o del anillo de la eternidad:<\/strong> Simboliza la belleza eterna, con piedras preciosas que rodean el anillo a la perfecci\u00f3n para un look atrevido y glamuroso.<\/li>\r\n \t<li><strong>M\u00faltiples opciones de color:<\/strong> Elija entre gemas verdes (inspiradas en la esmeralda), rojas (inspiradas en el rub\u00ed) o transparentes (inspiradas en el diamante).<\/li>\r\n \t<li><strong>Ajuste perfecto:<\/strong> Disponible en varias tallas para garantizar un ajuste c\u00f3modo y seguro.<\/li>\r\n \t<li><strong>Uso vers\u00e1til:<\/strong> Ideal para eventos formales, c\u00f3cteles o como prenda de uso diario.<\/li>\r\n<\/ul>\r\n<strong>Especificaciones:<\/strong>\r\n<ul>\r\n \t<li><strong>Material:<\/strong> Plata de ley 925<\/li>\r\n \t<li><strong>Tipo de piedra:<\/strong> Esmeraldas simuladas y otras piedras de color<\/li>\r\n \t<li><strong>Ancho del anillo:<\/strong> Aprox. 6 mm<\/li>\r\n \t<li><strong>Peso:<\/strong> Aprox. 3,5 g<\/li>\r\n<\/ul>\r\n<strong>Consejos de cuidado:<\/strong>\r\n<ul>\r\n \t<li>Mant\u00e9ngalo alejado de productos qu\u00edmicos, perfumes y humedad excesiva para conservar el brillo del anillo.<\/li>\r\n \t<li>Limpiar suavemente con un pa\u00f1o suave despu\u00e9s del uso.<\/li>\r\n \t<li>Gu\u00e1rdelo por separado en un joyero para evitar que se raye o deslustre.<\/li>\r\n<\/ul>\r\n<strong>Perfecto para cualquier ocasi\u00f3n:<\/strong>\r\nEste <strong>anillo eternidad esmeralda<\/strong> est\u00e1 dise\u00f1ado para a\u00f1adir un toque de lujo a tu estilo diario o para hacerte brillar en eventos especiales. Comb\u00ednalo con otras joyas de plata o d\u00e9jalo solo como una pieza atrevida.\r\n\r\n<a href=\"https:\/\/emeraldring.shop\/wp-content\/uploads\/2022\/12\/925-Sterling-Silver-Eternity-Band-with-Emerald-Cut-Gemstones-1.jpg\"><img fetchpriority=\"high\" decoding=\"async\" src=\"https:\/\/emeraldring.shop\/wp-content\/uploads\/2022\/12\/925-Sterling-Silver-Eternity-Band-with-Emerald-Cut-Gemstones-1-300x300.jpg\" alt=\"925 Sterling Silver Eternity Band with Emerald-Cut Gemstones\" width=\"800\" height=\"799\" \/><\/a>\r\n\r\n<a href=\"https:\/\/emeraldring.shop\/wp-content\/uploads\/2022\/12\/925-Sterling-Silver-Eternity-Band-with-Emerald-Cut-Gemstones-2.jpg\"><img decoding=\"async\" src=\"https:\/\/emeraldring.shop\/wp-content\/uploads\/2022\/12\/925-Sterling-Silver-Eternity-Band-with-Emerald-Cut-Gemstones-2-300x300.jpg\" alt=\"925 Sterling Silver Eternity Band with Emerald-Cut Gemstones\" width=\"800\" height=\"800\" \/><\/a>\r\n\r\n<a href=\"https:\/\/emeraldring.shop\/wp-content\/uploads\/2022\/12\/925-Sterling-Silver-Eternity-Band-with-Emerald-Cut-Gemstones-3.jpg\"><img decoding=\"async\" src=\"https:\/\/emeraldring.shop\/wp-content\/uploads\/2022\/12\/925-Sterling-Silver-Eternity-Band-with-Emerald-Cut-Gemstones-3.jpg\" alt=\"925 Sterling Silver Eternity Band with Emerald-Cut Gemstones\" width=\"800\" height=\"800\" \/><\/a> <a href=\"https:\/\/emeraldring.shop\/wp-content\/uploads\/2022\/12\/925-Sterling-Silver-Eternity-Band-with-Emerald-Cut-Gemstones-4.jpg\"><img loading=\"lazy\" decoding=\"async\" src=\"https:\/\/emeraldring.shop\/wp-content\/uploads\/2022\/12\/925-Sterling-Silver-Eternity-Band-with-Emerald-Cut-Gemstones-4-300x300.jpg\" alt=\"925 Sterling Silver Eternity Band with Emerald-Cut Gemstones\" width=\"800\" height=\"801\" \/><\/a> <a href=\"https:\/\/emeraldring.shop\/wp-content\/uploads\/2022\/12\/925-Sterling-Silver-Eternity-Band-with-Emerald-Cut-Gemstones-5.jpg\"><img loading=\"lazy\" decoding=\"async\" src=\"https:\/\/emeraldring.shop\/wp-content\/uploads\/2022\/12\/925-Sterling-Silver-Eternity-Band-with-Emerald-Cut-Gemstones-5-300x300.jpg\" alt=\"925 Sterling Silver Eternity Band with Emerald-Cut Gemstones\" width=\"800\" height=\"800\" \/><\/a> <a href=\"https:\/\/emeraldring.shop\/wp-content\/uploads\/2022\/12\/925-Sterling-Silver-Eternity-Band-with-Emerald-Cut-Gemstones-6.jpg\"><img loading=\"lazy\" decoding=\"async\" src=\"https:\/\/emeraldring.shop\/wp-content\/uploads\/2022\/12\/925-Sterling-Silver-Eternity-Band-with-Emerald-Cut-Gemstones-6.jpg\" alt=\"925 Sterling Silver Eternity Band with Emerald-Cut Gemstones\" width=\"799\" height=\"799\" \/><\/a> <a href=\"https:\/\/emeraldring.shop\/wp-content\/uploads\/2022\/12\/925-Sterling-Silver-Eternity-Band-with-Emerald-Cut-Gemstones-7.jpg\"><img loading=\"lazy\" decoding=\"async\" src=\"https:\/\/emeraldring.shop\/wp-content\/uploads\/2022\/12\/925-Sterling-Silver-Eternity-Band-with-Emerald-Cut-Gemstones-7.jpg\" alt=\"925 Sterling Silver Eternity Band with Emerald-Cut Gemstones\" width=\"800\" height=\"800\" \/><\/a> <a href=\"https:\/\/emeraldring.shop\/wp-content\/uploads\/2022\/12\/925-Sterling-Silver-Eternity-Band-with-Emerald-Cut-Gemstones-8.jpg\"><img loading=\"lazy\" decoding=\"async\" src=\"https:\/\/emeraldring.shop\/wp-content\/uploads\/2022\/12\/925-Sterling-Silver-Eternity-Band-with-Emerald-Cut-Gemstones-8.jpg\" alt=\"925 Sterling Silver Eternity Band with Emerald-Cut Gemstones\" width=\"800\" height=\"800\" \/><\/a> <a href=\"https:\/\/emeraldring.shop\/wp-content\/uploads\/2022\/12\/925-Sterling-Silver-Eternity-Band-with-Emerald-Cut-Gemstones-9.jpg\"><img loading=\"lazy\" decoding=\"async\" src=\"https:\/\/emeraldring.shop\/wp-content\/uploads\/2022\/12\/925-Sterling-Silver-Eternity-Band-with-Emerald-Cut-Gemstones-9.jpg\" alt=\"925 Sterling Silver Eternity Band with Emerald-Cut Gemstones\" width=\"800\" height=\"800\" \/><\/a> <a href=\"https:\/\/emeraldring.shop\/wp-content\/uploads\/2022\/12\/925-Sterling-Silver-Eternity-Band-with-Emerald-Cut-Gemstones-10.jpg\"><img loading=\"lazy\" decoding=\"async\" src=\"https:\/\/emeraldring.shop\/wp-content\/uploads\/2022\/12\/925-Sterling-Silver-Eternity-Band-with-Emerald-Cut-Gemstones-10.jpg\" alt=\"925 Sterling Silver Eternity Band with Emerald-Cut Gemstones\" width=\"800\" height=\"800\" \/><\/a> <a href=\"https:\/\/emeraldring.shop\/wp-content\/uploads\/2022\/12\/925-Sterling-Silver-Eternity-Band-with-Emerald-Cut-Gemstones-17.jpg\"><img loading=\"lazy\" decoding=\"async\" src=\"https:\/\/emeraldring.shop\/wp-content\/uploads\/2022\/12\/925-Sterling-Silver-Eternity-Band-with-Emerald-Cut-Gemstones-17-300x300.jpg\" alt=\"925 Sterling Silver Eternity Band with Emerald-Cut Gemstones\" width=\"800\" height=\"800\" \/><\/a> <a href=\"https:\/\/emeraldring.shop\/wp-content\/uploads\/2022\/12\/925-Sterling-Silver-Eternity-Band-with-Emerald-Cut-Gemstones-18.jpg\"><img loading=\"lazy\" decoding=\"async\" src=\"https:\/\/emeraldring.shop\/wp-content\/uploads\/2022\/12\/925-Sterling-Silver-Eternity-Band-with-Emerald-Cut-Gemstones-18-300x300.jpg\" alt=\"925 Sterling Silver Eternity Band with Emerald-Cut Gemstones\" width=\"800\" height=\"800\" \/><\/a>\t\t\t\t\t\t\t\t<\/div>\n\t\t\t\t<\/div>\n\t\t\t\t\t<\/div>\n\t\t\t\t<\/div>\n\t\t\t\t<\/div>","protected":false},"excerpt":{"rendered":"<p><strong>\u00bfPor qu\u00e9 elegir este anillo de esmeraldas?<\/strong><\/p>\n<ol>\n<li><strong>Dise\u00f1o llamativo:<\/strong> Las piedras talla esmeralda realzan el brillo y la elegancia del anillo, convirti\u00e9ndolo en un complemento destacado de su colecci\u00f3n de joyas.<\/li>\n<li><strong>Versatilidad en estado puro:<\/strong> Adecuado para diversas ocasiones, ya sea para un evento glamuroso o como accesorio de una prenda informal.<\/li>\n<li><strong>Idea de regalo bien pensada:<\/strong> Perfecto para regalar en ocasiones especiales como aniversarios, cumplea\u00f1os o compromisos.<\/li>\n<li><strong>Artesan\u00eda de alta calidad:<\/strong> Dise\u00f1ado para ofrecer durabilidad y una belleza duradera con una intrincada colocaci\u00f3n de piedras y un suave acabado de banda.<\/li>\n<\/ol>","protected":false},"featured_media":92,"comment_status":"open","ping_status":"closed","template":"","meta":{"_kad_post_transparent":"","_kad_post_title":"","_kad_post_layout":"","_kad_post_sidebar_id":"","_kad_post_content_style":"","_kad_post_vertical_padding":"","_kad_post_feature":"","_kad_post_feature_position":"","_kad_post_header":false,"_kad_post_footer":false},"product_brand":[],"product_cat":[16,89,17,67,15],"product_tag":[18],"class_list":{"0":"post-26","1":"product","2":"type-product","3":"status-publish","4":"has-post-thumbnail","6":"product_cat-emerald-ring","7":"product_cat-engagement-and-wedding","8":"product_cat-engagement-ring","9":"product_cat-lab-grown-gemstones-ring","10":"product_cat-rings","11":"product_tag-emerald-ring","13":"first","14":"instock","15":"shipping-taxable","16":"purchasable","17":"product-type-variable","18":"entry","19":"content-bg","20":"loop-entry"},"aioseo_notices":[],"_links":{"self":[{"href":"https:\/\/emeraldsring.com\/es\/wp-json\/wp\/v2\/product\/26","targetHints":{"allow":["GET"]}}],"collection":[{"href":"https:\/\/emeraldsring.com\/es\/wp-json\/wp\/v2\/product"}],"about":[{"href":"https:\/\/emeraldsring.com\/es\/wp-json\/wp\/v2\/types\/product"}],"replies":[{"embeddable":true,"href":"https:\/\/emeraldsring.com\/es\/wp-json\/wp\/v2\/comments?post=26"}],"version-history":[{"count":7,"href":"https:\/\/emeraldsring.com\/es\/wp-json\/wp\/v2\/product\/26\/revisions"}],"predecessor-version":[{"id":1176,"href":"https:\/\/emeraldsring.com\/es\/wp-json\/wp\/v2\/product\/26\/revisions\/1176"}],"wp:featuredmedia":[{"embeddable":true,"href":"https:\/\/emeraldsring.com\/es\/wp-json\/wp\/v2\/media\/92"}],"wp:attachment":[{"href":"https:\/\/emeraldsring.com\/es\/wp-json\/wp\/v2\/media?parent=26"}],"wp:term":[{"taxonomy":"product_brand","embeddable":true,"href":"https:\/\/emeraldsring.com\/es\/wp-json\/wp\/v2\/product_brand?post=26"},{"taxonomy":"product_cat","embeddable":true,"href":"https:\/\/emeraldsring.com\/es\/wp-json\/wp\/v2\/product_cat?post=26"},{"taxonomy":"product_tag","embeddable":true,"href":"https:\/\/emeraldsring.com\/es\/wp-json\/wp\/v2\/product_tag?post=26"}],"curies":[{"name":"wp","href":"https:\/\/api.w.org\/{rel}","templated":true}]}}